{"id":3498,"date":"2024-11-04T07:04:41","date_gmt":"2024-11-04T07:04:41","guid":{"rendered":"https:\/\/nfc-readers.com\/?post_type=product&#038;p=3498"},"modified":"2024-11-04T08:28:09","modified_gmt":"2024-11-04T08:28:09","slug":"tap-url-writing-social-business-facebook-review-nfc-cards","status":"publish","type":"product","link":"https:\/\/nfc-readers.com\/vi\/ic-reader\/tap-url-writing-social-business-facebook-review-nfc-cards\/","title":{"rendered":"Nh\u1ea5n v\u00e0o URL Vi\u1ebft X\u00e3 h\u1ed9i Kinh doanh Facebook \u0110\u00e1nh gi\u00e1 Th\u1ebb NFC"},"content":{"rendered":"<h1><span style=\"color: #000080;\"><strong>Nh\u1ea5n v\u00e0o URL Vi\u1ebft X\u00e3 h\u1ed9i Kinh doanh Facebook \u0110\u00e1nh gi\u00e1 Th\u1ebb NFC<\/strong><\/span><\/h1>\n<p><span style=\"color: #333399;\">Trong th\u1ebf gi\u1edbi k\u1ef9 thu\u1eadt s\u1ed1 ph\u00e1t tri\u1ec3n nhanh ch\u00f3ng ng\u00e0y nay, c\u00e1c doanh nghi\u1ec7p lu\u00f4n n\u1ed7 l\u1ef1c \u0111\u1ec3 c\u00f3 k\u1ebft n\u1ed1i v\u00e0 t\u01b0\u01a1ng t\u00e1c li\u1ec1n m\u1ea1ch v\u1edbi kh\u00e1ch h\u00e0ng c\u1ee7a m\u00ecnh. Th\u1ebb NFC \u0111\u00e3 n\u1ed5i l\u00ean nh\u01b0 m\u1ed9t c\u00f4ng c\u1ee5 mang t\u00ednh c\u00e1ch m\u1ea1ng gi\u00fap thu h\u1eb9p kho\u1ea3ng c\u00e1ch gi\u1eefa th\u1ebf gi\u1edbi v\u1eadt l\u00fd v\u00e0 k\u1ef9 thu\u1eadt s\u1ed1. V\u1edbi c\u00e1c t\u00ednh n\u0103ng \u0111\u00e1ng ch\u00fa \u00fd, bao g\u1ed3m Tap URL Writing, ch\u00fang \u0111\u00f3ng vai tr\u00f2 l\u00e0 ph\u01b0\u01a1ng ti\u1ec7n m\u1ea1nh m\u1ebd \u0111\u1ec3 t\u00edch h\u1ee3p doanh nghi\u1ec7p x\u00e3 h\u1ed9i v\u00e0 t\u0103ng c\u01b0\u1eddng s\u1ef1 t\u01b0\u01a1ng t\u00e1c c\u1ee7a kh\u00e1ch h\u00e0ng th\u00f4ng qua c\u00e1c k\u00eanh nh\u01b0 \u0110\u00e1nh gi\u00e1 tr\u00ean Facebook. B\u00e0i vi\u1ebft n\u00e0y \u0111i s\u00e2u v\u00e0o s\u1ee9c h\u1ea5p d\u1eabn v\u00e0 l\u1ee3i th\u1ebf c\u1ee7a th\u1ebb NFC v\u00e0 c\u00e1ch ch\u00fang c\u00f3 th\u1ec3 chuy\u1ec3n \u0111\u1ed5i ho\u1ea1t \u0111\u1ed9ng kinh doanh c\u1ee7a b\u1ea1n.<\/span><\/p>\n<h2><\/h2>\n<h2 style=\"text-align: center;\"><em><strong><span style=\"color: #000080;\">T\u1ea1i sao n\u00ean \u0111\u1ea7u t\u01b0 v\u00e0o th\u1ebb NFC?<\/span><\/strong><\/em><\/h2>\n<p style=\"text-align: left;\">Th\u1ebb NFC \u0111\u01a1n gi\u1ea3n h\u00f3a s\u1ef1 ph\u1ee9c t\u1ea1p c\u1ee7a vi\u1ec7c thu h\u00fat kh\u00e1ch h\u00e0ng v\u00e0 qu\u1ea3ng b\u00e1 th\u01b0\u01a1ng hi\u1ec7u. V\u1edbi c\u00e1c kh\u1ea3 n\u0103ng nh\u01b0 vi\u1ebft URL v\u00e0 li\u00ean k\u1ebft \u0111\u1ebfn c\u00e1c b\u00e0i \u0111\u00e1nh gi\u00e1 tr\u00ean ph\u01b0\u01a1ng ti\u1ec7n truy\u1ec1n th\u00f4ng x\u00e3 h\u1ed9i nh\u01b0 Facebook, nh\u1eefng th\u1ebb n\u00e0y n\u00e2ng cao tr\u1ea3i nghi\u1ec7m c\u1ee7a kh\u00e1ch h\u00e0ng \u0111\u1ed3ng th\u1eddi t\u1ea1o ra nh\u1eefng con \u0111\u01b0\u1eddng m\u1edbi cho ti\u1ebfp th\u1ecb. C\u1ea5u tr\u00fac ch\u1ed1ng th\u1ea5m n\u01b0\u1edbc v\u00e0 c\u00e1c t\u00f9y ch\u1ecdn b\u1ed9 nh\u1edb m\u1edf r\u1ed9ng \u0111\u1ea3m b\u1ea3o r\u1eb1ng ch\u00fang kh\u00f4ng ch\u1ec9 \u0111\u00e1p \u1ee9ng c\u00e1c ti\u00eau chu\u1ea9n ch\u1ea5t l\u01b0\u1ee3ng m\u00e0 c\u00f2n c\u00f3 th\u1ec3 t\u1ed3n t\u1ea1i trong nhi\u1ec1u m\u00f4i tr\u01b0\u1eddng kh\u00e1c nhau, khi\u1ebfn ch\u00fang tr\u1edf th\u00e0nh kho\u1ea3n \u0111\u1ea7u t\u01b0 tuy\u1ec7t v\u1eddi cho c\u00e1c doanh nghi\u1ec7p.<\/p>\n<p>&nbsp;<\/p>\n<p>&nbsp;<\/p>\n<h2 style=\"text-align: center;\"><em><span style=\"color: #000080;\"><strong>T\u1ed5ng quan to\u00e0n di\u1ec7n v\u1ec1 th\u1ebb NFC<\/strong><\/span><\/em><\/h2>\n<h3><span style=\"color: #333399;\"><strong> Thu\u1ed9c t\u00ednh ch\u00ednh c\u1ee7a th\u1ebb NFC<\/strong><\/span><\/h3>\n<p>Th\u1ebb NFC \u0111\u01b0\u1ee3c thi\u1ebft k\u1ebf v\u1edbi m\u1ed9t s\u1ed1 thu\u1ed9c t\u00ednh ch\u00ednh \u0111\u00e1p \u1ee9ng nhu c\u1ea7u kinh doanh hi\u1ec7n \u0111\u1ea1i:<br \/>\n<strong>Ch\u1ed1ng th\u1ea5m n\u01b0\u1edbc \/ Ch\u1ed1ng ch\u1ecbu th\u1eddi ti\u1ebft:<\/strong><\/p>\n<p>\u0110\u01b0\u1ee3c thi\u1ebft k\u1ebf \u0111\u1ec3 b\u1ec1n l\u00e2u, th\u1ebb NFC c\u1ee7a ch\u00fang t\u00f4i c\u00f3 th\u1ec3 ch\u1ecbu \u0111\u01b0\u1ee3c nhi\u1ec1u \u0111i\u1ec1u ki\u1ec7n m\u00f4i tr\u01b0\u1eddng kh\u00e1c nhau. \u0110\u1ed9 b\u1ec1n n\u00e0y c\u00f3 ngh\u0129a l\u00e0 b\u1ea1n c\u00f3 th\u1ec3 s\u1eed d\u1ee5ng ch\u00fang trong ti\u1ebfp th\u1ecb ngo\u00e0i tr\u1eddi, s\u1ef1 ki\u1ec7n ho\u1eb7c b\u1ea5t k\u1ef3 n\u01a1i n\u00e0o m\u00e0 th\u1ebb truy\u1ec1n th\u1ed1ng c\u00f3 kh\u1ea3 n\u0103ng b\u1ecb h\u1ecfng.<\/p>\n<p><strong>Giao di\u1ec7n truy\u1ec1n th\u00f4ng:<\/strong><\/p>\n<p>S\u1eed d\u1ee5ng c\u00f4ng ngh\u1ec7 NFC (Giao ti\u1ebfp tr\u01b0\u1eddng g\u1ea7n) cho ph\u00e9p giao ti\u1ebfp kh\u00f4ng ti\u1ebfp x\u00fac thu\u1eadn ti\u1ec7n. T\u00ednh n\u0103ng n\u00e0y kh\u00f4ng ch\u1ec9 \u0111\u01a1n gi\u1ea3n h\u00f3a giao d\u1ecbch m\u00e0 c\u00f2n gi\u00fap chia s\u1ebb th\u00f4ng tin kinh doanh d\u1ec5 d\u00e0ng.<\/p>\n<p><strong>Thu\u1ed9c t\u00ednh c\u1ee5 th\u1ec3 c\u1ee7a ng\u00e0nh:<\/strong><\/p>\n<p>Th\u1ebb NFC \u0111\u1eb7c bi\u1ec7t c\u00f3 l\u1ee3i cho c\u00e1c ng\u00e0nh c\u00f4ng nghi\u1ec7p c\u1ee5 th\u1ec3 \u0111\u00f2i h\u1ecfi c\u00e1c gi\u1ea3i ph\u00e1p nh\u1eadn d\u1ea1ng v\u00e0 ki\u1ec3m so\u00e1t.<\/p>\n<p>C\u00e1c doanh nghi\u1ec7p t\u1eeb b\u00e1n l\u1ebb \u0111\u1ebfn kh\u00e1ch s\u1ea1n \u0111\u1ec1u c\u00f3 th\u1ec3 t\u1eadn d\u1ee5ng c\u00e1c t\u00ednh n\u0103ng c\u1ee7a lo\u1ea1i th\u1ebb n\u00e0y.<\/p>\n<p><strong>K\u00edch th\u01b0\u1edbc v\u00e0 thi\u1ebft k\u1ebf t\u00f9y ch\u1ec9nh:<\/strong><\/p>\n<p>Th\u1ebb NFC c\u1ee7a ch\u00fang t\u00f4i c\u00f3 th\u1ec3 \u0111\u01b0\u1ee3c t\u00f9y ch\u1ec9nh theo nhi\u1ec1u k\u00edch c\u1ee1 kh\u00e1c nhau (k\u00edch th\u01b0\u1edbc ti\u00eau chu\u1ea9n 85,5 * 54 mm ho\u1eb7c k\u00edch th\u01b0\u1edbc t\u00f9y ch\u1ec9nh) v\u00e0 thi\u1ebft k\u1ebf \u0111\u1ec3 ph\u00f9 h\u1ee3p ho\u00e0n h\u1ea3o v\u1edbi th\u01b0\u01a1ng hi\u1ec7u c\u1ee7a c\u00f4ng ty b\u1ea1n.<\/p>\n<p><strong>C\u00f4ng ngh\u1ec7 chip ti\u00ean ti\u1ebfn:<\/strong><\/p>\n<p>S\u1eed d\u1ee5ng c\u00e1c chip nh\u01b0 NTAG213, 215 v\u00e0 216 (th\u01b0\u01a1ng hi\u1ec7u \u0111\u00e3 \u0111\u0103ng k\u00fd c\u1ee7a NXP BV), th\u1ebb c\u1ee7a ch\u00fang t\u00f4i \u0111\u1ea3m b\u1ea3o hi\u1ec7u su\u1ea5t cao v\u00e0 kh\u1ea3 n\u0103ng chia s\u1ebb d\u1eef li\u1ec7u nhanh ch\u00f3ng.<\/p>\n<h3><span style=\"color: #333399;\"><strong>C\u00e1c t\u00ednh n\u0103ng \u0111\u1eb7c bi\u1ec7t c\u1ee7a th\u1ebb NFC c\u1ee7a ch\u00fang t\u00f4i<\/strong><\/span><\/h3>\n<h3><strong>Ch\u1ee9c n\u0103ng \u0111a n\u0103ng<\/strong><\/h3>\n<p><span style=\"color: #008080;\">Cho d\u00f9 \u0111\u01b0\u1ee3c s\u1eed d\u1ee5ng \u0111\u1ec3 nh\u1eadn d\u1ea1ng, ki\u1ec3m so\u00e1t ra v\u00e0o, ch\u01b0\u01a1ng tr\u00ecnh kh\u00e1ch h\u00e0ng th\u00e2n thi\u1ebft hay ch\u1ec9 \u0111\u01a1n gi\u1ea3n l\u00e0 m\u1ed9t c\u00f4ng c\u1ee5 ti\u1ebfp th\u1ecb, th\u1ebb NFC \u0111\u1ec1u r\u1ea5t linh ho\u1ea1t:<\/span><\/p>\n<p><strong>Nh\u1ea5n v\u00e0o ch\u1ee9c n\u0103ng vi\u1ebft URL: <\/strong><\/p>\n<p>Cho ph\u00e9p ng\u01b0\u1eddi d\u00f9ng ch\u1ea1m \u0111i\u1ec7n tho\u1ea1i c\u1ee7a h\u1ecd v\u00e0o th\u1ebb NFC s\u1ebd t\u1ef1 \u0111\u1ed9ng chuy\u1ec3n h\u01b0\u1edbng h\u1ecd \u0111\u1ebfn c\u00e1c URL \u0111\u01b0\u1ee3c ch\u1ec9 \u0111\u1ecbnh, ch\u1eb3ng h\u1ea1n nh\u01b0 trang web kinh doanh ho\u1eb7c h\u1ed3 s\u01a1 truy\u1ec1n th\u00f4ng x\u00e3 h\u1ed9i. Ch\u1ee9c n\u0103ng n\u00e0y r\u1ea5t quan tr\u1ecdng \u0111\u1ec3 qu\u1ea3ng b\u00e1 s\u1ea3n ph\u1ea9m ho\u1eb7c d\u1ecbch v\u1ee5 m\u1ed9t c\u00e1ch hi\u1ec7u qu\u1ea3.<\/p>\n<p><strong>\u0110\u00e1nh gi\u00e1 doanh nghi\u1ec7p x\u00e3 h\u1ed9i:<\/strong><\/p>\n<p>V\u1edbi li\u00ean k\u1ebft \u0111\u00e1nh gi\u00e1 chuy\u00ean d\u1ee5ng tr\u00ean Facebook, kh\u00e1ch h\u00e0ng ti\u1ec1m n\u0103ng c\u00f3 th\u1ec3 \u0111\u1ecdc c\u00e1c l\u1eddi ch\u1ee9ng th\u1ef1c v\u00e0 tr\u1ea3i nghi\u1ec7m gi\u00fap t\u1ea1o d\u1ef1ng l\u00f2ng tin ngay l\u1eadp t\u1ee9c.<\/p>\n<h2><\/h2>\n<h2 style=\"text-align: center;\"><em><span style=\"color: #000080;\"><strong>Th\u00e2n thi\u1ec7n v\u1edbi m\u00f4i tr\u01b0\u1eddng<\/strong><\/span><\/em><\/h2>\n<p>\u0110\u01b0\u1ee3c ch\u1ebf t\u1ea1o t\u1eeb v\u1eadt li\u1ec7u th\u00e2n thi\u1ec7n v\u1edbi m\u00f4i tr\u01b0\u1eddng nh\u01b0 PVC, th\u1ebb NFC c\u1ee7a ch\u00fang t\u00f4i kh\u00f4ng ch\u1ec9 b\u1ec1n ch\u1eafc m\u00e0 c\u00f2n \u01b0u ti\u00ean t\u00ednh b\u1ec1n v\u1eefng:<\/p>\n<p><strong>V\u1eadt li\u1ec7u c\u00f3 th\u1ec3 t\u00e1i ch\u1ebf:<\/strong> Cam k\u1ebft c\u1ee7a ch\u00fang t\u00f4i v\u1ec1 tr\u00e1ch nhi\u1ec7m b\u1ea3o v\u1ec7 m\u00f4i tr\u01b0\u1eddng c\u00f3 ngh\u0129a l\u00e0 khi h\u1ebft h\u1ea1n s\u1eed d\u1ee5ng, th\u1ebb c\u00f3 th\u1ec3 \u0111\u01b0\u1ee3c t\u00e1i ch\u1ebf, gi\u00fap gi\u1ea3m l\u01b0\u1ee3ng kh\u00ed th\u1ea3i carbon.<\/p>\n<h2 style=\"text-align: center;\"><span style=\"color: #000080;\"><em><strong>Th\u00f4ng s\u1ed1 k\u1ef9 thu\u1eadt b\u1ea1n n\u00ean bi\u1ebft<\/strong><\/em><\/span><\/h2>\n<p><strong><span style=\"color: #008080;\">| Th\u00f4ng s\u1ed1 k\u1ef9 thu\u1eadt | Chi ti\u1ebft |<\/span><\/strong><br \/>\n<strong><span style=\"color: #008080;\">|&#8212;&#8212;&#8212;&#8212;&#8212;&#8212;&#8212;&#8212;|&#8212;&#8212;&#8212;&#8212;&#8212;&#8212;&#8212;&#8212;&#8212;&#8212;&#8212;&#8212;&#8212;&#8212;&#8212;-|<\/span><\/strong><br \/>\n<strong><span style=\"color: #008080;\">| T\u1ea7n s\u1ed1 |13,56 MHz |<\/span><\/strong><br \/>\n<strong><span style=\"color: #008080;\">| T\u00f9y ch\u1ecdn b\u1ed9 nh\u1edb |144\/504\/888 byte |<\/span><\/strong><br \/>\n<strong><span style=\"color: #008080;\">| V\u1eadt li\u1ec7u | PVC\/Epoxy\/Gi\u1ea5y\/PET |<\/span><\/strong><br \/>\n<strong><span style=\"color: #008080;\">| K\u00edch th\u01b0\u1edbc | C\u00f3 th\u1ec3 t\u00f9y ch\u1ec9nh, ti\u00eau chu\u1ea9n85,5 *54 mm |<\/span><\/strong><br \/>\n<strong><span style=\"color: #008080;\">| Vi m\u1ea1ch | NTAG213\/215\/216 |<\/span><\/strong><br \/>\n<strong><span style=\"color: #008080;\">| Kho\u1ea3ng c\u00e1ch \u0111\u1ecdc |2-10 cm |<\/span><\/strong><br \/>\n<strong><span style=\"color: #008080;\">| Th\u1ee7 c\u00f4ng m\u1ef9 ngh\u1ec7 | M\u00e3 QR, In phun, Kh\u1eafc laser|<\/span><\/strong><br \/>\n<strong><span style=\"color: #008080;\">| S\u1ed1 l\u01b0\u1ee3ng \u0111\u1eb7t h\u00e0ng t\u1ed1i thi\u1ec3u (MOQ) |500 \u0111\u01a1n v\u1ecb |<\/span><\/strong><\/p>\n<p>&nbsp;<\/p>\n<h2 style=\"text-align: center;\"><em><strong><span style=\"color: #000080;\">H\u01b0\u1edbng d\u1eabn s\u1eed d\u1ee5ng<\/span><\/strong><\/em><\/h2>\n<p>S\u1eed d\u1ee5ng th\u1ebb NFC d\u1ec5 nh\u01b0 ch\u1ea1m. Ch\u1ec9 c\u1ea7n gi\u1eef thi\u1ebft b\u1ecb h\u1ed7 tr\u1ee3 NFC c\u1ee7a b\u1ea1n g\u1ea7n th\u1ebb \u0111\u1ec3 k\u00edch ho\u1ea1t h\u00e0nh \u0111\u1ed9ng \u0111\u01b0\u1ee3c x\u00e1c \u0111\u1ecbnh tr\u00ean th\u1ebb. Sau \u0111\u00e2y l\u00e0 h\u01b0\u1edbng d\u1eabn s\u1eed d\u1ee5ng nhanh:<br \/>\n\u0110\u1ea3m b\u1ea3o ch\u1ee9c n\u0103ng NFC \u0111\u01b0\u1ee3c b\u1eadt tr\u00ean \u0111i\u1ec7n tho\u1ea1i th\u00f4ng minh c\u1ee7a b\u1ea1n.<br \/>\n\u0110\u01b0a thi\u1ebft b\u1ecb l\u1ea1i g\u1ea7n th\u1ebb NFC.<br \/>\nCh\u1edd th\u00f4ng b\u00e1o ho\u1eb7c l\u1eddi nh\u1eafc xu\u1ea5t hi\u1ec7n tr\u00ean m\u00e0n h\u00ecnh, d\u1eabn b\u1ea1n \u0111\u1ebfn URL ho\u1eb7c trang m\u1ea1ng x\u00e3 h\u1ed9i mong mu\u1ed1n.<\/p>\n<h2 style=\"text-align: center;\"><em><span style=\"color: #000080;\"><strong>Ph\u1ea3n h\u1ed3i v\u00e0 hi\u1ec3u bi\u1ebft c\u1ee7a kh\u00e1ch h\u00e0ng<\/strong><\/span><\/em><\/h2>\n<p><strong>\u1ee8ng d\u1ee5ng trong th\u1ebf gi\u1edbi th\u1ef1c<\/strong><\/p>\n<p>Kh\u00e1ch h\u00e0ng \u0111\u00e3 s\u1eed d\u1ee5ng th\u1ebb NFC c\u1ee7a ch\u00fang t\u00f4i theo nhi\u1ec1u c\u00e1ch kh\u00e1c nhau:<br \/>\nCh\u01b0\u01a1ng tr\u00ecnh kh\u00e1ch h\u00e0ng th\u00e2n thi\u1ebft: C\u00e1c doanh nghi\u1ec7p \u0111ang t\u00edch h\u1ee3p th\u1ebb NFC v\u00e0o ch\u01b0\u01a1ng tr\u00ecnh kh\u00e1ch h\u00e0ng th\u00e2n thi\u1ebft c\u1ee7a m\u00ecnh, cho ph\u00e9p kh\u00e1ch h\u00e0ng nh\u1eadn ph\u1ea7n th\u01b0\u1edfng ch\u1ec9 b\u1eb1ng m\u1ed9t c\u00fa ch\u1ea1m \u0111\u01a1n gi\u1ea3n.<\/p>\n<p><strong>S\u1ef1 ki\u1ec7n tham gia: <\/strong><\/p>\n<p>Trong c\u00e1c tri\u1ec3n l\u00e3m th\u01b0\u01a1ng m\u1ea1i v\u00e0 s\u1ef1 ki\u1ec7n, c\u00e1c c\u00f4ng ty s\u1eed d\u1ee5ng nh\u1eefng t\u1ea5m danh thi\u1ebfp n\u00e0y \u0111\u1ec3 cung c\u1ea5p cho kh\u00e1ch tham quan quy\u1ec1n truy c\u1eadp th\u00f4ng tin t\u1ee9c th\u1eddi, do \u0111\u00f3 t\u0103ng c\u01b0\u1eddng s\u1ef1 t\u01b0\u01a1ng t\u00e1c.<\/p>","protected":false},"excerpt":{"rendered":"<p>Kh\u00e1m ph\u00e1 c\u00e1ch th\u1ebb NFC k\u1ebft n\u1ed1i th\u1ebf gi\u1edbi k\u1ef9 thu\u1eadt s\u1ed1 v\u00e0 th\u1ebf gi\u1edbi th\u1ef1c, t\u0103ng c\u01b0\u1eddng s\u1ef1 t\u01b0\u01a1ng t\u00e1c c\u1ee7a kh\u00e1ch h\u00e0ng v\u00e0 \u0111\u01a1n gi\u1ea3n h\u00f3a vi\u1ec7c truy c\u1eadp v\u00e0o c\u00e1c \u0111\u00e1nh gi\u00e1 v\u00e0 th\u00f4ng tin tr\u00ean m\u1ea1ng x\u00e3 h\u1ed9i.<\/p>","protected":false},"featured_media":3494,"template":"","meta":[],"product_brand":[],"product_cat":[46],"product_tag":[],"class_list":{"0":"post-3498","1":"product","2":"type-product","3":"status-publish","4":"has-post-thumbnail","6":"product_cat-nfc-cards","8":"first","9":"instock","10":"shipping-taxable","11":"product-type-simple"},"_links":{"self":[{"href":"https:\/\/nfc-readers.com\/vi\/wp-json\/wp\/v2\/product\/3498","targetHints":{"allow":["GET"]}}],"collection":[{"href":"https:\/\/nfc-readers.com\/vi\/wp-json\/wp\/v2\/product"}],"about":[{"href":"https:\/\/nfc-readers.com\/vi\/wp-json\/wp\/v2\/types\/product"}],"wp:featuredmedia":[{"embeddable":true,"href":"https:\/\/nfc-readers.com\/vi\/wp-json\/wp\/v2\/media\/3494"}],"wp:attachment":[{"href":"https:\/\/nfc-readers.com\/vi\/wp-json\/wp\/v2\/media?parent=3498"}],"wp:term":[{"taxonomy":"product_brand","embeddable":true,"href":"https:\/\/nfc-readers.com\/vi\/wp-json\/wp\/v2\/product_brand?post=3498"},{"taxonomy":"product_cat","embeddable":true,"href":"https:\/\/nfc-readers.com\/vi\/wp-json\/wp\/v2\/product_cat?post=3498"},{"taxonomy":"product_tag","embeddable":true,"href":"https:\/\/nfc-readers.com\/vi\/wp-json\/wp\/v2\/product_tag?post=3498"}],"curies":[{"name":"wp","href":"https:\/\/api.w.org\/{rel}","templated":true}]}}