{"id":3499,"date":"2024-11-04T07:44:11","date_gmt":"2024-11-04T07:44:11","guid":{"rendered":"https:\/\/nfc-readers.com\/?post_type=product&#038;p=3499"},"modified":"2024-11-04T08:27:35","modified_gmt":"2024-11-04T08:27:35","slug":"mifare-1k-4k-s50-membership-loyalty-colorful-hotel-key-card","status":"publish","type":"product","link":"https:\/\/nfc-readers.com\/vi\/ic-reader\/mifare-1k-4k-s50-membership-loyalty-colorful-hotel-key-card\/","title":{"rendered":"Th\u1ebb ch\u00eca kh\u00f3a kh\u00e1ch s\u1ea1n Mifare 1k 4k S50 th\u00e0nh vi\u00ean trung th\u00e0nh nhi\u1ec1u m\u00e0u"},"content":{"rendered":"<h1><span style=\"color: #000080;\"><strong>Th\u1ebb ch\u00eca kh\u00f3a kh\u00e1ch s\u1ea1n Mifare 1k 4k S50 th\u00e0nh vi\u00ean trung th\u00e0nh nhi\u1ec1u m\u00e0u<\/strong><\/span><\/h1>\n<p><span style=\"color: #666699;\">Trong th\u1eddi \u0111\u1ea1i s\u1ed1 h\u00f3a, t\u1ea7m quan tr\u1ecdng c\u1ee7a vi\u1ec7c ki\u1ec3m so\u00e1t truy c\u1eadp hi\u1ec7u qu\u1ea3 v\u00e0 thu h\u00fat kh\u00e1ch h\u00e0ng kh\u00f4ng th\u1ec3 b\u1ecb \u0111\u00e1nh gi\u00e1 th\u1ea5p. <strong>Th\u1ebb ch\u00eca kh\u00f3a kh\u00e1ch s\u1ea1n nhi\u1ec1u m\u00e0u Mifare1k4k S50 Membership<\/strong>\u00a0n\u1ed5i b\u1eadt nh\u01b0 m\u1ed9t s\u1ea3n ph\u1ea9m thi\u1ebft y\u1ebfu trong l\u0129nh v\u1ef1c d\u1ecbch v\u1ee5 kh\u00e1ch s\u1ea1n v\u00e0 th\u00e0nh vi\u00ean. Nh\u1eefng th\u1ebb \u0111a n\u0103ng n\u00e0y t\u00edch h\u1ee3p li\u1ec1n m\u1ea1ch c\u00f4ng ngh\u1ec7 RFID \u0111\u1ec3 truy c\u1eadp an to\u00e0n v\u00e0 n\u00e2ng cao tr\u1ea3i nghi\u1ec7m c\u1ee7a kh\u00e1ch th\u00f4ng qua c\u00e1c ch\u01b0\u01a1ng tr\u00ecnh kh\u00e1ch h\u00e0ng th\u00e2n thi\u1ebft. B\u00e0i vi\u1ebft n\u00e0y kh\u00e1m ph\u00e1 c\u00e1c t\u00ednh n\u0103ng, l\u1ee3i \u00edch v\u00e0 \u1ee9ng d\u1ee5ng h\u1ea5p d\u1eabn c\u1ee7a th\u1ebb Mifare S50.<\/span><\/p>\n<p>&nbsp;<\/p>\n<h2 style=\"text-align: center;\"><em><span style=\"color: #000080;\"><strong>T\u1ea1i sao n\u00ean \u0111\u1ea7u t\u01b0 v\u00e0o th\u1ebb ch\u00eca kh\u00f3a kh\u00e1ch s\u1ea1n nhi\u1ec1u m\u00e0u Mifare1k4k S50 Membership Loyalty?<\/strong><\/span><\/em><\/h2>\n<p><span style=\"color: #333333;\"><strong>\u0110\u1ea7u t\u01b0 v\u00e0o th\u1ebb th\u00e0nh vi\u00ean Mifare mang l\u1ea1i l\u1ee3i \u00edch cho doanh nghi\u1ec7p <span style=\"color: #333399;\">m\u1ed9t c\u01a1 h\u1ed9i duy nh\u1ea5t \u0111\u1ec3 n\u00e2ng cao tr\u1ea3i nghi\u1ec7m v\u00e0 b\u1ea3o m\u1eadt c\u1ee7a kh\u00e1ch h\u00e0ng<\/span>. V\u1edbi c\u00e1c t\u00ednh n\u0103ng \u0111\u01b0\u1ee3c thi\u1ebft k\u1ebf ri\u00eang cho ng\u00e0nh d\u1ecbch v\u1ee5 kh\u00e1ch s\u1ea1n, nh\u1eefng th\u1ebb n\u00e0y h\u1ee3p l\u00fd h\u00f3a quy tr\u00ecnh nh\u1eadn ph\u00f2ng c\u1ee7a kh\u00e1ch \u0111\u1ed3ng th\u1eddi t\u1ea1o \u0111i\u1ec1u ki\u1ec7n cho c\u00e1c t\u01b0\u01a1ng t\u00e1c c\u00e1 nh\u00e2n v\u1edbi kh\u00e1ch h\u00e0ng. Cho d\u00f9 b\u1ea1n l\u00e0 kh\u00e1ch s\u1ea1n qu\u1ea3n l\u00fd ph\u00f2ng hay doanh nghi\u1ec7p \u0111ang t\u00ecm ki\u1ebfm gi\u1ea3i ph\u00e1p trung th\u00e0nh, nh\u1eefng th\u1ebb n\u00e0y \u0111\u1ea3m b\u1ea3o \u0111\u1ed9 tin c\u1eady v\u00e0 an to\u00e0n.<\/strong><\/span><\/p>\n<p><span style=\"color: #333333;\"><strong><span style=\"color: #333399;\">M\u00e0u s\u1eafc s\u1ed1ng \u0111\u1ed9ng v\u00e0 thi\u1ebft k\u1ebf t\u00f9y ch\u1ec9nh<\/span> l\u00e0m cho th\u1ebb th\u00e0nh vi\u00ean Mifare kh\u00f4ng ch\u1ec9 c\u00f3 ch\u1ee9c n\u0103ng m\u00e0 c\u00f2n h\u1ea5p d\u1eabn v\u1ec1 m\u1eb7t th\u1ecb gi\u00e1c \u0111\u1ed1i v\u1edbi kh\u00e1ch. Ch\u00fang v\u1eeba l\u00e0 c\u00f4ng c\u1ee5 nh\u1eadn d\u1ea1ng v\u1eeba l\u00e0 c\u00f4ng c\u1ee5 ti\u1ebfp th\u1ecb, v\u00ec kh\u00e1ch s\u1ea1n c\u00f3 th\u1ec3 bao g\u1ed3m c\u00e1c y\u1ebfu t\u1ed1 x\u00e2y d\u1ef1ng th\u01b0\u01a1ng hi\u1ec7u gi\u00fap t\u0103ng kh\u1ea3 n\u0103ng nh\u1eadn di\u1ec7n v\u00e0 ghi nh\u1edb c\u1ee7a kh\u00e1ch.<\/strong><\/span><\/p>\n<p>&nbsp;<\/p>\n<p>&nbsp;<\/p>\n<h2 style=\"text-align: center;\"><em><span style=\"color: #000080;\"><strong>S\u01a1 l\u01b0\u1ee3c s\u1ea3n ph\u1ea9m<\/strong><\/span><\/em><\/h2>\n<h3><strong><span style=\"color: #333399;\">1. C\u00e1c thu\u1ed9c t\u00ednh ch\u00ednh c\u1ee7a th\u1ebb Mifare<\/span><\/strong><\/h3>\n<h4>C\u00e1c <strong>Mifare1k4k S50<\/strong>\u00a0th\u1ebb ch\u00eca kh\u00f3a \u0111\u01b0\u1ee3c thi\u1ebft k\u1ebf \u0111\u1ec3 n\u00e2ng cao tr\u1ea3i nghi\u1ec7m c\u1ee7a ng\u01b0\u1eddi d\u00f9ng th\u00f4ng qua m\u1ed9t s\u1ed1 thu\u1ed9c t\u00ednh ch\u00ednh:<\/h4>\n<h4><span style=\"color: #008080;\"><strong>\u0110\u1ed9 b\u1ec1n v\u00e0 t\u00ednh linh ho\u1ea1t<\/strong><\/span><\/h4>\n<h4>\u0110\u01b0\u1ee3c x\u00e2y d\u1ef1ng t\u1eeb\u00a0<strong>PVC\/PET<\/strong>, nh\u1eefng th\u1ebb n\u00e0y kh\u00f4ng ch\u1ec9 ch\u1ed1ng n\u01b0\u1edbc m\u00e0 c\u00f2n ch\u1ed1ng ch\u1ecbu \u0111\u01b0\u1ee3c th\u1eddi ti\u1ebft, \u0111\u1ea3m b\u1ea3o \u0111\u1ed9 b\u1ec1n trong nhi\u1ec1u \u0111i\u1ec1u ki\u1ec7n m\u00f4i tr\u01b0\u1eddng kh\u00e1c nhau. Cho d\u00f9 s\u1eed d\u1ee5ng trong nh\u00e0 hay ngo\u00e0i tr\u1eddi, \u0111\u1ed9 b\u1ec1n c\u1ee7a ch\u00fang \u0111\u1ea3m b\u1ea3o kh\u1ea3 n\u0103ng s\u1eed d\u1ee5ng l\u00e2u d\u00e0i.<\/h4>\n<h4><span style=\"color: #008080;\"><strong>C\u00f4ng ngh\u1ec7 th\u1ebb th\u00f4ng minh<\/strong><\/span><\/h4>\n<h4>Nh\u1eefng th\u1ebb n\u00e0y s\u1eed d\u1ee5ng\u00a0<strong>C\u00f4ng ngh\u1ec7 RFID<\/strong>\u00a0ho\u1ea1t \u0111\u1ed9ng \u1edf t\u1ea7n s\u1ed1\u00a0<strong>13,56MHz<\/strong>, cho ph\u00e9p giao d\u1ecbch an to\u00e0n, kh\u00f4ng ti\u1ebfp x\u00fac. Vi\u1ec7c t\u00edch h\u1ee3p c\u00f4ng ngh\u1ec7 chip c\u1ee7a NXP \u0111\u1ea3m b\u1ea3o kh\u1ea3 n\u0103ng t\u01b0\u01a1ng th\u00edch v\u1edbi c\u00e1c h\u1ec7 th\u1ed1ng ki\u1ec3m so\u00e1t truy c\u1eadp hi\u1ec7n c\u00f3 \u0111\u1ed3ng th\u1eddi mang l\u1ea1i hi\u1ec7u su\u1ea5t v\u00e0 \u0111\u1ed9 tin c\u1eady cao.<\/h4>\n<p>&nbsp;<\/p>\n<h3><span style=\"color: #333399;\"><strong>2. \u1ee8ng d\u1ee5ng c\u1ee5 th\u1ec3 cho ng\u00e0nh c\u00f4ng nghi\u1ec7p c\u1ee7a th\u1ebb Mifare<\/strong><\/span><\/h3>\n<p>Th\u1ebb Mifare \u0111\u01b0\u1ee3c s\u1eed d\u1ee5ng r\u1ed9ng r\u00e3i trong nhi\u1ec1u ng\u00e0nh c\u00f4ng nghi\u1ec7p kh\u00e1c nhau, \u0111\u1eb7c bi\u1ec7t l\u00e0 trong l\u0129nh v\u1ef1c kh\u00e1ch s\u1ea1n \u0111\u1ec3 ki\u1ec3m so\u00e1t ra v\u00e0o:<\/p>\n<h4><span style=\"color: #008080;\"><strong>Ng\u00e0nh d\u1ecbch v\u1ee5 kh\u00e1ch s\u1ea1n<\/strong><\/span><\/h4>\n<h4>Kh\u00e1ch s\u1ea1n s\u1eed d\u1ee5ng th\u1ebb Mifare \u0111\u1ec3 v\u00e0o ph\u00f2ng v\u00e0 thanh to\u00e1n. Kh\u00e1ch c\u00f3 th\u1ec3 d\u1ec5 d\u00e0ng v\u00e0o ph\u00f2ng ch\u1ec9 b\u1eb1ng m\u1ed9t c\u00fa ch\u1ea1m th\u1ebb, lo\u1ea1i b\u1ecf nhu c\u1ea7u s\u1eed d\u1ee5ng ch\u00eca kh\u00f3a truy\u1ec1n th\u1ed1ng.<\/h4>\n<h4><span style=\"color: #008080;\"><strong>Ch\u01b0\u01a1ng tr\u00ecnh th\u00e0nh vi\u00ean v\u00e0 l\u00f2ng trung th\u00e0nh<\/strong><\/span><\/h4>\n<h4>C\u00e1c doanh nghi\u1ec7p tri\u1ec3n khai ch\u01b0\u01a1ng tr\u00ecnh kh\u00e1ch h\u00e0ng th\u00e2n thi\u1ebft c\u00f3 th\u1ec3 ph\u00e1t h\u00e0nh th\u1ebb Mifare t\u00edch l\u0169y \u0111i\u1ec3m khi mua h\u00e0ng. \u0110i\u1ec1u n\u00e0y khuy\u1ebfn kh\u00edch vi\u1ec7c kinh doanh l\u1eb7p l\u1ea1i v\u00e0 th\u01b0\u1edfng cho kh\u00e1ch h\u00e0ng trung th\u00e0nh m\u1ed9t c\u00e1ch hi\u1ec7u qu\u1ea3.<\/h4>\n<p>&nbsp;<\/p>\n<h3><span style=\"color: #333399;\"><strong>3. Th\u00f4ng s\u1ed1 k\u1ef9 thu\u1eadt <\/strong><\/span><\/h3>\n<p>V\u1ea5n \u0111\u1ec1 \u0111\u00f3Hi\u1ec3u r\u00f5 c\u00e1c chi ti\u1ebft k\u1ef9 thu\u1eadt l\u00e0 r\u1ea5t quan tr\u1ecdng \u0111\u1ec3 c\u00e1c doanh nghi\u1ec7p \u0111\u01b0a ra quy\u1ebft \u0111\u1ecbnh s\u00e1ng su\u1ed1t. Sau \u0111\u00e2y l\u00e0 c\u00e1c th\u00f4ng s\u1ed1 k\u1ef9 thu\u1eadt n\u1ed5i b\u1eadt c\u1ee7a th\u1ebb Mifare1k S50:<\/p>\n<div class=\"table-with-header rounded-lg border border-solid border-grey-line2-normal w-fit max-w-full mb-2\">\n<div class=\"overflow-x-auto custom-scrollbar custom-scrollbar-float max-w-full\">\n<table class=\"w-fit !mb-0 !max-w-none\">\n<thead>\n<tr>\n<th>\u0110\u1eb7c \u0111i\u1ec3m k\u1ef9 thu\u1eadt<\/th>\n<th>Chi ti\u1ebft<\/th>\n<\/tr>\n<\/thead>\n<tbody>\n<tr>\n<td>T\u00ednh th\u01b0\u1eddng xuy\u00ean<\/td>\n<td>13,56MHz<\/td>\n<\/tr>\n<tr>\n<td>T\u00f9y ch\u1ecdn b\u1ed9 nh\u1edb<\/td>\n<td>1k,4k<\/td>\n<\/tr>\n<tr>\n<td>V\u1eadt li\u1ec7u<\/td>\n<td>PVC\/PET<\/td>\n<\/tr>\n<tr>\n<td>K\u00edch c\u1ee1<\/td>\n<td>85,5mm x54mm\/T\u00f9y ch\u1ec9nh<\/td>\n<\/tr>\n<tr>\n<td>Chip<\/td>\n<td>MIFARE Classic1K<\/td>\n<\/tr>\n<tr>\n<td>Kho\u1ea3ng c\u00e1ch \u0111\u1ecdc<\/td>\n<td>2-10cm<\/td>\n<\/tr>\n<tr>\n<td>th\u1ee7 c\u00f4ng<\/td>\n<td>M\u00e3 Laser, M\u1ef1c UV, S\u1ed1 Serial<\/td>\n<\/tr>\n<\/tbody>\n<\/table>\n<p>&nbsp;<\/p>\n<\/div>\n<\/div>\n<h2 style=\"text-align: center;\"><em><span style=\"color: #000080;\"><strong>T\u00e1c \u0111\u1ed9ng m\u00f4i tr\u01b0\u1eddng c\u1ee7a th\u1ebb Mifare<\/strong><\/span><\/em><\/h2>\n<p>T\u00ednh th\u00e2n thi\u1ec7n v\u1edbi m\u00f4i tr\u01b0\u1eddng ng\u00e0y c\u00e0ng tr\u1edf n\u00ean c\u1ea7n thi\u1ebft tr\u00ean th\u1ecb tr\u01b0\u1eddng hi\u1ec7n nay v\u00e0 th\u1ebb Mifare ph\u00f9 h\u1ee3p v\u1edbi c\u00e1c ho\u1ea1t \u0111\u1ed9ng b\u1ec1n v\u1eefng.<\/p>\n<h3><strong><span style=\"color: #008080;\">V\u1eadt li\u1ec7u b\u1ec1n v\u1eefng<\/span><\/strong><\/h3>\n<h4>\u0110\u01b0\u1ee3c x\u00e2y d\u1ef1ng t\u1eeb \u00fd th\u1ee9c sinh th\u00e1i\u00a0<strong>V\u1eadt li\u1ec7u PVC v\u00e0 PET<\/strong>, nh\u1eefng t\u1ea5m thi\u1ec7p n\u00e0y gi\u1ea3m thi\u1ec3u t\u00e1c \u0111\u1ed9ng \u0111\u1ebfn m\u00f4i tr\u01b0\u1eddng. Khi h\u1ebft v\u00f2ng \u0111\u1eddi, ch\u00fang c\u00f3 th\u1ec3 \u0111\u01b0\u1ee3c t\u00e1i ch\u1ebf, g\u00f3p ph\u1ea7n t\u1ea1o n\u00ean m\u1ed9t h\u00e0nh tinh xanh h\u01a1n.<\/h4>\n<h3><span style=\"color: #008080;\"><strong>Gi\u1ea3m D\u1ea5u Ch\u00e2n Carbon<\/strong><\/span><\/h3>\n<h4>B\u1eb1ng c\u00e1ch t\u1ea1o \u0111i\u1ec1u ki\u1ec7n thu\u1eadn l\u1ee3i cho vi\u1ec7c ti\u1ebfp c\u1eadn kh\u00f4ng ti\u1ebfp x\u00fac, c\u00e1c doanh nghi\u1ec7p c\u00f3 th\u1ec3 gi\u1ea3m l\u01b0\u1ee3ng kh\u00ed th\u1ea3i carbon v\u00e0 gi\u1ea3m nhu c\u1ea7u s\u1eed d\u1ee5ng h\u1ec7 th\u1ed1ng v\u00e9 gi\u1ea5y, do \u0111\u00f3 th\u00fac \u0111\u1ea9y t\u00ednh b\u1ec1n v\u1eefng trong to\u00e0n b\u1ed9 ho\u1ea1t \u0111\u1ed9ng c\u1ee7a h\u1ecd.<\/h4>\n<p>&nbsp;<\/p>\n<p>&nbsp;<\/p>\n<h2 style=\"text-align: center;\"><em><span style=\"color: #000080;\"><strong>C\u00e2u h\u1ecfi th\u01b0\u1eddng g\u1eb7p<\/strong><\/span><\/em><\/h2>\n<h4><span style=\"color: #008080;\"><strong>C\u00e2u h\u1ecfi 1: Th\u1ebb Mifare c\u00f3 t\u01b0\u01a1ng th\u00edch v\u1edbi c\u00e1c h\u1ec7 th\u1ed1ng hi\u1ec7n c\u00f3 kh\u00f4ng?<\/strong><\/span><\/h4>\n<p><strong>A1:<\/strong>\u00a0C\u00f3, th\u1ebb Mifare \u0111\u01b0\u1ee3c thi\u1ebft k\u1ebf \u0111\u1ec3 t\u01b0\u01a1ng th\u00edch v\u1edbi nhi\u1ec1u lo\u1ea1i \u0111\u1ea7u \u0111\u1ecdc RFID v\u00e0 h\u1ec7 th\u1ed1ng ki\u1ec3m so\u00e1t ra v\u00e0o, \u0111\u1eb7c bi\u1ec7t l\u00e0 nh\u1eefng lo\u1ea1i s\u1eed d\u1ee5ng ti\u00eau chu\u1ea9n ISO\/IEC14443 Lo\u1ea1i A. T\u00ednh linh ho\u1ea1t n\u00e0y \u0111\u1ea3m b\u1ea3o r\u1eb1ng c\u00e1c doanh nghi\u1ec7p c\u00f3 th\u1ec3 d\u1ec5 d\u00e0ng t\u00edch h\u1ee3p th\u1ebb Mifare v\u00e0o c\u01a1 s\u1edf h\u1ea1 t\u1ea7ng hi\u1ec7n c\u00f3 c\u1ee7a m\u00ecnh.<\/p>\n<p>&nbsp;<\/p>\n<h4><strong><span style=\"color: #008080;\">C\u00e2u h\u1ecfi 2: T\u00ednh b\u1ea3o m\u1eadt c\u1ee7a th\u1ebb Mifare ho\u1ea1t \u0111\u1ed9ng nh\u01b0 th\u1ebf n\u00e0o?<\/span><\/strong><\/h4>\n<p><strong>A2:<\/strong>\u00a0Th\u1ebb Mifare s\u1eed d\u1ee5ng giao th\u1ee9c x\u00e1c th\u1ef1c v\u00e0 m\u00e3 h\u00f3a l\u1eabn nhau \u0111\u1ec3 b\u1ea3o m\u1eadt vi\u1ec7c truy\u1ec1n d\u1eef li\u1ec7u gi\u1eefa th\u1ebb v\u00e0 \u0111\u1ea7u \u0111\u1ecdc. \u0110i\u1ec1u n\u00e0y \u0111\u1ea3m b\u1ea3o r\u1eb1ng ch\u1ec9 nh\u1eefng thi\u1ebft b\u1ecb \u0111\u01b0\u1ee3c \u1ee7y quy\u1ec1n m\u1edbi c\u00f3 th\u1ec3 truy c\u1eadp th\u00f4ng tin \u0111\u01b0\u1ee3c l\u01b0u tr\u1eef tr\u00ean th\u1ebb, mang l\u1ea1i m\u1ee9c \u0111\u1ed9 b\u1ea3o m\u1eadt cao cho d\u1eef li\u1ec7u nh\u1ea1y c\u1ea3m.<\/p>","protected":false},"excerpt":{"rendered":"<p>Kh\u00e1m ph\u00e1 th\u1ebb ch\u00eca kh\u00f3a kh\u00e1ch s\u1ea1n Mifare1k4k S50 nhi\u1ec1u m\u00e0u s\u1eafc \u0111\u1ec3 truy c\u1eadp an to\u00e0n v\u00e0 ch\u01b0\u01a1ng tr\u00ecnh kh\u00e1ch h\u00e0ng th\u00e2n thi\u1ebft. N\u00e2ng cao tr\u1ea3i nghi\u1ec7m c\u1ee7a kh\u00e1ch v\u1edbi thi\u1ebft k\u1ebf t\u00f9y ch\u1ec9nh, b\u1ec1n b\u1ec9!<\/p>","protected":false},"featured_media":3356,"template":"","meta":[],"product_brand":[],"product_cat":[46],"product_tag":[],"class_list":{"0":"post-3499","1":"product","2":"type-product","3":"status-publish","4":"has-post-thumbnail","6":"product_cat-nfc-cards","8":"first","9":"instock","10":"shipping-taxable","11":"product-type-simple"},"_links":{"self":[{"href":"https:\/\/nfc-readers.com\/vi\/wp-json\/wp\/v2\/product\/3499","targetHints":{"allow":["GET"]}}],"collection":[{"href":"https:\/\/nfc-readers.com\/vi\/wp-json\/wp\/v2\/product"}],"about":[{"href":"https:\/\/nfc-readers.com\/vi\/wp-json\/wp\/v2\/types\/product"}],"wp:featuredmedia":[{"embeddable":true,"href":"https:\/\/nfc-readers.com\/vi\/wp-json\/wp\/v2\/media\/3356"}],"wp:attachment":[{"href":"https:\/\/nfc-readers.com\/vi\/wp-json\/wp\/v2\/media?parent=3499"}],"wp:term":[{"taxonomy":"product_brand","embeddable":true,"href":"https:\/\/nfc-readers.com\/vi\/wp-json\/wp\/v2\/product_brand?post=3499"},{"taxonomy":"product_cat","embeddable":true,"href":"https:\/\/nfc-readers.com\/vi\/wp-json\/wp\/v2\/product_cat?post=3499"},{"taxonomy":"product_tag","embeddable":true,"href":"https:\/\/nfc-readers.com\/vi\/wp-json\/wp\/v2\/product_tag?post=3499"}],"curies":[{"name":"wp","href":"https:\/\/api.w.org\/{rel}","templated":true}]}}