{"id":3515,"date":"2024-11-06T08:47:18","date_gmt":"2024-11-06T08:47:18","guid":{"rendered":"https:\/\/nfc-readers.com\/?post_type=product&#038;p=3515"},"modified":"2024-11-06T14:47:51","modified_gmt":"2024-11-06T14:47:51","slug":"custom-etched-copper-antenna-hf-nfc-inlay","status":"publish","type":"product","link":"https:\/\/nfc-readers.com\/vi\/ic-reader\/custom-etched-copper-antenna-hf-nfc-inlay\/","title":{"rendered":"\u0102ng-ten \u0111\u1ed3ng kh\u1eafc NTAG Series HF NFC Inlay"},"content":{"rendered":"<h1 style=\"text-align: center;\">\u0102ng-ten \u0111\u1ed3ng kh\u1eafc NTAG Series HF NFC Inlay<\/h1>\n<p>&nbsp;<\/p>\n<p>C\u00e1c <strong>\u0102ng-ten \u0111\u1ed3ng kh\u1eafc NTAG Series HF NFC Inlay\u00a0<\/strong>cung c\u1ea5p m\u1ed9t gi\u1ea3i ph\u00e1p s\u00e1ng t\u1ea1o trong th\u1ebf gi\u1edbi c\u00f4ng ngh\u1ec7 NFC (Giao ti\u1ebfp tr\u01b0\u1eddng g\u1ea7n). V\u1edbi thi\u1ebft k\u1ebf hi\u1ec7n \u0111\u1ea1i v\u00e0 hi\u1ec7u su\u1ea5t cao, s\u1ea3n ph\u1ea9m n\u00e0y n\u1ed5i b\u1eadt tr\u00ean th\u1ecb tr\u01b0\u1eddng ng\u00e0y c\u00e0ng coi tr\u1ecdng hi\u1ec7u qu\u1ea3, t\u00ednh linh ho\u1ea1t v\u00e0 t\u00ednh b\u1ec1n v\u1eefng. Cho d\u00f9 b\u1ea1n \u0111ang mu\u1ed1n n\u00e2ng cao n\u0103ng l\u1ef1c kinh doanh hay th\u00eam m\u1ed9t t\u00ednh n\u0103ng \u0111\u1ed9c \u0111\u00e1o v\u00e0o d\u00f2ng s\u1ea3n ph\u1ea9m c\u1ee7a m\u00ecnh, c\u00e1c th\u1ebb NFC n\u00e0y mang l\u1ea1i nh\u1eefng l\u1ee3i \u00edch v\u00f4 song khi\u1ebfn ch\u00fang \u0111\u00e1ng \u0111\u1ec3 c\u00e2n nh\u1eafc.<\/p>\n<p>&nbsp;<\/p>\n<h3>T\u1ea1i sao b\u1ea1n n\u00ean ch\u1ecdn \u0102ng-ten \u0111\u1ed3ng kh\u1eafc t\u00f9y ch\u1ec9nh HF NFC Inlay<\/h3>\n<p>K\u1ebft h\u1ee3p\u00a0<strong>C\u00f4ng ngh\u1ec7 NFC<\/strong>\u00a0v\u00e0o c\u00e1c \u1ee9ng d\u1ee5ng c\u1ee7a b\u1ea1n cho ph\u00e9p trao \u0111\u1ed5i d\u1eef li\u1ec7u li\u1ec1n m\u1ea1ch v\u00e0 n\u00e2ng cao tr\u1ea3i nghi\u1ec7m c\u1ee7a ng\u01b0\u1eddi d\u00f9ng.\u00a0<strong>\u0102ng-ten \u0111\u1ed3ng kh\u1eafc t\u00f9y ch\u1ec9nh HF NFC<\/strong>\u00a0cung c\u1ea5p m\u1ed9t giao di\u1ec7n truy\u1ec1n th\u00f4ng \u0111\u00e1ng tin c\u1eady \u1edf t\u1ea7n s\u1ed1\u00a0<strong>13,56MHz<\/strong>, l\u00e0m cho n\u00f3 t\u01b0\u01a1ng th\u00edch v\u1edbi nhi\u1ec1u thi\u1ebft b\u1ecb h\u1ed7 tr\u1ee3 NFC. Th\u1ebb NFC n\u00e0y kh\u00f4ng ch\u1ec9 c\u00f3 ch\u1ee9c n\u0103ng; n\u00f3 \u0111\u01b0\u1ee3c ch\u1ebf t\u1ea1o b\u1eb1ng v\u1eadt li\u1ec7u ch\u1ea5t l\u01b0\u1ee3ng cao nh\u01b0\u00a0<strong>TH\u00da C\u01afNG<\/strong>, \u0111\u1ea3m b\u1ea3o \u0111\u1ed9 b\u1ec1n v\u00e0 kh\u1ea3 n\u0103ng ph\u1ee5c h\u1ed3i.<\/p>\n<p>Cho d\u00f9 \u0111\u01b0\u1ee3c s\u1eed d\u1ee5ng trong ti\u1ebfp th\u1ecb, bao b\u00ec th\u00f4ng minh hay cho c\u00e1c \u1ee9ng d\u1ee5ng t\u01b0\u01a1ng t\u00e1c, l\u1ee3i \u00edch \u0111\u1ec1u r\u1ea5t r\u00f5 r\u00e0ng:<\/p>\n<ul>\n<li><strong>Giao ti\u1ebfp n\u00e2ng cao<\/strong>: T\u1ea1o \u0111i\u1ec1u ki\u1ec7n thu\u1eadn l\u1ee3i cho vi\u1ec7c truy\u1ec1n d\u1eef li\u1ec7u t\u1ee9c th\u1eddi gi\u1eefa c\u00e1c thi\u1ebft b\u1ecb, h\u1ee3p l\u00fd h\u00f3a ho\u1ea1t \u0111\u1ed9ng trong nhi\u1ec1u ng\u00e0nh c\u00f4ng nghi\u1ec7p kh\u00e1c nhau.<\/li>\n<li><strong>T\u00ednh linh ho\u1ea1t<\/strong>:K\u00edch th\u01b0\u1edbc v\u00e0 thi\u1ebft k\u1ebf t\u00f9y ch\u1ec9nh \u0111\u1ea3m b\u1ea3o mi\u1ebfng d\u00e1n NFC c\u00f3 th\u1ec3 ph\u00f9 h\u1ee3p v\u1edbi nhi\u1ec1u \u1ee9ng d\u1ee5ng kh\u00e1c nhau, t\u1eeb t\u00e0i li\u1ec7u ti\u1ebfp th\u1ecb \u0111\u1ebfn bao b\u00ec s\u1ea3n ph\u1ea9m.<\/li>\n<li><strong>\u0110\u1ed9 b\u1ec1n<\/strong>: T\u00ednh n\u0103ng ch\u1ed1ng th\u1ea5m n\u01b0\u1edbc v\u00e0 ch\u1ecbu \u0111\u01b0\u1ee3c th\u1eddi ti\u1ebft gi\u00fap t\u0103ng c\u01b0\u1eddng hi\u1ec7u su\u1ea5t, ph\u00f9 h\u1ee3p \u0111\u1ec3 s\u1eed d\u1ee5ng c\u1ea3 trong nh\u00e0 v\u00e0 ngo\u00e0i tr\u1eddi.<\/li>\n<li><strong>Dung l\u01b0\u1ee3ng b\u1ed9 nh\u1edb cao<\/strong>: V\u1edbi\u00a0<strong>416 Byte<\/strong>\u00a0c\u1ee7a b\u1ed9 nh\u1edb c\u00f3 th\u1ec3 ghi, n\u00f3 cho ph\u00e9p l\u01b0u tr\u1eef v\u00e0 truy xu\u1ea5t d\u1eef li\u1ec7u hi\u1ec7u qu\u1ea3.<\/li>\n<\/ul>\n<p>&nbsp;<\/p>\n<h3>C\u00e1c t\u00ednh n\u0103ng ch\u00ednh c\u1ee7a \u0102ng-ten \u0111\u1ed3ng kh\u1eafc t\u00f9y ch\u1ec9nh HF NFC Inlay<\/h3>\n<p>C\u00e1c\u00a0<strong>\u0102ng-ten \u0111\u1ed3ng kh\u1eafc t\u00f9y ch\u1ec9nh HF NFC<\/strong>\u00a0\u0111\u01b0\u1ee3c thi\u1ebft k\u1ebf v\u1edbi nhi\u1ec1u t\u00ednh n\u0103ng ph\u00f9 h\u1ee3p cho nhi\u1ec1u \u1ee9ng d\u1ee5ng kh\u00e1c nhau.<\/p>\n<h3>Giao ti\u1ebfp n\u00e2ng cao<\/h3>\n<p>Th\u1ebb NFC n\u00e0y s\u1eed d\u1ee5ng m\u1ed9t\u00a0<strong>giao di\u1ec7n truy\u1ec1n th\u00f4ng<\/strong>\u00a0ho\u1ea1t \u0111\u1ed9ng li\u1ec1n m\u1ea1ch v\u1edbi\u00a0<strong>Thi\u1ebft b\u1ecb h\u1ed7 tr\u1ee3 NFC<\/strong>. Ng\u01b0\u1eddi d\u00f9ng c\u00f3 th\u1ec3 ch\u1ec9 c\u1ea7n ch\u1ea1m v\u00e0o\u00a0<strong>\u0111\u1ea7u \u0111\u1ecdc NFC<\/strong>\u00a0ho\u1eb7c\u00a0<strong>\u0111i\u1ec7n tho\u1ea1i th\u00f4ng minh<\/strong>\u00a0ch\u1ed1ng l\u1ea1i l\u1edbp ph\u1ee7 \u0111\u1ec3 \u0111\u1ea1t \u0111\u01b0\u1ee3c k\u1ebft n\u1ed1i v\u00e0 truy\u1ec1n d\u1eef li\u1ec7u t\u1ee9c th\u1eddi.<\/p>\n<h3>T\u00f9y ch\u1ecdn k\u00edch th\u01b0\u1edbc c\u00f3 th\u1ec3 t\u00f9y ch\u1ec9nh<\/h3>\n<p>C\u00e1c mi\u1ebfng l\u00f3t NFC c\u1ee7a ch\u00fang t\u00f4i c\u00f3 k\u00edch th\u01b0\u1edbc ti\u00eau chu\u1ea9n l\u00e0\u00a0<strong>\u0110\u01b0\u1eddng k\u00ednh 30mm<\/strong>, v\u1edbi c\u00e1c t\u00f9y ch\u1ecdn cho\u00a0<strong>t\u00f9y ch\u1ec9nh k\u00edch th\u01b0\u1edbc<\/strong>\u00a0ph\u00f9 h\u1ee3p v\u1edbi y\u00eau c\u1ea7u ri\u00eang c\u1ee7a b\u1ea1n. Cho d\u00f9 b\u1ea1n c\u1ea7n th\u1ebb nh\u1ecf h\u01a1n cho m\u1ed9t s\u1ea3n ph\u1ea9m c\u1ee5 th\u1ec3 hay th\u1ebb l\u1edbn h\u01a1n cho m\u00e0n h\u00ecnh ti\u1ebfp th\u1ecb, ch\u00fang t\u00f4i \u0111\u1ec1u c\u00f3 th\u1ec3 \u0111\u00e1p \u1ee9ng.<\/p>\n<h3>Ch\u1ed1ng th\u1ea5m n\u01b0\u1edbc v\u00e0 th\u1eddi ti\u1ebft<\/h3>\n<p>Kh\u00f4ng ph\u1ea3i t\u1ea5t c\u1ea3 c\u00e1c th\u1ebb NFC \u0111\u1ec1u \u0111\u01b0\u1ee3c t\u1ea1o ra nh\u01b0 nhau; th\u1ebb c\u1ee7a ch\u00fang t\u00f4i t\u1ef1 h\u00e0o\u00a0<strong>kh\u1ea3 n\u0103ng ch\u1ed1ng th\u1ea5m n\u01b0\u1edbc v\u00e0 th\u1eddi ti\u1ebft<\/strong>. \u0110i\u1ec1u n\u00e0y c\u00f3 ngh\u0129a l\u00e0 b\u1ea1n c\u00f3 th\u1ec3 s\u1eed d\u1ee5ng ch\u00fang ngo\u00e0i tr\u1eddi m\u00e0 kh\u00f4ng ph\u1ea3i lo l\u1eafng v\u1ec1 \u0111\u1ed9 b\u1ec1n ho\u1eb7c hi\u1ec7u su\u1ea5t, khi\u1ebfn ch\u00fang tr\u1edf n\u00ean l\u00fd t\u01b0\u1edfng cho c\u00e1c s\u1ef1 ki\u1ec7n, chi\u1ebfn d\u1ecbch ti\u1ebfp th\u1ecb v\u00e0 c\u00e1c s\u1ea3n ph\u1ea9m ph\u1ea3i ch\u1ecbu nhi\u1ec1u y\u1ebfu t\u1ed1 th\u1eddi ti\u1ebft.<\/p>\n<p>&nbsp;<\/p>\n<h2>Th\u00f4ng s\u1ed1 k\u1ef9 thu\u1eadt c\u1ee7a NFC Inlay<\/h2>\n<table class=\"w-fit !mb-0 !max-w-none\" style=\"height: 311px;\" width=\"449\">\n<thead>\n<tr>\n<th><strong>\u0110\u1eb7c \u0111i\u1ec3m k\u1ef9 thu\u1eadt<\/strong><\/th>\n<th><strong>Chi ti\u1ebft<\/strong><\/th>\n<\/tr>\n<\/thead>\n<tbody>\n<tr>\n<td><strong>Ki\u1ec3u<\/strong><\/td>\n<td>Di\u1ec5n \u0111\u00e0n NFC Lo\u1ea1i 4<\/td>\n<\/tr>\n<tr>\n<td><strong>V\u1eadt li\u1ec7u<\/strong><\/td>\n<td>TH\u00da C\u01afNG<\/td>\n<\/tr>\n<tr>\n<td><strong>K\u00edch c\u1ee1<\/strong><\/td>\n<td>\u0110\u01b0\u1eddng k\u00ednh 30mm\/K\u00edch th\u01b0\u1edbc t\u00f9y ch\u1ec9nh<\/td>\n<\/tr>\n<tr>\n<td><strong>Dung l\u01b0\u1ee3ng b\u1ed9 nh\u1edb<\/strong><\/td>\n<td>416 Byte<\/td>\n<\/tr>\n<tr>\n<td><strong>Chip<\/strong><\/td>\n<td>D\u00f2ng NTAG<\/td>\n<\/tr>\n<tr>\n<td><strong>T\u00ednh th\u01b0\u1eddng xuy\u00ean<\/strong><\/td>\n<td>13,56MHz<\/td>\n<\/tr>\n<tr>\n<td><strong>Vi\u1ebft s\u1ee9c b\u1ec1n<\/strong><\/td>\n<td>100.000 l\u1ea7n<\/td>\n<\/tr>\n<tr>\n<td><strong>In \u1ea5n<\/strong><\/td>\n<td>In Offset CMYK<\/td>\n<\/tr>\n<tr>\n<td><strong>Bao b\u00ec<\/strong><\/td>\n<td>200 chi\u1ebfc\/h\u1ed9p tr\u1eafng b\u00ean trong, 25 h\u1ed9p\/th\u00f9ng carton<\/td>\n<\/tr>\n<tr>\n<td><strong>C\u1ea3ng<\/strong><\/td>\n<td>Th\u00e2m Quy\u1ebfn<\/td>\n<\/tr>\n<tr>\n<td><strong>T\u1ed5ng tr\u1ecdng l\u01b0\u1ee3ng \u0111\u01a1n<\/strong><\/td>\n<td>0,010kg<\/td>\n<\/tr>\n<\/tbody>\n<\/table>\n<p>&nbsp;<\/p>\n<p>&nbsp;<\/p>\n<h3>Nh\u1eefng c\u00e2u h\u1ecfi th\u01b0\u1eddng g\u1eb7p (FAQ)<\/h3>\n<h2>1. \u0102ng-ten \u0111\u1ed3ng kh\u1eafc t\u00f9y ch\u1ec9nh HF NFC l\u00e0 g\u00ec?<\/h2>\n<p>C\u00e1c\u00a0<strong>\u0102ng-ten \u0111\u1ed3ng kh\u1eafc t\u00f9y ch\u1ec9nh HF NFC<\/strong>\u00a0l\u00e0 th\u1ebb NFC t\u1ea7n s\u1ed1 cao \u0111\u01b0\u1ee3c thi\u1ebft k\u1ebf \u0111\u1ec3 trao \u0111\u1ed5i d\u1eef li\u1ec7u hi\u1ec7u qu\u1ea3 v\u00e0 giao ti\u1ebfp li\u1ec1n m\u1ea1ch v\u1edbi c\u00e1c thi\u1ebft b\u1ecb h\u1ed7 tr\u1ee3 NFC. Th\u1ebb s\u1eed d\u1ee5ng c\u00f4ng ngh\u1ec7 ti\u00ean ti\u1ebfn \u0111\u1ec3 c\u00f3 \u0111\u1ed9 b\u1ec1n v\u00e0 t\u00ednh linh ho\u1ea1t trong nhi\u1ec1u \u1ee9ng d\u1ee5ng kh\u00e1c nhau, bao g\u1ed3m ti\u1ebfp th\u1ecb, \u0111\u00f3ng g\u00f3i th\u00f4ng minh v\u00e0 t\u01b0\u01a1ng t\u00e1c s\u1ea3n ph\u1ea9m.<\/p>\n<h2>2. C\u00f4ng ngh\u1ec7 NFC ho\u1ea1t \u0111\u1ed9ng nh\u01b0 th\u1ebf n\u00e0o?<\/h2>\n<p>C\u00f4ng ngh\u1ec7 NFC (Giao ti\u1ebfp tr\u01b0\u1eddng g\u1ea7n) cho ph\u00e9p truy\u1ec1n d\u1eef li\u1ec7u kh\u00f4ng d\u00e2y gi\u1eefa c\u00e1c thi\u1ebft b\u1ecb trong kho\u1ea3ng c\u00e1ch ng\u1eafn. Khi m\u1ed9t thi\u1ebft b\u1ecb h\u1ed7 tr\u1ee3 NFC, ch\u1eb3ng h\u1ea1n nh\u01b0 \u0111i\u1ec7n tho\u1ea1i th\u00f4ng minh ho\u1eb7c \u0111\u1ea7u \u0111\u1ecdc, \u1edf g\u1ea7n th\u1ebb NFC, d\u1eef li\u1ec7u \u0111\u01b0\u1ee3c trao \u0111\u1ed5i th\u00f4ng qua giao ti\u1ebfp t\u1ea7n s\u1ed1 v\u00f4 tuy\u1ebfn, cho ph\u00e9p ng\u01b0\u1eddi d\u00f9ng truy c\u1eadp th\u00f4ng tin ho\u1eb7c k\u00edch ho\u1ea1t \u1ee9ng d\u1ee5ng nhanh ch\u00f3ng.<\/p>\n<h2>3. Dung l\u01b0\u1ee3ng b\u1ed9 nh\u1edb v\u00e0 \u0111\u1ed9 b\u1ec1n ghi c\u1ee7a th\u1ebb NFC l\u00e0 bao nhi\u00eau?<\/h2>\n<p>C\u00e1c\u00a0<strong>\u0102ng-ten \u0111\u1ed3ng kh\u1eafc t\u00f9y ch\u1ec9nh HF NFC<\/strong>\u00a0c\u00f3 dung l\u01b0\u1ee3ng b\u1ed9 nh\u1edb l\u00e0\u00a0<strong>416 Byte<\/strong>\u00a0v\u00e0 h\u1ed7 tr\u1ee3 l\u00ean \u0111\u1ebfn\u00a0<strong>100.000 chu k\u1ef3 ghi<\/strong>. \u0110i\u1ec1u n\u00e0y cho ph\u00e9p l\u01b0u tr\u1eef d\u1eef li\u1ec7u r\u1ed9ng r\u00e3i v\u00e0 c\u00f3 kh\u1ea3 n\u0103ng c\u1eadp nh\u1eadt th\u00f4ng tin khi c\u1ea7n.<\/p>\n<h2>4. \u0102ng-ten \u0111\u1ed3ng kh\u1eafc t\u00f9y ch\u1ec9nh HF NFC c\u00f3 ch\u1ed1ng th\u1ea5m n\u01b0\u1edbc v\u00e0 ch\u1ecbu \u0111\u01b0\u1ee3c th\u1eddi ti\u1ebft kh\u00f4ng?<\/h2>\n<p>V\u00e2ng, m\u1ed9t trong nh\u1eefng t\u00ednh n\u0103ng n\u1ed5i b\u1eadt c\u1ee7a l\u1edbp ph\u1ee7 NFC c\u1ee7a ch\u00fang t\u00f4i l\u00e0\u00a0<strong>kh\u1ea3 n\u0103ng ch\u1ed1ng th\u1ea5m n\u01b0\u1edbc v\u00e0 th\u1eddi ti\u1ebft<\/strong>. \u0110i\u1ec1u n\u00e0y \u0111\u1ea3m b\u1ea3o r\u1eb1ng th\u1ebb c\u00f3 th\u1ec3 ch\u1ecbu \u0111\u01b0\u1ee3c t\u00e1c \u0111\u1ed9ng c\u1ee7a th\u1eddi ti\u1ebft, ph\u00f9 h\u1ee3p cho c\u1ea3 \u1ee9ng d\u1ee5ng trong nh\u00e0 v\u00e0 ngo\u00e0i tr\u1eddi.<\/p>","protected":false},"excerpt":{"rendered":"<p>\u0102ng-ten \u0111\u1ed3ng kh\u1eafc t\u00f9y ch\u1ec9nh HF NFC Inlay l\u00e0 gi\u1ea3i ph\u00e1p NFC \u0111a n\u0103ng v\u00e0 b\u1ec1n b\u1ec9 \u0111\u01b0\u1ee3c thi\u1ebft k\u1ebf \u0111\u1ec3 truy\u1ec1n d\u1eef li\u1ec7u li\u1ec1n m\u1ea1ch v\u00e0 c\u00e1c \u1ee9ng d\u1ee5ng s\u00e1ng t\u1ea1o. Thi\u1ebft k\u1ebf ch\u1ed1ng th\u1ea5m n\u01b0\u1edbc v\u00e0 c\u00e1c t\u00f9y ch\u1ecdn t\u00f9y ch\u1ec9nh khi\u1ebfn n\u00f3 tr\u1edf n\u00ean l\u00fd t\u01b0\u1edfng cho nhi\u1ec1u ng\u00e0nh c\u00f4ng nghi\u1ec7p kh\u00e1c nhau, n\u00e2ng cao s\u1ef1 t\u01b0\u01a1ng t\u00e1c c\u1ee7a ng\u01b0\u1eddi d\u00f9ng v\u00e0 hi\u1ec7u qu\u1ea3 ho\u1ea1t \u0111\u1ed9ng.<\/p>","protected":false},"featured_media":3516,"template":"","meta":[],"product_brand":[],"product_cat":[48],"product_tag":[],"class_list":{"0":"post-3515","1":"product","2":"type-product","3":"status-publish","4":"has-post-thumbnail","6":"product_cat-nfc-stickers","8":"first","9":"instock","10":"shipping-taxable","11":"product-type-simple"},"_links":{"self":[{"href":"https:\/\/nfc-readers.com\/vi\/wp-json\/wp\/v2\/product\/3515","targetHints":{"allow":["GET"]}}],"collection":[{"href":"https:\/\/nfc-readers.com\/vi\/wp-json\/wp\/v2\/product"}],"about":[{"href":"https:\/\/nfc-readers.com\/vi\/wp-json\/wp\/v2\/types\/product"}],"wp:featuredmedia":[{"embeddable":true,"href":"https:\/\/nfc-readers.com\/vi\/wp-json\/wp\/v2\/media\/3516"}],"wp:attachment":[{"href":"https:\/\/nfc-readers.com\/vi\/wp-json\/wp\/v2\/media?parent=3515"}],"wp:term":[{"taxonomy":"product_brand","embeddable":true,"href":"https:\/\/nfc-readers.com\/vi\/wp-json\/wp\/v2\/product_brand?post=3515"},{"taxonomy":"product_cat","embeddable":true,"href":"https:\/\/nfc-readers.com\/vi\/wp-json\/wp\/v2\/product_cat?post=3515"},{"taxonomy":"product_tag","embeddable":true,"href":"https:\/\/nfc-readers.com\/vi\/wp-json\/wp\/v2\/product_tag?post=3515"}],"curies":[{"name":"wp","href":"https:\/\/api.w.org\/{rel}","templated":true}]}}