{"id":3530,"date":"2024-11-06T09:00:03","date_gmt":"2024-11-06T09:00:03","guid":{"rendered":"https:\/\/nfc-readers.com\/?post_type=product&#038;p=3530"},"modified":"2024-11-06T09:00:03","modified_gmt":"2024-11-06T09:00:03","slug":"iso14443a-high-security-anti-fake-ntag-424-nfc-sticker","status":"publish","type":"product","link":"https:\/\/nfc-readers.com\/vi\/ic-reader\/iso14443a-high-security-anti-fake-ntag-424-nfc-sticker\/","title":{"rendered":"Nh\u00e3n d\u00e1n NFC ch\u1ed1ng gi\u1ea3 NTAG 424 b\u1ea3o m\u1eadt cao ISO14443A"},"content":{"rendered":"<h1 style=\"text-align: center;\"><strong>Nh\u00e3n d\u00e1n NFC ch\u1ed1ng gi\u1ea3 NTAG 424 b\u1ea3o m\u1eadt cao ISO14443A<\/strong><\/h1>\n<p>&nbsp;<\/p>\n<p>C\u00e1c <strong>Th\u1ebb NFC DNA NTAG 424<\/strong>\u00a0l\u00e0 gi\u1ea3i ph\u00e1p ti\u00ean ti\u1ebfn \u0111\u01b0\u1ee3c thi\u1ebft k\u1ebf cho c\u00e1c \u1ee9ng d\u1ee5ng ch\u1ed1ng h\u00e0ng gi\u1ea3 n\u00e2ng cao. T\u1eadn d\u1ee5ng giao th\u1ee9c ISO 14443A v\u00e0 c\u00f3 c\u00e1c t\u00ednh n\u0103ng b\u1ea3o m\u1eadt ti\u00ean ti\u1ebfn, nh\u00e3n d\u00e1n NFC n\u00e0y r\u1ea5t quan tr\u1ecdng \u0111\u1ed1i v\u1edbi c\u00e1c th\u01b0\u01a1ng hi\u1ec7u mu\u1ed1n b\u1ea3o v\u1ec7 s\u1edf h\u1eefu tr\u00ed tu\u1ec7 c\u1ee7a m\u00ecnh v\u00e0 t\u0103ng c\u01b0\u1eddng l\u00f2ng tin c\u1ee7a kh\u00e1ch h\u00e0ng. V\u1edbi kh\u1ea3 n\u0103ng hi\u1ec7u su\u1ea5t cao, thi\u1ebft k\u1ebf d\u1ec5 s\u1eed d\u1ee5ng v\u00e0 c\u00e1c \u1ee9ng d\u1ee5ng \u0111a d\u1ea1ng, Nh\u00e3n d\u00e1n NFC DNA NTAG 424 kh\u00f4ng ch\u1ec9 l\u00e0 m\u1ed9t s\u1ea3n ph\u1ea9m m\u00e0 c\u00f2n l\u00e0 c\u00e1nh c\u1ed5ng an to\u00e0n \u0111\u1ebfn m\u1ed9t t\u01b0\u01a1ng lai th\u00f4ng minh h\u01a1n.<\/p>\n<p>&nbsp;<\/p>\n<h3>Gi\u1edbi thi\u1ec7u v\u1ec1 Nh\u00e3n d\u00e1n NFC DNA NTAG 424<\/h3>\n<p>C\u00e1c\u00a0<strong>Th\u1ebb NFC DNA NTAG 424<\/strong>\u00a0\u0111\u1ea1i di\u1ec7n cho c\u00f4ng ngh\u1ec7 NFC h\u00e0ng \u0111\u1ea7u, t\u1eadp trung v\u00e0o vi\u1ec7c t\u1ed1i \u0111a h\u00f3a b\u1ea3o m\u1eadt cho nhi\u1ec1u \u1ee9ng d\u1ee5ng kh\u00e1c nhau, \u0111\u1eb7c bi\u1ec7t l\u00e0 trong l\u0129nh v\u1ef1c x\u00e1c th\u1ef1c s\u1ea3n ph\u1ea9m. Nh\u00e3n d\u00e1n NFC n\u00e0y t\u00edch h\u1ee3p c\u00e1c t\u00ednh n\u0103ng ti\u00ean ti\u1ebfn t\u1eeb chip DNA NTAG424, c\u00f3 kh\u1ea3 n\u0103ng giao ti\u1ebfp an to\u00e0n v\u00e0 cung c\u1ea5p kh\u1ea3 n\u0103ng b\u1ea3o v\u1ec7 tuy\u1ec7t v\u1eddi ch\u1ed1ng l\u1ea1i h\u00e0ng gi\u1ea3. V\u1edbi k\u00edch th\u01b0\u1edbc\u00a0<strong>25mm<\/strong>\u00a0\u0111\u01b0\u1eddng k\u00ednh v\u00e0\u00a0<strong>45mm x 30mm<\/strong>\u00a0\u0110\u1ed1i v\u1edbi c\u00e1c t\u00f9y ch\u1ecdn h\u00ecnh ch\u1eef nh\u1eadt, s\u1ea3n ph\u1ea9m n\u00e0y \u0111\u01b0\u1ee3c thi\u1ebft k\u1ebf ri\u00eang cho c\u00e1c th\u01b0\u01a1ng hi\u1ec7u coi tr\u1ecdng hi\u1ec7u qu\u1ea3 m\u00e0 kh\u00f4ng \u1ea3nh h\u01b0\u1edfng \u0111\u1ebfn t\u00ednh th\u1ea9m m\u1ef9.<\/p>\n<p>&nbsp;<\/p>\n<h3>C\u00e1c t\u00ednh n\u0103ng ch\u00ednh c\u1ee7a th\u1ebb NFC NTAG 424<\/h3>\n<p>Th\u1ebb NFC DNA NTAG 424 c\u00f3 m\u1ed9t s\u1ed1 t\u00ednh n\u0103ng \u0111\u1eb7c bi\u1ec7t \u0111\u01b0\u1ee3c thi\u1ebft k\u1ebf \u0111\u1ec3 n\u00e2ng cao ch\u1ee9c n\u0103ng v\u00e0 b\u1ea3o m\u1eadt:<\/p>\n<ul>\n<li><strong>Tu\u00e2n th\u1ee7 giao th\u1ee9c<\/strong>: Th\u1ebb ho\u1ea1t \u0111\u1ed9ng tr\u00ean\u00a0<strong>ISO 14443A<\/strong>\u00a0giao th\u1ee9c, \u0111\u1ea3m b\u1ea3o kh\u1ea3 n\u0103ng t\u01b0\u01a1ng th\u00edch v\u1edbi nhi\u1ec1u thi\u1ebft b\u1ecb h\u1ed7 tr\u1ee3 NFC.<\/li>\n<li><strong>T\u1ea7n s\u1ed1 truy\u1ec1n th\u00f4ng cao<\/strong>: V\u1edbi t\u1ea7n su\u1ea5t\u00a0<strong>13,56 MHz<\/strong>, nh\u1eefng nh\u00e3n d\u00e1n n\u00e0y cung c\u1ea5p kh\u1ea3 n\u0103ng giao ti\u1ebfp t\u1ed1i \u01b0u \u0111\u1ec3 trao \u0111\u1ed5i d\u1eef li\u1ec7u \u0111\u00e1ng tin c\u1eady.<\/li>\n<li><strong>T\u00f9y ch\u1ecdn c\u00f3 th\u1ec3 t\u00f9y ch\u1ec9nh<\/strong>: Ng\u01b0\u1eddi d\u00f9ng c\u00f3 th\u1ec3 ch\u1ecdn t\u1eeb nhi\u1ec1u k\u00edch c\u1ee1 v\u00e0 t\u00f9y ch\u1ecdn in kh\u00e1c nhau, bao g\u1ed3m\u00a0<strong>In \u0111\u1ea7y \u0111\u1ee7 m\u00e0u s\u1eafc CMYK<\/strong>,\u00a0<strong>in offset<\/strong>, V\u00e0\u00a0<strong>in l\u1ee5a<\/strong>, mang l\u1ea1i c\u01a1 h\u1ed9i x\u00e2y d\u1ef1ng th\u01b0\u01a1ng hi\u1ec7u \u0111\u1ed9c \u0111\u00e1o.<\/li>\n<\/ul>\n<p>NTAG 424 DNA c\u0169ng h\u1ed7 tr\u1ee3 giao ti\u1ebfp \u0111\u01b0\u1ee3c m\u00e3 h\u00f3a, r\u1ea5t l\u00fd t\u01b0\u1edfng cho c\u00e1c \u1ee9ng d\u1ee5ng nh\u1ea1y c\u1ea3m nh\u01b0 h\u1ec7 th\u1ed1ng thanh to\u00e1n v\u00e0 x\u00e1c th\u1ef1c an to\u00e0n.<\/p>\n<p>&nbsp;<\/p>\n<h3>L\u1ee3i \u00edch c\u1ee7a nh\u00e3n d\u00e1n NFC trong vi\u1ec7c b\u1ea3o v\u1ec7 th\u01b0\u01a1ng hi\u1ec7u<\/h3>\n<p>\u0110\u1ea7u t\u01b0 v\u00e0o\u00a0<strong>C\u00f4ng ngh\u1ec7 NFC<\/strong>\u00a0ch\u1eb3ng h\u1ea1n nh\u01b0 nh\u00e3n d\u00e1n DNA NTAG 424 mang l\u1ea1i nhi\u1ec1u l\u1ee3i \u00edch:<\/p>\n<ul>\n<li><strong>T\u0103ng c\u01b0\u1eddng b\u1ea3o m\u1eadt<\/strong>:V\u1edbi t\u00ednh n\u0103ng b\u1ea3o m\u1eadt cao, th\u1ebb NFC mang \u0111\u1ebfn cho c\u00e1c th\u01b0\u01a1ng hi\u1ec7u s\u1ef1 an t\u00e2m r\u1eb1ng s\u1ea3n ph\u1ea9m c\u1ee7a h\u1ecd \u0111\u01b0\u1ee3c b\u1ea3o v\u1ec7 kh\u1ecfi nh\u1eefng k\u1ebb l\u00e0m gi\u1ea3.<\/li>\n<li><strong>T\u0103ng c\u01b0\u1eddng s\u1ef1 tin t\u01b0\u1edfng c\u1ee7a ng\u01b0\u1eddi ti\u00eau d\u00f9ng<\/strong>: Cung c\u1ea5p cho ng\u01b0\u1eddi ti\u00eau d\u00f9ng m\u1ed9t c\u00e1ch \u0111\u01a1n gi\u1ea3n \u0111\u1ec3 x\u00e1c minh t\u00ednh x\u00e1c th\u1ef1c c\u1ee7a s\u1ea3n ph\u1ea9m th\u00f4ng qua\u00a0<strong>\u0110i\u1ec7n tho\u1ea1i th\u00f4ng minh h\u1ed7 tr\u1ee3 NFC<\/strong>\u00a0c\u00f3 th\u1ec3 n\u00e2ng cao l\u00f2ng trung th\u00e0nh v\u00e0 s\u1ef1 tin t\u01b0\u1edfng v\u00e0o th\u01b0\u01a1ng hi\u1ec7u.<\/li>\n<li><strong>Hi\u1ec7u qu\u1ea3 v\u1ec1 chi ph\u00ed<\/strong>:So v\u1edbi c\u00e1c bi\u1ec7n ph\u00e1p b\u1ea3o m\u1eadt truy\u1ec1n th\u1ed1ng, th\u1ebb NFC th\u01b0\u1eddng cung c\u1ea5p gi\u1ea3i ph\u00e1p b\u1ea3o v\u1ec7 s\u1ea3n ph\u1ea9m ti\u1ebft ki\u1ec7m h\u01a1n.<\/li>\n<\/ul>\n<p>&nbsp;<\/p>\n<h3>Th\u00f4ng s\u1ed1 k\u1ef9 thu\u1eadt c\u1ee7a NTAG 424 DNA<\/h3>\n<table class=\"w-fit !mb-0 !max-w-none\">\n<thead>\n<tr>\n<th>\u0110\u1eb7c \u0111i\u1ec3m k\u1ef9 thu\u1eadt<\/th>\n<th>Chi ti\u1ebft<\/th>\n<\/tr>\n<\/thead>\n<tbody>\n<tr>\n<td><strong>Chip<\/strong><\/td>\n<td>DNA NTAG424<\/td>\n<\/tr>\n<tr>\n<td><strong>T\u00ednh th\u01b0\u1eddng xuy\u00ean<\/strong><\/td>\n<td>13,56 MHz<\/td>\n<\/tr>\n<tr>\n<td><strong>Ph\u01b0\u01a1ng th\u1ee9c giao ti\u1ebfp<\/strong><\/td>\n<td>NFC, RFID<\/td>\n<\/tr>\n<tr>\n<td><strong>Kho\u1ea3ng c\u00e1ch \u0111\u1ecdc<\/strong><\/td>\n<td>1-10cm<\/td>\n<\/tr>\n<tr>\n<td><strong>V\u1eadt li\u1ec7u<\/strong><\/td>\n<td>Gi\u1ea5y tr\u00e1ng ph\u1ee7, PET<\/td>\n<\/tr>\n<tr>\n<td><strong>T\u00f9y ch\u1ecdn k\u00edch th\u01b0\u1edbc<\/strong><\/td>\n<td>\u0110\u01b0\u1eddng k\u00ednh: 25mm, H\u00ecnh ch\u1eef nh\u1eadt: 45mm x 30mm ho\u1eb7c t\u00f9y ch\u1ec9nh<\/td>\n<\/tr>\n<tr>\n<td><strong>K\u00edch th\u01b0\u1edbc \u0111\u00f3ng g\u00f3i<\/strong><\/td>\n<td>0,3x0,3x0,02cm<\/td>\n<\/tr>\n<tr>\n<td><strong>T\u1ed5ng tr\u1ecdng l\u01b0\u1ee3ng<\/strong><\/td>\n<td>0,001kg<\/td>\n<\/tr>\n<\/tbody>\n<\/table>\n<p>&nbsp;<\/p>\n<h3>Nh\u1eefng c\u00e2u h\u1ecfi th\u01b0\u1eddng g\u1eb7p (FAQ)<\/h3>\n<h4>1.\u00a0<strong>Th\u1ebb NFC DNA NTAG 424 l\u00e0 g\u00ec v\u00e0 n\u00f3 ho\u1ea1t \u0111\u1ed9ng nh\u01b0 th\u1ebf n\u00e0o?<\/strong><\/h4>\n<p>Th\u1ebb NFC DNA NTAG 424 l\u00e0 nh\u00e3n d\u00e1n NFC c\u00f3 \u0111\u1ed9 b\u1ea3o m\u1eadt cao cho ph\u00e9p ng\u01b0\u1eddi d\u00f9ng x\u00e1c th\u1ef1c s\u1ea3n ph\u1ea9m b\u1eb1ng \u0111i\u1ec7n tho\u1ea1i th\u00f4ng minh h\u1ed7 tr\u1ee3 NFC. N\u00f3 ho\u1ea1t \u0111\u1ed9ng tr\u00ean giao th\u1ee9c ISO 14443A \u1edf t\u1ea7n s\u1ed1 13,56MHz, cho ph\u00e9p truy\u1ec1n d\u1eef li\u1ec7u v\u00e0 giao ti\u1ebfp an to\u00e0n gi\u1eefa th\u1ebb v\u00e0 c\u00e1c thi\u1ebft b\u1ecb t\u01b0\u01a1ng th\u00edch.<\/p>\n<h4>2.\u00a0<strong>Nh\u1eefng t\u00ednh n\u0103ng ch\u00ednh c\u1ee7a NTAG 424 DNA l\u00e0 g\u00ec?<\/strong><\/h4>\n<p>C\u00e1c t\u00ednh n\u0103ng ch\u00ednh bao g\u1ed3m:<\/p>\n<ul>\n<li>X\u00e1c th\u1ef1c \u0111\u1ed9ng \u0111\u1ec3 t\u0103ng c\u01b0\u1eddng b\u1ea3o m\u1eadt.<\/li>\n<li>C\u00f4ng ngh\u1ec7 ch\u1ed1ng ph\u00e1 ho\u1ea1i \u0111\u1ec3 ng\u0103n ch\u1eb7n truy c\u1eadp tr\u00e1i ph\u00e9p.<\/li>\n<li>K\u00edch th\u01b0\u1edbc v\u00e0 t\u00f9y ch\u1ecdn in \u1ea5n c\u00f3 th\u1ec3 t\u00f9y ch\u1ec9nh \u0111\u1ec3 x\u00e2y d\u1ef1ng th\u01b0\u01a1ng hi\u1ec7u.<\/li>\n<li>Kho\u1ea3ng c\u00e1ch \u0111\u1ecdc t\u1eeb 1-10 cm, ph\u00f9 h\u1ee3p v\u1edbi nhi\u1ec1u \u1ee9ng d\u1ee5ng kh\u00e1c nhau.<\/li>\n<\/ul>\n<h4>3.\u00a0<strong>T\u00f4i c\u00f3 th\u1ec3 s\u1eed d\u1ee5ng Th\u1ebb NFC DNA NTAG 424 nh\u01b0 th\u1ebf n\u00e0o?<\/strong><\/h4>\n<p>Th\u1ebb NFC c\u00f3 th\u1ec3 \u0111\u01b0\u1ee3c s\u1eed d\u1ee5ng cho:<\/p>\n<ul>\n<li>X\u00e1c th\u1ef1c s\u1ea3n ph\u1ea9m \u0111\u1ec3 x\u00e1c minh t\u00ednh h\u1ee3p ph\u00e1p c\u1ee7a s\u1ea3n ph\u1ea9m.<\/li>\n<li>B\u00e1n v\u00e9 s\u1ef1 ki\u1ec7n b\u1eb1ng c\u00e1ch cung c\u1ea5p ph\u01b0\u01a1ng ph\u00e1p truy c\u1eadp an to\u00e0n v\u00e0 d\u1ec5 \u0111\u1ecdc.<\/li>\n<li>Bao b\u00ec th\u00f4ng minh gi\u00fap t\u0103ng c\u01b0\u1eddng s\u1ef1 t\u01b0\u01a1ng t\u00e1c c\u1ee7a kh\u00e1ch h\u00e0ng th\u00f4ng qua th\u00f4ng tin s\u1ea3n ph\u1ea9m v\u00e0 n\u1ed9i dung qu\u1ea3ng c\u00e1o.<\/li>\n<\/ul>\n<h4>4.\u00a0<strong>Th\u1ebb NFC DNA NTAG 424 s\u1eed d\u1ee5ng v\u1eadt li\u1ec7u g\u00ec?<\/strong><\/h4>\n<p>Th\u1ebb NFC DNA NTAG 424 ch\u1ee7 y\u1ebfu \u0111\u01b0\u1ee3c l\u00e0m t\u1eeb gi\u1ea5y tr\u00e1ng ph\u1ee7 v\u00e0 PET, c\u00f3 \u0111\u1ed9 b\u1ec1n v\u00e0 t\u00ednh linh ho\u1ea1t cho nhi\u1ec1u \u1ee9ng d\u1ee5ng kh\u00e1c nhau.<\/p>","protected":false},"excerpt":{"rendered":"<p>C\u00e1c\u00a0<strong>Nh\u00e3n d\u00e1n NFC ch\u1ed1ng gi\u1ea3 NTAG 424 b\u1ea3o m\u1eadt cao ISO14443A<\/strong>\u00a0l\u00e0 gi\u1ea3i ph\u00e1p ti\u00ean ti\u1ebfn \u0111\u01b0\u1ee3c thi\u1ebft k\u1ebf \u0111\u1ec3 x\u00e1c th\u1ef1c s\u1ea3n ph\u1ea9m an to\u00e0n v\u00e0 c\u00e1c bi\u1ec7n ph\u00e1p ch\u1ed1ng h\u00e0ng gi\u1ea3. V\u1edbi t\u00ednh n\u0103ng m\u00e3 h\u00f3a ti\u00ean ti\u1ebfn v\u00e0 x\u00e1c th\u1ef1c \u0111\u1ed9ng, nh\u00e3n d\u00e1n NFC n\u00e0y gi\u00fap c\u00e1c th\u01b0\u01a1ng hi\u1ec7u b\u1ea3o v\u1ec7 s\u1ea3n ph\u1ea9m c\u1ee7a m\u00ecnh v\u00e0 n\u00e2ng cao l\u00f2ng tin c\u1ee7a ng\u01b0\u1eddi ti\u00eau d\u00f9ng m\u1ed9t c\u00e1ch d\u1ec5 d\u00e0ng.<\/p>","protected":false},"featured_media":3531,"template":"","meta":[],"product_brand":[],"product_cat":[48],"product_tag":[],"class_list":{"0":"post-3530","1":"product","2":"type-product","3":"status-publish","4":"has-post-thumbnail","6":"product_cat-nfc-stickers","8":"first","9":"instock","10":"shipping-taxable","11":"product-type-simple"},"_links":{"self":[{"href":"https:\/\/nfc-readers.com\/vi\/wp-json\/wp\/v2\/product\/3530","targetHints":{"allow":["GET"]}}],"collection":[{"href":"https:\/\/nfc-readers.com\/vi\/wp-json\/wp\/v2\/product"}],"about":[{"href":"https:\/\/nfc-readers.com\/vi\/wp-json\/wp\/v2\/types\/product"}],"wp:featuredmedia":[{"embeddable":true,"href":"https:\/\/nfc-readers.com\/vi\/wp-json\/wp\/v2\/media\/3531"}],"wp:attachment":[{"href":"https:\/\/nfc-readers.com\/vi\/wp-json\/wp\/v2\/media?parent=3530"}],"wp:term":[{"taxonomy":"product_brand","embeddable":true,"href":"https:\/\/nfc-readers.com\/vi\/wp-json\/wp\/v2\/product_brand?post=3530"},{"taxonomy":"product_cat","embeddable":true,"href":"https:\/\/nfc-readers.com\/vi\/wp-json\/wp\/v2\/product_cat?post=3530"},{"taxonomy":"product_tag","embeddable":true,"href":"https:\/\/nfc-readers.com\/vi\/wp-json\/wp\/v2\/product_tag?post=3530"}],"curies":[{"name":"wp","href":"https:\/\/api.w.org\/{rel}","templated":true}]}}