{"id":3537,"date":"2024-11-06T10:55:59","date_gmt":"2024-11-06T10:55:59","guid":{"rendered":"https:\/\/nfc-readers.com\/?post_type=product&#038;p=3537"},"modified":"2024-11-06T10:56:00","modified_gmt":"2024-11-06T10:56:00","slug":"customize-replicable-uid-iso14443a-rfid-card-for-attendance","status":"publish","type":"product","link":"https:\/\/nfc-readers.com\/vi\/ic-reader\/customize-replicable-uid-iso14443a-rfid-card-for-attendance\/","title":{"rendered":"t\u00f9y ch\u1ec9nh th\u1ebb RFID uid iso14443A c\u00f3 th\u1ec3 sao ch\u00e9p \u0111\u1ec3 ch\u1ea5m c\u00f4ng"},"content":{"rendered":"<h1 style=\"text-align: center;\"><span style=\"color: #000080;\"><strong>t\u00f9y ch\u1ec9nh th\u1ebb RFID uid iso14443A c\u00f3 th\u1ec3 sao ch\u00e9p \u0111\u1ec3 ch\u1ea5m c\u00f4ng<\/strong><\/span><\/h1>\n<p><span style=\"color: #666699;\"><strong>Th\u1ebb RFID ISO14443A c\u00f3 th\u1ec3 sao ch\u00e9p t\u00f9y ch\u1ec9nh \u0111\u1ec3 ch\u1ea5m c\u00f4ng \u0111ang c\u00e1ch m\u1ea1ng h\u00f3a c\u00e1ch c\u00e1c t\u1ed5 ch\u1ee9c qu\u1ea3n l\u00fd ch\u1ea5m c\u00f4ng v\u00e0 ki\u1ec3m so\u00e1t ra v\u00e0o. \u0110\u01b0\u1ee3c thi\u1ebft k\u1ebf \u0111\u1ec3 linh ho\u1ea1t v\u00e0 \u0111\u00e1ng tin c\u1eady, nh\u1eefng th\u1ebb n\u00e0y mang \u0111\u1ebfn tr\u1ea3i nghi\u1ec7m li\u1ec1n m\u1ea1ch \u0111\u1ec3 theo d\u00f5i ch\u1ea5m c\u00f4ng, t\u0103ng c\u01b0\u1eddng b\u1ea3o m\u1eadt v\u00e0 \u0111\u01a1n gi\u1ea3n h\u00f3a quy tr\u00ecnh l\u00e0m vi\u1ec7c trong nhi\u1ec1u \u1ee9ng d\u1ee5ng kh\u00e1c nhau. V\u1edbi c\u00e1c t\u00ednh n\u0103ng m\u1ea1nh m\u1ebd v\u00e0 thi\u1ebft k\u1ebf th\u00e2n thi\u1ec7n v\u1edbi ng\u01b0\u1eddi d\u00f9ng, th\u1ebb RFID n\u00e0y l\u00e0 v\u1eadt d\u1ee5ng kh\u00f4ng th\u1ec3 thi\u1ebfu \u0111\u1ed1i v\u1edbi c\u00e1c doanh nghi\u1ec7p \u0111ang t\u00ecm ki\u1ebfm hi\u1ec7u qu\u1ea3 v\u00e0 b\u1ea3o m\u1eadt.<\/strong><\/span><\/p>\n<p><span style=\"color: #666699;\"><strong>L\u1ee3i \u00edch c\u1ee7a s\u1ea3n ph\u1ea9m v\u00e0 l\u00fd do b\u1ea1n n\u00ean mua - Theo d\u00f5i ch\u1ea5m c\u00f4ng li\u1ec1n m\u1ea1ch: Th\u1ebb RFID UID ISO14443A h\u1ee3p l\u00fd h\u00f3a quy tr\u00ecnh ch\u1ea5m c\u00f4ng. Ng\u01b0\u1eddi d\u00f9ng c\u00f3 th\u1ec3 nhanh ch\u00f3ng ch\u1ea1m th\u1ebb c\u1ee7a h\u1ecd v\u00e0o \u0111\u1ea7u \u0111\u1ecdc, ngay l\u1eadp t\u1ee9c ghi l\u1ea1i s\u1ef1 hi\u1ec7n di\u1ec7n c\u1ee7a h\u1ecd m\u00e0 kh\u00f4ng c\u1ea7n ph\u1ea3i l\u00e0m th\u1ee7 c\u00f4ng.<\/strong><\/span><\/p>\n<ul>\n<li><strong>T\u00f9y ch\u1ecdn c\u00f3 th\u1ec3 t\u00f9y ch\u1ec9nh<\/strong>: T\u00f9y ch\u1ec9nh thi\u1ebft k\u1ebf v\u00e0 ch\u1ee9c n\u0103ng c\u1ee7a c\u00e1c th\u1ebb RFID n\u00e0y \u0111\u1ec3 \u0111\u00e1p \u1ee9ng nhu c\u1ea7u c\u1ee5 th\u1ec3 c\u1ee7a t\u1ed5 ch\u1ee9c. Cho d\u00f9 l\u00e0 cho m\u00f4i tr\u01b0\u1eddng c\u00f4ng ty, tr\u01b0\u1eddng h\u1ecdc hay s\u1ef1 ki\u1ec7n, vi\u1ec7c t\u00f9y ch\u1ec9nh \u0111\u1ea3m b\u1ea3o r\u1eb1ng m\u1ed7i th\u1ebb \u0111\u1ec1u ph\u00f9 h\u1ee3p ri\u00eang v\u1edbi m\u1ee5c \u0111\u00edch c\u1ee7a n\u00f3.<\/li>\n<li><strong>\u0110\u1ed9 tin c\u1eady v\u00e0 \u0111\u1ed9 b\u1ec1n<\/strong>: \u0110\u01b0\u1ee3c l\u00e0m t\u1eeb v\u1eadt li\u1ec7u PVC\/PET ch\u1ea5t l\u01b0\u1ee3ng cao, nh\u1eefng th\u1ebb n\u00e0y \u0111\u01b0\u1ee3c thi\u1ebft k\u1ebf \u0111\u1ec3 ch\u1ecbu \u0111\u01b0\u1ee3c vi\u1ec7c s\u1eed d\u1ee5ng h\u00e0ng ng\u00e0y. T\u00ednh n\u0103ng ch\u1ed1ng th\u1ea5m n\u01b0\u1edbc v\u00e0 ch\u1ed1ng ch\u1ecbu th\u1eddi ti\u1ebft c\u1ee7a ch\u00fang \u0111\u1ea3m b\u1ea3o \u0111\u1ed9 b\u1ec1n v\u00e0 \u0111\u1ed9 tin c\u1eady, \u0111i\u1ec1u c\u1ea7n thi\u1ebft cho b\u1ea5t k\u1ef3 h\u1ec7 th\u1ed1ng ki\u1ec3m so\u00e1t ra v\u00e0o n\u00e0o.<\/li>\n<li><strong>Gi\u1ea3i ph\u00e1p ti\u1ebft ki\u1ec7m chi ph\u00ed<\/strong>: \u0110\u1ea7u t\u01b0 v\u00e0o c\u00e1c th\u1ebb RFID n\u00e0y gi\u00fap gi\u1ea3m th\u1eddi gian v\u00e0 ngu\u1ed3n l\u1ef1c d\u00e0nh cho c\u00e1c h\u1ec7 th\u1ed1ng ch\u1ea5m c\u00f4ng th\u1ee7 c\u00f4ng. H\u01a1n n\u1eefa, chi ph\u00ed ban \u0111\u1ea7u th\u1ea5p v\u00e0 \u0111\u1ed9 b\u1ec1n cao c\u00f3 ngh\u0129a l\u00e0 ch\u00fang s\u1ebd t\u1ed3n t\u1ea1i l\u00e2u h\u01a1n c\u00e1c h\u1ec7 th\u1ed1ng gi\u1ea5y truy\u1ec1n th\u1ed1ng.<\/li>\n<\/ul>\n<p>&nbsp;<\/p>\n<p>&nbsp;<\/p>\n<h2 style=\"text-align: center;\"><span style=\"color: #000080;\"><em><strong>T\u1ed5ng quan v\u1ec1 s\u1ea3n ph\u1ea9m MIFARE<\/strong><\/em><\/span><\/h2>\n<p><strong>C\u00f4ng ngh\u1ec7 MIFARE, \u0111\u01b0\u1ee3c ph\u00e1t tri\u1ec3n b\u1edfi NXP Semiconductors, l\u00e0 gi\u1ea3i ph\u00e1p h\u00e0ng \u0111\u1ea7u cho th\u1ebb th\u00f4ng minh kh\u00f4ng ti\u1ebfp x\u00fac v\u00e0 \u1ee9ng d\u1ee5ng RFID. <\/strong><\/p>\n<p><span style=\"color: #008080;\"><strong>MIFARE Classic1K, c\u00f3 trong th\u1ebb UID t\u00f9y ch\u1ec9nh c\u1ee7a ch\u00fang t\u00f4i, \u0111\u1eb7c bi\u1ec7t \u0111\u01b0\u1ee3c ch\u00fa \u00fd v\u00ec \u0111\u1ed9 tin c\u1eady trong ki\u1ec3m so\u00e1t truy c\u1eadp v\u00e0 h\u1ec7 th\u1ed1ng nh\u1eadn d\u1ea1ng an to\u00e0n. Th\u1ebb th\u00f4ng minh n\u00e0y ho\u1ea1t \u0111\u1ed9ng li\u1ec1n m\u1ea1ch v\u1edbi nhi\u1ec1u \u0111\u1ea7u \u0111\u1ecdc kh\u00e1c nhau, khi\u1ebfn n\u00f3 tr\u1edf th\u00e0nh ti\u00eau chu\u1ea9n c\u00f4ng nghi\u1ec7p.<\/strong><\/span><\/p>\n<p>&nbsp;<\/p>\n<p>&nbsp;<\/p>\n<h2 style=\"text-align: center;\"><em><span style=\"color: #000080;\"><strong>C\u00e1c t\u00ednh n\u0103ng ch\u00ednh c\u1ee7a th\u1ebb RFID UID t\u00f9y ch\u1ec9nh<\/strong><\/span><\/em><\/h2>\n<h4>C\u00e1c\u00a0<strong>t\u00f9y ch\u1ec9nh th\u1ebb RFID ISO14443A UID c\u00f3 th\u1ec3 sao ch\u00e9p \u0111\u1ec3 ch\u1ea5m c\u00f4ng<\/strong>\u00a0\u0111i k\u00e8m v\u1edbi c\u00e1c t\u00ednh n\u0103ng hi\u1ec7n \u0111\u1ea1i:<\/h4>\n<ul>\n<li><strong>Ch\u1ed1ng th\u1ea5m n\u01b0\u1edbc v\u00e0 th\u1eddi ti\u1ebft<\/strong>:Nh\u1eefng card n\u00e0y c\u00f3 th\u1ec3 ch\u1ecbu \u0111\u01b0\u1ee3c m\u00f4i tr\u01b0\u1eddng kh\u1eafc nghi\u1ec7t, \u0111\u1ea3m b\u1ea3o hi\u1ec7u su\u1ea5t li\u00ean t\u1ee5c.<\/li>\n<li><strong>T\u00f9y ch\u1ec9nh d\u1ec5 d\u00e0ng<\/strong>: Ch\u1ecdn t\u1eeb nhi\u1ec1u t\u00f9y ch\u1ecdn in \u1ea5n kh\u00e1c nhau nh\u01b0\u00a0<strong>In \u1ea5n CMYK4C<\/strong>, in offset, in l\u1ee5a, m\u00e3 h\u00f3a laser v\u00e0 m\u1ef1c UV, cho ph\u00e9p c\u00e1c t\u1ed5 ch\u1ee9c c\u00e1 nh\u00e2n h\u00f3a t\u1eebng t\u1ea5m thi\u1ec7p m\u1ed9t c\u00e1ch hi\u1ec7u qu\u1ea3.<\/li>\n<li><strong>Ph\u01b0\u01a1ng th\u1ee9c giao ti\u1ebfp<\/strong>:C\u00e1c th\u1ebb s\u1eed d\u1ee5ng c\u00f4ng ngh\u1ec7 RFID v\u00e0 NFC, cho ph\u00e9p giao ti\u1ebfp nhanh v\u1edbi \u0111\u1ea7u \u0111\u1ecdc \u1edf t\u1ea7n s\u1ed1 13,56 MHz.<\/li>\n<\/ul>\n<p>&nbsp;<\/p>\n<p>&nbsp;<\/p>\n<h2 style=\"text-align: center;\"><em><span style=\"color: #000080;\"><strong>Th\u00f4ng s\u1ed1 k\u1ef9 thu\u1eadt<\/strong><\/span><\/em><\/h2>\n<p style=\"text-align: left;\">\n|\u00a0<strong>M\u00f4 h\u00ecnh Chip<\/strong>\u00a0| MIFARE Classic1K |<br \/>\n|\u00a0<strong>Kho\u1ea3ng c\u00e1ch \u0111\u1ecdc<\/strong> |2-10cm |<br \/>\n|\u00a0<strong>K\u00edch c\u1ee1<\/strong>\u00a0|85,5x54mm |<br \/>\n|\u00a0<strong>V\u1eadt li\u1ec7u<\/strong>\u00a0| PVC\/PET |<br \/>\n|\u00a0<strong>T\u00ednh n\u0103ng \u0111\u1eb7c bi\u1ec7t<\/strong>\u00a0| Ch\u1ed1ng th\u1ea5m n\u01b0\u1edbc, Ch\u1ed1ng ch\u1ecbu th\u1eddi ti\u1ebft |<br \/>\n|\u00a0<strong>Ngu\u1ed3n g\u1ed1c<\/strong>\u00a0| Qu\u1ea3ng \u0110\u00f4ng, Trung Qu\u1ed1c |<br \/>\n|\u00a0<strong>th\u1ee7 c\u00f4ng<\/strong>\u00a0| M\u00e3 Laser, M\u1ef1c UV, S\u1ed1 Serial, D\u1eadp n\u1ed5i, In nhi\u1ec7t |<br \/>\n|\u00a0<strong>\u0110\u01a1n v\u1ecb b\u00e1n<\/strong>\u00a0| M\u1ed9t m\u1ee5c duy nh\u1ea5t |<br \/>\n|\u00a0<strong>K\u00edch th\u01b0\u1edbc \u0111\u00f3ng g\u00f3i<\/strong>\u00a0|8,55x5,4x0,08cm |<br \/>\n|\u00a0<strong>C\u00e2n n\u1eb7ng<\/strong>\u00a0|0,006 kg |<\/p>\n<p>&nbsp;<\/p>\n<p>&nbsp;<\/p>\n<h3 style=\"text-align: center;\"><span style=\"color: #000080;\"><em><strong>\u1ee8ng d\u1ee5ng c\u1ee7a th\u1ebb RFID<\/strong><\/em><\/span><\/h3>\n<h4>C\u00e1c\u00a0<strong>t\u00f9y ch\u1ec9nh th\u1ebb RFID ISO14443A UID c\u00f3 th\u1ec3 sao ch\u00e9p \u0111\u1ec3 ch\u1ea5m c\u00f4ng<\/strong>\u00a0c\u00f3 th\u1ec3 \u0111\u01b0\u1ee3c s\u1eed d\u1ee5ng trong nhi\u1ec1u l\u0129nh v\u1ef1c kh\u00e1c nhau, bao g\u1ed3m:<\/h4>\n<ul>\n<li><strong>Ki\u1ec3m so\u00e1t truy c\u1eadp<\/strong>:Th\u00edch h\u1ee3p \u0111\u1ec3 ki\u1ec3m so\u00e1t vi\u1ec7c ra v\u00e0o c\u00e1c khu v\u1ef1c an ninh, nh\u1eefng th\u1ebb n\u00e0y \u0111\u1ea3m b\u1ea3o ch\u1ec9 nh\u1eefng ng\u01b0\u1eddi \u0111\u01b0\u1ee3c \u1ee7y quy\u1ec1n m\u1edbi c\u00f3 th\u1ec3 ra v\u00e0o.<\/li>\n<li><strong>Theo d\u00f5i s\u1ef1 tham d\u1ef1<\/strong>: Ho\u00e0n h\u1ea3o cho tr\u01b0\u1eddng h\u1ecdc v\u00e0 v\u0103n ph\u00f2ng c\u00f4ng ty, n\u01a1i ghi ch\u00e9p ch\u1ea5m c\u00f4ng l\u00e0 \u0111i\u1ec1u c\u1ea7n thi\u1ebft. T\u00ednh n\u0103ng ch\u1ea1m nhanh gi\u00fap gi\u1ea3m \u0111\u00e1ng k\u1ec3 th\u1eddi gian ghi ch\u00e9p th\u1ee7 c\u00f4ng.<\/li>\n<li><strong>Giao th\u00f4ng c\u00f4ng c\u1ed9ng<\/strong>:N\u00e2ng cao s\u1ef1 ti\u1ec7n l\u1ee3i cho ng\u01b0\u1eddi d\u00f9ng trong h\u1ec7 th\u1ed1ng giao th\u00f4ng c\u00f4ng c\u1ed9ng b\u1eb1ng c\u00e1ch cho ph\u00e9p l\u00ean t\u00e0u nhanh ch\u00f3ng th\u00f4ng qua c\u00f4ng ngh\u1ec7 kh\u00f4ng ti\u1ebfp x\u00fac.<\/li>\n<\/ul>\n<p>&nbsp;<\/p>\n<p>&nbsp;<\/p>\n<h2 style=\"text-align: center;\"><span style=\"color: #000080;\"><em><strong>T\u00e1c \u0111\u1ed9ng m\u00f4i tr\u01b0\u1eddng v\u00e0 t\u00ednh b\u1ec1n v\u1eefng<\/strong><\/em><\/span><\/h2>\n<p><strong>Vi\u1ec7c l\u1ef1a ch\u1ecdn th\u1ebb RFID UID ISO14443A c\u00f3 th\u1ec3 sao ch\u00e9p t\u00f9y ch\u1ec9nh g\u00f3p ph\u1ea7n v\u00e0o c\u00e1c ho\u1ea1t \u0111\u1ed9ng b\u1ec1n v\u1eefng. \u0110\u1ed9 b\u1ec1n c\u1ee7a ch\u00fang c\u00f3 ngh\u0129a l\u00e0 \u00edt ph\u1ea3i thay th\u1ebf v\u00e0 l\u00e3ng ph\u00ed h\u01a1n, gi\u1ea3m thi\u1ec3u d\u1ea5u ch\u00e2n m\u00f4i tr\u01b0\u1eddng li\u00ean quan \u0111\u1ebfn th\u1ebb gi\u1ea5y ho\u1eb7c th\u1ebb nh\u1ef1a ti\u00eau chu\u1ea9n.<\/strong><\/p>\n<p>&nbsp;<\/p>\n<p>&nbsp;<\/p>\n<h2 style=\"text-align: center;\"><em><span style=\"color: #000080;\"><strong>\u0110\u00e1nh gi\u00e1 v\u00e0 l\u1eddi ch\u1ee9ng th\u1ef1c c\u1ee7a kh\u00e1ch h\u00e0ng<\/strong><\/span><\/em><\/h2>\n<p><span style=\"color: #008080;\">\u201cNh\u1eefng th\u1ebb RFID n\u00e0y gi\u00fap vi\u1ec7c theo d\u00f5i \u0111i\u1ec3m danh \u1edf tr\u01b0\u1eddng c\u1ee7a ch\u00fang t\u00f4i tr\u1edf n\u00ean \u0111\u01a1n gi\u1ea3n h\u01a1n r\u1ea5t nhi\u1ec1u! C\u00e1c t\u00f9y ch\u1ecdn t\u00f9y ch\u1ec9nh l\u00e0 m\u1ed9t \u0111i\u1ec3m c\u1ed9ng l\u1edbn.\u201d \u2013 <em>Emily R., Qu\u1ea3n tr\u1ecb vi\u00ean tr\u01b0\u1eddng h\u1ecdc<\/em><\/span><\/p>\n<blockquote><p>\u201cR\u1ea5t \u0111\u00e1ng tin c\u1eady v\u00e0 b\u1ec1n b\u1ec9. Ch\u00fang t\u00f4i \u0111\u00e3 s\u1eed d\u1ee5ng ch\u00fang trong h\u1ec7 th\u1ed1ng ki\u1ec3m so\u00e1t ra v\u00e0o c\u1ee7a m\u00ecnh trong nhi\u1ec1u th\u00e1ng nay m\u00e0 kh\u00f4ng g\u1eb7p b\u1ea5t k\u1ef3 v\u1ea5n \u0111\u1ec1 n\u00e0o.\u201d<\/p><\/blockquote>","protected":false},"excerpt":{"rendered":"<p>Th\u1ebb RFID c\u00f3 th\u1ec3 t\u00f9y ch\u1ec9nh \u0111\u1ec3 theo d\u00f5i ch\u1ea5m c\u00f4ng hi\u1ec7u qu\u1ea3 v\u00e0 ki\u1ec3m so\u00e1t ra v\u00e0o an to\u00e0n, c\u00f3 c\u00f4ng ngh\u1ec7 MIFARE Classic1K v\u00e0 v\u1eadt li\u1ec7u PVC\/PET b\u1ec1n b\u1ec9.<\/p>","protected":false},"featured_media":3357,"template":"","meta":[],"product_brand":[],"product_cat":[46],"product_tag":[],"class_list":{"0":"post-3537","1":"product","2":"type-product","3":"status-publish","4":"has-post-thumbnail","6":"product_cat-nfc-cards","8":"first","9":"instock","10":"shipping-taxable","11":"product-type-simple"},"_links":{"self":[{"href":"https:\/\/nfc-readers.com\/vi\/wp-json\/wp\/v2\/product\/3537","targetHints":{"allow":["GET"]}}],"collection":[{"href":"https:\/\/nfc-readers.com\/vi\/wp-json\/wp\/v2\/product"}],"about":[{"href":"https:\/\/nfc-readers.com\/vi\/wp-json\/wp\/v2\/types\/product"}],"wp:featuredmedia":[{"embeddable":true,"href":"https:\/\/nfc-readers.com\/vi\/wp-json\/wp\/v2\/media\/3357"}],"wp:attachment":[{"href":"https:\/\/nfc-readers.com\/vi\/wp-json\/wp\/v2\/media?parent=3537"}],"wp:term":[{"taxonomy":"product_brand","embeddable":true,"href":"https:\/\/nfc-readers.com\/vi\/wp-json\/wp\/v2\/product_brand?post=3537"},{"taxonomy":"product_cat","embeddable":true,"href":"https:\/\/nfc-readers.com\/vi\/wp-json\/wp\/v2\/product_cat?post=3537"},{"taxonomy":"product_tag","embeddable":true,"href":"https:\/\/nfc-readers.com\/vi\/wp-json\/wp\/v2\/product_tag?post=3537"}],"curies":[{"name":"wp","href":"https:\/\/api.w.org\/{rel}","templated":true}]}}