{"id":3538,"date":"2024-11-06T11:31:12","date_gmt":"2024-11-06T11:31:12","guid":{"rendered":"https:\/\/nfc-readers.com\/?post_type=product&#038;p=3538"},"modified":"2024-11-06T11:31:12","modified_gmt":"2024-11-06T11:31:12","slug":"ntag213-nfc-card-with-qr-code-printed-for-whatsapp-marketing","status":"publish","type":"product","link":"https:\/\/nfc-readers.com\/vi\/ic-reader\/ntag213-nfc-card-with-qr-code-printed-for-whatsapp-marketing\/","title":{"rendered":"Th\u1ebb NFC NTAG213 c\u00f3 in m\u00e3 QR \u0111\u1ec3 ti\u1ebfp th\u1ecb tr\u00ean Whatsapp"},"content":{"rendered":"<h1><span style=\"color: #000080;\"><strong>Th\u1ebb NFC NTAG213 c\u00f3 in m\u00e3 QR \u0111\u1ec3 ti\u1ebfp th\u1ecb tr\u00ean Whatsapp<\/strong><\/span><\/h1>\n<div class=\"chat-list relative custom-scrollbar-reset-margin custom-scrollbar custom-scrollbar-hidden custom-scrollbar-float pb-9 flex-1 overflow-y-auto\">\n<div class=\"mx-auto max-w-[790px]\">\n<div class=\"message-item-outer relative px-4 mb-2\" data-id=\"314708bd-f25a-4472-bc0c-0927c643c147\">\n<div class=\"content-area pl-[0px]\">\n<div class=\"message-item select-text relative\">\n<div class=\"message-inner relative\">\n<div class=\"py-[2px]\">\n<div class=\"flex flex-col gap-2\">\n<div class=\"answer-markdown-box overflow-x-auto select-text custom-scrollbar\">\n<div class=\"markdown-body\">\n<h3><span style=\"color: #008080;\"><strong>C\u00e1ch m\u1ea1ng h\u00f3a s\u1ef1 tham gia c\u1ee7a kh\u00e1ch h\u00e0ng<\/strong><\/span><\/h3>\n<p>Trong th\u1eddi \u0111\u1ea1i k\u1ef9 thu\u1eadt s\u1ed1 ng\u00e0y nay, c\u00e1c doanh nghi\u1ec7p li\u00ean t\u1ee5c t\u00ecm ki\u1ebfm nh\u1eefng c\u00e1ch s\u00e1ng t\u1ea1o \u0111\u1ec3 thu h\u00fat kh\u00e1ch h\u00e0ng v\u00e0 qu\u1ea3ng b\u00e1 th\u01b0\u01a1ng hi\u1ec7u c\u1ee7a m\u00ecnh. M\u1ed9t c\u00e1ch hi\u1ec7u qu\u1ea3 \u0111\u1ec3 th\u1ef1c hi\u1ec7n \u0111i\u1ec1u n\u00e0y l\u00e0 s\u1eed d\u1ee5ng c\u00f4ng ngh\u1ec7 NFC (Giao ti\u1ebfp tr\u01b0\u1eddng g\u1ea7n), c\u1ee5 th\u1ec3 l\u00e0 th\u1ebb NFC NTAG213 c\u00f3 in m\u00e3 QR.<\/p>\n<p>Nh\u1eefng th\u1ebb n\u00e0y ng\u00e0y c\u00e0ng tr\u1edf n\u00ean ph\u1ed5 bi\u1ebfn trong ti\u1ebfp th\u1ecb tr\u00ean WhatsApp, cho ph\u00e9p c\u00e1c doanh nghi\u1ec7p qu\u1ea3n l\u00fd l\u01b0u l\u01b0\u1ee3ng truy c\u1eadp ri\u00eang t\u01b0 v\u00e0 k\u1ebft n\u1ed1i v\u1edbi kh\u00e1ch h\u00e0ng theo c\u00e1ch c\u00e1 nh\u00e2n v\u00e0 t\u01b0\u01a1ng t\u00e1c h\u01a1n.<\/p>\n<p>&nbsp;<\/p>\n<\/div>\n<\/div>\n<\/div>\n<\/div>\n<p>&nbsp;<\/p>\n<div class=\"py-[2px]\">\n<div class=\"flex flex-col gap-2\">\n<div class=\"answer-markdown-box overflow-x-auto select-text custom-scrollbar\">\n<div class=\"markdown-body\">\n<h2 style=\"text-align: center;\"><span style=\"color: #333399;\"><em><strong>L\u1ee3i \u00edch c\u1ee7a Th\u1ebb NFC NTAG213<\/strong><\/em><\/span><\/h2>\n<p>Th\u1ebb NFC NTAG213 c\u00f3 ch\u1ee9c n\u0103ng in m\u00e3 QR mang l\u1ea1i nhi\u1ec1u l\u1ee3i \u00edch cho c\u00e1c doanh nghi\u1ec7p mu\u1ed1n t\u0103ng c\u01b0\u1eddng s\u1ef1 t\u01b0\u01a1ng t\u00e1c v\u1edbi kh\u00e1ch h\u00e0ng v\u00e0 n\u1ed7 l\u1ef1c ti\u1ebfp th\u1ecb. Nh\u1eefng l\u1ee3i \u00edch n\u00e0y bao g\u1ed3m:<\/p>\n<ul>\n<li><strong>D\u1ec5 s\u1eed d\u1ee5ng v\u00e0 qu\u1ea3n l\u00fd<\/strong>:Th\u1ebb NFC NTAG213 d\u1ec5 s\u1eed d\u1ee5ng v\u00e0 qu\u1ea3n l\u00fd, cho ph\u00e9p doanh nghi\u1ec7p d\u1ec5 d\u00e0ng t\u1ea1o v\u00e0 chia s\u1ebb li\u00ean k\u1ebft WhatsApp v\u1edbi kh\u00e1ch h\u00e0ng.<\/li>\n<li><strong>C\u00f4ng su\u1ea5t cao<\/strong>:Th\u1ebb NFC NTAG213 c\u00f3 dung l\u01b0\u1ee3ng b\u1ed9 nh\u1edb l\u1edbn, cho ph\u00e9p doanh nghi\u1ec7p l\u01b0u tr\u1eef l\u01b0\u1ee3ng d\u1eef li\u1ec7u \u0111\u00e1ng k\u1ec3, ch\u1eb3ng h\u1ea1n nh\u01b0 li\u00ean k\u1ebft WhatsApp, th\u00f4ng tin li\u00ean l\u1ea1c, v.v.<\/li>\n<li><strong>C\u00f3 th\u1ec3 t\u00f9y ch\u1ec9nh<\/strong>:Th\u1ebb NFC NTAG213 c\u00f3 th\u1ec3 \u0111\u01b0\u1ee3c t\u00f9y ch\u1ec9nh v\u1edbi nhi\u1ec1u t\u00f9y ch\u1ecdn in kh\u00e1c nhau, bao g\u1ed3m m\u00e3 QR, cho ph\u00e9p c\u00e1c doanh nghi\u1ec7p c\u00e1 nh\u00e2n h\u00f3a c\u00e1c n\u1ed7 l\u1ef1c ti\u1ebfp th\u1ecb c\u1ee7a m\u00ecnh.<\/li>\n<li><\/li>\n<\/ul>\n<p>&nbsp;<\/p>\n<\/div>\n<p>&nbsp;<\/p>\n<div class=\"markdown-body\">\n<h2 style=\"text-align: center;\"><span style=\"color: #333399;\"><em><strong>T\u00ednh n\u0103ng c\u1ee7a Th\u1ebb NFC NTAG213<\/strong><\/em><\/span><\/h2>\n<p>Th\u1ebb NFC NTAG213 c\u00f3 ch\u1ee9c n\u0103ng in m\u00e3 QR \u0111\u1ec3 ti\u1ebfp th\u1ecb tr\u00ean WhatsApp c\u00f3 nhi\u1ec1u t\u00ednh n\u0103ng ti\u00ean ti\u1ebfn, bao g\u1ed3m:<\/p>\n<ul>\n<li><strong>Kh\u1ea3 n\u0103ng t\u01b0\u01a1ng th\u00edch v\u1edbi WhatsApp<\/strong>:Th\u1ebb NFC NTAG213 \u0111\u01b0\u1ee3c thi\u1ebft k\u1ebf ri\u00eang \u0111\u1ec3 ho\u1ea1t \u0111\u1ed9ng v\u1edbi WhatsApp, cho ph\u00e9p doanh nghi\u1ec7p d\u1ec5 d\u00e0ng t\u1ea1o v\u00e0 chia s\u1ebb li\u00ean k\u1ebft WhatsApp v\u1edbi kh\u00e1ch h\u00e0ng.<\/li>\n<li><strong>In m\u00e3 QR<\/strong>:Th\u1ebb NFC NTAG213 c\u00f3 t\u00ednh n\u0103ng in m\u00e3 QR, cho ph\u00e9p c\u00e1c doanh nghi\u1ec7p d\u1ec5 d\u00e0ng t\u00f9y ch\u1ec9nh c\u00e1c ho\u1ea1t \u0111\u1ed9ng ti\u1ebfp th\u1ecb c\u1ee7a m\u00ecnh.<\/li>\n<li><strong>C\u00f4ng ngh\u1ec7 NFC<\/strong>:Th\u1ebb NFC NTAG213 s\u1eed d\u1ee5ng c\u00f4ng ngh\u1ec7 NFC ti\u00ean ti\u1ebfn, cho ph\u00e9p truy\u1ec1n d\u1eef li\u1ec7u nhanh ch\u00f3ng v\u00e0 \u0111\u00e1ng tin c\u1eady gi\u1eefa th\u1ebb v\u00e0 thi\u1ebft b\u1ecb di \u0111\u1ed9ng.<\/li>\n<li><strong>M\u00e3 h\u00f3a b\u1ea3o m\u1eadt cao<\/strong>:Th\u1ebb NFC NTAG213 c\u00f3 t\u00ednh n\u0103ng m\u00e3 h\u00f3a b\u1ea3o m\u1eadt ti\u00ean ti\u1ebfn, ch\u1ed1ng l\u1ea1i truy c\u1eadp tr\u00e1i ph\u00e9p v\u00e0 \u0111\u1ea3m b\u1ea3o d\u1eef li\u1ec7u kh\u00e1ch h\u00e0ng \u0111\u01b0\u1ee3c an to\u00e0n.<\/li>\n<\/ul>\n<p>&nbsp;<\/p>\n<\/div>\n<p>&nbsp;<\/p>\n<div class=\"markdown-body\">\n<h2 style=\"text-align: center;\"><span style=\"color: #333399;\"><em><strong>Th\u00f4ng s\u1ed1 k\u1ef9 thu\u1eadt<\/strong><\/em><\/span><\/h2>\n<div class=\"table-with-header rounded-lg border border-solid border-grey-line2-normal w-fit max-w-full mb-2\">\n<div class=\"overflow-x-auto custom-scrollbar custom-scrollbar-float max-w-full\">\n<table class=\"w-fit !mb-0 !max-w-none\">\n<thead>\n<tr>\n<th>\u0110\u1eb7c \u0111i\u1ec3m k\u1ef9 thu\u1eadt<\/th>\n<th>Gi\u00e1 tr\u1ecb<\/th>\n<\/tr>\n<\/thead>\n<tbody>\n<tr>\n<td>V\u1eadt li\u1ec7u<\/td>\n<td>PVC<\/td>\n<\/tr>\n<tr>\n<td>K\u00edch c\u1ee1<\/td>\n<td>Phong t\u1ee5c<\/td>\n<\/tr>\n<tr>\n<td>K\u00fd \u1ee9c<\/td>\n<td>144 byte<\/td>\n<\/tr>\n<tr>\n<td>Chip<\/td>\n<td>NTAG213<\/td>\n<\/tr>\n<tr>\n<td>In \u1ea5n<\/td>\n<td>H\u1ed7 tr\u1ee3 in m\u00e3 QR<\/td>\n<\/tr>\n<tr>\n<td>Bao b\u00ec<\/td>\n<td>200 chi\u1ebfc\/h\u1ed9p tr\u1eafng b\u00ean trong. 25 h\u1ed9p\/th\u00f9ng carton, K\u00edch th\u01b0\u1edbc th\u00f9ng carton: 48<em>22.5<\/em>30cm<\/td>\n<\/tr>\n<tr>\n<td>\u0110\u01a1n v\u1ecb b\u00e1n<\/td>\n<td>M\u1ed9t m\u1ee5c duy nh\u1ea5t<\/td>\n<\/tr>\n<tr>\n<td>K\u00edch th\u01b0\u1edbc g\u00f3i \u0111\u01a1n<\/td>\n<td>35X1.5X0.02cm<\/td>\n<\/tr>\n<tr>\n<td>T\u1ed5ng tr\u1ecdng l\u01b0\u1ee3ng \u0111\u01a1n<\/td>\n<td>0,010kg<\/td>\n<\/tr>\n<\/tbody>\n<\/table>\n<p>&nbsp;<\/p>\n<\/div>\n<\/div>\n<h2 style=\"text-align: center;\"><span style=\"color: #333399;\"><em><strong>C\u00e1ch s\u1eed d\u1ee5ng th\u1ebb NFC NTAG213\u00a0<\/strong><\/em><\/span><\/h2>\n<p>S\u1eed d\u1ee5ng th\u1ebb NFC NTAG213 r\u1ea5t d\u1ec5 d\u00e0ng v\u00e0 \u0111\u01a1n gi\u1ea3n. Sau \u0111\u00e2y l\u00e0 h\u01b0\u1edbng d\u1eabn t\u1eebng b\u01b0\u1edbc \u0111\u1ec3 b\u1ea1n b\u1eaft \u0111\u1ea7u:<\/p>\n<ol>\n<li><strong>T\u1ea1o li\u00ean k\u1ebft WhatsApp<\/strong>: T\u1ea1o li\u00ean k\u1ebft WhatsApp b\u1eb1ng \u0111\u1ecbnh d\u1ea1ng \u201c<a href=\"https:\/\/wa.me\/WhatsAppnumber\" target=\"_blank\" rel=\"noopener\">https:\/\/wa.me\/WhatsAppnumber<\/a>\u201c, trong \u0111\u00f3 \u201cWhatsAppnumber\u201d l\u00e0 s\u1ed1 \u0111i\u1ec7n tho\u1ea1i c\u1ee7a b\u1ea1n theo \u0111\u1ecbnh d\u1ea1ng qu\u1ed1c t\u1ebf.<\/li>\n<li><strong>L\u1eadp tr\u00ecnh li\u00ean k\u1ebft WhatsApp<\/strong>:L\u1eadp tr\u00ecnh li\u00ean k\u1ebft WhatsApp v\u00e0o th\u1ebb NFC NTAG213 b\u1eb1ng thi\u1ebft b\u1ecb v\u00e0 ph\u1ea7n m\u1ec1m t\u01b0\u01a1ng th\u00edch.<\/li>\n<li><strong>T\u00f9y ch\u1ec9nh th\u1ebb<\/strong>: T\u00f9y ch\u1ec9nh th\u1ebb NFC NTAG213 theo th\u00f4ng \u0111i\u1ec7p ti\u1ebfp th\u1ecb v\u00e0 th\u01b0\u01a1ng hi\u1ec7u c\u1ee7a doanh nghi\u1ec7p b\u1ea1n.<\/li>\n<li><strong>Ph\u00e2n ph\u1ed1i th\u1ebb<\/strong>: Ph\u00e2n ph\u1ed1i th\u1ebb NFC NTAG213 cho kh\u00e1ch h\u00e0ng c\u1ee7a b\u1ea1n tr\u1ef1c ti\u1ebfp ho\u1eb7c qua th\u01b0.<\/li>\n<\/ol>\n<p>&nbsp;<\/p>\n<\/div>\n<p>&nbsp;<\/p>\n<div class=\"markdown-body\">\n<h2 style=\"text-align: center;\"><em><span style=\"color: #333399;\"><strong>\u01afu \u0111i\u1ec3m c\u1ee7a Th\u1ebb NFC NTAG213<\/strong><\/span><\/em><\/h2>\n<p>Th\u1ebb NFC NTAG213 c\u00f3 in m\u00e3 QR \u0111\u1ec3 ti\u1ebfp th\u1ecb tr\u00ean WhatsApp mang l\u1ea1i nhi\u1ec1u l\u1ee3i th\u1ebf h\u01a1n so v\u1edbi c\u00e1c ph\u01b0\u01a1ng ph\u00e1p ti\u1ebfp th\u1ecb truy\u1ec1n th\u1ed1ng. Nh\u1eefng l\u1ee3i th\u1ebf n\u00e0y bao g\u1ed3m:<\/p>\n<ul>\n<li><strong>T\u0103ng c\u01b0\u1eddng s\u1ef1 tham gia<\/strong>:Th\u1ebb NFC NTAG213 c\u00f3 ch\u1ee9c n\u0103ng in m\u00e3 QR \u0111\u1ec3 ti\u1ebfp th\u1ecb tr\u00ean WhatsApp cho ph\u00e9p doanh nghi\u1ec7p t\u01b0\u01a1ng t\u00e1c v\u1edbi kh\u00e1ch h\u00e0ng theo c\u00e1ch c\u00e1 nh\u00e2n v\u00e0 t\u01b0\u01a1ng t\u00e1c h\u01a1n.<\/li>\n<li><strong>Nh\u1eadn di\u1ec7n th\u01b0\u01a1ng hi\u1ec7u \u0111\u01b0\u1ee3c c\u1ea3i thi\u1ec7n<\/strong>:Th\u1ebb NFC NTAG213 c\u00f3 ch\u1ee9c n\u0103ng in m\u00e3 QR \u0111\u1ec3 ti\u1ebfp th\u1ecb tr\u00ean WhatsApp c\u00f3 th\u1ec3 t\u00f9y ch\u1ec9nh theo th\u00f4ng \u0111i\u1ec7p ti\u1ebfp th\u1ecb v\u00e0 th\u01b0\u01a1ng hi\u1ec7u c\u1ee7a doanh nghi\u1ec7p, gi\u00fap n\u00e2ng cao nh\u1eadn di\u1ec7n v\u00e0 \u0111\u1ed9 nh\u1eadn di\u1ec7n th\u01b0\u01a1ng hi\u1ec7u.<\/li>\n<li><strong>Ti\u1ebft ki\u1ec7m chi ph\u00ed<\/strong>:Th\u1ebb NFC NTAG213 c\u00f3 in m\u00e3 QR \u0111\u1ec3 ti\u1ebfp th\u1ecb tr\u00ean WhatsApp l\u00e0 gi\u1ea3i ph\u00e1p ti\u1ebfp th\u1ecb gi\u00e1 c\u1ea3 ph\u1ea3i ch\u0103ng, mang l\u1ea1i l\u1ee3i t\u1ee9c \u0111\u1ea7u t\u01b0 cao cho doanh nghi\u1ec7p.<\/li>\n<\/ul>\n<p>&nbsp;<\/p>\n<h2 style=\"text-align: center;\"><span style=\"color: #008080;\"><em><strong>CH\u1eccN CH\u00daNG T\u00d4I NGAY!<\/strong><\/em><\/span><\/h2>\n<p>Th\u1ebb NFC NTAG213 c\u00f3 in m\u00e3 QR \u0111\u1ec3 ti\u1ebfp th\u1ecb WhatsApp l\u00e0 m\u1ed9t c\u00e1ch s\u00e1ng t\u1ea1o v\u00e0 hi\u1ec7u qu\u1ea3 \u0111\u1ec3 thu h\u00fat kh\u00e1ch h\u00e0ng v\u00e0 qu\u1ea3ng b\u00e1 th\u01b0\u01a1ng hi\u1ec7u c\u1ee7a b\u1ea1n. V\u1edbi t\u00ednh d\u1ec5 s\u1eed d\u1ee5ng, dung l\u01b0\u1ee3ng cao, m\u00e3 h\u00f3a an to\u00e0n v\u00e0 thi\u1ebft k\u1ebf t\u00f9y ch\u1ec9nh, th\u1ebb NFC NTAG213 c\u00f3 in m\u00e3 QR \u0111\u1ec3 ti\u1ebfp th\u1ecb WhatsApp l\u00e0 gi\u1ea3i ph\u00e1p l\u00fd t\u01b0\u1edfng cho c\u00e1c doanh nghi\u1ec7p mu\u1ed1n t\u0103ng c\u01b0\u1eddng thu h\u00fat kh\u00e1ch h\u00e0ng v\u00e0 n\u1ed7 l\u1ef1c ti\u1ebfp th\u1ecb.<\/p>\n<\/div>\n<\/div>\n<\/div>\n<\/div>\n<\/div>\n<\/div>\n<\/div>\n<\/div>\n<\/div>\n<\/div>","protected":false},"excerpt":{"rendered":"<p><strong>Th\u1ebb NFC NTAG213 c\u00f3 m\u00e3 QR \u0111\u1ec3 ti\u1ebfp th\u1ecb tr\u00ean WhatsApp<\/strong>:C\u00e1ch m\u1ea1ng h\u00f3a ho\u1ea1t \u0111\u1ed9ng thu h\u00fat kh\u00e1ch h\u00e0ng c\u1ee7a b\u1ea1n b\u1eb1ng th\u1ebb NFC d\u1ec5 s\u1eed d\u1ee5ng, dung l\u01b0\u1ee3ng cao v\u00e0 c\u00f3 th\u1ec3 t\u00f9y ch\u1ec9nh \u0111\u1ec3 ti\u1ebfp th\u1ecb \u0111\u01b0\u1ee3c c\u00e1 nh\u00e2n h\u00f3a.<\/p>","protected":false},"featured_media":3543,"template":"","meta":[],"product_brand":[],"product_cat":[46],"product_tag":[],"class_list":{"0":"post-3538","1":"product","2":"type-product","3":"status-publish","4":"has-post-thumbnail","6":"product_cat-nfc-cards","8":"first","9":"instock","10":"shipping-taxable","11":"product-type-simple"},"_links":{"self":[{"href":"https:\/\/nfc-readers.com\/vi\/wp-json\/wp\/v2\/product\/3538","targetHints":{"allow":["GET"]}}],"collection":[{"href":"https:\/\/nfc-readers.com\/vi\/wp-json\/wp\/v2\/product"}],"about":[{"href":"https:\/\/nfc-readers.com\/vi\/wp-json\/wp\/v2\/types\/product"}],"wp:featuredmedia":[{"embeddable":true,"href":"https:\/\/nfc-readers.com\/vi\/wp-json\/wp\/v2\/media\/3543"}],"wp:attachment":[{"href":"https:\/\/nfc-readers.com\/vi\/wp-json\/wp\/v2\/media?parent=3538"}],"wp:term":[{"taxonomy":"product_brand","embeddable":true,"href":"https:\/\/nfc-readers.com\/vi\/wp-json\/wp\/v2\/product_brand?post=3538"},{"taxonomy":"product_cat","embeddable":true,"href":"https:\/\/nfc-readers.com\/vi\/wp-json\/wp\/v2\/product_cat?post=3538"},{"taxonomy":"product_tag","embeddable":true,"href":"https:\/\/nfc-readers.com\/vi\/wp-json\/wp\/v2\/product_tag?post=3538"}],"curies":[{"name":"wp","href":"https:\/\/api.w.org\/{rel}","templated":true}]}}