{"id":3552,"date":"2024-11-06T15:59:31","date_gmt":"2024-11-06T15:59:31","guid":{"rendered":"https:\/\/nfc-readers.com\/?post_type=product&#038;p=3552"},"modified":"2024-11-06T16:18:13","modified_gmt":"2024-11-06T16:18:13","slug":"contactless-cr80-plastic-ntag-216-nfc-loyalty-card","status":"publish","type":"product","link":"https:\/\/nfc-readers.com\/vi\/ic-reader\/contactless-cr80-plastic-ntag-216-nfc-loyalty-card\/","title":{"rendered":"Th\u1ebb kh\u00e1ch h\u00e0ng th\u00e2n thi\u1ebft kh\u00f4ng ti\u1ebfp x\u00fac CR80 nh\u1ef1a Ntag 216 NFC"},"content":{"rendered":"<h1 style=\"text-align: center;\"><span style=\"color: #000080;\"><strong>Th\u1ebb kh\u00e1ch h\u00e0ng th\u00e2n thi\u1ebft kh\u00f4ng ti\u1ebfp x\u00fac CR80 nh\u1ef1a Ntag 216 NFC<\/strong><\/span><\/h1>\n<p>&nbsp;<\/p>\n<h2 style=\"text-align: center;\"><span style=\"color: #008080;\"><em><strong>C\u00e1ch m\u1ea1ng h\u00f3a s\u1ef1 tham gia c\u1ee7a kh\u00e1ch h\u00e0ng<\/strong><\/em><\/span><\/h2>\n<p><strong><span style=\"color: #666699;\">Trong th\u1eddi \u0111\u1ea1i k\u1ef9 thu\u1eadt s\u1ed1 ng\u00e0y nay, c\u00e1c doanh nghi\u1ec7p li\u00ean t\u1ee5c t\u00ecm ki\u1ebfm nh\u1eefng c\u00e1ch s\u00e1ng t\u1ea1o \u0111\u1ec3 thu h\u00fat kh\u00e1ch h\u00e0ng v\u00e0 qu\u1ea3ng b\u00e1 th\u01b0\u01a1ng hi\u1ec7u c\u1ee7a m\u00ecnh. M\u1ed9t c\u00e1ch hi\u1ec7u qu\u1ea3 \u0111\u1ec3 th\u1ef1c hi\u1ec7n \u0111i\u1ec1u n\u00e0y l\u00e0 s\u1eed d\u1ee5ng c\u00f4ng ngh\u1ec7 NFC (Giao ti\u1ebfp tr\u01b0\u1eddng g\u1ea7n), c\u1ee5 th\u1ec3 l\u00e0 th\u1ebb kh\u00e1ch h\u00e0ng th\u00e2n thi\u1ebft b\u1eb1ng nh\u1ef1a CR80 Ntag216 NFC kh\u00f4ng ti\u1ebfp x\u00fac.<\/span><\/strong><\/p>\n<p>&nbsp;<\/p>\n<p>&nbsp;<\/p>\n<h2 style=\"text-align: center;\"><em><strong><span style=\"color: #333399;\">L\u1ee3i \u00edch c\u1ee7a th\u1ebb NFC Ntag216<\/span><\/strong><\/em><\/h2>\n<ol>\n<li><strong>S\u1ef1 ti\u1ec7n l\u1ee3i<\/strong>:Th\u1ebb kh\u00e1ch h\u00e0ng th\u00e2n thi\u1ebft b\u1eb1ng nh\u1ef1a CR80 Ntag216 NFC kh\u00f4ng ti\u1ebfp x\u00fac mang \u0111\u1ebfn cho kh\u00e1ch h\u00e0ng m\u1ed9t c\u00e1ch thu\u1eadn ti\u1ec7n \u0111\u1ec3 t\u01b0\u01a1ng t\u00e1c v\u1edbi doanh nghi\u1ec7p m\u00e0 kh\u00f4ng c\u1ea7n ph\u1ea3i ti\u1ebfp x\u00fac tr\u1ef1c ti\u1ebfp ho\u1eb7c nh\u1eadp d\u1eef li\u1ec7u th\u1ee7 c\u00f4ng.<\/li>\n<li><strong>Tr\u1ea3i nghi\u1ec7m c\u00e1 nh\u00e2n<\/strong>:Th\u1ebb kh\u00e1ch h\u00e0ng th\u00e2n thi\u1ebft b\u1eb1ng nh\u1ef1a CR80 Ntag216 NFC kh\u00f4ng ti\u1ebfp x\u00fac c\u00f3 th\u1ec3 \u0111\u01b0\u1ee3c t\u00f9y ch\u1ec9nh theo th\u00f4ng \u0111i\u1ec7p ti\u1ebfp th\u1ecb v\u00e0 th\u01b0\u01a1ng hi\u1ec7u c\u1ee7a doanh nghi\u1ec7p, mang \u0111\u1ebfn tr\u1ea3i nghi\u1ec7m c\u00e1 nh\u00e2n h\u00f3a cho kh\u00e1ch h\u00e0ng.<\/li>\n<li><strong>T\u0103ng c\u01b0\u1eddng s\u1ef1 tham gia<\/strong>:Th\u1ebb kh\u00e1ch h\u00e0ng th\u00e2n thi\u1ebft NFC Ntag216 b\u1eb1ng nh\u1ef1a CR80 kh\u00f4ng ti\u1ebfp x\u00fac c\u00f3 th\u1ec3 gi\u00fap c\u00e1c doanh nghi\u1ec7p t\u0103ng c\u01b0\u1eddng s\u1ef1 t\u01b0\u01a1ng t\u00e1c v\u1edbi kh\u00e1ch h\u00e0ng b\u1eb1ng c\u00e1ch cung c\u1ea5p m\u1ed9t c\u00e1ch \u0111\u1ed9c \u0111\u00e1o v\u00e0 t\u01b0\u01a1ng t\u00e1c \u0111\u1ec3 kh\u00e1ch h\u00e0ng t\u01b0\u01a1ng t\u00e1c v\u1edbi th\u01b0\u01a1ng hi\u1ec7u c\u1ee7a h\u1ecd.<\/li>\n<\/ol>\n<p>&nbsp;<\/p>\n<p>&nbsp;<\/p>\n<h2 style=\"text-align: center;\"><span style=\"color: #333399;\"><em><strong>S\u1eed d\u1ee5ng th\u1ebb NFC kh\u00f4ng ti\u1ebfp x\u00fac Ntag216<\/strong><\/em><\/span><\/h2>\n<p>S\u1eed d\u1ee5ng th\u1ebb t\u00edch \u0111i\u1ec3m NFC Ntag216 b\u1eb1ng nh\u1ef1a CR80 kh\u00f4ng ti\u1ebfp x\u00fac r\u1ea5t d\u1ec5 d\u00e0ng v\u00e0 \u0111\u01a1n gi\u1ea3n. Sau \u0111\u00e2y l\u00e0 h\u01b0\u1edbng d\u1eabn t\u1eebng b\u01b0\u1edbc \u0111\u1ec3 b\u1ea1n b\u1eaft \u0111\u1ea7u:<\/p>\n<ol>\n<li><strong>T\u1ea1o \u1ee9ng d\u1ee5ng di \u0111\u1ed9ng<\/strong>: T\u1ea1o \u1ee9ng d\u1ee5ng di \u0111\u1ed9ng t\u01b0\u01a1ng th\u00edch v\u1edbi th\u1ebb kh\u00e1ch h\u00e0ng th\u00e2n thi\u1ebft NFC Ntag216 b\u1eb1ng nh\u1ef1a CR80 kh\u00f4ng ti\u1ebfp x\u00fac.<\/li>\n<li><strong>L\u1eadp tr\u00ecnh th\u1ebb<\/strong>:L\u1eadp tr\u00ecnh th\u1ebb kh\u00e1ch h\u00e0ng th\u00e2n thi\u1ebft b\u1eb1ng nh\u1ef1a Ntag216 NFC kh\u00f4ng ti\u1ebfp x\u00fac CR80 v\u1edbi th\u00f4ng \u0111i\u1ec7p ti\u1ebfp th\u1ecb v\u00e0 th\u01b0\u01a1ng hi\u1ec7u c\u1ee7a doanh nghi\u1ec7p b\u1ea1n.<\/li>\n<li><strong>Ph\u00e2n ph\u1ed1i th\u1ebb<\/strong>: Ph\u00e2n ph\u1ed1i th\u1ebb kh\u00e1ch h\u00e0ng th\u00e2n thi\u1ebft Ntag216 NFC b\u1eb1ng nh\u1ef1a CR80 kh\u00f4ng ti\u1ebfp x\u00fac cho kh\u00e1ch h\u00e0ng c\u1ee7a b\u1ea1n.<\/li>\n<li><strong>T\u01b0\u01a1ng t\u00e1c v\u1edbi kh\u00e1ch h\u00e0ng<\/strong>:T\u01b0\u01a1ng t\u00e1c v\u1edbi kh\u00e1ch h\u00e0ng b\u1eb1ng c\u00e1ch cung c\u1ea5p tr\u1ea3i nghi\u1ec7m t\u01b0\u01a1ng t\u00e1c v\u00e0 \u0111\u1ed9c \u0111\u00e1o th\u00f4ng qua th\u1ebb kh\u00e1ch h\u00e0ng th\u00e2n thi\u1ebft Ntag216 NFC b\u1eb1ng nh\u1ef1a CR80 kh\u00f4ng ti\u1ebfp x\u00fac.<\/li>\n<\/ol>\n<p>&nbsp;<\/p>\n<p style=\"text-align: center;\">\n<h2 style=\"text-align: center;\"><span style=\"color: #333399;\"><em><strong>Th\u00f4ng s\u1ed1 k\u1ef9 thu\u1eadt<\/strong><\/em><\/span><\/h2>\n<div class=\"table-with-header rounded-lg border border-solid border-grey-line2-normal w-fit max-w-full mb-2\">\n<div class=\"overflow-x-auto custom-scrollbar custom-scrollbar-float max-w-full\">\n<table class=\"w-fit !mb-0 !max-w-none\" style=\"height: 510px;\" width=\"432\">\n<thead>\n<tr>\n<th>\u0110\u1eb7c \u0111i\u1ec3m k\u1ef9 thu\u1eadt<\/th>\n<th>Gi\u00e1 tr\u1ecb<\/th>\n<\/tr>\n<\/thead>\n<tbody>\n<tr>\n<td>Ngu\u1ed3n g\u1ed1c<\/td>\n<td>Qu\u1ea3ng \u0110\u00f4ng, Trung Qu\u1ed1c<\/td>\n<\/tr>\n<tr>\n<td>\u1ee8ng d\u1ee5ng<\/td>\n<td>Danh thi\u1ebfp<\/td>\n<\/tr>\n<tr>\n<td>T\u00ean s\u1ea3n ph\u1ea9m<\/td>\n<td>Th\u1ebb NFC<\/td>\n<\/tr>\n<tr>\n<td>V\u1eadt li\u1ec7u<\/td>\n<td>PVC<\/td>\n<\/tr>\n<tr>\n<td>K\u00edch c\u1ee1<\/td>\n<td>85,5*54mm\/T\u00f9y ch\u1ec9nh<\/td>\n<\/tr>\n<tr>\n<td><\/td>\n<td><\/td>\n<\/tr>\n<tr>\n<td>In \u1ea5n<\/td>\n<td>in offset\/in CMYK4C\/in l\u1ee5a<\/td>\n<\/tr>\n<tr>\n<td>T\u00ednh th\u01b0\u1eddng xuy\u00ean<\/td>\n<td>13,56 MHz<\/td>\n<\/tr>\n<tr>\n<td>Chip<\/td>\n<td>Ntag216<\/td>\n<\/tr>\n<tr>\n<td>K\u00fd \u1ee9c<\/td>\n<td>888Byte<\/td>\n<\/tr>\n<tr>\n<td>Th\u1eddi gian d\u1eabn<\/td>\n<td>7-10 ng\u00e0y<\/td>\n<\/tr>\n<tr>\n<td>Giao th\u1ee9c<\/td>\n<td>Ti\u00eau chu\u1ea9n ISO\/IEC14443A<\/td>\n<\/tr>\n<tr>\n<td>Kho\u1ea3ng c\u00e1ch \u0111\u1ecdc<\/td>\n<td>1-10cm<\/td>\n<\/tr>\n<tr>\n<td>\u0110\u00f3ng g\u00f3i v\u00e0 giao h\u00e0ng<\/td>\n<td>M\u1ed9t m\u1ee5c duy nh\u1ea5t<\/td>\n<\/tr>\n<tr>\n<td>K\u00edch th\u01b0\u1edbc g\u00f3i \u0111\u01a1n<\/td>\n<td>8,55X5,4X0,08cm<\/td>\n<\/tr>\n<tr>\n<td>T\u1ed5ng tr\u1ecdng l\u01b0\u1ee3ng \u0111\u01a1n<\/td>\n<td>0,006kg<\/td>\n<\/tr>\n<\/tbody>\n<\/table>\n<\/div>\n<\/div>\n<p>&nbsp;<\/p>\n<h2 style=\"text-align: center;\"><span style=\"color: #333399;\"><em><strong>Nh\u1eefng c\u00e2u h\u1ecfi th\u01b0\u1eddng g\u1eb7p<\/strong><\/em><\/span><\/h2>\n<ol>\n<li><strong>Th\u1ebb kh\u00e1ch h\u00e0ng th\u00e2n thi\u1ebft NFC Ntag216 b\u1eb1ng nh\u1ef1a CR80 kh\u00f4ng ti\u1ebfp x\u00fac l\u00e0 g\u00ec?<\/strong><br \/>\nTh\u1ebb kh\u00e1ch h\u00e0ng th\u00e2n thi\u1ebft CR80 b\u1eb1ng nh\u1ef1a Ntag216 NFC kh\u00f4ng ti\u1ebfp x\u00fac l\u00e0 lo\u1ea1i th\u1ebb s\u1eed d\u1ee5ng c\u00f4ng ngh\u1ec7 NFC \u0111\u1ec3 l\u01b0u tr\u1eef v\u00e0 truy\u1ec1n d\u1eef li\u1ec7u gi\u1eefa th\u1ebb v\u00e0 thi\u1ebft b\u1ecb di \u0111\u1ed9ng.<\/li>\n<li><strong>L\u1ee3i \u00edch c\u1ee7a vi\u1ec7c s\u1eed d\u1ee5ng th\u1ebb t\u00edch \u0111i\u1ec3m NFC kh\u00f4ng ti\u1ebfp x\u00fac CR80 b\u1eb1ng nh\u1ef1a Ntag216 l\u00e0 g\u00ec?<\/strong><br \/>\nL\u1ee3i \u00edch c\u1ee7a vi\u1ec7c s\u1eed d\u1ee5ng th\u1ebb kh\u00e1ch h\u00e0ng th\u00e2n thi\u1ebft NFC Ntag216 b\u1eb1ng nh\u1ef1a CR80 kh\u00f4ng ti\u1ebfp x\u00fac bao g\u1ed3m s\u1ef1 ti\u1ec7n l\u1ee3i, tr\u1ea3i nghi\u1ec7m \u0111\u01b0\u1ee3c c\u00e1 nh\u00e2n h\u00f3a v\u00e0 t\u0103ng c\u01b0\u1eddng s\u1ef1 t\u01b0\u01a1ng t\u00e1c.<\/li>\n<\/ol>\n<p>&nbsp;<\/p>\n<p>&nbsp;<\/p>\n<h2 style=\"text-align: center;\"><span style=\"color: #333399;\"><em><strong>T\u1ea1i sao ch\u1ecdn ch\u00fang t\u00f4i?<\/strong><\/em><\/span><\/h2>\n<p><strong><span style=\"color: #008080;\">Ch\u00fang t\u00f4i cung c\u1ea5p th\u1ebb kh\u00e1ch h\u00e0ng th\u00e2n thi\u1ebft Ntag216 NFC b\u1eb1ng nh\u1ef1a CR80 kh\u00f4ng ti\u1ebfp x\u00fac ch\u1ea5t l\u01b0\u1ee3ng cao \u0111\u01b0\u1ee3c thi\u1ebft k\u1ebf \u0111\u1ec3 \u0111\u00e1p \u1ee9ng nhu c\u1ea7u c\u1ee7a c\u00e1c doanh nghi\u1ec7p mu\u1ed1n t\u01b0\u01a1ng t\u00e1c v\u1edbi kh\u00e1ch h\u00e0ng theo c\u00e1ch \u0111\u1ed9c \u0111\u00e1o v\u00e0 t\u01b0\u01a1ng t\u00e1c. Sau \u0111\u00e2y l\u00e0 m\u1ed9t s\u1ed1 l\u00fd do t\u1ea1i sao b\u1ea1n n\u00ean ch\u1ecdn ch\u00fang t\u00f4i:<\/span><\/strong><\/p>\n<ul>\n<li><strong>M\u1eabu mi\u1ec5n ph\u00ed<\/strong>:Ch\u00fang t\u00f4i cung c\u1ea5p mi\u1ec5n ph\u00ed m\u1eabu th\u1ebb kh\u00e1ch h\u00e0ng th\u00e2n thi\u1ebft NFC Ntag216 b\u1eb1ng nh\u1ef1a CR80 kh\u00f4ng ti\u1ebfp x\u00fac \u0111\u1ec3 b\u1ea1n c\u00f3 th\u1ec3 d\u00f9ng th\u1eed tr\u01b0\u1edbc khi mua.<\/li>\n<li><strong>Gi\u00e1 th\u1ea5p<\/strong>:Ch\u00fang t\u00f4i cung c\u1ea5p m\u1ee9c gi\u00e1 c\u1ea1nh tranh cho th\u1ebb kh\u00e1ch h\u00e0ng th\u00e2n thi\u1ebft NFC Ntag216 b\u1eb1ng nh\u1ef1a CR80 kh\u00f4ng ti\u1ebfp x\u00fac, khi\u1ebfn ch\u00fang tr\u1edf th\u00e0nh gi\u1ea3i ph\u00e1p ph\u1ea3i ch\u0103ng cho c\u00e1c doanh nghi\u1ec7p \u1edf m\u1ecdi quy m\u00f4.<\/li>\n<li><strong>Ch\u1ea5t l\u01b0\u1ee3ng cao<\/strong>:Th\u1ebb kh\u00e1ch h\u00e0ng th\u00e2n thi\u1ebft NFC Ntag216 b\u1eb1ng nh\u1ef1a CR80 kh\u00f4ng ti\u1ebfp x\u00fac c\u1ee7a ch\u00fang t\u00f4i \u0111\u01b0\u1ee3c l\u00e0m b\u1eb1ng v\u1eadt li\u1ec7u ch\u1ea5t l\u01b0\u1ee3ng cao v\u00e0 \u0111\u01b0\u1ee3c thi\u1ebft k\u1ebf \u0111\u1ec3 s\u1eed d\u1ee5ng l\u00e2u d\u00e0i.<\/li>\n<li><strong>Nh\u00e0 m\u00e1y s\u1ea3n xu\u1ea5t<\/strong>:Ch\u00fang t\u00f4i c\u00f3 nh\u00e0 m\u00e1y s\u1ea3n xu\u1ea5t ri\u00eang, \u0111i\u1ec1u n\u00e0y c\u00f3 ngh\u0129a l\u00e0 ch\u00fang t\u00f4i c\u00f3 th\u1ec3 cung c\u1ea5p th\u1eddi gian quay v\u00f2ng nhanh v\u00e0 kh\u1ea3 n\u0103ng s\u1ea3n xu\u1ea5t kh\u1ed1i l\u01b0\u1ee3ng l\u1edbn.<\/li>\n<li><strong>Nhi\u1ec1u l\u1ef1a ch\u1ecdn<\/strong>:Ch\u00fang t\u00f4i cung c\u1ea5p nhi\u1ec1u l\u1ef1a ch\u1ecdn cho th\u1ebb kh\u00e1ch h\u00e0ng th\u00e2n thi\u1ebft NFC Ntag216 b\u1eb1ng nh\u1ef1a CR80 kh\u00f4ng ti\u1ebfp x\u00fac, bao g\u1ed3m nhi\u1ec1u k\u00edch c\u1ee1, ch\u1ea5t li\u1ec7u v\u00e0 t\u00f9y ch\u1ecdn in \u1ea5n kh\u00e1c nhau.<\/li>\n<\/ul>","protected":false},"excerpt":{"rendered":"<p>Th\u1ebb kh\u00e1ch h\u00e0ng th\u00e2n thi\u1ebft NFC Ntag216 b\u1eb1ng nh\u1ef1a CR80 kh\u00f4ng ti\u1ebfp x\u00fac \u2013 C\u00e1ch m\u1ea1ng h\u00f3a vi\u1ec7c thu h\u00fat kh\u00e1ch h\u00e0ng b\u1eb1ng th\u1ebb kh\u00e1ch h\u00e0ng th\u00e2n thi\u1ebft NFC ti\u1ec7n l\u1ee3i, c\u00f3 th\u1ec3 t\u00f9y ch\u1ec9nh v\u00e0 ch\u1ea5t l\u01b0\u1ee3ng cao c\u1ee7a ch\u00fang t\u00f4i.<\/p>","protected":false},"featured_media":3592,"template":"","meta":[],"product_brand":[],"product_cat":[46],"product_tag":[],"class_list":{"0":"post-3552","1":"product","2":"type-product","3":"status-publish","4":"has-post-thumbnail","6":"product_cat-nfc-cards","8":"first","9":"instock","10":"shipping-taxable","11":"product-type-simple"},"_links":{"self":[{"href":"https:\/\/nfc-readers.com\/vi\/wp-json\/wp\/v2\/product\/3552","targetHints":{"allow":["GET"]}}],"collection":[{"href":"https:\/\/nfc-readers.com\/vi\/wp-json\/wp\/v2\/product"}],"about":[{"href":"https:\/\/nfc-readers.com\/vi\/wp-json\/wp\/v2\/types\/product"}],"wp:featuredmedia":[{"embeddable":true,"href":"https:\/\/nfc-readers.com\/vi\/wp-json\/wp\/v2\/media\/3592"}],"wp:attachment":[{"href":"https:\/\/nfc-readers.com\/vi\/wp-json\/wp\/v2\/media?parent=3552"}],"wp:term":[{"taxonomy":"product_brand","embeddable":true,"href":"https:\/\/nfc-readers.com\/vi\/wp-json\/wp\/v2\/product_brand?post=3552"},{"taxonomy":"product_cat","embeddable":true,"href":"https:\/\/nfc-readers.com\/vi\/wp-json\/wp\/v2\/product_cat?post=3552"},{"taxonomy":"product_tag","embeddable":true,"href":"https:\/\/nfc-readers.com\/vi\/wp-json\/wp\/v2\/product_tag?post=3552"}],"curies":[{"name":"wp","href":"https:\/\/api.w.org\/{rel}","templated":true}]}}