{"id":3553,"date":"2024-11-06T12:50:53","date_gmt":"2024-11-06T12:50:53","guid":{"rendered":"https:\/\/nfc-readers.com\/?post_type=product&#038;p=3553"},"modified":"2024-11-06T12:50:53","modified_gmt":"2024-11-06T12:50:53","slug":"nfc-rfid-sticker-alien-h9-9662-9654-9610-9640-long-read-range","status":"publish","type":"product","link":"https:\/\/nfc-readers.com\/vi\/ic-reader\/nfc-rfid-sticker-alien-h9-9662-9654-9610-9640-long-read-range\/","title":{"rendered":"Nh\u00e3n d\u00e1n NFC RFID Alien H9 9662 9654 9610 9640 Ph\u1ea1m vi \u0111\u1ecdc xa"},"content":{"rendered":"<h1 style=\"text-align: center;\"><strong>Nh\u00e3n d\u00e1n NFC RFID Alien H9 9662 9654 9610 9640 Ph\u1ea1m vi \u0111\u1ecdc xa<\/strong><\/h1>\n<p>Trong th\u1ebf gi\u1edbi k\u1ef9 thu\u1eadt s\u1ed1 ph\u00e1t tri\u1ec3n nhanh ch\u00f3ng ng\u00e0y nay, giao ti\u1ebfp v\u00e0 truy\u1ec1n t\u1ea3i th\u00f4ng tin hi\u1ec7u qu\u1ea3 c\u00f3 th\u1ec3 n\u00e2ng cao \u0111\u00e1ng k\u1ec3 hi\u1ec7u qu\u1ea3 ho\u1ea1t \u0111\u1ed9ng. <strong>Nh\u00e3n d\u00e1n NFC RFID Alien H9<\/strong>\u00a0l\u00e0 m\u1ed9t gi\u1ea3i ph\u00e1p \u0111\u1eb7c bi\u1ec7t, t\u1ef1 h\u00e0o c\u00f3\u00a0<strong>ph\u1ea1m vi \u0111\u1ecdc d\u00e0i<\/strong>\u00a0v\u00e0 ch\u1ee9c n\u0103ng ti\u00ean ti\u1ebfn ph\u1ee5c v\u1ee5 cho nhi\u1ec1u \u1ee9ng d\u1ee5ng kh\u00e1c nhau, bao g\u1ed3m \u0111\u1ed7 xe, qu\u1ea3n l\u00fd h\u00e0ng t\u1ed3n kho, v.v. V\u1edbi kho\u1ea3ng c\u00e1ch \u0111\u1ecdc \u1ea5n t\u01b0\u1ee3ng\u00a0<strong>3-7 m\u00e9t<\/strong>, nh\u00e3n d\u00e1n \u0111a n\u0103ng n\u00e0y \u0111\u1ea3m b\u1ea3o t\u01b0\u01a1ng t\u00e1c li\u1ec1n m\u1ea1ch gi\u1eefa c\u00e1c thi\u1ebft b\u1ecb h\u1ed7 tr\u1ee3 NFC, t\u1ea1o n\u00ean cu\u1ed9c c\u00e1ch m\u1ea1ng trong c\u00e1ch ng\u01b0\u1eddi d\u00f9ng t\u01b0\u01a1ng t\u00e1c v\u1edbi d\u1eef li\u1ec7u.<\/p>\n<p>B\u1eb1ng c\u00e1ch t\u00edch h\u1ee3p c\u00f4ng ngh\u1ec7 ti\u00ean ti\u1ebfn trong m\u1ed9t \u0111\u1ecbnh d\u1ea1ng nh\u1ecf g\u1ecdn, th\u1ebb Alien H9 c\u00f3 th\u1ec3 n\u00e2ng cao quy tr\u00ecnh kinh doanh c\u1ee7a b\u1ea1n, c\u1ea3i thi\u1ec7n tr\u1ea3i nghi\u1ec7m c\u1ee7a kh\u00e1ch h\u00e0ng v\u00e0 t\u1ea1o \u0111i\u1ec1u ki\u1ec7n k\u1ebft n\u1ed1i d\u1ec5 d\u00e0ng. Kh\u00e1m ph\u00e1 nh\u1eefng l\u1ee3i \u00edch \u0111\u00e1ng kinh ng\u1ea1c c\u1ee7a nh\u00e3n d\u00e1n RFID NFC Alien H9 \u0111\u1ec3 hi\u1ec3u t\u1ea1i sao \u0111\u00e2y l\u00e0 kho\u1ea3n \u0111\u1ea7u t\u01b0 x\u1ee9ng \u0111\u00e1ng cho nhu c\u1ea7u c\u1ee7a b\u1ea1n.<\/p>\n<p>&nbsp;<\/p>\n<h2>T\u1ed5ng quan v\u1ec1 c\u00f4ng ngh\u1ec7 NFC v\u00e0 RFID<\/h2>\n<p>NFC (Giao ti\u1ebfp t\u1ea7m g\u1ea7n) v\u00e0 RFID (Nh\u1eadn d\u1ea1ng t\u1ea7n s\u1ed1 v\u00f4 tuy\u1ebfn) l\u00e0 c\u00e1c c\u00f4ng ngh\u1ec7 giao ti\u1ebfp kh\u00f4ng d\u00e2y m\u1ea1nh m\u1ebd gi\u00fap trao \u0111\u1ed5i d\u1eef li\u1ec7u gi\u1eefa c\u00e1c thi\u1ebft b\u1ecb d\u1ec5 d\u00e0ng h\u01a1n. NFC cho ph\u00e9p giao d\u1ecbch v\u00e0 t\u01b0\u01a1ng t\u00e1c an to\u00e0n \u1edf kho\u1ea3ng c\u00e1ch g\u1ea7n, trong khi RFID cho ph\u00e9p \u0111\u1ecdc \u1edf kho\u1ea3ng c\u00e1ch xa h\u01a1n, khi\u1ebfn n\u00f3 tr\u1edf n\u00ean thi\u1ebft y\u1ebfu \u0111\u1ed1i v\u1edbi nhi\u1ec1u ng\u00e0nh c\u00f4ng nghi\u1ec7p kh\u00e1c nhau.\u00a0<strong>Ng\u01b0\u1eddi ngo\u00e0i h\u00e0nh tinh H9<\/strong>\u00a0Nh\u00e3n d\u00e1n NFC RFID k\u1ebft h\u1ee3p hai c\u00f4ng ngh\u1ec7 n\u00e0y, t\u1eadn d\u1ee5ng t\u1ea7n s\u1ed1\u00a0<strong>860-960MHz<\/strong>, \u0111\u1ea3m b\u1ea3o hi\u1ec7u su\u1ea5t t\u1ed1i \u01b0u tr\u00ean nhi\u1ec1u \u1ee9ng d\u1ee5ng kh\u00e1c nhau.<\/p>\n<p>&nbsp;<\/p>\n<h2>Th\u00f4ng s\u1ed1 k\u1ef9 thu\u1eadt ch\u00ednh c\u1ee7a nh\u00e3n d\u00e1n RFID NFC Alien H9<\/h2>\n<p>C\u00e1c\u00a0<strong>Nh\u00e3n d\u00e1n NFC RFID Alien H9<\/strong>\u00a0\u0111\u01b0\u1ee3c trang b\u1ecb nhi\u1ec1u t\u00ednh n\u0103ng v\u00e0 th\u00f4ng s\u1ed1 k\u1ef9 thu\u1eadt kh\u00e1c nhau \u0111\u01b0\u1ee3c thi\u1ebft k\u1ebf \u0111\u1ec3 \u0111\u00e1p \u1ee9ng nhu c\u1ea7u c\u00f4ng ngh\u1ec7 hi\u1ec7n \u0111\u1ea1i:<\/p>\n<ul>\n<li><strong>Lo\u1ea1i Chip<\/strong>: Ng\u01b0\u1eddi ngo\u00e0i h\u00e0nh tinh H9<\/li>\n<li><strong>K\u00edch th\u01b0\u1edbc th\u1ebb<\/strong>: 92 x 26mm<\/li>\n<li><strong>K\u00edch th\u01b0\u1edbc \u0103ng-ten<\/strong>: 70 x 17mm<\/li>\n<li><strong>B\u1ed9 nh\u1edb EPC<\/strong>: 128-bit<\/li>\n<li><strong>Kho\u1ea3ng c\u00e1ch \u0111\u1ecdc<\/strong>: Trung b\u00ecnh, 3-7 m\u00e9t<\/li>\n<li><strong>T\u00ednh th\u01b0\u1eddng xuy\u00ean<\/strong>: Ho\u1ea1t \u0111\u1ed9ng \u1edf t\u1ea7n s\u1ed1 860-960 MHz<\/li>\n<li><strong>Ngu\u1ed3n g\u1ed1c s\u1ea3n xu\u1ea5t<\/strong>: Qu\u1ea3ng \u0110\u00f4ng, Trung Qu\u1ed1c<\/li>\n<li><strong>T\u00ean th\u01b0\u01a1ng hi\u1ec7u<\/strong>: SX<\/li>\n<li><strong>S\u1ed1 m\u00f4 h\u00ecnh<\/strong>: SX-050<\/li>\n<\/ul>\n<p>C\u00e1c th\u00f4ng s\u1ed1 k\u1ef9 thu\u1eadt n\u00e0y l\u00e0m n\u1ed5i b\u1eadt thi\u1ebft k\u1ebf hi\u1ec7u su\u1ea5t cao v\u00e0 hi\u1ec7u qu\u1ea3 gi\u00fap Alien H9 tr\u1edf th\u00e0nh s\u1ea3n ph\u1ea9m d\u1eabn \u0111\u1ea7u th\u1ecb tr\u01b0\u1eddng.<\/p>\n<p>&nbsp;<\/p>\n<h2>Th\u00f4ng s\u1ed1 k\u1ef9 thu\u1eadt chi ti\u1ebft<\/h2>\n<table class=\"w-fit !mb-0 !max-w-none\" style=\"height: 196px;\" width=\"401\">\n<thead>\n<tr>\n<th>\u0110\u1eb7c \u0111i\u1ec3m k\u1ef9 thu\u1eadt<\/th>\n<th>Chi ti\u1ebft<\/th>\n<\/tr>\n<\/thead>\n<tbody>\n<tr>\n<td><strong>Ph\u01b0\u01a1ng th\u1ee9c giao ti\u1ebfp<\/strong><\/td>\n<td>RFID<\/td>\n<\/tr>\n<tr>\n<td><strong>Lo\u1ea1i th\u1ebb<\/strong><\/td>\n<td>\u0110\u1ecdc\/Ghi<\/td>\n<\/tr>\n<tr>\n<td><strong>Ho\u00e0n thi\u1ec7n b\u1ec1 m\u1eb7t<\/strong><\/td>\n<td>B\u00f3ng \/ M\u1edd<\/td>\n<\/tr>\n<tr>\n<td><strong>In \u1ea5n<\/strong><\/td>\n<td>In Offset cu\u1ed9n CMYK<\/td>\n<\/tr>\n<tr>\n<td><strong>K\u00edch th\u01b0\u1edbc g\u00f3i h\u00e0ng<\/strong><\/td>\n<td>20x10x1cm<\/td>\n<\/tr>\n<tr>\n<td><strong>T\u1ed5ng tr\u1ecdng l\u01b0\u1ee3ng<\/strong><\/td>\n<td>0,100kg<\/td>\n<\/tr>\n<\/tbody>\n<\/table>\n<p>&nbsp;<\/p>\n<h2>C\u00e2u h\u1ecfi th\u01b0\u1eddng g\u1eb7p v\u1ec1 nh\u00e3n d\u00e1n NFC RFID Alien H9<\/h2>\n<p><strong>C\u00e2u h\u1ecfi 1: Kho\u1ea3ng c\u00e1ch \u0111\u1ecdc l\u00e0 bao xa?<\/strong><br \/>\nA1: Kho\u1ea3ng c\u00e1ch \u0111\u1ecdc th\u01b0\u1eddng dao \u0111\u1ed9ng t\u1eeb\u00a0<strong>3 \u0111\u1ebfn 7 m\u00e9t<\/strong>, t\u00f9y thu\u1ed9c v\u00e0o \u0111i\u1ec1u ki\u1ec7n m\u00f4i tr\u01b0\u1eddng.<\/p>\n<p><strong>C\u00e2u h\u1ecfi 2: Nh\u00e3n d\u00e1n c\u00f3 th\u1ec3 t\u00f9y ch\u1ec9nh \u0111\u01b0\u1ee3c kh\u00f4ng?<\/strong><br \/>\nA2: C\u00f3, Alien H9 h\u1ed7 tr\u1ee3 t\u00f9y ch\u1ec9nh th\u00f4ng qua vi\u1ec7c in m\u00e3 v\u00e0 m\u00e3 h\u00f3a cho c\u00e1c \u1ee9ng d\u1ee5ng \u0111\u1ed9c \u0111\u00e1o.<\/p>","protected":false},"excerpt":{"rendered":"<p>Nh\u00e3n d\u00e1n NFC RFID Alien H9 \u0111\u01b0\u1ee3c thi\u1ebft k\u1ebf \u0111\u1ec3 c\u00f3 hi\u1ec7u su\u1ea5t t\u1ed1i \u01b0u v\u1edbi ph\u1ea1m vi \u0111\u1ecdc d\u00e0i, l\u00fd t\u01b0\u1edfng cho nhi\u1ec1u \u1ee9ng d\u1ee5ng kh\u00e1c nhau nh\u01b0 qu\u1ea3n l\u00fd h\u00e0ng t\u1ed3n kho v\u00e0 ki\u1ec3m so\u00e1t truy c\u1eadp an to\u00e0n. C\u1ea5u tr\u00fac b\u1ec1n b\u1ec9 \u0111\u1ea3m b\u1ea3o \u0111\u1ed9 tin c\u1eady trong nhi\u1ec1u m\u00f4i tr\u01b0\u1eddng kh\u00e1c nhau.<\/p>","protected":false},"featured_media":3558,"template":"","meta":[],"product_brand":[],"product_cat":[48],"product_tag":[],"class_list":{"0":"post-3553","1":"product","2":"type-product","3":"status-publish","4":"has-post-thumbnail","6":"product_cat-nfc-stickers","8":"first","9":"instock","10":"shipping-taxable","11":"product-type-simple"},"_links":{"self":[{"href":"https:\/\/nfc-readers.com\/vi\/wp-json\/wp\/v2\/product\/3553","targetHints":{"allow":["GET"]}}],"collection":[{"href":"https:\/\/nfc-readers.com\/vi\/wp-json\/wp\/v2\/product"}],"about":[{"href":"https:\/\/nfc-readers.com\/vi\/wp-json\/wp\/v2\/types\/product"}],"wp:featuredmedia":[{"embeddable":true,"href":"https:\/\/nfc-readers.com\/vi\/wp-json\/wp\/v2\/media\/3558"}],"wp:attachment":[{"href":"https:\/\/nfc-readers.com\/vi\/wp-json\/wp\/v2\/media?parent=3553"}],"wp:term":[{"taxonomy":"product_brand","embeddable":true,"href":"https:\/\/nfc-readers.com\/vi\/wp-json\/wp\/v2\/product_brand?post=3553"},{"taxonomy":"product_cat","embeddable":true,"href":"https:\/\/nfc-readers.com\/vi\/wp-json\/wp\/v2\/product_cat?post=3553"},{"taxonomy":"product_tag","embeddable":true,"href":"https:\/\/nfc-readers.com\/vi\/wp-json\/wp\/v2\/product_tag?post=3553"}],"curies":[{"name":"wp","href":"https:\/\/api.w.org\/{rel}","templated":true}]}}