{"id":3564,"date":"2024-11-06T13:06:22","date_gmt":"2024-11-06T13:06:22","guid":{"rendered":"https:\/\/nfc-readers.com\/?post_type=product&#038;p=3564"},"modified":"2024-11-14T14:59:24","modified_gmt":"2024-11-14T14:59:24","slug":"t5577-dia-25mm-coated-paper-programmable-flexible-rfid-tag","status":"publish","type":"product","link":"https:\/\/nfc-readers.com\/vi\/ic-reader\/t5577-dia-25mm-coated-paper-programmable-flexible-rfid-tag\/","title":{"rendered":"T5577 \u0110\u01b0\u1eddng k\u00ednh 25mm Gi\u1ea5y tr\u00e1ng ph\u1ee7 Th\u1ebb RFID linh ho\u1ea1t c\u00f3 th\u1ec3 l\u1eadp tr\u00ecnh"},"content":{"rendered":"<h1 style=\"text-align: center;\"><strong>T5577 \u0110\u01b0\u1eddng k\u00ednh 25mm Gi\u1ea5y tr\u00e1ng ph\u1ee7 Th\u1ebb RFID linh ho\u1ea1t c\u00f3 th\u1ec3 l\u1eadp tr\u00ecnh<\/strong><\/h1>\n<p>C\u00e1c <strong>Th\u1ebb RFID linh ho\u1ea1t c\u00f3 th\u1ec3 l\u1eadp tr\u00ecnh b\u1eb1ng gi\u1ea5y tr\u00e1ng ph\u1ee7 T5577 \u0111\u01b0\u1eddng k\u00ednh 25mm<\/strong>\u00a0l\u00e0 m\u1ed9t s\u1ea3n ph\u1ea9m \u0111\u00e1ng ch\u00fa \u00fd trong th\u1ebf gi\u1edbi c\u00f4ng ngh\u1ec7 NFC, \u0111\u01b0\u1ee3c thi\u1ebft k\u1ebf \u0111\u1ec3 n\u00e2ng cao c\u00e1c gi\u1ea3i ph\u00e1p b\u00e1n v\u00e9 v\u00e0 h\u1ee3p l\u00fd h\u00f3a quy tr\u00ecnh nh\u1eadn d\u1ea1ng trong nhi\u1ec1u ng\u00e0nh c\u00f4ng nghi\u1ec7p kh\u00e1c nhau.<\/p>\n<p>V\u1edbi chip T5577 ti\u00ean ti\u1ebfn \u0111\u01b0\u1ee3c nh\u00fang trong thi\u1ebft k\u1ebf linh ho\u1ea1t v\u00e0 b\u1ec1n b\u1ec9, th\u1ebb RFID n\u00e0y k\u1ebft h\u1ee3p ch\u1ee9c n\u0103ng v\u1edbi s\u1ef1 ti\u1ec7n l\u1ee3i. M\u00f4 t\u1ea3 n\u00e0y s\u1ebd h\u01b0\u1edbng d\u1eabn b\u1ea1n qua c\u00e1c l\u1ee3i \u00edch, t\u00ednh n\u0103ng, th\u00f4ng s\u1ed1 k\u1ef9 thu\u1eadt, v.v., n\u00eau b\u1eadt l\u00fd do t\u1ea1i sao th\u1ebb n\u00e0y l\u00e0 v\u1eadt d\u1ee5ng kh\u00f4ng th\u1ec3 thi\u1ebfu cho nhu c\u1ea7u kinh doanh ho\u1eb7c c\u00e1 nh\u00e2n c\u1ee7a b\u1ea1n.<\/p>\n<p>&nbsp;<\/p>\n<h3><strong>Giao di\u1ec7n truy\u1ec1n th\u00f4ng: RFID ho\u1ea1t \u0111\u1ed9ng nh\u01b0 th\u1ebf n\u00e0o<\/strong><\/h3>\n<p>\u0110\u01b0\u1ee3c trang b\u1ecb m\u1ed9t s\u1ee9c m\u1ea1nh\u00a0<strong>RFID<\/strong>\u00a0giao di\u1ec7n truy\u1ec1n th\u00f4ng, 12T5577 ho\u1ea1t \u0111\u1ed9ng \u1edf t\u1ea7n s\u1ed1\u00a0<strong>125KHz<\/strong>. \u0110i\u1ec1u n\u00e0y cho ph\u00e9p giao ti\u1ebfp gi\u1eefa th\u1ebb v\u00e0 c\u00e1c thi\u1ebft b\u1ecb ho\u1eb7c \u0111\u1ea7u \u0111\u1ecdc h\u1ed7 tr\u1ee3 NFC, t\u1ea1o \u0111i\u1ec1u ki\u1ec7n trao \u0111\u1ed5i d\u1eef li\u1ec7u nhanh ch\u00f3ng. Ch\u1ec9 c\u1ea7n ch\u1ea1m v\u00e0o\u00a0<strong>\u0110i\u1ec7n tho\u1ea1i di \u0111\u1ed9ng ho\u1eb7c thi\u1ebft b\u1ecb h\u1ed7 tr\u1ee3 NFC<\/strong>\u00a0v\u00e0o th\u1ebb \u0111\u1ec3 l\u1ea5y ho\u1eb7c ghi th\u00f4ng tin ngay l\u1eadp t\u1ee9c.<\/p>\n<p>&nbsp;<\/p>\n<p>&nbsp;<\/p>\n<h3><strong>C\u00e1c l\u0129nh v\u1ef1c \u1ee9ng d\u1ee5ng: T\u1eeb b\u00e1n v\u00e9 \u0111\u1ebfn qu\u1ea3n l\u00fd t\u00e0i s\u1ea3n<\/strong><\/h3>\n<p>Th\u1ebb RFID T5577 ch\u1ee7 y\u1ebfu \u0111\u01b0\u1ee3c thi\u1ebft k\u1ebf cho <strong>b\u00e1n v\u00e9<\/strong>\u00a0\u1ee9ng d\u1ee5ng nh\u01b0ng c\u00f3 th\u1ec3 \u0111\u01b0\u1ee3c s\u1eed d\u1ee5ng hi\u1ec7u qu\u1ea3 trong nhi\u1ec1u l\u0129nh v\u1ef1c bao g\u1ed3m qu\u1ea3n l\u00fd h\u00e0ng t\u1ed3n kho b\u00e1n l\u1ebb, h\u1ec7 th\u1ed1ng ki\u1ec3m so\u00e1t truy c\u1eadp v\u00e0 qu\u1ea3n l\u00fd s\u1ef1 ki\u1ec7n. Kh\u1ea3 n\u0103ng l\u1eadp tr\u00ecnh v\u00e0 ghi l\u1ea1i d\u1eef li\u1ec7u d\u1ec5 d\u00e0ng c\u1ee7a ch\u00fang khi\u1ebfn ch\u00fang c\u1ef1c k\u1ef3 h\u1eefu \u00edch trong m\u00f4i tr\u01b0\u1eddng n\u0103ng \u0111\u1ed9ng, n\u01a1i th\u00f4ng tin c\u1ea7n \u0111\u01b0\u1ee3c c\u1eadp nh\u1eadt th\u01b0\u1eddng xuy\u00ean.<\/p>\n<p>&nbsp;<\/p>\n<h3><strong>T\u1ea1i sao n\u00ean mua th\u1ebb RFID 12T5577?<\/strong><\/h3>\n<p>\u0110\u1ea7u t\u01b0 v\u00e0o\u00a0<strong>Th\u1ebb RFID 12T5577<\/strong>\u00a0c\u00f3 ngh\u0129a l\u00e0 l\u1ef1a ch\u1ecdn hi\u1ec7u qu\u1ea3, kh\u1ea3 n\u0103ng th\u00edch \u1ee9ng v\u00e0 \u0111\u1ed9 b\u1ec1n. Kh\u00f4ng gi\u1ed1ng nh\u01b0 c\u00e1c ph\u01b0\u01a1ng ph\u00e1p nh\u1eadn d\u1ea1ng truy\u1ec1n th\u1ed1ng, th\u1ebb RFID cung c\u1ea5p kh\u1ea3 n\u0103ng truy c\u1eadp d\u1eef li\u1ec7u nhanh ch\u00f3ng v\u00e0 c\u00f3 th\u1ec3 \u0111\u01b0\u1ee3c l\u1eadp tr\u00ecnh \u0111\u1ec3 l\u01b0u tr\u1eef nhi\u1ec1u lo\u1ea1i th\u00f4ng tin d\u1ec5 d\u00e0ng. \u0110\u1ed1i v\u1edbi c\u00e1c doanh nghi\u1ec7p tham gia v\u00e0o vi\u1ec7c b\u00e1n v\u00e9, qu\u1ea3n l\u00fd h\u00e0ng t\u1ed3n kho ho\u1eb7c nh\u1eadn d\u1ea1ng d\u1ecbch v\u1ee5, c\u00e1c th\u1ebb n\u00e0y \u0111\u01a1n gi\u1ea3n h\u00f3a ho\u1ea1t \u0111\u1ed9ng \u0111\u00e1ng k\u1ec3, gi\u1ea3m l\u1ed7i c\u1ee7a con ng\u01b0\u1eddi v\u00e0 n\u00e2ng cao tr\u1ea3i nghi\u1ec7m c\u1ee7a kh\u00e1ch h\u00e0ng.<\/p>\n<p>\u0110\u01b0\u1ee3c l\u00e0m t\u1eeb gi\u1ea5y tr\u00e1ng ph\u1ee7 c\u00f3 \u0111\u01b0\u1eddng k\u00ednh 25mm, th\u1ebb v\u1eeba nh\u1eb9 v\u1eeba linh ho\u1ea1t, l\u00fd t\u01b0\u1edfng cho nhi\u1ec1u \u1ee9ng d\u1ee5ng kh\u00e1c nhau, t\u1eeb x\u00e2y d\u1ef1ng th\u01b0\u01a1ng hi\u1ec7u \u0111\u1ebfn h\u1eadu c\u1ea7n. Ngo\u00e0i ra, s\u1ea3n ph\u1ea9m n\u00e0y c\u00f2n c\u00f3 c\u00e1c t\u00ednh n\u0103ng nh\u01b0 ch\u1ed1ng th\u1ea5m n\u01b0\u1edbc\/ch\u1ed1ng ch\u1ecbu th\u1eddi ti\u1ebft, ph\u1ea1m vi \u0111\u1ecdc d\u00e0i t\u1eeb 2 \u0111\u1ebfn 10 cm v\u00e0 chu k\u1ef3 vi\u1ebft l\u00ean \u0111\u1ebfn 100.000 l\u1ea7n, \u0111\u1ea3m b\u1ea3o \u0111\u1ed9 b\u1ec1n v\u00e0 hi\u1ec7u su\u1ea5t \u0111\u00e1ng tin c\u1eady.<\/p>\n<p>&nbsp;<\/p>\n<h3><strong>Th\u00f4ng s\u1ed1 k\u1ef9 thu\u1eadt<\/strong><\/h3>\n<table class=\"w-fit !mb-0 !max-w-none\" style=\"height: 285px;\" width=\"426\">\n<thead>\n<tr>\n<th><strong>\u0110\u1eb7c \u0111i\u1ec3m k\u1ef9 thu\u1eadt<\/strong><\/th>\n<th><strong>Chi ti\u1ebft<\/strong><\/th>\n<\/tr>\n<\/thead>\n<tbody>\n<tr>\n<td><strong>Chip<\/strong><\/td>\n<td>T5577<\/td>\n<\/tr>\n<tr>\n<td><strong>K\u00edch c\u1ee1<\/strong><\/td>\n<td>\u0110\u01b0\u1eddng k\u00ednh 25mm<\/td>\n<\/tr>\n<tr>\n<td><strong>V\u1eadt li\u1ec7u<\/strong><\/td>\n<td>Gi\u1ea5y tr\u00e1ng ph\u1ee7<\/td>\n<\/tr>\n<tr>\n<td><strong>B\u1ec1 m\u1eb7t<\/strong><\/td>\n<td>M\u1edd, B\u00f3ng, M\u1edd<\/td>\n<\/tr>\n<tr>\n<td><strong>Ph\u1ea1m vi \u0111\u1ecdc<\/strong><\/td>\n<td>2-10 cm<\/td>\n<\/tr>\n<tr>\n<td><strong>Giao th\u1ee9c<\/strong><\/td>\n<td>Ti\u00eau chu\u1ea9n ISO11784\/11785<\/td>\n<\/tr>\n<tr>\n<td><strong>Chu k\u1ef3 vi\u1ebft<\/strong><\/td>\n<td>100.000 l\u1ea7n<\/td>\n<\/tr>\n<tr>\n<td><strong>Nhi\u1ec7t \u0111\u1ed9 ho\u1ea1t \u0111\u1ed9ng<\/strong><\/td>\n<td>20~+80\u00b0C<\/td>\n<\/tr>\n<tr>\n<td><strong>Ngu\u1ed3n g\u1ed1c<\/strong><\/td>\n<td>Qu\u1ea3ng \u0110\u00f4ng, Trung Qu\u1ed1c<\/td>\n<\/tr>\n<tr>\n<td><strong>T\u00f9y ch\u1ecdn in<\/strong><\/td>\n<td>In l\u1ee5a\/Offset 4C<\/td>\n<\/tr>\n<\/tbody>\n<\/table>\n<p>&nbsp;<\/p>\n<h2><strong>Nh\u1eefng c\u00e2u h\u1ecfi th\u01b0\u1eddng g\u1eb7p (FAQ)<\/strong><\/h2>\n<h3><strong>1. C\u00f4ng ngh\u1ec7 NFC v\u00e0 RFID l\u00e0 g\u00ec?<\/strong><\/h3>\n<p><strong>NFC (Giao ti\u1ebfp t\u1ea7m g\u1ea7n)<\/strong>\u00a0V\u00e0\u00a0<strong>RFID (Nh\u1eadn d\u1ea1ng t\u1ea7n s\u1ed1 v\u00f4 tuy\u1ebfn)<\/strong>\u00a0l\u00e0 c\u00f4ng ngh\u1ec7 truy\u1ec1n th\u00f4ng kh\u00f4ng d\u00e2y cho ph\u00e9p c\u00e1c thi\u1ebft b\u1ecb trao \u0111\u1ed5i d\u1eef li\u1ec7u trong kho\u1ea3ng c\u00e1ch ng\u1eafn. NFC th\u01b0\u1eddng \u0111\u01b0\u1ee3c s\u1eed d\u1ee5ng \u0111\u1ec3 thanh to\u00e1n di \u0111\u1ed9ng v\u00e0 truy\u1ec1n d\u1eef li\u1ec7u, trong khi RFID th\u01b0\u1eddng \u0111\u01b0\u1ee3c s\u1eed d\u1ee5ng \u0111\u1ec3 theo d\u00f5i v\u00e0 qu\u1ea3n l\u00fd h\u00e0ng t\u1ed3n kho.<\/p>\n<h3><strong>2. L\u00e0m th\u1ebf n\u00e0o \u0111\u1ec3 l\u1eadp tr\u00ecnh th\u1ebb RFID T5577?<\/strong><\/h3>\n<p>\u0110\u1ec3 l\u1eadp tr\u00ecnh Th\u1ebb RFID 12T5577, b\u1ea1n c\u1ea7n m\u1ed9t thi\u1ebft b\u1ecb h\u1ed7 tr\u1ee3 NFC v\u00e0 m\u1ed9t \u1ee9ng d\u1ee5ng t\u01b0\u01a1ng th\u00edch. Ch\u1ec9 c\u1ea7n t\u1ea3i xu\u1ed1ng \u1ee9ng d\u1ee5ng ghi NFC, m\u1edf \u1ee9ng d\u1ee5ng \u0111\u00f3 v\u00e0 l\u00e0m theo l\u1eddi nh\u1eafc \u0111\u1ec3 nh\u1eadp d\u1eef li\u1ec7u b\u1ea1n mu\u1ed1n l\u01b0u tr\u1eef tr\u00ean th\u1ebb. Sau khi d\u1eef li\u1ec7u \u0111\u01b0\u1ee3c l\u1eadp tr\u00ecnh, th\u1ebb c\u00f3 th\u1ec3 \u0111\u01b0\u1ee3c \u0111\u1ecdc b\u1edfi b\u1ea5t k\u1ef3 thi\u1ebft b\u1ecb h\u1ed7 tr\u1ee3 NFC n\u00e0o.<\/p>\n<h3><strong>3. Ph\u1ea1m vi \u0111\u1ecdc c\u1ee7a th\u1ebb RFID T5577 l\u00e0 bao nhi\u00eau?<\/strong><\/h3>\n<p>Ph\u1ea1m vi \u0111\u1ecdc cho Th\u1ebb RFID 12T5577 l\u00e0\u00a0<strong>2 \u0111\u1ebfn 10 cm<\/strong>. Ph\u1ea1m vi n\u00e0y l\u00e0 t\u1ed1i \u01b0u cho h\u1ea7u h\u1ebft c\u00e1c \u1ee9ng d\u1ee5ng, cho ph\u00e9p trao \u0111\u1ed5i d\u1eef li\u1ec7u nhanh ch\u00f3ng v\u00e0 hi\u1ec7u qu\u1ea3 m\u00e0 kh\u00f4ng c\u1ea7n ti\u1ebfp x\u00fac v\u1eadt l\u00fd.<\/p>\n<h3><strong>4. Nh\u1eefng th\u1ebb n\u00e0y c\u00f3 ch\u1ed1ng th\u1ea5m n\u01b0\u1edbc kh\u00f4ng?<\/strong><\/h3>\n<p>C\u00f3, Th\u1ebb RFID T5577 \u0111\u01b0\u1ee3c thi\u1ebft k\u1ebf ch\u1ed1ng th\u1ea5m n\u01b0\u1edbc\/ch\u1ed1ng ch\u1ecbu th\u1eddi ti\u1ebft, ph\u00f9 h\u1ee3p cho c\u1ea3 \u1ee9ng d\u1ee5ng trong nh\u00e0 v\u00e0 ngo\u00e0i tr\u1eddi. Ch\u00fang c\u00f3 th\u1ec3 ch\u1ecbu \u0111\u01b0\u1ee3c \u0111\u1ed9 \u1ea9m v\u00e0 nhi\u1ec1u \u0111i\u1ec1u ki\u1ec7n m\u00f4i tr\u01b0\u1eddng kh\u00e1c nhau.<\/p>","protected":false},"excerpt":{"rendered":"<p>C\u00e1c <strong>Th\u1ebb RFID linh ho\u1ea1t c\u00f3 th\u1ec3 l\u1eadp tr\u00ecnh b\u1eb1ng gi\u1ea5y tr\u00e1ng ph\u1ee7 T5577 \u0111\u01b0\u1eddng k\u00ednh 25mm<\/strong>\u00a0l\u00e0 gi\u1ea3i ph\u00e1p linh ho\u1ea1t v\u00e0 b\u1ec1n b\u1ec9 \u0111\u1ec3 l\u01b0u tr\u1eef v\u00e0 truy xu\u1ea5t d\u1eef li\u1ec7u hi\u1ec7u qu\u1ea3, l\u00fd t\u01b0\u1edfng cho vi\u1ec7c qu\u1ea3n l\u00fd v\u00e9 v\u00e0 h\u00e0ng t\u1ed3n kho. Thi\u1ebft k\u1ebf ch\u1ed1ng th\u1ea5m n\u01b0\u1edbc, k\u1ebft h\u1ee3p v\u1edbi kh\u1ea3 n\u0103ng d\u1ec5 d\u00e0ng l\u1eadp tr\u00ecnh v\u00e0 t\u00f9y ch\u1ec9nh, khi\u1ebfn \u0111\u00e2y tr\u1edf th\u00e0nh l\u1ef1a ch\u1ecdn \u0111\u00e1ng tin c\u1eady cho nhi\u1ec1u \u1ee9ng d\u1ee5ng.<\/p>","protected":false},"featured_media":3565,"template":"","meta":[],"product_brand":[],"product_cat":[47],"product_tag":[],"class_list":{"0":"post-3564","1":"product","2":"type-product","3":"status-publish","4":"has-post-thumbnail","6":"product_cat-nfc-tags","8":"first","9":"instock","10":"shipping-taxable","11":"product-type-simple"},"_links":{"self":[{"href":"https:\/\/nfc-readers.com\/vi\/wp-json\/wp\/v2\/product\/3564","targetHints":{"allow":["GET"]}}],"collection":[{"href":"https:\/\/nfc-readers.com\/vi\/wp-json\/wp\/v2\/product"}],"about":[{"href":"https:\/\/nfc-readers.com\/vi\/wp-json\/wp\/v2\/types\/product"}],"wp:featuredmedia":[{"embeddable":true,"href":"https:\/\/nfc-readers.com\/vi\/wp-json\/wp\/v2\/media\/3565"}],"wp:attachment":[{"href":"https:\/\/nfc-readers.com\/vi\/wp-json\/wp\/v2\/media?parent=3564"}],"wp:term":[{"taxonomy":"product_brand","embeddable":true,"href":"https:\/\/nfc-readers.com\/vi\/wp-json\/wp\/v2\/product_brand?post=3564"},{"taxonomy":"product_cat","embeddable":true,"href":"https:\/\/nfc-readers.com\/vi\/wp-json\/wp\/v2\/product_cat?post=3564"},{"taxonomy":"product_tag","embeddable":true,"href":"https:\/\/nfc-readers.com\/vi\/wp-json\/wp\/v2\/product_tag?post=3564"}],"curies":[{"name":"wp","href":"https:\/\/api.w.org\/{rel}","templated":true}]}}