{"id":3571,"date":"2024-11-06T13:14:59","date_gmt":"2024-11-06T13:14:59","guid":{"rendered":"https:\/\/nfc-readers.com\/?post_type=product&#038;p=3571"},"modified":"2024-11-06T13:14:59","modified_gmt":"2024-11-06T13:14:59","slug":"factory-wholesale-roll-rfid-sticker-nfc-30mm-25mm","status":"publish","type":"product","link":"https:\/\/nfc-readers.com\/vi\/ic-reader\/factory-wholesale-roll-rfid-sticker-nfc-30mm-25mm\/","title":{"rendered":"Nh\u00e0 m\u00e1y b\u00e1n bu\u00f4n Cu\u1ed9n RFID Nh\u00e3n d\u00e1n NFC 30mm 25mm"},"content":{"rendered":"<h1 style=\"text-align: center;\"><strong>Nh\u00e0 m\u00e1y b\u00e1n bu\u00f4n Cu\u1ed9n RFID Nh\u00e3n d\u00e1n NFC 30mm 25mm<\/strong><\/h1>\n<p>C\u00e1c <strong>Nh\u00e0 m\u00e1y b\u00e1n bu\u00f4n cu\u1ed9n nh\u00e3n d\u00e1n RFID NFC<\/strong>, c\u00f3 s\u1eb5n \u1edf c\u00e1c k\u00edch th\u01b0\u1edbc 30mm v\u00e0 25mm, l\u00e0 gi\u1ea3i ph\u00e1p g\u1eafn th\u1ebb ti\u00ean ti\u1ebfn h\u00e0ng \u0111\u1ea7u. \u0110\u01b0\u1ee3c trang b\u1ecb chip NXP NTAG213 ti\u00ean ti\u1ebfn, c\u00e1c nh\u00e3n d\u00e1n NFC n\u00e0y mang l\u1ea1i t\u00ednh linh ho\u1ea1t \u0111\u00e1ng k\u1ec3 cho vi\u1ec7c nh\u1eadn d\u1ea1ng, ki\u1ec3m so\u00e1t truy c\u1eadp v\u00e0 t\u01b0\u01a1ng t\u00e1c s\u1ea3n ph\u1ea9m. \u0110\u01b0\u1ee3c thi\u1ebft k\u1ebf v\u1edbi hi\u1ec7u su\u1ea5t t\u1ed1i \u01b0u, c\u00e1c nh\u00e3n d\u00e1n n\u00e0y \u0111\u1ea3m b\u1ea3o giao ti\u1ebfp li\u1ec1n m\u1ea1ch gi\u1eefa c\u00e1c thi\u1ebft b\u1ecb, khi\u1ebfn ch\u00fang tr\u1edf th\u00e0nh c\u00f4ng c\u1ee5 kh\u00f4ng th\u1ec3 thi\u1ebfu \u0111\u1ed1i v\u1edbi c\u00e1c doanh nghi\u1ec7p mu\u1ed1n n\u00e2ng cao hi\u1ec7u qu\u1ea3 ho\u1ea1t \u0111\u1ed9ng. H\u00e3y ch\u1ecdn s\u1ea3n ph\u1ea9m ch\u1ea5t l\u01b0\u1ee3ng cao n\u00e0y v\u00e0 m\u1edf ra c\u00e1nh c\u1eeda \u0111\u1ebfn m\u1ed9t l\u0129nh v\u1ef1c m\u1edbi v\u1ec1 kh\u1ea3 n\u0103ng trong c\u00f4ng ngh\u1ec7 NFC v\u00e0 c\u00e1c gi\u1ea3i ph\u00e1p RFID.<\/p>\n<p>&nbsp;<\/p>\n<h3><span style=\"font-size: 80%;\"><strong>L\u1ee3i \u00edch c\u1ee7a s\u1ea3n ph\u1ea9m: T\u1ea1i sao b\u1ea1n n\u00ean mua nh\u00e3n d\u00e1n NFC c\u1ee7a ch\u00fang t\u00f4i<\/strong><\/span><\/h3>\n<ol>\n<li><strong>C\u00f4ng ngh\u1ec7 ti\u00ean ti\u1ebfn<\/strong>:S\u1eed d\u1ee5ng chip NTAG213 hi\u1ec7n \u0111\u1ea1i v\u00e0 tu\u00e2n th\u1ee7 giao th\u1ee9c ISO 14443A, nh\u1eefng nh\u00e3n d\u00e1n n\u00e0y \u0111\u1ea3m b\u1ea3o giao di\u1ec7n truy\u1ec1n th\u00f4ng m\u1ea1nh m\u1ebd th\u00f4ng qua c\u00f4ng ngh\u1ec7 RFID v\u00e0 NFC.<\/li>\n<li><strong>\u0110\u1ed9 b\u1ec1n v\u00e0 t\u00ednh linh ho\u1ea1t<\/strong>:T\u00ednh n\u0103ng ch\u1ed1ng th\u1ea5m n\u01b0\u1edbc v\u00e0 ch\u1ecbu \u0111\u01b0\u1ee3c th\u1eddi ti\u1ebft c\u1ee7a nh\u00e3n d\u00e1n RFID \u0111\u1ea3m b\u1ea3o ch\u00fang c\u00f3 th\u1ec3 ch\u1ecbu \u0111\u01b0\u1ee3c c\u00e1c \u0111i\u1ec1u ki\u1ec7n kh\u1eafc nghi\u1ec7t c\u1ee7a m\u00f4i tr\u01b0\u1eddng, ph\u00f9 h\u1ee3p cho c\u1ea3 \u1ee9ng d\u1ee5ng trong nh\u00e0 v\u00e0 ngo\u00e0i tr\u1eddi.<\/li>\n<li><strong>Hi\u1ec7u su\u1ea5t cao<\/strong>:V\u1edbi kho\u1ea3ng c\u00e1ch \u0111\u1ecdc t\u1eeb 1-10 cm, nh\u1eefng mi\u1ebfng d\u00e1n NFC n\u00e0y cung c\u1ea5p ph\u1ea1m vi \u0111\u00e1ng tin c\u1eady \u0111\u1ec3 truy\u1ec1n d\u1eef li\u1ec7u v\u00e0 li\u00ean l\u1ea1c hi\u1ec7u qu\u1ea3.<\/li>\n<li><strong>T\u00f9y ch\u1ecdn t\u00f9y ch\u1ec9nh<\/strong>: C\u00f3 nhi\u1ec1u k\u00edch c\u1ee1 kh\u00e1c nhau v\u00e0 h\u00ecnh in t\u00f9y ch\u1ec9nh, nh\u1eefng nh\u00e3n d\u00e1n n\u00e0y c\u00f3 th\u1ec3 \u0111\u01b0\u1ee3c \u0111i\u1ec1u ch\u1ec9nh \u0111\u1ec3 \u0111\u00e1p \u1ee9ng nhu c\u1ea7u v\u1eadn h\u00e0nh v\u00e0 x\u00e2y d\u1ef1ng th\u01b0\u01a1ng hi\u1ec7u c\u1ee5 th\u1ec3.<\/li>\n<li><strong>Hi\u1ec7u qu\u1ea3 v\u1ec1 chi ph\u00ed<\/strong>:Gi\u00e1 b\u00e1n bu\u00f4n t\u1ea1i nh\u00e0 m\u00e1y \u0111\u1ea3m b\u1ea3o r\u1eb1ng c\u00e1c doanh nghi\u1ec7p \u1edf m\u1ecdi quy m\u00f4 \u0111\u1ec1u c\u00f3 th\u1ec3 mua \u0111\u01b0\u1ee3c c\u00f4ng ngh\u1ec7 ch\u1ea5t l\u01b0\u1ee3ng cao n\u00e0y m\u00e0 kh\u00f4ng ph\u1ea3i t\u1ed1n qu\u00e1 nhi\u1ec1u chi ph\u00ed.<\/li>\n<\/ol>\n<p>&nbsp;<\/p>\n<h3>Nh\u1eefng c\u00e2u h\u1ecfi th\u01b0\u1eddng g\u1eb7p (FAQ)<\/h3>\n<h4>C\u00e2u h\u1ecfi 1: Nh\u1eefng mi\u1ebfng d\u00e1n n\u00e0y c\u00f3 ch\u1ed1ng th\u1ea5m n\u01b0\u1edbc kh\u00f4ng?<\/h4>\n<p><strong>A1<\/strong>: C\u00f3! Nh\u00e3n d\u00e1n NFC c\u1ee7a ch\u00fang t\u00f4i kh\u00f4ng th\u1ea5m n\u01b0\u1edbc v\u00e0 ch\u1ecbu \u0111\u01b0\u1ee3c th\u1eddi ti\u1ebft, \u0111\u1ea3m b\u1ea3o \u0111\u1ed9 b\u1ec1n trong nhi\u1ec1u m\u00f4i tr\u01b0\u1eddng kh\u00e1c nhau.<\/p>\n<h4>C\u00e2u h\u1ecfi 2: T\u00f4i c\u00f3 th\u1ec3 in logo t\u00f9y ch\u1ec9nh l\u00ean nh\u1eefng nh\u00e3n d\u00e1n n\u00e0y kh\u00f4ng?<\/h4>\n<p><strong>A2<\/strong>: Ho\u00e0n to\u00e0n \u0111\u00fang! Ch\u00fang t\u00f4i cung c\u1ea5p nhi\u1ec1u t\u00f9y ch\u1ecdn in \u1ea5n kh\u00e1c nhau, bao g\u1ed3m in CMYK 4C, \u0111\u1ec3 gi\u00fap b\u1ea1n t\u1ea1o ra c\u00e1c y\u1ebfu t\u1ed1 th\u01b0\u01a1ng hi\u1ec7u \u0111\u1eb7c bi\u1ec7t tr\u00ean nh\u00e3n d\u00e1n c\u1ee7a m\u00ecnh.<\/p>\n<h4>C\u00e2u h\u1ecfi 3: Thi\u1ebft b\u1ecb n\u00e0o t\u01b0\u01a1ng th\u00edch v\u1edbi nh\u00e3n d\u00e1n NFC c\u1ee7a b\u1ea1n?<\/h4>\n<p><strong>A3<\/strong>: Nh\u00e3n d\u00e1n c\u1ee7a ch\u00fang t\u00f4i t\u01b0\u01a1ng th\u00edch v\u1edbi b\u1ea5t k\u1ef3\u00a0<strong>\u0110i\u1ec7n tho\u1ea1i th\u00f4ng minh ho\u1eb7c thi\u1ebft b\u1ecb h\u1ed7 tr\u1ee3 NFC<\/strong>, bao g\u1ed3m c\u00e1c s\u1ea3n ph\u1ea9m Android v\u00e0 iOS.<\/p>\n<p>&nbsp;<\/p>\n<h3>T\u00f9y ch\u1ecdn k\u00edch th\u01b0\u1edbc: 30mm v\u00e0 25mm<\/h3>\n<p>C\u00f3 s\u1eb5n hai k\u00edch th\u01b0\u1edbc n\u1ed5i b\u1eadt,\u00a0<strong>30mm<\/strong>\u00a0V\u00e0\u00a0<strong>25mm<\/strong>, \u0111\u00e1p \u1ee9ng nhu c\u1ea7u \u0111a d\u1ea1ng c\u1ee7a nhi\u1ec1u ng\u00e0nh c\u00f4ng nghi\u1ec7p. C\u1ea3 hai k\u00edch th\u01b0\u1edbc \u0111\u1ec1u d\u1ec5 d\u00e1n v\u00e0 c\u00f3 th\u1ec3 d\u00e1n l\u00ean s\u1ea3n ph\u1ea9m, bao b\u00ec ho\u1eb7c th\u1eadm ch\u00ed l\u00e0 t\u00e0i li\u1ec7u m\u00e0 kh\u00f4ng \u1ea3nh h\u01b0\u1edfng \u0111\u1ebfn ch\u1ee9c n\u0103ng. B\u1ea3n ch\u1ea5t nh\u1ecf g\u1ecdn c\u1ee7a nh\u1eefng mi\u1ebfng d\u00e1n n\u00e0y \u0111\u1ea3m b\u1ea3o ch\u00fang c\u00f3 th\u1ec3 v\u1eeba v\u1eb7n m\u00e0 kh\u00f4ng c\u1ea3n tr\u1edf t\u00ednh th\u1ea9m m\u1ef9 t\u1ed5ng th\u1ec3 c\u1ee7a s\u1ea3n ph\u1ea9m m\u00e0 ch\u00fang \u0111\u01b0\u1ee3c d\u00e1n v\u00e0o.<\/p>\n<p>&nbsp;<\/p>\n<h3>\u1ee8ng d\u1ee5ng th\u1ef1c t\u1ebf c\u1ee7a nh\u00e3n d\u00e1n RFID c\u1ee7a ch\u00fang t\u00f4i<\/h3>\n<p>T\u1eeb h\u1ec7 th\u1ed1ng ki\u1ec3m so\u00e1t truy c\u1eadp \u0111\u1ebfn x\u00e1c minh s\u1ea3n ph\u1ea9m,\u00a0<strong>\u1ee9ng d\u1ee5ng<\/strong>\u00a0c\u1ee7a ch\u00fang t\u00f4i\u00a0<strong>Nh\u00e3n d\u00e1n RFID<\/strong>\u00a0r\u1ea5t r\u1ed9ng. C\u00e1c doanh nghi\u1ec7p c\u00f3 th\u1ec3 t\u0103ng c\u01b0\u1eddng t\u01b0\u01a1ng t\u00e1c v\u1edbi kh\u00e1ch h\u00e0ng b\u1eb1ng c\u00e1ch nh\u00fang n\u1ed9i dung k\u1ef9 thu\u1eadt s\u1ed1 ho\u1eb7c li\u00ean k\u1ebft v\u00e0o nh\u00e3n d\u00e1n, gi\u00fap kh\u00e1ch h\u00e0ng d\u1ec5 d\u00e0ng truy c\u1eadp v\u00e0o c\u00e1c ch\u01b0\u01a1ng tr\u00ecnh khuy\u1ebfn m\u1ea1i, th\u00f4ng tin b\u1ed5 sung ho\u1eb7c th\u1eadm ch\u00ed l\u00e0 tr\u1ea3i nghi\u1ec7m \u0111a ph\u01b0\u01a1ng ti\u1ec7n l\u00e0m phong ph\u00fa th\u00eam h\u00e0nh tr\u00ecnh c\u1ee7a h\u1ecd. C\u00e1c ng\u00e0nh nh\u01b0 b\u00e1n l\u1ebb, h\u1eadu c\u1ea7n v\u00e0 ch\u0103m s\u00f3c s\u1ee9c kh\u1ecfe c\u00f3 th\u1ec3 h\u01b0\u1edfng l\u1ee3i \u0111\u00e1ng k\u1ec3 t\u1eeb nh\u1eefng nh\u00e3n d\u00e1n \u0111a n\u0103ng n\u00e0y.<\/p>","protected":false},"excerpt":{"rendered":"<p>Gi\u1edbi thi\u1ec7u nh\u00e3n d\u00e1n RFID d\u1ea1ng cu\u1ed9n b\u00e1n bu\u00f4n t\u1ea1i nh\u00e0 m\u00e1y c\u1ee7a ch\u00fang t\u00f4i, c\u00f3 s\u1eb5n \u1edf k\u00edch th\u01b0\u1edbc 30mm v\u00e0 25mm. Nh\u1eefng nh\u00e3n d\u00e1n b\u1ec1n, c\u00f3 th\u1ec3 t\u00f9y ch\u1ec9nh n\u00e0y cho ph\u00e9p giao ti\u1ebfp NFC li\u1ec1n m\u1ea1ch cho nhi\u1ec1u \u1ee9ng d\u1ee5ng kh\u00e1c nhau.<\/p>","protected":false},"featured_media":3572,"template":"","meta":[],"product_brand":[],"product_cat":[48],"product_tag":[],"class_list":{"0":"post-3571","1":"product","2":"type-product","3":"status-publish","4":"has-post-thumbnail","6":"product_cat-nfc-stickers","8":"first","9":"instock","10":"shipping-taxable","11":"product-type-simple"},"_links":{"self":[{"href":"https:\/\/nfc-readers.com\/vi\/wp-json\/wp\/v2\/product\/3571","targetHints":{"allow":["GET"]}}],"collection":[{"href":"https:\/\/nfc-readers.com\/vi\/wp-json\/wp\/v2\/product"}],"about":[{"href":"https:\/\/nfc-readers.com\/vi\/wp-json\/wp\/v2\/types\/product"}],"wp:featuredmedia":[{"embeddable":true,"href":"https:\/\/nfc-readers.com\/vi\/wp-json\/wp\/v2\/media\/3572"}],"wp:attachment":[{"href":"https:\/\/nfc-readers.com\/vi\/wp-json\/wp\/v2\/media?parent=3571"}],"wp:term":[{"taxonomy":"product_brand","embeddable":true,"href":"https:\/\/nfc-readers.com\/vi\/wp-json\/wp\/v2\/product_brand?post=3571"},{"taxonomy":"product_cat","embeddable":true,"href":"https:\/\/nfc-readers.com\/vi\/wp-json\/wp\/v2\/product_cat?post=3571"},{"taxonomy":"product_tag","embeddable":true,"href":"https:\/\/nfc-readers.com\/vi\/wp-json\/wp\/v2\/product_tag?post=3571"}],"curies":[{"name":"wp","href":"https:\/\/api.w.org\/{rel}","templated":true}]}}