{"id":3578,"date":"2024-11-06T13:26:21","date_gmt":"2024-11-06T13:26:21","guid":{"rendered":"https:\/\/nfc-readers.com\/?post_type=product&#038;p=3578"},"modified":"2024-11-06T13:26:21","modified_gmt":"2024-11-06T13:26:21","slug":"nfc-sticker-manufacturer-customize-anti-counterfeiting-label","status":"publish","type":"product","link":"https:\/\/nfc-readers.com\/vi\/ic-reader\/nfc-sticker-manufacturer-customize-anti-counterfeiting-label\/","title":{"rendered":"Nh\u00e0 s\u1ea3n xu\u1ea5t nh\u00e3n d\u00e1n NFC t\u00f9y ch\u1ec9nh nh\u00e3n ch\u1ed1ng h\u00e0ng gi\u1ea3"},"content":{"rendered":"<h1 style=\"text-align: center;\"><strong>Nh\u00e0 s\u1ea3n xu\u1ea5t nh\u00e3n d\u00e1n NFC t\u00f9y ch\u1ec9nh nh\u00e3n ch\u1ed1ng h\u00e0ng gi\u1ea3<\/strong><\/h1>\n<p>&nbsp;<\/p>\n<p>Trong th\u1eddi \u0111\u1ea1i k\u1ef9 thu\u1eadt s\u1ed1 ng\u00e0y nay, nhu c\u1ea7u v\u1ec1 c\u00e1c gi\u1ea3i ph\u00e1p x\u00e2y d\u1ef1ng th\u01b0\u01a1ng hi\u1ec7u an to\u00e0n v\u00e0 \u0111\u00e1ng tin c\u1eady ch\u01b0a bao gi\u1edd c\u1ea5p thi\u1ebft h\u01a1n th\u1ebf. <strong>Nh\u00e3n d\u00e1n NFC<\/strong>, \u0111\u01b0\u1ee3c thi\u1ebft k\u1ebf \u0111\u1eb7c bi\u1ec7t cho c\u00e1c \u1ee9ng d\u1ee5ng ch\u1ed1ng h\u00e0ng gi\u1ea3, cung c\u1ea5p m\u1ed9t c\u00e1ch th\u1ee9c mang t\u00ednh c\u00e1ch m\u1ea1ng \u0111\u1ec3 \u0111\u1ea3m b\u1ea3o t\u00ednh x\u00e1c th\u1ef1c c\u1ee7a s\u1ea3n ph\u1ea9m v\u00e0 t\u0103ng c\u01b0\u1eddng l\u00f2ng tin c\u1ee7a kh\u00e1ch h\u00e0ng. \u0110\u01b0\u1ee3c thi\u1ebft k\u1ebf ri\u00eang v\u00e0 t\u00f9y ch\u1ec9nh cho nhi\u1ec1u m\u1ee5c \u0111\u00edch s\u1eed d\u1ee5ng,\u00a0<strong>Th\u1ebb NFC<\/strong>\u00a0kh\u00f4ng ch\u1ec9 l\u00e0 nh\u00e3n d\u00e1n; ch\u00fang l\u00e0 ch\u1eef k\u00fd b\u1ea3o m\u1eadt c\u00f3 th\u1ec3 \u0111\u01b0\u1ee3c t\u00edch h\u1ee3p li\u1ec1n m\u1ea1ch v\u00e0o doanh nghi\u1ec7p c\u1ee7a b\u1ea1n. S\u1eed d\u1ee5ng c\u00f4ng ngh\u1ec7 ti\u00ean ti\u1ebfn nh\u01b0\u00a0<strong>Th\u1ebb NFC DNA NTAG 424<\/strong>Nh\u1eefng nh\u00e3n d\u00e1n n\u00e0y cung c\u1ea5p nhi\u1ec1u t\u00ednh n\u0103ng kh\u00f4ng ch\u1ec9 b\u1ea3o v\u1ec7 s\u1ea3n ph\u1ea9m c\u1ee7a b\u1ea1n m\u00e0 c\u00f2n thu h\u00fat kh\u00e1ch h\u00e0ng theo nh\u1eefng c\u00e1ch m\u1edbi m\u1ebb v\u00e0 s\u00e1ng t\u1ea1o.<\/p>\n<p>&nbsp;<\/p>\n<p><strong>T\u1ea1i sao n\u00ean mua nh\u00e3n d\u00e1n NFC?<\/strong><br \/>\n\u0110\u1ea7u t\u01b0 v\u00e0o nh\u00e3n d\u00e1n NFC t\u1eeb nh\u00e0 s\u1ea3n xu\u1ea5t c\u1ee7a ch\u00fang t\u00f4i c\u00f3 ngh\u0129a l\u00e0 b\u1ea3o v\u1ec7 th\u01b0\u01a1ng hi\u1ec7u c\u1ee7a b\u1ea1n kh\u1ecfi h\u00e0ng gi\u1ea3 trong khi v\u1eabn mang l\u1ea1i tr\u1ea3i nghi\u1ec7m t\u01b0\u01a1ng t\u00e1c cho kh\u00e1ch h\u00e0ng c\u1ee7a b\u1ea1n. Vi\u1ec7c s\u1eed d\u1ee5ng hi\u1ec7u su\u1ea5t cao <strong>RFID v\u00e0 NFC<\/strong>\u00a0c\u00f4ng ngh\u1ec7 \u0111\u1ea3m b\u1ea3o r\u1eb1ng m\u1ed7i nh\u00e3n d\u00e1n ho\u1ea1t \u0111\u1ed9ng nh\u01b0 m\u1ed9t m\u00e3 \u0111\u1ecbnh danh duy nh\u1ea5t, kh\u00f4ng ch\u1ec9 t\u0103ng c\u01b0\u1eddng t\u00ednh b\u1ea3o m\u1eadt m\u00e0 c\u00f2n t\u0103ng c\u01b0\u1eddng tr\u1ea3i nghi\u1ec7m th\u01b0\u01a1ng hi\u1ec7u t\u1ed5ng th\u1ec3. \u0110\u00e2y kh\u00f4ng ch\u1ec9 l\u00e0 nh\u00e3n d\u00e1n; ch\u00fang l\u00e0 c\u00f4ng c\u1ee5 m\u1ea1nh m\u1ebd \u0111\u1ec3 x\u00e2y d\u1ef1ng l\u00f2ng tin c\u1ee7a ng\u01b0\u1eddi ti\u00eau d\u00f9ng.<\/p>\n<p>&nbsp;<\/p>\n<h3>T\u00ednh n\u0103ng \u0111\u1eb7c bi\u1ec7t c\u1ee7a nh\u00e3n d\u00e1n NFC<\/h3>\n<p>Nh\u00e3n d\u00e1n NFC \u0111\u01b0\u1ee3c t\u00edch h\u1ee3p nhi\u1ec1u t\u00ednh n\u0103ng khi\u1ebfn ch\u00fang tr\u1edf th\u00e0nh l\u1ef1a ch\u1ecdn tuy\u1ec7t v\u1eddi cho c\u00e1c \u1ee9ng d\u1ee5ng ch\u1ed1ng h\u00e0ng gi\u1ea3. T\u1eeb c\u00e1c t\u00f9y ch\u1ecdn t\u00f9y ch\u1ec9nh \u0111\u1ebfn nhi\u1ec1u k\u00edch c\u1ee1 v\u00e0 h\u00ecnh d\u1ea1ng kh\u00e1c nhau, nh\u1eefng nh\u00e3n d\u00e1n n\u00e0y k\u1ebft h\u1ee3p ch\u1ee9c n\u0103ng v\u1edbi giao di\u1ec7n th\u00e2n thi\u1ec7n v\u1edbi ng\u01b0\u1eddi d\u00f9ng.<\/p>\n<h3>Giao di\u1ec7n truy\u1ec1n th\u00f4ng: RFID v\u00e0 NFC<\/h3>\n<p>Kh\u00e1m ph\u00e1 s\u1ef1 t\u00edch h\u1ee3p li\u1ec1n m\u1ea1ch c\u1ee7a\u00a0<strong>RFID v\u00e0 NFC<\/strong>\u00a0c\u00f4ng ngh\u1ec7 trong nh\u1eefng nh\u00e3n d\u00e1n n\u00e0y. Hi\u1ec3u c\u00e1ch ch\u00fang ho\u1ea1t \u0111\u1ed9ng c\u00f9ng nhau \u0111\u1ec3 cung c\u1ea5p kh\u1ea3 n\u0103ng giao ti\u1ebfp m\u1ea1nh m\u1ebd gi\u1eefa c\u00e1c th\u1ebb v\u00e0 thi\u1ebft b\u1ecb h\u1ed7 tr\u1ee3 NFC.<\/p>\n<h3>T\u1ea7n su\u1ea5t v\u00e0 hi\u1ec7u su\u1ea5t<\/h3>\n<p>V\u1edbi t\u1ea7n su\u1ea5t\u00a0<strong>13,56 MHz<\/strong>, c\u00e1c th\u1ebb NFC n\u00e0y cung c\u1ea5p kho\u1ea3ng c\u00e1ch \u0111\u1ecdc \u0111\u00e1ng tin c\u1eady t\u1eeb 1-10cm, \u0111\u1ea3m b\u1ea3o qu\u00e9t nhanh ch\u00f3ng v\u00e0 hi\u1ec7u qu\u1ea3 d\u00f9 trong m\u00f4i tr\u01b0\u1eddng b\u00e1n l\u1ebb hay \u1ee9ng d\u1ee5ng h\u1eadu c\u1ea7n.<\/p>\n<h3>V\u1eadt li\u1ec7u s\u1eed d\u1ee5ng: Gi\u1ea5y tr\u00e1ng v\u00e0 PET<\/h3>\n<p>Vi\u1ec7c l\u1ef1a ch\u1ecdn v\u1eadt li\u1ec7u \u1ea3nh h\u01b0\u1edfng \u0111\u1ebfn \u0111\u1ed9 b\u1ec1n v\u00e0 hi\u1ec7u su\u1ea5t c\u1ee7a nh\u00e3n d\u00e1n NFC. Ph\u1ea7n n\u00e0y \u0111i s\u00e2u v\u00e0o l\u00fd do t\u1ea1i sao ch\u00fang t\u00f4i s\u1eed d\u1ee5ng\u00a0<strong>gi\u1ea5y tr\u00e1ng v\u00e0 PET<\/strong>\u00a0v\u00e0 nh\u1eefng v\u1eadt li\u1ec7u n\u00e0y g\u00f3p ph\u1ea7n nh\u01b0 th\u1ebf n\u00e0o v\u00e0o \u0111\u1ed9 b\u1ec1n v\u00e0 kh\u1ea3 n\u0103ng s\u1eed d\u1ee5ng c\u1ee7a nh\u00e3n d\u00e1n trong nhi\u1ec1u m\u00f4i tr\u01b0\u1eddng kh\u00e1c nhau.<\/p>\n<p>&nbsp;<\/p>\n<h2>Nh\u1eefng c\u00e2u h\u1ecfi th\u01b0\u1eddng g\u1eb7p (FAQ)<\/h2>\n<h3>1.\u00a0<strong>Nh\u00e3n d\u00e1n NFC l\u00e0 g\u00ec v\u00e0 ch\u00fang ho\u1ea1t \u0111\u1ed9ng nh\u01b0 th\u1ebf n\u00e0o?<\/strong><\/h3>\n<p>Nh\u00e3n d\u00e1n NFC (Giao ti\u1ebfp tr\u01b0\u1eddng g\u1ea7n) l\u00e0 nh\u00e3n nh\u1ecf \u0111\u01b0\u1ee3c nh\u00fang c\u00f4ng ngh\u1ec7 NFC cho ph\u00e9p giao ti\u1ebfp kh\u00f4ng d\u00e2y gi\u1eefa nh\u00e3n d\u00e1n v\u00e0 c\u00e1c thi\u1ebft b\u1ecb h\u1ed7 tr\u1ee3 NFC, ch\u1eb3ng h\u1ea1n nh\u01b0 \u0111i\u1ec7n tho\u1ea1i th\u00f4ng minh ho\u1eb7c m\u00e1y t\u00ednh b\u1ea3ng. Khi ng\u01b0\u1eddi d\u00f9ng ch\u1ea1m thi\u1ebft b\u1ecb c\u1ee7a h\u1ecd v\u00e0o nh\u00e3n d\u00e1n, n\u00f3 c\u00f3 th\u1ec3 k\u00edch ho\u1ea1t nhi\u1ec1u h\u00e0nh \u0111\u1ed9ng kh\u00e1c nhau, nh\u01b0 hi\u1ec3n th\u1ecb th\u00f4ng tin s\u1ea3n ph\u1ea9m, truy c\u1eadp trang web ho\u1eb7c x\u00e1c nh\u1eadn t\u00ednh x\u00e1c th\u1ef1c.<\/p>\n<hr \/>\n<h3>2.\u00a0<strong>Kho\u1ea3ng c\u00e1ch \u0111\u1ecdc t\u1ed1i \u0111a c\u1ee7a nh\u00e3n d\u00e1n NFC l\u00e0 bao nhi\u00eau?<\/strong><\/h3>\n<p>Nh\u00e3n d\u00e1n NFC c\u1ee7a ch\u00fang t\u00f4i c\u00f3 kho\u1ea3ng c\u00e1ch \u0111\u1ecdc l\u00e0\u00a0<strong>1-10cm<\/strong>\u00a0(kho\u1ea3ng 0,4-4 inch). Ph\u1ea1m vi hi\u1ec7u qu\u1ea3 ph\u1ee5 thu\u1ed9c v\u00e0o thi\u1ebft b\u1ecb \u0111\u01b0\u1ee3c s\u1eed d\u1ee5ng v\u00e0 m\u00f4i tr\u01b0\u1eddng qu\u00e9t.<\/p>\n<hr \/>\n<h3>3.\u00a0<strong>Nh\u00e3n d\u00e1n NFC c\u00f3 th\u1ec3 t\u00f9y ch\u1ec9nh \u0111\u01b0\u1ee3c kh\u00f4ng?<\/strong><\/h3>\n<p>C\u00f3! Nh\u00e3n d\u00e1n NFC c\u1ee7a ch\u00fang t\u00f4i c\u00f3 th\u1ec3 \u0111\u01b0\u1ee3c t\u00f9y ch\u1ec9nh ho\u00e0n to\u00e0n v\u1ec1 k\u00edch th\u01b0\u1edbc, h\u00ecnh d\u1ea1ng, thi\u1ebft k\u1ebf v\u00e0 n\u1ed9i dung in. Ch\u00fang t\u00f4i cung c\u1ea5p\u00a0<strong>In to\u00e0n m\u00e0u CMYK, in offset v\u00e0 in l\u1ee5a<\/strong>\u00a0c\u00e1c t\u00f9y ch\u1ecdn \u0111\u1ec3 \u0111\u1ea3m b\u1ea3o th\u00f4ng \u0111i\u1ec7p v\u1ec1 th\u01b0\u01a1ng hi\u1ec7u c\u1ee7a b\u1ea1n \u0111\u01b0\u1ee3c hi\u1ec3n th\u1ecb n\u1ed5i b\u1eadt.<\/p>","protected":false},"excerpt":{"rendered":"<p>Nh\u00e3n d\u00e1n NFC c\u1ee7a ch\u00fang t\u00f4i l\u00e0 nh\u00e3n ch\u1ed1ng h\u00e0ng gi\u1ea3 t\u00f9y ch\u1ec9nh \u0111\u01b0\u1ee3c thi\u1ebft k\u1ebf \u0111\u1ec3 t\u0103ng c\u01b0\u1eddng t\u00ednh b\u1ea3o m\u1eadt v\u00e0 t\u00ednh x\u00e1c th\u1ef1c c\u1ee7a s\u1ea3n ph\u1ea9m. V\u1edbi c\u00f4ng ngh\u1ec7 ti\u00ean ti\u1ebfn v\u00e0 thi\u1ebft k\u1ebf \u0111\u1ed9c \u0111\u00e1o, nh\u1eefng nh\u00e3n d\u00e1n n\u00e0y cung c\u1ea5p cho doanh nghi\u1ec7p m\u1ed9t gi\u1ea3i ph\u00e1p \u0111\u00e1ng tin c\u1eady \u0111\u1ec3 b\u1ea3o v\u1ec7 th\u01b0\u01a1ng hi\u1ec7u c\u1ee7a h\u1ecd v\u00e0 thu h\u00fat kh\u00e1ch h\u00e0ng theo c\u00e1ch t\u01b0\u01a1ng t\u00e1c.<\/p>","protected":false},"featured_media":3579,"template":"","meta":[],"product_brand":[],"product_cat":[48],"product_tag":[],"class_list":{"0":"post-3578","1":"product","2":"type-product","3":"status-publish","4":"has-post-thumbnail","6":"product_cat-nfc-stickers","8":"first","9":"instock","10":"shipping-taxable","11":"product-type-simple"},"_links":{"self":[{"href":"https:\/\/nfc-readers.com\/vi\/wp-json\/wp\/v2\/product\/3578","targetHints":{"allow":["GET"]}}],"collection":[{"href":"https:\/\/nfc-readers.com\/vi\/wp-json\/wp\/v2\/product"}],"about":[{"href":"https:\/\/nfc-readers.com\/vi\/wp-json\/wp\/v2\/types\/product"}],"wp:featuredmedia":[{"embeddable":true,"href":"https:\/\/nfc-readers.com\/vi\/wp-json\/wp\/v2\/media\/3579"}],"wp:attachment":[{"href":"https:\/\/nfc-readers.com\/vi\/wp-json\/wp\/v2\/media?parent=3578"}],"wp:term":[{"taxonomy":"product_brand","embeddable":true,"href":"https:\/\/nfc-readers.com\/vi\/wp-json\/wp\/v2\/product_brand?post=3578"},{"taxonomy":"product_cat","embeddable":true,"href":"https:\/\/nfc-readers.com\/vi\/wp-json\/wp\/v2\/product_cat?post=3578"},{"taxonomy":"product_tag","embeddable":true,"href":"https:\/\/nfc-readers.com\/vi\/wp-json\/wp\/v2\/product_tag?post=3578"}],"curies":[{"name":"wp","href":"https:\/\/api.w.org\/{rel}","templated":true}]}}