{"id":3594,"date":"2024-11-07T11:55:05","date_gmt":"2024-11-07T11:55:05","guid":{"rendered":"https:\/\/nfc-readers.com\/?post_type=product&#038;p=3594"},"modified":"2024-11-07T11:55:05","modified_gmt":"2024-11-07T11:55:05","slug":"icodeslix2-iso15693-rfid-card-for-library-management","status":"publish","type":"product","link":"https:\/\/nfc-readers.com\/vi\/ic-reader\/icodeslix2-iso15693-rfid-card-for-library-management\/","title":{"rendered":"Th\u1ebb RFID ICODESLIX2 ISO15693 \u0111\u1ec3 qu\u1ea3n l\u00fd th\u01b0 vi\u1ec7n"},"content":{"rendered":"<h1 style=\"text-align: center;\"><span style=\"color: #000080;\"><strong>Th\u1ebb RFID ICODESLIX2 ISO15693 \u0111\u1ec3 qu\u1ea3n l\u00fd th\u01b0 vi\u1ec7n<\/strong><\/span><\/h1>\n<div class=\"chat-list relative custom-scrollbar-reset-margin custom-scrollbar custom-scrollbar-hidden custom-scrollbar-float pb-9 flex-1 overflow-y-auto\">\n<div class=\"mx-auto max-w-[790px]\">\n<div class=\"message-item-outer relative px-4 mb-2\" data-id=\"364de8f7-3595-4f4e-adbf-ca8cd06befd0\">\n<div class=\"content-area pl-[0px]\">\n<div class=\"message-item select-text relative\">\n<div class=\"message-inner relative\">\n<div class=\"py-[2px]\">\n<div class=\"flex flex-col gap-2\">\n<div class=\"answer-markdown-box overflow-x-auto select-text custom-scrollbar\">\n<div class=\"markdown-body\">\n<p><span style=\"color: #666699;\"><strong>Trong th\u1eddi \u0111\u1ea1i c\u00f4ng ngh\u1ec7 \u0111ang nhanh ch\u00f3ng chuy\u1ec3n \u0111\u1ed5i c\u00e1c ho\u1ea1t \u0111\u1ed9ng h\u00e0ng ng\u00e0y, vi\u1ec7c t\u00edch h\u1ee3p th\u1ebb RFID ICODESLIX2 ISO15693 \u0111\u1ec3 qu\u1ea3n l\u00fd th\u01b0 vi\u1ec7n l\u00e0 m\u1ed9t b\u01b0\u1edbc \u0111\u1ed9t ph\u00e1. S\u1ef1 \u0111\u1ed5i m\u1edbi n\u00e0y kh\u00f4ng ch\u1ec9 h\u1ee3p l\u00fd h\u00f3a c\u00e1c ho\u1ea1t \u0111\u1ed9ng m\u00e0 c\u00f2n l\u00e0m phong ph\u00fa th\u00eam tr\u1ea3i nghi\u1ec7m c\u1ee7a ng\u01b0\u1eddi d\u00f9ng, c\u1ea3i thi\u1ec7n \u0111\u00e1ng k\u1ec3 c\u1ea3 hi\u1ec7u qu\u1ea3 v\u00e0 b\u1ea3o m\u1eadt trong c\u00e1c th\u01b0 vi\u1ec7n. C\u00e1c th\u1ebb th\u00f4ng minh n\u00e0y \u0111\u01b0\u1ee3c thi\u1ebft k\u1ebf ri\u00eang \u0111\u1ec3 n\u00e2ng cao c\u00e1ch c\u00e1c th\u01b0 vi\u1ec7n qu\u1ea3n l\u00fd h\u00e0ng t\u1ed3n kho, theo d\u00f5i t\u00e0i nguy\u00ean v\u00e0 t\u01b0\u01a1ng t\u00e1c v\u1edbi ng\u01b0\u1eddi d\u00f9ng.<\/strong><\/span><\/p>\n<p>&nbsp;<\/p>\n<\/div>\n<p>&nbsp;<\/p>\n<div class=\"markdown-body\">\n<h2 style=\"text-align: center;\"><span style=\"color: #000080;\"><em><strong>L\u1ee3i \u00edch c\u1ee7a Th\u1ebb RFID ICODESLIX2 ISO15693<\/strong><\/em><\/span><\/h2>\n<p style=\"text-align: left;\">\n<span style=\"color: #008080;\">Th\u1ebb RFID ICODESLIX2 ISO15693 cung c\u1ea5p cho th\u01b0 vi\u1ec7n m\u1ed9t gi\u1ea3i ph\u00e1p li\u1ec1n m\u1ea1ch \u0111\u1ec3 theo d\u00f5i v\u00e0 qu\u1ea3n l\u00fd t\u00e0i nguy\u00ean. B\u1eb1ng c\u00e1ch s\u1eed d\u1ee5ng c\u00f4ng ngh\u1ec7 ti\u00ean ti\u1ebfn n\u00e0y, th\u01b0 vi\u1ec7n c\u00f3 th\u1ec3 t\u1ef1 \u0111\u1ed9ng h\u00f3a nhi\u1ec1u quy tr\u00ecnh, gi\u1ea3m kh\u1ed1i l\u01b0\u1ee3ng c\u00f4ng vi\u1ec7c cho nh\u00e2n vi\u00ean v\u00e0 gi\u1ea3m thi\u1ec3u l\u1ed7i c\u1ee7a con ng\u01b0\u1eddi. Nh\u1eefng th\u1ebb RFID n\u00e0y kh\u00f4ng ch\u1ec9 mang l\u1ea1i hi\u1ec7u qu\u1ea3; ch\u00fang c\u00f2n cung c\u1ea5p kh\u1ea3 n\u0103ng b\u1ea3o m\u1eadt n\u00e2ng cao v\u00e0 d\u1ec5 s\u1eed d\u1ee5ng, khi\u1ebfn ch\u00fang tr\u1edf th\u00e0nh t\u00e0i s\u1ea3n v\u00f4 gi\u00e1 \u0111\u1ed1i v\u1edbi b\u1ea5t k\u1ef3 th\u01b0 vi\u1ec7n n\u00e0o.<\/span><\/p>\n<p>&nbsp;<\/p>\n<p>&nbsp;<\/p>\n<h2 style=\"text-align: center;\"><em><span style=\"color: #000080;\"><strong>Ch\u1ea5t li\u1ec7u v\u00e0 thi\u1ebft k\u1ebf ch\u1ea5t l\u01b0\u1ee3ng cao<\/strong><\/span><\/em><\/h2>\n<p>Th\u1ebb RFID ICODESLIX2 ISO15693 c\u1ee7a ch\u00fang t\u00f4i \u0111\u01b0\u1ee3c ch\u1ebf t\u1ea1o t\u1eeb v\u1eadt li\u1ec7u PVC b\u1ec1n, \u0111\u1ea3m b\u1ea3o \u0111\u1ed9 b\u1ec1n v\u00e0 kh\u1ea3 n\u0103ng ch\u1ed1ng m\u00e0i m\u00f2n. V\u1edbi k\u00edch th\u01b0\u1edbc <strong>85,5mmx54mm<\/strong>, th\u1ebb \u0111\u01b0\u1ee3c thi\u1ebft k\u1ebf \u0111\u1ec3 d\u1ec5 d\u00e0ng x\u1eed l\u00fd v\u00e0 l\u01b0u tr\u1eef. Th\u1ebb c\u00f3 c\u00e1c t\u00ednh n\u0103ng\u00a0<strong>In \u1ea5n CMYK4C<\/strong>cho ph\u00e9p th\u01b0 vi\u1ec7n t\u00f9y ch\u1ec9nh th\u1ebb theo th\u01b0\u01a1ng hi\u1ec7u c\u1ee7a h\u1ecd, khi\u1ebfn n\u00f3 v\u1eeba l\u00e0 m\u1ed9t c\u00f4ng c\u1ee5 ch\u1ee9c n\u0103ng v\u1eeba l\u00e0 m\u1ed9t m\u1eb7t h\u00e0ng khuy\u1ebfn m\u1ea1i.<\/p>\n<p>&nbsp;<\/p>\n<\/div>\n<p>&nbsp;<\/p>\n<div class=\"markdown-body\">\n<h2 style=\"text-align: center;\"><span style=\"color: #000080;\"><em><strong>Thu\u1ed9c t\u00ednh ch\u00ednh:<\/strong><\/em><\/span><\/h2>\n<ul>\n<li><strong>V\u1eadt li\u1ec7u<\/strong>: PVC<\/li>\n<li><strong>K\u00edch c\u1ee1<\/strong>:85,5x54mm<\/li>\n<li>Giao di\u1ec7n truy\u1ec1n th\u00f4ng n\u00e2ng cao<\/li>\n<li>Th\u1ebb ICODESLIX2 ho\u1ea1t \u0111\u1ed9ng \u1edf t\u1ea7n s\u1ed1 <strong>13,56 MHz<\/strong>, s\u1eed d\u1ee5ng c\u1ea3 giao di\u1ec7n truy\u1ec1n th\u00f4ng RFID v\u00e0 NFC. \u0110i\u1ec1u n\u00e0y \u0111\u1ea3m b\u1ea3o t\u01b0\u01a1ng t\u00e1c li\u1ec1n m\u1ea1ch v\u1edbi nhi\u1ec1u \u0111\u1ea7u \u0111\u1ecdc th\u1ebb kh\u00e1c nhau, c\u1ee7ng c\u1ed1 s\u1ef1 t\u00edch h\u1ee3p c\u1ee7a h\u1ec7 th\u1ed1ng ki\u1ec3m so\u00e1t truy c\u1eadp v\u00e0 ph\u1ea7n m\u1ec1m qu\u1ea3n l\u00fd th\u01b0 vi\u1ec7n.<\/li>\n<\/ul>\n<p>&nbsp;<\/p>\n<p>&nbsp;<\/p>\n<h2 style=\"text-align: center;\"><em><span style=\"color: #000080;\"><strong>L\u1ee3i \u00edch cho th\u01b0 vi\u1ec7n<\/strong><\/span><\/em><\/h2>\n<ul>\n<li><strong>Qu\u1ea3n l\u00fd d\u1eef li\u1ec7u \u0111\u1ed9ng<\/strong>:C\u1eadp nh\u1eadt hi\u1ec7u qu\u1ea3 gi\u00fap theo d\u00f5i qu\u00e1 tr\u00ecnh nh\u1eadn\/tr\u1ea3 ph\u00f2ng theo th\u1eddi gian th\u1ef1c.<\/li>\n<li><strong>Ki\u1ec3m so\u00e1t h\u00e0ng t\u1ed3n kho \u0111\u01b0\u1ee3c c\u1ea3i thi\u1ec7n<\/strong>:Gi\u1ea3m thi\u1ec3u t\u1ed5n th\u1ea5t nh\u1edd kh\u1ea3 n\u0103ng theo d\u00f5i ch\u00ednh x\u00e1c.<\/li>\n<\/ul>\n<p>&nbsp;<\/p>\n<h3><strong><span style=\"color: #333399;\">\u1ee8ng d\u1ee5ng th\u00e2n thi\u1ec7n v\u1edbi ng\u01b0\u1eddi d\u00f9ng<\/span><\/strong><\/h3>\n<p>\u1ee8ng d\u1ee5ng c\u1ee7a c\u00f4ng ngh\u1ec7 RFID ICODESLIX2 m\u1edf r\u1ed9ng ra ngo\u00e0i ph\u1ea1m vi qu\u1ea3n l\u00fd t\u00e0i nguy\u00ean truy\u1ec1n th\u1ed1ng. Th\u01b0 vi\u1ec7n c\u00f3 th\u1ec3 s\u1eed d\u1ee5ng c\u00e1c th\u1ebb n\u00e0y cho:<\/p>\n<ul>\n<li><strong>Nh\u1eadn d\u1ea1ng ng\u01b0\u1eddi b\u1ea3o tr\u1ee3<\/strong>:Qu\u00e9t nhanh t\u1ea1i qu\u1ea7y thanh to\u00e1n.<\/li>\n<li><strong>Theo d\u00f5i s\u1ef1 ki\u1ec7n<\/strong>: H\u1ed3 s\u01a1 tham d\u1ef1 h\u1ed9i th\u1ea3o ho\u1eb7c s\u1ef1 ki\u1ec7n.<\/li>\n<li><strong>Ph\u00e2n b\u1ed5 ngu\u1ed3n l\u1ef1c<\/strong>: T\u1ef1 \u0111\u1ed9ng ghi l\u1ea1i qu\u00e1 tr\u00ecnh x\u1eed l\u00fd t\u00e0i nguy\u00ean.<\/li>\n<\/ul>\n<p>&nbsp;<\/p>\n<h3><strong><span style=\"color: #333399;\">T\u00ednh n\u0103ng h\u01b0\u1edbng \u0111\u1ebfn ng\u01b0\u1eddi d\u00f9ng:<\/span><\/strong><\/h3>\n<ul>\n<li><strong>T\u00edch h\u1ee3p d\u1ec5 d\u00e0ng<\/strong>: D\u1ec5 d\u00e0ng t\u00edch h\u1ee3p v\u00e0o c\u00e1c h\u1ec7 th\u1ed1ng th\u01b0 vi\u1ec7n hi\u1ec7n c\u00f3.<\/li>\n<li><strong>Y\u00eau c\u1ea7u \u0111\u00e0o t\u1ea1o t\u1ed1i thi\u1ec3u<\/strong>:Nh\u00e2n vi\u00ean s\u1ebd nhanh ch\u00f3ng th\u00edch nghi v\u1edbi vi\u1ec7c s\u1eed d\u1ee5ng h\u1ec7 th\u1ed1ng th\u1ebb m\u1edbi.<\/li>\n<\/ul>\n<p>&nbsp;<\/p>\n<\/div>\n<p>&nbsp;<\/p>\n<div class=\"markdown-body\">\n<h2 style=\"text-align: center;\"><em><span style=\"color: #000080;\"><strong>Th\u00f4ng s\u1ed1 k\u1ef9 thu\u1eadt v\u00e0 hi\u1ec7u su\u1ea5t<\/strong><\/span><\/em><\/h2>\n<p>hi\u1ec3u bi\u1ebft to\u00e0n di\u1ec7n v\u1ec1 th\u00f4ng s\u1ed1 k\u1ef9 thu\u1eadt c\u1ee7a th\u1ebb gi\u00fap \u0111\u01b0a ra quy\u1ebft \u0111\u1ecbnh s\u00e1ng su\u1ed1t.<\/p>\n<div class=\"table-with-header rounded-lg border border-solid border-grey-line2-normal w-fit max-w-full mb-2\">\n<div class=\"overflow-x-auto custom-scrollbar custom-scrollbar-float max-w-full\">\n<table class=\"w-fit !mb-0 !max-w-none\" style=\"height: 226px;\" width=\"440\">\n<thead>\n<tr>\n<th>\u0110\u1eb7c \u0111i\u1ec3m k\u1ef9 thu\u1eadt<\/th>\n<th>Gi\u00e1 tr\u1ecb<\/th>\n<\/tr>\n<\/thead>\n<tbody>\n<tr>\n<td>Chip<\/td>\n<td>ICODESLIX2<\/td>\n<\/tr>\n<tr>\n<td>T\u00ednh th\u01b0\u1eddng xuy\u00ean<\/td>\n<td>13,56MHz<\/td>\n<\/tr>\n<tr>\n<td>K\u00fd \u1ee9c<\/td>\n<td>2kbit<\/td>\n<\/tr>\n<tr>\n<td>Kho\u1ea3ng c\u00e1ch \u0111\u1ecdc<\/td>\n<td>2-10cm<\/td>\n<\/tr>\n<tr>\n<td>V\u1eadt li\u1ec7u<\/td>\n<td>PVC<\/td>\n<\/tr>\n<tr>\n<td>K\u00edch c\u1ee1<\/td>\n<td>85<\/td>\n<\/tr>\n<\/tbody>\n<\/table>\n<\/div>\n<\/div>\n<p>&nbsp;<\/p>\n<h2 style=\"text-align: center;\"><em><span style=\"color: #000080;\"><strong>\u01afu \u0111i\u1ec3m c\u1ee7a NFC:<\/strong><\/span><\/em><\/h2>\n<ul>\n<li><strong>Giao d\u1ecbch kh\u00f4ng ti\u1ebfp x\u00fac<\/strong>:Ng\u01b0\u1eddi d\u00f9ng c\u00f3 th\u1ec3 nhanh ch\u00f3ng ch\u1ea1m th\u1ebb \u0111\u1ec3 truy c\u1eadp h\u1ec7 th\u1ed1ng th\u01b0 vi\u1ec7n m\u00e0 kh\u00f4ng c\u1ea7n ti\u1ebfp x\u00fac v\u1eadt l\u00fd.<\/li>\n<li><strong>Kh\u1ea3 n\u0103ng t\u01b0\u01a1ng th\u00edch<\/strong>:C\u00f4ng ngh\u1ec7 c\u1ee7a th\u1ebb \u0111\u01b0\u1ee3c ph\u00e1t tri\u1ec3n b\u1edfi NXP Semiconductors, \u0111\u1ea3m b\u1ea3o th\u1ebb c\u00f3 th\u1ec3 ho\u1ea1t \u0111\u1ed9ng v\u1edbi nhi\u1ec1u h\u1ec7 th\u1ed1ng \u0111\u1ea7u \u0111\u1ecdc kh\u00e1c nhau.<\/li>\n<li>B\u1ed9 nh\u1edb v\u00e0 ch\u1ee9c n\u0103ng m\u1ea1nh m\u1ebd<\/li>\n<li>\u0110\u01b0\u1ee3c trang b\u1ecb <strong style=\"color: #555555;\">B\u1ed9 nh\u1edb 2kbit<\/strong><span style=\"color: #555555;\">, th\u1ebb RFID ICODESLIX2 ISO15693 cung c\u1ea5p kh\u00f4ng gian r\u1ed9ng r\u00e3i \u0111\u1ec3 l\u01b0u tr\u1eef d\u1eef li\u1ec7u c\u1ea7n thi\u1ebft. Ch\u1ee9c n\u0103ng \u0111\u1ecdc-ghi cho ph\u00e9p th\u01b0 vi\u1ec7n c\u1eadp nh\u1eadt d\u1eef li\u1ec7u \u0111\u1ed9ng, \u0111\u1ea3m b\u1ea3o th\u00f4ng tin nh\u01b0 t\u00ecnh tr\u1ea1ng s\u00e1ch v\u00e0 th\u00f4ng tin chi ti\u1ebft c\u1ee7a ng\u01b0\u1eddi b\u1ea3o tr\u1ee3 lu\u00f4n \u0111\u01b0\u1ee3c c\u1eadp nh\u1eadt.<\/span><\/li>\n<\/ul>\n<p>&nbsp;<\/p>\n<\/div>\n<p>&nbsp;<\/p>\n<h2 style=\"text-align: center;\"><span style=\"color: #000080;\"><em><strong>T\u00e1c \u0111\u1ed9ng m\u00f4i tr\u01b0\u1eddng<\/strong><\/em><\/span><\/h2>\n<ul>\n<li><strong>V\u1eadt li\u1ec7u b\u1ec1n v\u1eefng<\/strong>:PVC c\u1ee7a ch\u00fang t\u00f4i c\u00f3 th\u1ec3 t\u00e1i ch\u1ebf, g\u00f3p ph\u1ea7n gi\u1ea3m thi\u1ec3u r\u00e1c th\u1ea3i ra m\u00f4i tr\u01b0\u1eddng.<\/li>\n<li><strong>Tu\u1ed5i th\u1ecd<\/strong>: Gi\u1ea3m nhu c\u1ea7u thay th\u1ebf th\u01b0\u1eddng xuy\u00ean.<\/li>\n<\/ul>\n<p>&nbsp;<\/p>\n<\/div>\n<p>&nbsp;<\/p>\n<div class=\"answer-markdown-box overflow-x-auto select-text custom-scrollbar\">\n<h3 style=\"text-align: center;\"><span style=\"color: #333399;\"><strong>C\u00f4ng c\u1ee5 qu\u1ea3n l\u00fd v\u00e0 t\u01b0\u01a1ng t\u00e1c hi\u1ec7u qu\u1ea3<\/strong><\/span><\/h3>\n<p>Th\u1ebb RFID ICODESLIX2 \u0111\u01a1n gi\u1ea3n h\u00f3a t\u01b0\u01a1ng t\u00e1c gi\u1eefa ng\u01b0\u1eddi d\u00f9ng v\u00e0 h\u1ec7 th\u1ed1ng th\u01b0 vi\u1ec7n:<\/p>\n<ul>\n<li><strong>Quy tr\u00ecnh h\u1ee3p l\u00fd h\u00f3a<\/strong>: Gi\u1ea3m th\u1eddi gian ch\u1edd \u0111\u1ee3i t\u1ea1i qu\u1ea7y thanh to\u00e1n, n\u00e2ng cao s\u1ef1 h\u00e0i l\u00f2ng c\u1ee7a ng\u01b0\u1eddi d\u00f9ng.<\/li>\n<li><strong>Th\u00f4ng tin chi ti\u1ebft v\u1ec1 d\u1eef li\u1ec7u<\/strong>: T\u1ea1o b\u00e1o c\u00e1o s\u1eed d\u1ee5ng cung c\u1ea5p th\u00f4ng tin chi ti\u1ebft v\u1ec1 ph\u00e2n b\u1ed5 t\u00e0i nguy\u00ean v\u00e0 ho\u1ea1t \u0111\u1ed9ng c\u1ee7a ng\u01b0\u1eddi d\u00f9ng.<\/li>\n<\/ul>\n<p>&nbsp;<\/p>\n<h3 style=\"text-align: center;\"><span style=\"color: #333399;\"><strong>C\u00f4ng c\u1ee5 qu\u1ea3n l\u00fd n\u00e2ng cao<\/strong><\/span><\/h3>\n<ul>\n<li><strong>T\u00edch h\u1ee3p v\u1edbi H\u1ec7 th\u1ed1ng K\u1ef9 thu\u1eadt s\u1ed1<\/strong>: K\u1ebft n\u1ed1i li\u1ec1n m\u1ea1ch v\u1edbi nhi\u1ec1u h\u1ec7 th\u1ed1ng qu\u1ea3n l\u00fd th\u01b0 vi\u1ec7n kh\u00e1c nhau.<\/li>\n<li><strong>C\u1eadp nh\u1eadt th\u1eddi gian th\u1ef1c<\/strong>: \u0110\u1ed3ng b\u1ed9 h\u00f3a ngay l\u1eadp t\u1ee9c v\u1edbi c\u01a1 s\u1edf d\u1eef li\u1ec7u h\u00e0ng t\u1ed3n kho.<\/li>\n<\/ul>\n<\/div>\n<\/div>\n<\/div>\n<\/div>\n<\/div>\n<\/div>\n<\/div>\n<\/div>\n<\/div>","protected":false},"excerpt":{"rendered":"<p>N\u00e2ng cao kh\u1ea3 n\u0103ng qu\u1ea3n l\u00fd th\u01b0 vi\u1ec7n v\u1edbi th\u1ebb RFID ICODESLIX2 ISO15693, cung c\u1ea5p kh\u1ea3 n\u0103ng theo d\u00f5i t\u00e0i nguy\u00ean hi\u1ec7u qu\u1ea3, t\u00edch h\u1ee3p d\u1ec5 d\u00e0ng v\u00e0 c\u1ea3i thi\u1ec7n s\u1ef1 t\u01b0\u01a1ng t\u00e1c c\u1ee7a ng\u01b0\u1eddi d\u00f9ng.<\/p>","protected":false},"featured_media":3480,"template":"","meta":[],"product_brand":[],"product_cat":[46],"product_tag":[],"class_list":{"0":"post-3594","1":"product","2":"type-product","3":"status-publish","4":"has-post-thumbnail","6":"product_cat-nfc-cards","8":"first","9":"instock","10":"shipping-taxable","11":"product-type-simple"},"_links":{"self":[{"href":"https:\/\/nfc-readers.com\/vi\/wp-json\/wp\/v2\/product\/3594","targetHints":{"allow":["GET"]}}],"collection":[{"href":"https:\/\/nfc-readers.com\/vi\/wp-json\/wp\/v2\/product"}],"about":[{"href":"https:\/\/nfc-readers.com\/vi\/wp-json\/wp\/v2\/types\/product"}],"wp:featuredmedia":[{"embeddable":true,"href":"https:\/\/nfc-readers.com\/vi\/wp-json\/wp\/v2\/media\/3480"}],"wp:attachment":[{"href":"https:\/\/nfc-readers.com\/vi\/wp-json\/wp\/v2\/media?parent=3594"}],"wp:term":[{"taxonomy":"product_brand","embeddable":true,"href":"https:\/\/nfc-readers.com\/vi\/wp-json\/wp\/v2\/product_brand?post=3594"},{"taxonomy":"product_cat","embeddable":true,"href":"https:\/\/nfc-readers.com\/vi\/wp-json\/wp\/v2\/product_cat?post=3594"},{"taxonomy":"product_tag","embeddable":true,"href":"https:\/\/nfc-readers.com\/vi\/wp-json\/wp\/v2\/product_tag?post=3594"}],"curies":[{"name":"wp","href":"https:\/\/api.w.org\/{rel}","templated":true}]}}