{"id":3595,"date":"2024-11-07T12:13:18","date_gmt":"2024-11-07T12:13:18","guid":{"rendered":"https:\/\/nfc-readers.com\/?post_type=product&#038;p=3595"},"modified":"2024-11-07T12:13:18","modified_gmt":"2024-11-07T12:13:18","slug":"custom-plastic-pvc-nfc-card-printing-for-business","status":"publish","type":"product","link":"https:\/\/nfc-readers.com\/vi\/ic-reader\/custom-plastic-pvc-nfc-card-printing-for-business\/","title":{"rendered":"In Th\u1ebb Nh\u1ef1a PVC NFC T\u00f9y Ch\u1ec9nh Cho Doanh Nghi\u1ec7p"},"content":{"rendered":"<h1><span style=\"color: #000080;\"><strong>In Th\u1ebb Nh\u1ef1a PVC NFC T\u00f9y Ch\u1ec9nh Cho Doanh Nghi\u1ec7p<\/strong><\/span><\/h1>\n<p><strong><span style=\"color: #666699;\">Trong th\u1ebf gi\u1edbi k\u1ef9 thu\u1eadt s\u1ed1 ph\u00e1t tri\u1ec3n nhanh nh\u01b0 hi\u1ec7n nay, vi\u1ec7c t\u1ed1i \u01b0u h\u00f3a ho\u1ea1t \u0111\u1ed9ng kinh doanh l\u00e0 r\u1ea5t quan tr\u1ecdng v\u00e0 In th\u1ebb nh\u1ef1a PVC NFC t\u00f9y ch\u1ec9nh cho doanh nghi\u1ec7p \u0111ang d\u1eabn \u0111\u1ea7u xu h\u01b0\u1edbng. C\u00f4ng ngh\u1ec7 NFC (Giao ti\u1ebfp tr\u01b0\u1eddng g\u1ea7n) n\u00e2ng cao c\u00e1ch c\u00e1c c\u00f4ng ty qu\u1ea3n l\u00fd ki\u1ec3m so\u00e1t truy c\u1eadp, t\u01b0\u01a1ng t\u00e1c v\u1edbi kh\u00e1ch h\u00e0ng v\u00e0 c\u00e1c ho\u1ea1t \u0111\u1ed9ng khuy\u1ebfn m\u1ea1i. Th\u1ebb NFC t\u00f9y ch\u1ec9nh kh\u00f4ng ch\u1ec9 c\u1ea3i thi\u1ec7n s\u1ef1 t\u01b0\u01a1ng t\u00e1c m\u00e0 c\u00f2n cho ph\u00e9p giao d\u1ecbch li\u1ec1n m\u1ea1ch, x\u00e2y d\u1ef1ng th\u01b0\u01a1ng hi\u1ec7u t\u00f9y ch\u1ec9nh v\u00e0 qu\u1ea3n l\u00fd d\u1eef li\u1ec7u hi\u1ec7u qu\u1ea3. Cho d\u00f9 b\u1ea1n \u0111ang t\u00ecm ki\u1ebfm th\u1ebb ki\u1ec3m so\u00e1t truy c\u1eadp, th\u1ebb Mifare hay th\u1ebb kh\u00e1ch h\u00e0ng th\u00e2n thi\u1ebft, \u0111\u1ea7u t\u01b0 v\u00e0o c\u00e1c gi\u1ea3i ph\u00e1p NFC t\u00f9y ch\u1ec9nh l\u00e0 m\u1ed9t \u0111\u1ed9ng th\u00e1i chi\u1ebfn l\u01b0\u1ee3c c\u00f3 th\u1ec3 n\u00e2ng cao ch\u1ee9c n\u0103ng kinh doanh c\u1ee7a b\u1ea1n.<\/span><\/strong><\/p>\n<p><span style=\"color: #008080;\">V\u1edbi nhi\u1ec1u l\u1ee3i th\u1ebf t\u1eeb b\u1ea3o m\u1eadt n\u00e2ng cao \u0111\u1ebfn tr\u1ea3i nghi\u1ec7m kh\u00e1ch h\u00e0ng \u0111\u01b0\u1ee3c c\u1ea3i thi\u1ec7n, nh\u1eefng th\u1ebb n\u00e0y c\u00f3 th\u1ec3 ph\u1ee5c v\u1ee5 cho nhi\u1ec1u ng\u00e0nh c\u00f4ng nghi\u1ec7p kh\u00e1c nhau, bao g\u1ed3m b\u00e1n l\u1ebb, kh\u00e1ch s\u1ea1n v\u00e0 giao th\u00f4ng c\u00f4ng c\u1ed9ng. H\u00e3y c\u00f9ng kh\u00e1m ph\u00e1 nh\u1eefng l\u1ee3i \u00edch v\u00e0 t\u00ednh n\u0103ng \u0111a d\u1ea1ng c\u1ee7a th\u1ebb NFC, l\u00fd do t\u1ea1i sao ch\u00fang \u0111\u00e1ng \u0111\u1ec3 \u0111\u1ea7u t\u01b0 v\u00e0 c\u00e1ch ch\u00fang c\u00f3 th\u1ec3 c\u1ea3i thi\u1ec7n \u0111\u00e1ng k\u1ec3 quy tr\u00ecnh kinh doanh c\u1ee7a b\u1ea1n.<\/span><\/p>\n<hr \/>\n<h2><\/h2>\n<h2 style=\"text-align: center;\"><span style=\"color: #333399;\"><em><strong>Thu\u1ed9c t\u00ednh ch\u00ednh c\u1ee7a th\u1ebb NFC t\u00f9y ch\u1ec9nh<\/strong><\/em><\/span><\/h2>\n<p><strong>Khi b\u1ea1n l\u1ef1a ch\u1ecdn In Th\u1ebb NFC Nh\u1ef1a PVC T\u00f9y Ch\u1ec9nh cho Doanh Nghi\u1ec7p, b\u1ea1n \u0111ang s\u1eed d\u1ee5ng m\u1ed9t c\u00f4ng c\u1ee5 \u0111a n\u0103ng \u0111\u01b0\u1ee3c thi\u1ebft k\u1ebf ri\u00eang theo nhu c\u1ea7u ri\u00eang c\u1ee7a m\u00ecnh. Nh\u1eefng th\u1ebb n\u00e0y c\u00f3 th\u1ec3 \u0111\u01b0\u1ee3c l\u00e0m t\u1eeb v\u1eadt li\u1ec7u PVC + Epoxy b\u1ec1n, \u0111\u1ea3m b\u1ea3o ch\u00fang ch\u1ecbu \u0111\u01b0\u1ee3c s\u1ef1 hao m\u00f2n h\u00e0ng ng\u00e0y. K\u00edch th\u01b0\u1edbc ti\u00eau chu\u1ea9n l\u00e0 85,5mm x54mm, nh\u01b0ng t\u00f9y ch\u1ec9nh cho ph\u00e9p c\u00f3 nhi\u1ec1u k\u00edch th\u01b0\u1edbc kh\u00e1c nhau \u0111\u1ec3 ph\u00f9 h\u1ee3p v\u1edbi \u1ee9ng d\u1ee5ng c\u1ee7a b\u1ea1n. H\u01a1n n\u1eefa, b\u1ea1n c\u00f3 th\u1ec3 l\u1ef1a ch\u1ecdn \u0111\u1ed9 d\u00e0y t\u00f9y ch\u1ec9nh l\u00e0 0,85 mm \u0111\u1ec3 t\u0103ng th\u00eam \u0111\u1ed9 b\u1ec1n.<\/strong><\/p>\n<p>&nbsp;<\/p>\n<h2 style=\"text-align: center;\"><em><span style=\"color: #333399;\"><strong>Nh\u1eefng l\u1ee3i \u00edch<\/strong><\/span><\/em><\/h2>\n<ul>\n<li><strong>\u0110\u1ed9 b\u1ec1n<\/strong>:PVC t\u00f9y ch\u1ec9nh \u0111\u1ea3m b\u1ea3o \u0111\u1ed9 b\u1ec1n, gi\u00fap kho\u1ea3n \u0111\u1ea7u t\u01b0 c\u1ee7a b\u1ea1n tr\u1edf n\u00ean x\u1ee9ng \u0111\u00e1ng.<\/li>\n<li><strong>T\u00f9y ch\u1ec9nh<\/strong>: Ch\u1ecdn m\u00e0u s\u1eafc, logo v\u00e0 ki\u1ec3u in ph\u1ea3n \u00e1nh b\u1ea3n s\u1eafc th\u01b0\u01a1ng hi\u1ec7u c\u1ee7a b\u1ea1n.<\/li>\n<\/ul>\n<p>&nbsp;<\/p>\n<h2 style=\"text-align: center;\"><em><span style=\"color: #333399;\"><strong>T\u00ednh n\u0103ng \u0111\u1eb7c bi\u1ec7t<\/strong><\/span><\/em><\/h2>\n<p><strong>Ch\u1ed1ng th\u1ea5m n\u01b0\u1edbc v\u00e0 th\u1eddi ti\u1ebft<\/strong><\/p>\n<p><strong>Th\u1ebb NFC t\u00f9y ch\u1ec9nh cung c\u1ea5p c\u00e1c t\u00ednh n\u0103ng c\u1ee5 th\u1ec3 \u0111\u01b0\u1ee3c thi\u1ebft k\u1ebf \u0111\u1ec3 n\u00e2ng cao tr\u1ea3i nghi\u1ec7m ng\u01b0\u1eddi d\u00f9ng v\u00e0 t\u1ed1i \u0111a h\u00f3a t\u00ednh linh ho\u1ea1t. Ch\u00fang c\u00f3 th\u1ec3 \u0111\u01b0\u1ee3c l\u00e0m ch\u1ed1ng th\u1ea5m n\u01b0\u1edbc v\u00e0 ch\u1ed1ng ch\u1ecbu th\u1eddi ti\u1ebft, \u0111i\u1ec1u n\u00e0y r\u1ea5t quan tr\u1ecdng \u0111\u1ed1i v\u1edbi c\u00e1c doanh nghi\u1ec7p ho\u1ea1t \u0111\u1ed9ng trong nhi\u1ec1u m\u00f4i tr\u01b0\u1eddng kh\u00e1c nhau.<\/strong><\/p>\n<h3><span style=\"color: #666699;\"><strong>T\u1ea1i sao \u0111i\u1ec1u n\u00e0y quan tr\u1ecdng:<\/strong><\/span><\/h3>\n<ul>\n<li><strong>T\u00ednh linh ho\u1ea1t<\/strong>: L\u00fd t\u01b0\u1edfng cho c\u00e1c s\u1ef1 ki\u1ec7n ngo\u00e0i tr\u1eddi, ki\u1ec3m so\u00e1t ra v\u00e0o t\u1ea1i c\u00e1c \u0111\u1ecba \u0111i\u1ec3m ngo\u00e0i tr\u1eddi, v.v.<\/li>\n<li><strong>Tu\u1ed5i th\u1ecd<\/strong>:Th\u1ebb ch\u1ed1ng n\u01b0\u1edbc s\u1ebd b\u1ec1n h\u01a1n, \u0111\u1ea3m b\u1ea3o b\u1ea1n kh\u00f4ng ph\u1ea3i t\u1ed1n chi ph\u00ed thay th\u1ebf th\u01b0\u1eddng xuy\u00ean.<\/li>\n<\/ul>\n<p>&nbsp;<\/p>\n<h2 style=\"text-align: center;\"><em><span style=\"color: #333399;\"><strong>Th\u00f4ng s\u1ed1 k\u1ef9 thu\u1eadt c\u1ee7a Th\u1ebb NFC PVC<\/strong><\/span><\/em><\/h2>\n<p><span style=\"color: #008080;\"><strong>Vi\u1ec7c hi\u1ec3u r\u00f5 c\u00e1c th\u00f4ng s\u1ed1 k\u1ef9 thu\u1eadt c\u1ee7a th\u1ebb NFC r\u1ea5t quan tr\u1ecdng \u0111\u1ec3 \u0111\u01b0a ra quy\u1ebft \u0111\u1ecbnh s\u00e1ng su\u1ed1t. <\/strong><\/span><\/p>\n<p><span style=\"color: #008080;\"><strong>Sau \u0111\u00e2y l\u00e0 ph\u00e2n t\u00edch c\u00e1c chi ti\u1ebft c\u1ea7n thi\u1ebft:<\/strong><\/span><\/p>\n<div class=\"table-with-header rounded-lg border border-solid border-grey-line2-normal w-fit max-w-full mb-2\">\n<div class=\"overflow-x-auto custom-scrollbar custom-scrollbar-float max-w-full\">\n<table class=\"w-fit !mb-0 !max-w-none\" style=\"height: 265px;\" width=\"435\">\n<thead>\n<tr>\n<th>Thu\u1ed9c t\u00ednh<\/th>\n<th>\u0110\u1eb7c \u0111i\u1ec3m k\u1ef9 thu\u1eadt<\/th>\n<\/tr>\n<\/thead>\n<tbody>\n<tr>\n<td>Chip<\/td>\n<td>F08\/NTag213\/Tag215\/Tag216 (2k\/4k\/8k)<\/td>\n<\/tr>\n<tr>\n<td>K\u00edch c\u1ee1<\/td>\n<td>85,5mm x54mm\/t\u00f9y ch\u1ec9nh<\/td>\n<\/tr>\n<tr>\n<td>T\u00f9y ch\u1ecdn in<\/td>\n<td>In \u1ea5n\/in offset\/in l\u1ee5a CMYK4C<\/td>\n<\/tr>\n<tr>\n<td>T\u00ednh th\u01b0\u1eddng xuy\u00ean<\/td>\n<td>13,56MHz<\/td>\n<\/tr>\n<tr>\n<td>K\u00fd \u1ee9c<\/td>\n<td>L\u00ean \u0111\u1ebfn 8k, c\u00f3 th\u1ec3 t\u00f9y ch\u1ec9nh<\/td>\n<\/tr>\n<tr>\n<td>K\u00edch th\u01b0\u1edbc \u0111\u00f3ng g\u00f3i<\/td>\n<td>5,55cm x5,4cm x0,01cm<\/td>\n<\/tr>\n<tr>\n<td>T\u1ed5ng tr\u1ecdng l\u01b0\u1ee3ng<\/td>\n<td>0,010kg<\/td>\n<\/tr>\n<\/tbody>\n<\/table>\n<\/div>\n<\/div>\n<h2><span style=\"color: #666699;\"><strong>C\u00e1c t\u00ednh n\u0103ng b\u1ed5 sung:<\/strong><\/span><\/h2>\n<ul>\n<li><strong>Logo t\u00f9y ch\u1ec9nh<\/strong>: Vi\u1ec7c s\u1eed d\u1ee5ng th\u01b0\u01a1ng hi\u1ec7u c\u1ee7a b\u1ea1n s\u1ebd t\u0103ng c\u01b0\u1eddng kh\u1ea3 n\u0103ng hi\u1ec3n th\u1ecb v\u00e0 t\u00ednh chuy\u00ean nghi\u1ec7p.<\/li>\n<li><strong>M\u1ecfng nh\u01b0ng M\u1ea1nh m\u1ebd<\/strong>: \u0110\u1ed9 d\u00e0y 0,85 mm \u0111\u1ea3m b\u1ea3o th\u1ebb nh\u1eb9 v\u00e0 b\u1ec1n.<\/li>\n<\/ul>\n<p>&nbsp;<\/p>\n<h2 style=\"text-align: center;\"><strong><em><span style=\"color: #000080;\">Giao di\u1ec7n truy\u1ec1n th\u00f4ng n\u00e2ng cao RFID v\u00e0 NFC<\/span><\/em><\/strong><\/h2>\n<p>C\u00e1c <strong>giao di\u1ec7n truy\u1ec1n th\u00f4ng<\/strong>\u00a0c\u1ee7a th\u1ebb NFC l\u00e0 m\u1ed9t ph\u1ea7n kh\u00f4ng th\u1ec3 thi\u1ebfu trong ch\u1ee9c n\u0103ng c\u1ee7a ch\u00fang. Ho\u1ea1t \u0111\u1ed9ng \u1edf t\u1ea7n s\u1ed1\u00a0<strong>13,56MHz<\/strong>Th\u1ebb NFC s\u1eed d\u1ee5ng c\u1ea3 c\u00f4ng ngh\u1ec7 RFID v\u00e0 NFC, cho ph\u00e9p trao \u0111\u1ed5i d\u1eef li\u1ec7u nhanh ch\u00f3ng, kh\u00f4ng c\u1ea7n ti\u1ebfp x\u00fac.<\/p>\n<h3><span style=\"color: #666699;\"><strong>Nh\u1eefng \u0111i\u1ec3m ch\u00ednh:<\/strong><\/span><\/h3>\n<ul>\n<li><strong>Giao d\u1ecbch li\u1ec1n m\u1ea1ch<\/strong>: T\u01b0\u01a1ng t\u00e1c v\u1edbi ng\u01b0\u1eddi d\u00f9ng nhanh ch\u00f3ng v\u00e0 d\u1ec5 d\u00e0ng \u0111\u1ec3 thanh to\u00e1n v\u00e0 truy c\u1eadp.<\/li>\n<li><strong>Kh\u1ea3 n\u0103ng t\u01b0\u01a1ng th\u00edch<\/strong>: Ho\u1ea1t \u0111\u1ed9ng ho\u00e0n h\u1ea3o v\u1edbi nhi\u1ec1u\u00a0<strong>\u0111\u1ea7u \u0111\u1ecdc th\u1ebb<\/strong>\u00a0v\u00e0 h\u1ec7 th\u1ed1ng qu\u1ea3n l\u00fd, gi\u00fap vi\u1ec7c t\u00edch h\u1ee3p tr\u1edf n\u00ean d\u1ec5 d\u00e0ng.<\/li>\n<\/ul>\n<p>&nbsp;<\/p>\n<h3><span style=\"color: #666699;\"><strong>\u1ee8ng d\u1ee5ng trong ng\u00e0nh: <\/strong><\/span><\/h3>\n<p><strong>Trao quy\u1ec1n cho doanh nghi\u1ec7p c\u1ee7a b\u1ea1nTh\u1ebb NFC t\u00f9y ch\u1ec9nh c\u1ef1c k\u1ef3 linh ho\u1ea1t v\u00e0 c\u00f3 th\u1ec3 \u0111\u01b0\u1ee3c s\u1eed d\u1ee5ng trong nhi\u1ec1u ng\u00e0nh c\u00f4ng nghi\u1ec7p. T\u1eeb th\u1ebb Mifare cho ph\u01b0\u01a1ng ti\u1ec7n giao th\u00f4ng c\u00f4ng c\u1ed9ng \u0111\u1ebfn th\u1ebb ki\u1ec3m so\u00e1t ra v\u00e0o cho m\u00f4i tr\u01b0\u1eddng an to\u00e0n, c\u00e1c \u1ee9ng d\u1ee5ng r\u1ea5t r\u1ed9ng l\u1edbn.<\/strong><\/p>\n<p>&nbsp;<\/p>\n<h3><span style=\"color: #666699;\"><strong>V\u00ed d\u1ee5 \u1ee9ng d\u1ee5ng:<\/strong><\/span><\/h3>\n<ul>\n<li><strong>B\u00e1n l\u1ebb<\/strong>:S\u1eed d\u1ee5ng th\u1ebb kh\u00e1ch h\u00e0ng th\u00e2n thi\u1ebft \u0111\u1ec3 thu h\u00fat kh\u00e1ch h\u00e0ng tr\u1ef1c ti\u1ebfp, th\u01b0\u1edfng cho nh\u1eefng l\u1ea7n gh\u00e9 th\u0103m ti\u1ebfp theo \u0111\u1ed3ng th\u1eddi thu th\u1eadp d\u1eef li\u1ec7u c\u00f3 gi\u00e1 tr\u1ecb.<\/li>\n<li><strong>S\u1ef1 hi\u1ebfu kh\u00e1ch<\/strong>:Tri\u1ec3n khai ch\u00eca kh\u00f3a ph\u00f2ng th\u00f4ng minh cho kh\u00e1ch s\u1ea1n, mang \u0111\u1ebfn cho du kh\u00e1ch tr\u1ea3i nghi\u1ec7m nh\u1eadn ph\u00f2ng li\u1ec1n m\u1ea1ch.<\/li>\n<\/ul>\n<p>&nbsp;<\/p>\n<p>&nbsp;<\/p>\n<h2 style=\"text-align: center;\"><span style=\"color: #333399;\"><em><strong>T\u00e1c \u0111\u1ed9ng m\u00f4i tr\u01b0\u1eddng v\u00e0 t\u00ednh b\u1ec1n v\u1eefng<\/strong><\/em><\/span><\/h2>\n<p><strong>Vi\u1ec7c k\u1ebft h\u1ee3p c\u00e1c ho\u1ea1t \u0111\u1ed9ng th\u00e2n thi\u1ec7n v\u1edbi m\u00f4i tr\u01b0\u1eddng l\u00e0 r\u1ea5t quan tr\u1ecdng \u0111\u1ed1i v\u1edbi c\u00e1c doanh nghi\u1ec7p ng\u00e0y nay. Th\u1ebb NFC PVC c\u1ee7a ch\u00fang t\u00f4i c\u00f3 th\u1ec3 \u0111\u01b0\u1ee3c thi\u1ebft k\u1ebf \u0111\u1ec3 gi\u1ea3m t\u00e1c \u0111\u1ed9ng \u0111\u1ebfn m\u00f4i tr\u01b0\u1eddng. S\u1eed d\u1ee5ng v\u1eadt li\u1ec7u c\u00f3 th\u1ec3 t\u00e1i ch\u1ebf gi\u1ea3i quy\u1ebft c\u00e1c m\u1ed1i quan t\u00e2m v\u1ec1 t\u00ednh b\u1ec1n v\u1eefng trong khi v\u1eabn duy tr\u00ec ch\u1ee9c n\u0103ng cao.<\/strong><\/p>\n<ul>\n<li><strong>D\u1ea5u ch\u00e2n Carbon th\u1ea5p h\u01a1n<\/strong>:S\u1eed d\u1ee5ng v\u1eadt li\u1ec7u b\u1ec1n v\u1eefng gi\u00fap gi\u1ea3m thi\u1ec3u ch\u1ea5t th\u1ea3i.<\/li>\n<li><strong>Tu\u1ed5i th\u1ecd b\u1ec1n b\u1ec9<\/strong>:Th\u1ebb ch\u1ea5t l\u01b0\u1ee3ng cao c\u00f3 ngh\u0129a l\u00e0 \u00edt ph\u1ea3i thay th\u1ebf h\u01a1n, \u0111i\u1ec1u n\u00e0y t\u1ed1t h\u01a1n cho m\u00f4i tr\u01b0\u1eddng.<\/li>\n<\/ul>\n<p>&nbsp;<\/p>\n<h2 style=\"text-align: center;\"><em><span style=\"color: #333399;\"><strong>\u0110\u00e1nh gi\u00e1 c\u1ee7a kh\u00e1ch h\u00e0ng<\/strong><\/span><\/em><\/h2>\n<ul>\n<li><strong>Sarah K.<\/strong>: \u201cC\u00e1c t\u00f9y ch\u1ecdn t\u00f9y ch\u1ec9nh cho ph\u00e9p ch\u00fang t\u00f4i t\u00edch h\u1ee3p th\u01b0\u01a1ng hi\u1ec7u c\u1ee7a m\u00ecnh m\u1ed9t c\u00e1ch ho\u00e0n h\u1ea3o. Kh\u00e1ch c\u1ee7a ch\u00fang t\u00f4i th\u00edch ch\u00eca kh\u00f3a ph\u00f2ng th\u00f4ng minh m\u1edbi!\u201d<\/li>\n<li><strong>Mike R.<\/strong>: \u201cNh\u1eefng th\u1ebb n\u00e0y ho\u1ea1t \u0111\u1ed9ng li\u1ec1n m\u1ea1ch v\u1edbi h\u1ec7 th\u1ed1ng ki\u1ec3m so\u00e1t ra v\u00e0o c\u1ee7a ch\u00fang t\u00f4i. Vi\u1ec7c c\u00e0i \u0111\u1eb7t di\u1ec5n ra nhanh ch\u00f3ng v\u00e0 gi\u1edd \u0111\u00e2y ch\u00fang t\u00f4i c\u00f3 th\u1ec3 qu\u1ea3n l\u00fd th\u00f4ng tin \u0111\u0103ng nh\u1eadp c\u1ee7a m\u00ecnh m\u1ed9t c\u00e1ch d\u1ec5 d\u00e0ng.\u201d<\/li>\n<\/ul>","protected":false},"excerpt":{"rendered":"<p>T\u1ed1i \u01b0u h\u00f3a doanh nghi\u1ec7p c\u1ee7a b\u1ea1n v\u1edbi Th\u1ebb NFC PVC t\u00f9y ch\u1ec9nh, c\u00f3 \u0111\u1ed9 b\u1ec1n, t\u00ednh n\u0103ng ch\u1ed1ng th\u1ea5m n\u01b0\u1edbc, giao d\u1ecbch li\u1ec1n m\u1ea1ch v\u00e0 x\u00e2y d\u1ef1ng th\u01b0\u01a1ng hi\u1ec7u ph\u00f9 h\u1ee3p cho nhi\u1ec1u \u1ee9ng d\u1ee5ng kh\u00e1c nhau.<\/p>","protected":false},"featured_media":3597,"template":"","meta":[],"product_brand":[],"product_cat":[46],"product_tag":[],"class_list":{"0":"post-3595","1":"product","2":"type-product","3":"status-publish","4":"has-post-thumbnail","6":"product_cat-nfc-cards","8":"first","9":"instock","10":"shipping-taxable","11":"product-type-simple"},"_links":{"self":[{"href":"https:\/\/nfc-readers.com\/vi\/wp-json\/wp\/v2\/product\/3595","targetHints":{"allow":["GET"]}}],"collection":[{"href":"https:\/\/nfc-readers.com\/vi\/wp-json\/wp\/v2\/product"}],"about":[{"href":"https:\/\/nfc-readers.com\/vi\/wp-json\/wp\/v2\/types\/product"}],"wp:featuredmedia":[{"embeddable":true,"href":"https:\/\/nfc-readers.com\/vi\/wp-json\/wp\/v2\/media\/3597"}],"wp:attachment":[{"href":"https:\/\/nfc-readers.com\/vi\/wp-json\/wp\/v2\/media?parent=3595"}],"wp:term":[{"taxonomy":"product_brand","embeddable":true,"href":"https:\/\/nfc-readers.com\/vi\/wp-json\/wp\/v2\/product_brand?post=3595"},{"taxonomy":"product_cat","embeddable":true,"href":"https:\/\/nfc-readers.com\/vi\/wp-json\/wp\/v2\/product_cat?post=3595"},{"taxonomy":"product_tag","embeddable":true,"href":"https:\/\/nfc-readers.com\/vi\/wp-json\/wp\/v2\/product_tag?post=3595"}],"curies":[{"name":"wp","href":"https:\/\/api.w.org\/{rel}","templated":true}]}}