{"id":3602,"date":"2024-11-07T15:58:55","date_gmt":"2024-11-07T15:58:55","guid":{"rendered":"https:\/\/nfc-readers.com\/?post_type=product&#038;p=3602"},"modified":"2024-11-07T16:39:39","modified_gmt":"2024-11-07T16:39:39","slug":"write-url-dynamic-qr-code-ntag-213-nfc-card","status":"publish","type":"product","link":"https:\/\/nfc-readers.com\/vi\/ic-reader\/write-url-dynamic-qr-code-ntag-213-nfc-card\/","title":{"rendered":"Vi\u1ebft URL m\u00e3 QR \u0111\u1ed9ng Ntag 213 th\u1ebb NFC"},"content":{"rendered":"<h1 style=\"text-align: center;\"><span style=\"color: #000080;\"><strong>Vi\u1ebft URL m\u00e3 QR \u0111\u1ed9ng Ntag 213 th\u1ebb NFC<\/strong><\/span><\/h1>\n<p><span style=\"color: #666699;\"><strong>Vi\u1ebft URL Dynamic QR Code NTAG213 NFC Card: Bi\u1ebfn \u0111\u1ed5i t\u01b0\u01a1ng t\u00e1c kinh doanh c\u1ee7a b\u1ea1nTrong m\u1ed9t th\u1ebf gi\u1edbi ng\u00e0y c\u00e0ng s\u1ed1 h\u00f3a, giao ti\u1ebfp hi\u1ec7u qu\u1ea3 v\u00e0 hi\u1ec7u qu\u1ea3 ho\u1ea1t \u0111\u1ed9ng l\u00e0 t\u1ed1i quan tr\u1ecdng \u0111\u1ed1i v\u1edbi b\u1ea5t k\u1ef3 doanh nghi\u1ec7p n\u00e0o. Vi\u1ebft URL Dynamic QR Code NTAG213 NFC Card l\u00e0 m\u1ed9t s\u1ea3n ph\u1ea9m mang t\u00ednh c\u00e1ch m\u1ea1ng gi\u00fap t\u0103ng c\u01b0\u1eddng t\u01b0\u01a1ng t\u00e1c, h\u1ee3p l\u00fd h\u00f3a quy tr\u00ecnh v\u00e0 gi\u00fap kh\u00e1ch h\u00e0ng v\u00e0 doanh nghi\u1ec7p d\u1ec5 d\u00e0ng k\u1ebft n\u1ed1i h\u01a1n.<\/strong><\/span><\/p>\n<p>Nh\u1eefng th\u1ebb NFC n\u00e0y s\u1eed d\u1ee5ng c\u00f4ng ngh\u1ec7 ti\u00ean ti\u1ebfn\u00a0<strong>C\u00f4ng ngh\u1ec7 NTAG213<\/strong>\u00a0\u0111\u1ec3 cung c\u1ea5p kh\u1ea3 n\u0103ng URL \u0111\u1ed9ng, cho ph\u00e9p doanh nghi\u1ec7p h\u01b0\u1edbng ng\u01b0\u1eddi d\u00f9ng \u0111\u1ebfn b\u1ea5t k\u1ef3 trang web ho\u1eb7c t\u00e0i nguy\u00ean k\u1ef9 thu\u1eadt s\u1ed1 n\u00e0o m\u1ed9t c\u00e1ch li\u1ec1n m\u1ea1ch. S\u1ef1 k\u1ebft h\u1ee3p m\u1ea1nh m\u1ebd gi\u1eefa c\u00f4ng ngh\u1ec7 NFC v\u00e0 m\u00e3 QR n\u00e0y cho ph\u00e9p c\u00e1c \u1ee9ng d\u1ee5ng \u0111a n\u0103ng, bao g\u1ed3m c\u00e1c chi\u1ebfn d\u1ecbch ti\u1ebfp th\u1ecb, qu\u1ea3n l\u00fd s\u1ef1 ki\u1ec7n, x\u00e1c th\u1ef1c s\u1ea3n ph\u1ea9m v\u00e0 nhi\u1ec1u h\u01a1n n\u1eefa. \u0110\u1ea7u t\u01b0 v\u00e0o th\u1ebb NFC NTAG213 kh\u00f4ng ch\u1ec9 l\u00e0 m\u1ed9t \u0111\u1ed9ng th\u00e1i chi\u1ebfn l\u01b0\u1ee3c m\u00e0 c\u00f2n l\u00e0 m\u1ed9t b\u01b0\u1edbc ti\u1ebfn t\u1edbi hi\u1ec7n \u0111\u1ea1i h\u00f3a ho\u1ea1t \u0111\u1ed9ng kinh doanh c\u1ee7a b\u1ea1n.<\/p>\n<hr \/>\n<p>&nbsp;<\/p>\n<p>&nbsp;<\/p>\n<h2 style=\"text-align: center;\"><em><strong><span style=\"color: #333399;\">Thu\u1ed9c t\u00ednh ch\u00ednh c\u1ee7a th\u1ebb NFC NTAG213<\/span><\/strong><\/em><\/h2>\n<p><span style=\"color: #008080;\"><strong>Th\u1ebb NFC NTAG213 n\u1ed5i b\u1eadt nh\u1edd c\u00e1c t\u00ednh n\u0103ng c\u1ea3i ti\u1ebfn v\u00e0 c\u1ea5u tr\u00fac ch\u1eafc ch\u1eafn. Sau \u0111\u00e2y l\u00e0 c\u00e1c thu\u1ed9c t\u00ednh c\u1ea7n thi\u1ebft:<\/strong><\/span><\/p>\n<ul>\n<li><strong>V\u1eadt li\u1ec7u<\/strong>: \u0110\u01b0\u1ee3c ch\u1ebf t\u00e1c t\u1eeb ch\u1ea5t l\u01b0\u1ee3ng cao\u00a0<strong>PVC<\/strong>, nh\u1eefng th\u1ebb n\u00e0y \u0111\u01b0\u1ee3c thi\u1ebft k\u1ebf \u0111\u1ec3 c\u00f3 \u0111\u1ed9 b\u1ec1n v\u00e0 tu\u1ed5i th\u1ecd cao. Ch\u00fang c\u00f3 th\u1ec3 ch\u1ecbu \u0111\u01b0\u1ee3c s\u1ef1 kh\u1eafc nghi\u1ec7t c\u1ee7a vi\u1ec7c s\u1eed d\u1ee5ng h\u00e0ng ng\u00e0y, cho d\u00f9 ch\u00fang \u0111\u01b0\u1ee3c trao t\u1ea1i c\u00e1c s\u1ef1 ki\u1ec7n hay \u0111\u01b0\u1ee3c s\u1eed d\u1ee5ng trong h\u1ec7 th\u1ed1ng ki\u1ec3m so\u00e1t ra v\u00e0o.<\/li>\n<li><strong>C\u00f4ng ngh\u1ec7 Chip<\/strong>:Chip NTAG213 \u0111\u01b0\u1ee3c thi\u1ebft k\u1ebf \u0111\u1eb7c bi\u1ec7t cho c\u00e1c \u1ee9ng d\u1ee5ng y\u00eau c\u1ea7u d\u1eef li\u1ec7u \u0111\u1ed9ng, cung c\u1ea5p dung l\u01b0\u1ee3ng b\u1ed9 nh\u1edb l\u00e0\u00a0<strong>144 byte<\/strong>\u00a0v\u00e0 kh\u1ea3 n\u0103ng vi\u1ebft l\u1ea1i URL b\u1ea5t k\u1ef3 l\u00fac n\u00e0o m\u00e0 kh\u00f4ng c\u1ea7n ph\u1ea3i in th\u1ebb m\u1edbi.<\/li>\n<li><strong>K\u00edch th\u01b0\u1edbc v\u00e0 t\u00f9y ch\u1ec9nh<\/strong>: K\u00edch th\u01b0\u1edbc ti\u00eau chu\u1ea9n l\u00e0\u00a0<strong>85,5mmx54mm<\/strong>, cho ph\u00e9p th\u1ed1ng nh\u1ea5t v\u1edbi k\u00edch th\u01b0\u1edbc th\u1ebb t\u00edn d\u1ee5ng truy\u1ec1n th\u1ed1ng, gi\u00fap b\u1ea1n d\u1ec5 d\u00e0ng mang theo. C\u00f3 th\u1ec3 t\u00f9y ch\u1ec9nh k\u00edch th\u01b0\u1edbc v\u00e0 thi\u1ebft k\u1ebf \u0111\u1ec3 ph\u00f9 h\u1ee3p v\u1edbi nhu c\u1ea7u x\u00e2y d\u1ef1ng th\u01b0\u01a1ng hi\u1ec7u c\u1ee7a b\u1ea1n.<\/li>\n<\/ul>\n<p>&nbsp;<\/p>\n<p>&nbsp;<\/p>\n<h2 style=\"text-align: center;\"><em><strong><span style=\"color: #333399;\">T\u00ednh n\u0103ng \u0111\u1eb7c bi\u1ec7t<\/span><\/strong><\/em><\/h2>\n<p style=\"text-align: left;\"><strong>Thi\u1ebft k\u1ebf ch\u1ed1ng th\u1ea5m n\u01b0\u1edbc v\u00e0 th\u1eddi ti\u1ebft<\/strong><\/p>\n<p style=\"text-align: left;\">M\u1ed9t trong nh\u1eefng t\u00ednh n\u0103ng n\u1ed5i b\u1eadt c\u1ee7a th\u1ebb NFC Write URL l\u00e0\u00a0<strong>kh\u00f4ng th\u1ea5m n\u01b0\u1edbc v\u00e0 ch\u1ed1ng ch\u1ecbu th\u1eddi ti\u1ebft<\/strong>\u00a0t\u00ednh ch\u1ea5t. C\u00e1c doanh nghi\u1ec7p ho\u1ea1t \u0111\u1ed9ng trong nhi\u1ec1u m\u00f4i tr\u01b0\u1eddng kh\u00e1c nhau c\u00f3 th\u1ec3 \u0111\u01b0\u1ee3c h\u01b0\u1edfng l\u1ee3i r\u1ea5t nhi\u1ec1u t\u1eeb nh\u1eefng t\u00ednh n\u0103ng n\u00e0y.<\/p>\n<ul>\n<li><strong>T\u00ednh linh ho\u1ea1t<\/strong>: Nh\u1eefng t\u1ea5m thi\u1ec7p n\u00e0y l\u00fd t\u01b0\u1edfng cho c\u00e1c s\u1ef1 ki\u1ec7n ngo\u00e0i tr\u1eddi, n\u01a1i m\u00e0 vi\u1ec7c ti\u1ebfp x\u00fac v\u1edbi \u0111\u1ed9 \u1ea9m c\u00f3 th\u1ec3 l\u00e0m h\u1ecfng nh\u1eefng t\u1ea5m thi\u1ec7p ti\u00eau chu\u1ea9n. Cho d\u00f9 \u0111\u00f3 l\u00e0 m\u1ed9t l\u1ec5 h\u1ed9i \u00e2m nh\u1ea1c, m\u1ed9t s\u1ef1 ki\u1ec7n th\u1ec3 thao hay c\u00e1c chi\u1ebfn d\u1ecbch ti\u1ebfp th\u1ecb ngo\u00e0i tr\u1eddi,\u00a0<strong>Th\u1ebb NFC NTAG213<\/strong>\u00a0s\u1ebd ho\u1ea1t \u0111\u1ed9ng \u0111\u00e1ng tin c\u1eady.<\/li>\n<li><strong>Tu\u1ed5i th\u1ecd<\/strong>:Kh\u1ea3 n\u0103ng ch\u1ed1ng n\u01b0\u1edbc kh\u00f4ng ch\u1ec9 k\u00e9o d\u00e0i tu\u1ed5i th\u1ecd c\u1ee7a th\u1ebb m\u00e0 c\u00f2n gi\u00fap b\u1ea1n ti\u1ebft ki\u1ec7m chi ph\u00ed thay th\u1ebf th\u01b0\u1eddng xuy\u00ean.<\/li>\n<\/ul>\n<p>&nbsp;<\/p>\n<h2 style=\"text-align: center;\"><em><strong><span style=\"color: #333399;\">Giao di\u1ec7n truy\u1ec1n th\u00f4ng<\/span><\/strong><\/em><\/h2>\n<ul>\n<li><strong>RFID v\u00e0 NFC<\/strong>: Ho\u1ea1t \u0111\u1ed9ng \u1edf t\u1ea7n s\u1ed1\u00a0<strong>13,56MHz<\/strong>, c\u00e1c lo\u1ea1i th\u1ebb n\u00e0y s\u1eed d\u1ee5ng c\u1ea3 c\u00f4ng ngh\u1ec7 RFID v\u00e0 NFC \u0111\u1ec3 cho ph\u00e9p giao ti\u1ebfp kh\u00f4ng ti\u1ebfp x\u00fac. \u0110i\u1ec1u n\u00e0y \u0111\u1ea3m b\u1ea3o trao \u0111\u1ed5i d\u1eef li\u1ec7u nhanh ch\u00f3ng v\u00e0 hi\u1ec7u qu\u1ea3, n\u00e2ng cao tr\u1ea3i nghi\u1ec7m c\u1ee7a ng\u01b0\u1eddi d\u00f9ng trong c\u00e1c giao d\u1ecbch.<\/li>\n<li><strong>Giao d\u1ecbch li\u1ec1n m\u1ea1ch<\/strong>: Vi\u1ec7c t\u00edch h\u1ee3p c\u00f4ng ngh\u1ec7 NFC cho ph\u00e9p t\u01b0\u01a1ng t\u00e1c d\u1ec5 d\u00e0ng. Ng\u01b0\u1eddi d\u00f9ng ch\u1ec9 c\u1ea7n ch\u1ea1m th\u1ebb c\u1ee7a h\u1ecd v\u00e0o \u0111\u1ea7u \u0111\u1ecdc t\u01b0\u01a1ng th\u00edch, ngay l\u1eadp t\u1ee9c \u0111\u01b0a ra URL \u0111\u01b0\u1ee3c li\u00ean k\u1ebft, c\u00f3 th\u1ec3 h\u01b0\u1edbng h\u1ecd \u0111\u1ebfn trang web, bi\u1ec3u m\u1eabu ho\u1eb7c n\u1ed9i dung \u0111a ph\u01b0\u01a1ng ti\u1ec7n.<\/li>\n<\/ul>\n<p>&nbsp;<\/p>\n<p>&nbsp;<\/p>\n<h2 style=\"text-align: center;\"><em><span style=\"color: #333399;\"><strong>Th\u00f4ng s\u1ed1 k\u1ef9 thu\u1eadt<\/strong><\/span><\/em><\/h2>\n<p><span style=\"color: #008080;\"><strong>\u0110\u1ec3 \u0111\u01b0a ra quy\u1ebft \u0111\u1ecbnh s\u00e1ng su\u1ed1t, sau \u0111\u00e2y l\u00e0 th\u00f4ng s\u1ed1 k\u1ef9 thu\u1eadt chi ti\u1ebft c\u1ee7a Th\u1ebb NFC Write URL Dynamic QR Code NTAG213:<\/strong><\/span><\/p>\n<div class=\"table-with-header rounded-lg border border-solid border-grey-line2-normal w-fit max-w-full mb-2\">\n<div class=\"overflow-x-auto custom-scrollbar custom-scrollbar-float max-w-full\">\n<table class=\"w-fit !mb-0 !max-w-none\">\n<thead>\n<tr>\n<th><strong>Thu\u1ed9c t\u00ednh<\/strong><\/th>\n<th><strong>\u0110\u1eb7c \u0111i\u1ec3m k\u1ef9 thu\u1eadt<\/strong><\/th>\n<\/tr>\n<\/thead>\n<tbody>\n<tr>\n<td><strong>Chip<\/strong><\/td>\n<td>NTAG213 (th\u01b0\u01a1ng hi\u1ec7u \u0111\u00e3 \u0111\u0103ng k\u00fd NXP\u00ae)<\/td>\n<\/tr>\n<tr>\n<td><strong>V\u1eadt li\u1ec7u<\/strong><\/td>\n<td>PVC<\/td>\n<\/tr>\n<tr>\n<td><strong>K\u00edch c\u1ee1<\/strong><\/td>\n<td>85,5mmx54mm<\/td>\n<\/tr>\n<tr>\n<td><strong>K\u00fd \u1ee9c<\/strong><\/td>\n<td>144 Byte (c\u00f3 s\u1eb5n t\u00f9y ch\u1ecdn t\u00f9y ch\u1ec9nh)<\/td>\n<\/tr>\n<tr>\n<td><strong>T\u00ednh th\u01b0\u1eddng xuy\u00ean<\/strong><\/td>\n<td>13,56MHz<\/td>\n<\/tr>\n<tr>\n<td><strong>T\u00f9y ch\u1ecdn in<\/strong><\/td>\n<td>In Offset CMYK<\/td>\n<\/tr>\n<tr>\n<td><strong>Kho\u1ea3ng c\u00e1ch \u0111\u1ecdc<\/strong><\/td>\n<td>2-10cm<\/td>\n<\/tr>\n<tr>\n<td><strong>Ngu\u1ed3n g\u1ed1c<\/strong><\/td>\n<td>Qu\u1ea3ng \u0110\u00f4ng, Trung Qu\u1ed1c<\/td>\n<\/tr>\n<tr>\n<td><strong>th\u1ee7 c\u00f4ng<\/strong><\/td>\n<td>Nhi\u1ec1u l\u1ef1a ch\u1ecdn kh\u00e1c nhau: M\u00e3 laser, M\u1ef1c UV, v.v.<\/td>\n<\/tr>\n<\/tbody>\n<\/table>\n<p>&nbsp;<\/p>\n<\/div>\n<\/div>\n<h2 style=\"text-align: center;\"><em><strong><span style=\"color: #333399;\">\u1ee8ng d\u1ee5ng trong nhi\u1ec1u ng\u00e0nh c\u00f4ng nghi\u1ec7p<\/span><\/strong><\/em><\/h2>\n<p><span style=\"color: #008080;\"><strong>Th\u1ebb NFC Write URL Dynamic QR Code NTAG213 c\u00f3 nhi\u1ec1u \u1ee9ng d\u1ee5ng \u0111a d\u1ea1ng trong nhi\u1ec1u l\u0129nh v\u1ef1c kh\u00e1c nhau:<\/strong><\/span><\/p>\n<ul>\n<li><strong>B\u00e1n l\u1ebb v\u00e0 Ti\u1ebfp th\u1ecb<\/strong>: S\u1eed d\u1ee5ng nh\u1eefng th\u1ebb n\u00e0y cho c\u00e1c ch\u01b0\u01a1ng tr\u00ecnh kh\u00e1ch h\u00e0ng th\u00e2n thi\u1ebft, cho ph\u00e9p kh\u00e1ch h\u00e0ng d\u1ec5 d\u00e0ng truy c\u1eadp v\u00e0o c\u00e1c li\u00ean k\u1ebft khuy\u1ebfn m\u1ea1i ho\u1eb7c \u01b0u \u0111\u00e3i \u0111\u1eb7c bi\u1ec7t.\u00a0<strong>URL \u0111\u1ed9ng<\/strong>\u00a0T\u00ednh n\u0103ng n\u00e0y c\u00f3 ngh\u0129a l\u00e0 b\u1ea1n c\u00f3 th\u1ec3 c\u1eadp nh\u1eadt ch\u01b0\u01a1ng tr\u00ecnh khuy\u1ebfn m\u00e3i ngay l\u1eadp t\u1ee9c m\u00e0 kh\u00f4ng c\u1ea7n th\u1ebb m\u1edbi.<\/li>\n<li><strong>Qu\u1ea3n l\u00fd s\u1ef1 ki\u1ec7n<\/strong>: Ho\u00e0n h\u1ea3o cho c\u00e1c h\u1ed9i ngh\u1ecb, bu\u1ed5i h\u00f2a nh\u1ea1c ho\u1eb7c h\u1ed9i ch\u1ee3 th\u01b0\u01a1ng m\u1ea1i, nh\u1eefng th\u1ebb n\u00e0y c\u00f3 th\u1ec3 cung c\u1ea5p quy\u1ec1n truy c\u1eadp kh\u00f4ng ti\u1ebfp x\u00fac v\u00e0o l\u1ecbch tr\u00ecnh, th\u00f4ng tin di\u1ec5n gi\u1ea3 v\u00e0 c\u1eadp nh\u1eadt s\u1ef1 ki\u1ec7n th\u00f4ng qua m\u00e3 QR \u0111\u01b0\u1ee3c li\u00ean k\u1ebft v\u1edbi chip NFC.<\/li>\n<\/ul>","protected":false},"excerpt":{"rendered":"<p>Th\u1ebb NFC Write URL Dynamic QR Code NTAG213 t\u0103ng c\u01b0\u1eddng t\u01b0\u01a1ng t\u00e1c kinh doanh v\u1edbi URL \u0111\u1ed9ng, c\u00f4ng ngh\u1ec7 NFC, thi\u1ebft k\u1ebf ch\u1ed1ng th\u1ea5m n\u01b0\u1edbc v\u00e0 c\u00e1c \u1ee9ng d\u1ee5ng \u0111a n\u0103ng.<\/p>","protected":false},"featured_media":3604,"template":"","meta":[],"product_brand":[],"product_cat":[46],"product_tag":[],"class_list":{"0":"post-3602","1":"product","2":"type-product","3":"status-publish","4":"has-post-thumbnail","6":"product_cat-nfc-cards","8":"first","9":"instock","10":"shipping-taxable","11":"product-type-simple"},"_links":{"self":[{"href":"https:\/\/nfc-readers.com\/vi\/wp-json\/wp\/v2\/product\/3602","targetHints":{"allow":["GET"]}}],"collection":[{"href":"https:\/\/nfc-readers.com\/vi\/wp-json\/wp\/v2\/product"}],"about":[{"href":"https:\/\/nfc-readers.com\/vi\/wp-json\/wp\/v2\/types\/product"}],"wp:featuredmedia":[{"embeddable":true,"href":"https:\/\/nfc-readers.com\/vi\/wp-json\/wp\/v2\/media\/3604"}],"wp:attachment":[{"href":"https:\/\/nfc-readers.com\/vi\/wp-json\/wp\/v2\/media?parent=3602"}],"wp:term":[{"taxonomy":"product_brand","embeddable":true,"href":"https:\/\/nfc-readers.com\/vi\/wp-json\/wp\/v2\/product_brand?post=3602"},{"taxonomy":"product_cat","embeddable":true,"href":"https:\/\/nfc-readers.com\/vi\/wp-json\/wp\/v2\/product_cat?post=3602"},{"taxonomy":"product_tag","embeddable":true,"href":"https:\/\/nfc-readers.com\/vi\/wp-json\/wp\/v2\/product_tag?post=3602"}],"curies":[{"name":"wp","href":"https:\/\/api.w.org\/{rel}","templated":true}]}}