{"id":3610,"date":"2024-11-08T02:46:18","date_gmt":"2024-11-08T02:46:18","guid":{"rendered":"https:\/\/nfc-readers.com\/?post_type=product&#038;p=3610"},"modified":"2024-11-08T02:46:18","modified_gmt":"2024-11-08T02:46:18","slug":"nfc-soft-pvc-vinyl-wristband-card-for-rfid-fabric-wristband","status":"publish","type":"product","link":"https:\/\/nfc-readers.com\/vi\/ic-reader\/nfc-soft-pvc-vinyl-wristband-card-for-rfid-fabric-wristband\/","title":{"rendered":"Th\u1ebb \u0111eo tay b\u1eb1ng nh\u1ef1a PVC m\u1ec1m NFC cho v\u00f2ng \u0111eo tay v\u1ea3i RFID"},"content":{"rendered":"<h1><strong>Th\u1ebb \u0111eo tay b\u1eb1ng nh\u1ef1a PVC m\u1ec1m NFC cho d\u00e2y \u0111eo tay b\u1eb1ng v\u1ea3i RFID<\/strong><\/h1>\n<p>&nbsp;<\/p>\n<p>Trong th\u1ebf gi\u1edbi ng\u00e0y nay v\u1edbi nh\u1ecbp \u0111\u1ed9 nhanh v\u00e0 c\u00f4ng ngh\u1ec7 th\u00fac \u0111\u1ea9y, <strong>Th\u1ebb \u0111eo tay b\u1eb1ng nh\u1ef1a PVC m\u1ec1m NFC cho d\u00e2y \u0111eo tay b\u1eb1ng v\u1ea3i RFID<\/strong>\u00a0n\u1ed5i b\u1eadt nh\u01b0 m\u1ed9t c\u00f4ng c\u1ee5 thi\u1ebft y\u1ebfu \u0111\u1ec3 ki\u1ec3m so\u00e1t truy c\u1eadp li\u1ec1n m\u1ea1ch, giao d\u1ecbch kh\u00f4ng d\u00f9ng ti\u1ec1n m\u1eb7t v\u00e0 n\u00e2ng cao tr\u1ea3i nghi\u1ec7m ng\u01b0\u1eddi d\u00f9ng. \u0110\u01b0\u1ee3c l\u00e0m t\u1eeb nh\u1ef1a vinyl ch\u1ea5t l\u01b0\u1ee3ng cao, nh\u1eefng chi\u1ebfc v\u00f2ng \u0111eo tay n\u00e0y nh\u1eb9, nhi\u1ec1u m\u00e0u s\u1eafc v\u00e0 c\u1ef1c k\u1ef3 linh ho\u1ea1t, khi\u1ebfn ch\u00fang tr\u1edf n\u00ean ho\u00e0n h\u1ea3o cho nhi\u1ec1u s\u1ef1 ki\u1ec7n kh\u00e1c nhau nh\u01b0 h\u00f2a nh\u1ea1c, l\u1ec5 h\u1ed9i, c\u00f4ng vi\u00ean gi\u1ea3i tr\u00ed v\u00e0 c\u00e1c cu\u1ed9c h\u1ecdp c\u1ee7a c\u00f4ng ty. V\u1edbi t\u1ea7n su\u1ea5t ho\u1ea1t \u0111\u1ed9ng l\u00e0\u00a0<strong>13,56MHz<\/strong>\u00a0v\u00e0 kh\u1ea3 n\u0103ng t\u01b0\u01a1ng th\u00edch v\u1edbi c\u00f4ng ngh\u1ec7 RFID v\u00e0 NFC, nh\u1eefng chi\u1ebfc v\u00f2ng \u0111eo tay n\u00e0y mang \u0111\u1ebfn gi\u1ea3i ph\u00e1p \u0111\u1ed9c \u0111\u00e1o cho nh\u1eefng \u0111\u01a1n v\u1ecb t\u1ed5 ch\u1ee9c s\u1ef1 ki\u1ec7n v\u00e0 doanh nghi\u1ec7p mu\u1ed1n t\u0103ng c\u01b0\u1eddng an ninh v\u00e0 h\u1ee3p l\u00fd h\u00f3a ho\u1ea1t \u0111\u1ed9ng.<\/p>\n<p>&nbsp;<\/p>\n<h3><strong>T\u1ea1i sao n\u00ean ch\u1ecdn v\u00f2ng \u0111eo tay b\u1eb1ng nh\u1ef1a PVC m\u1ec1m NFC?<\/strong><\/h3>\n<p>\u0110\u1ea7u t\u01b0 v\u00e0o v\u00f2ng \u0111eo tay NFC kh\u00f4ng ch\u1ec9 l\u00e0 m\u1ed9t tuy\u00ean b\u1ed1 th\u1eddi trang m\u00e0 c\u00f2n l\u00e0 m\u1ed9t b\u1ea3n n\u00e2ng c\u1ea5p ch\u1ee9c n\u0103ng \u0111\u1ec3 qu\u1ea3n l\u00fd s\u1ef1 ki\u1ec7n v\u00e0 t\u01b0\u01a1ng t\u00e1c c\u1ee7a ng\u01b0\u1eddi d\u00f9ng m\u1ed9t c\u00e1ch hi\u1ec7u qu\u1ea3. Nh\u1eefng chi\u1ebfc v\u00f2ng \u0111eo tay n\u00e0y lo\u1ea1i b\u1ecf nhu c\u1ea7u v\u1ec1 h\u1ec7 th\u1ed1ng ki\u1ec3m so\u00e1t ra v\u00e0o v\u00e0 b\u00e1n v\u00e9 truy\u1ec1n th\u1ed1ng, gi\u1ea3m th\u1eddi gian ch\u1edd \u0111\u1ee3i v\u00e0 n\u00e2ng cao tr\u1ea3i nghi\u1ec7m c\u1ee7a kh\u00e1ch. V\u1edbi c\u00e1c t\u00f9y ch\u1ecdn x\u00e2y d\u1ef1ng th\u01b0\u01a1ng hi\u1ec7u t\u00f9y ch\u1ec9nh c\u00f3 s\u1eb5n, c\u00e1c doanh nghi\u1ec7p c\u00f3 th\u1ec3 t\u0103ng kh\u1ea3 n\u0103ng hi\u1ec3n th\u1ecb c\u1ee7a m\u00ecnh \u0111\u1ed3ng th\u1eddi cung c\u1ea5p ph\u01b0\u01a1ng th\u1ee9c thanh to\u00e1n kh\u00f4ng d\u00f9ng ti\u1ec1n m\u1eb7t \u0111\u00e1ng tin c\u1eady v\u00e0 an to\u00e0n. Cho d\u00f9 b\u1ea1n \u0111ang t\u1ed5 ch\u1ee9c l\u1ec5 h\u1ed9i \u00e2m nh\u1ea1c, s\u1ef1 ki\u1ec7n th\u1ec3 thao hay c\u00f4ng vi\u00ean gi\u1ea3i tr\u00ed, nh\u1eefng chi\u1ebfc v\u00f2ng \u0111eo tay n\u00e0y \u0111\u1ec1u cung c\u1ea5p \u0111\u1ed9 tin c\u1eady v\u00e0 ch\u1ee9c n\u0103ng m\u00e0 b\u1ea1n c\u1ea7n.<\/p>\n<p>&nbsp;<\/p>\n<h2>C\u00e1c t\u00ednh n\u0103ng c\u1ee7a c\u00f4ng ngh\u1ec7 RFID v\u00e0 NFC<\/h2>\n<h3>Ki\u1ec3m so\u00e1t truy c\u1eadp n\u00e2ng cao<\/h3>\n<p>C\u00e1c\u00a0<strong>C\u00f4ng ngh\u1ec7 RFID<\/strong>\u00a0\u0111\u01b0\u1ee3c nh\u00fang trong nh\u1eefng chi\u1ebfc v\u00f2ng tay n\u00e0y cho ph\u00e9p\u00a0<strong>ki\u1ec3m so\u00e1t truy c\u1eadp nhanh<\/strong>\u00a0t\u1ea1i c\u00e1c s\u1ef1 ki\u1ec7n, \u0111\u1ea3m b\u1ea3o r\u1eb1ng c\u00e1c \u0111i\u1ec3m v\u00e0o \u0111\u01b0\u1ee3c b\u1ea3o v\u1ec7 trong khi gi\u1ea3m th\u1eddi gian kh\u00e1ch ph\u1ea3i x\u1ebfp h\u00e0ng ch\u1edd \u0111\u1ee3i. Ng\u01b0\u1eddi t\u1ed5 ch\u1ee9c s\u1ef1 ki\u1ec7n c\u00f3 th\u1ec3 s\u1eed d\u1ee5ng\u00a0<strong>V\u00f2ng \u0111eo tay RFID<\/strong>\u00a0cho nhi\u1ec1u ch\u1ee9c n\u0103ng kh\u00e1c nhau, bao g\u1ed3m:<\/p>\n<ul>\n<li><strong>Quy\u1ec1n truy c\u1eadp VIP<\/strong>:Ph\u00e2n bi\u1ec7t gi\u1eefa v\u00e9 v\u00e0o c\u1eeda chung v\u00e0 v\u00e9 v\u00e0o c\u1eeda VIP cho c\u00e1c khu v\u1ef1c \u0111\u1eb7c bi\u1ec7t.<\/li>\n<li><strong>Thanh to\u00e1n kh\u00f4ng d\u00f9ng ti\u1ec1n m\u1eb7t<\/strong>: Cho ph\u00e9p giao d\u1ecbch kh\u00f4ng d\u00f9ng ti\u1ec1n m\u1eb7t cho h\u00e0ng h\u00f3a, th\u1ef1c ph\u1ea9m v\u00e0 \u0111\u1ed3 u\u1ed1ng ngay t\u1ea1i ch\u1ed7, gi\u00fap tr\u1ea3i nghi\u1ec7m t\u1ed5ng th\u1ec3 thu\u1eadn ti\u1ec7n h\u01a1n.<\/li>\n<\/ul>\n<h3>Ho\u1ea1t \u0111\u1ed9ng h\u1ee3p l\u00fd<\/h3>\n<p>S\u1eed d\u1ee5ng\u00a0<strong>C\u00f4ng ngh\u1ec7 v\u00f2ng \u0111eo tay NFC<\/strong>\u00a0h\u1ee3p l\u00fd h\u00f3a c\u00e1c ho\u1ea1t \u0111\u1ed9ng s\u1ef1 ki\u1ec7n m\u1ed9t c\u00e1ch \u0111\u00e1ng k\u1ec3. Kh\u1ea3 n\u0103ng ti\u1ebfn h\u00e0nh\u00a0<strong>thu th\u1eadp d\u1eef li\u1ec7u<\/strong>\u00a0th\u00f4ng qua c\u00e1c thi\u1ebft b\u1ecb n\u00e0y cho ph\u00e9p c\u00e1c nh\u00e0 cung c\u1ea5p ph\u00e2n t\u00edch h\u00e0nh vi c\u1ee7a ng\u01b0\u1eddi tham d\u1ef1 v\u00e0 m\u00f4 h\u00ecnh chi ti\u00eau m\u1ed9t c\u00e1ch hi\u1ec7u qu\u1ea3. Th\u00f4ng tin n\u00e0y sau \u0111\u00f3 c\u00f3 th\u1ec3 \u0111\u01b0\u1ee3c s\u1eed d\u1ee5ng \u0111\u1ec3 c\u1ea3i thi\u1ec7n c\u00e1c s\u1ef1 ki\u1ec7n trong t\u01b0\u01a1ng lai, t\u0103ng c\u01b0\u1eddng chi\u1ebfn l\u01b0\u1ee3c ti\u1ebfp th\u1ecb v\u00e0 t\u1ed1i \u01b0u h\u00f3a tr\u1ea3i nghi\u1ec7m c\u1ee7a kh\u00e1ch h\u00e0ng.<\/p>\n<p>&nbsp;<\/p>\n<h3><strong>L\u1ee3i \u00edch c\u1ee7a vi\u1ec7c s\u1eed d\u1ee5ng v\u00f2ng \u0111eo tay Vinyl<\/strong><\/h3>\n<h3>\u0110\u1ed9 b\u1ec1n v\u00e0 s\u1ef1 tho\u1ea3i m\u00e1i<\/h3>\n<p>\u0110\u01b0\u1ee3c ch\u1ebf t\u1ea1o t\u1eeb ch\u1ea5t l\u01b0\u1ee3ng cao\u00a0<strong>v\u1eadt li\u1ec7u vinyl<\/strong>V\u00f2ng \u0111eo tay NFC \u0111\u01b0\u1ee3c thi\u1ebft k\u1ebf \u0111\u1ec3 ch\u1ecbu \u0111\u01b0\u1ee3c nhi\u1ec1u y\u1ebfu t\u1ed1 li\u00ean quan \u0111\u1ebfn l\u1ec5 h\u1ed9i, bu\u1ed5i h\u00f2a nh\u1ea1c v\u00e0 s\u1ef1 ki\u1ec7n ngo\u00e0i tr\u1eddi. Kh\u00f4ng gi\u1ed1ng nh\u01b0 v\u00e9 gi\u1ea5y ho\u1eb7c v\u00f2ng \u0111eo tay v\u1ea3i d\u1ec5 b\u1ecb r\u00e1ch ho\u1eb7c h\u01b0 h\u1ecfng, v\u00f2ng \u0111eo tay vinyl ch\u1ed1ng th\u1ea5m n\u01b0\u1edbc, ch\u1ed1ng r\u00e1ch v\u00e0 ch\u1ed1ng m\u1ed3 h\u00f4i, \u0111\u1ea3m b\u1ea3o ch\u00fang v\u1eabn nguy\u00ean v\u1eb9n trong su\u1ed1t s\u1ef1 ki\u1ec7n.<\/p>\n<h3>S\u1eed d\u1ee5ng m\u1ed9t l\u1ea7n v\u00e0 ch\u1ed1ng gi\u1ea3 m\u1ea1o<\/h3>\n<p>C\u00e1c\u00a0<strong>s\u1eed d\u1ee5ng m\u1ed9t l\u1ea7n<\/strong>\u00a0B\u1ea3n ch\u1ea5t c\u1ee7a nh\u1eefng chi\u1ebfc v\u00f2ng \u0111eo tay n\u00e0y \u0111\u1ea3m b\u1ea3o an ninh t\u1ed1i \u0111a. Khi v\u00f2ng \u0111eo tay \u0111\u01b0\u1ee3c s\u1eed d\u1ee5ng \u0111\u1ec3 v\u00e0o c\u1eeda, n\u00f3 s\u1ebd tr\u1edf n\u00ean v\u00f4 hi\u1ec7u v\u00e0 kh\u00f4ng th\u1ec3 s\u1eed d\u1ee5ng l\u1ea1i. \u0110i\u1ec1u n\u00e0y l\u00e0m gi\u1ea3m \u0111\u00e1ng k\u1ec3 nguy c\u01a1 gian l\u1eadn v\u00e9, m\u1ed9t v\u1ea5n \u0111\u1ec1 th\u01b0\u1eddng g\u1eb7p trong c\u00e1c s\u1ef1 ki\u1ec7n l\u1edbn. Nh\u1eefng ng\u01b0\u1eddi t\u1ed5 ch\u1ee9c s\u1ef1 ki\u1ec7n c\u00f3 th\u1ec3 y\u00ean t\u00e2m r\u1eb1ng t\u00e0i s\u1ea3n v\u00e0 ho\u1ea1t \u0111\u1ed9ng c\u1ee7a h\u1ecd \u0111\u01b0\u1ee3c b\u1ea3o v\u1ec7.<\/p>\n<p>&nbsp;<\/p>\n<h3><strong>T\u00f9y ch\u1ecdn t\u00f9y ch\u1ec9nh cho th\u01b0\u01a1ng hi\u1ec7u<\/strong><\/h3>\n<h3>T\u1ea1o ra \u1ea5n t\u01b0\u1ee3ng l\u00e2u d\u00e0i<\/h3>\n<p>V\u00f2ng \u0111eo tay NFC cung c\u1ea5p m\u1ed9t s\u1ed1 t\u00f9y ch\u1ecdn t\u00f9y ch\u1ec9nh cho m\u1ee5c \u0111\u00edch x\u00e2y d\u1ef1ng th\u01b0\u01a1ng hi\u1ec7u. C\u00e1c doanh nghi\u1ec7p c\u00f3 th\u1ec3 n\u00e2ng cao kh\u1ea3 n\u0103ng hi\u1ec3n th\u1ecb c\u1ee7a m\u00ecnh b\u1eb1ng\u00a0<strong>in chuy\u1ec3n nhi\u1ec7t<\/strong>, logo, m\u00e3 v\u1ea1ch ho\u1eb7c m\u00e3 QR tr\u00ean c\u1ea3 v\u00f2ng \u0111eo tay v\u00e0 th\u1ebb \u0111i k\u00e8m. Nh\u1eefng c\u01a1 h\u1ed9i x\u00e2y d\u1ef1ng th\u01b0\u01a1ng hi\u1ec7u n\u00e0y t\u1ea1o ra di\u1ec7n m\u1ea1o chuy\u00ean nghi\u1ec7p \u0111\u1ec3 l\u1ea1i \u1ea5n t\u01b0\u1ee3ng l\u00e2u d\u00e0i cho kh\u00e1ch m\u1eddi, th\u00fac \u0111\u1ea9y nh\u1eadn di\u1ec7n th\u01b0\u01a1ng hi\u1ec7u ngay c\u1ea3 sau s\u1ef1 ki\u1ec7n.<\/p>\n<h3>L\u1ee3i \u00edch ti\u1ebfp th\u1ecb<\/h3>\n<p>X\u00e2y d\u1ef1ng th\u01b0\u01a1ng hi\u1ec7u th\u00f4ng qua v\u00f2ng \u0111eo tay t\u00f9y ch\u1ec9nh \u0111\u00e3 \u0111\u01b0\u1ee3c ch\u1ee9ng minh l\u00e0 m\u1ed9t c\u00f4ng c\u1ee5 ti\u1ebfp th\u1ecb hi\u1ec7u qu\u1ea3. Nh\u1eefng ng\u01b0\u1eddi tham d\u1ef1 \u0111eo v\u00f2ng \u0111eo tay th\u01b0\u01a1ng hi\u1ec7u c\u1ee7a b\u1ea1n s\u1ebd tr\u1edf th\u00e0nh qu\u1ea3ng c\u00e1o di \u0111\u1ed9ng, gi\u1edbi thi\u1ec7u logo v\u00e0 thi\u1ebft k\u1ebf c\u1ee7a b\u1ea1n trong th\u1eddi gian d\u00e0i sau khi s\u1ef1 ki\u1ec7n k\u1ebft th\u00fac. \u0110i\u1ec1u n\u00e0y gi\u00fap t\u0103ng kh\u1ea3 n\u0103ng hi\u1ec3n th\u1ecb th\u01b0\u01a1ng hi\u1ec7u v\u00e0 c\u00f3 kh\u1ea3 n\u0103ng thu h\u00fat nh\u1eefng kh\u00e1ch h\u00e0ng m\u1edbi nh\u00ecn th\u1ea5y th\u01b0\u01a1ng hi\u1ec7u c\u1ee7a b\u1ea1n trong nhi\u1ec1u b\u1ed1i c\u1ea3nh kh\u00e1c nhau.<\/p>\n<p>&nbsp;<\/p>\n<h3><strong>Nh\u1eefng c\u00e2u h\u1ecfi th\u01b0\u1eddng g\u1eb7p (FAQ)<\/strong><\/h3>\n<h2>1. V\u00f2ng \u0111eo tay nh\u1ef1a PVC m\u1ec1m NFC l\u00e0 g\u00ec?<\/h2>\n<p>V\u00f2ng \u0111eo tay NFC Soft PVC Vinyl l\u00e0 c\u00f4ng ngh\u1ec7 \u0111eo \u0111\u01b0\u1ee3c s\u1eed d\u1ee5ng Giao ti\u1ebfp t\u1ea7m g\u1ea7n (NFC) v\u00e0 Nh\u1eadn d\u1ea1ng t\u1ea7n s\u1ed1 v\u00f4 tuy\u1ebfn (RFID) \u0111\u1ec3 cung c\u1ea5p t\u00f9y ch\u1ecdn ki\u1ec3m so\u00e1t truy c\u1eadp kh\u00f4ng ti\u1ebfp x\u00fac, thu th\u1eadp d\u1eef li\u1ec7u v\u00e0 thanh to\u00e1n kh\u00f4ng d\u00f9ng ti\u1ec1n m\u1eb7t t\u1ea1i c\u00e1c s\u1ef1 ki\u1ec7n. Ch\u00fang \u0111\u01b0\u1ee3c l\u00e0m t\u1eeb v\u1eadt li\u1ec7u vinyl b\u1ec1n v\u00e0 \u0111\u01b0\u1ee3c thi\u1ebft k\u1ebf \u0111\u1ec3 mang l\u1ea1i s\u1ef1 tho\u1ea3i m\u00e1i v\u00e0 ti\u1ec7n l\u1ee3i cho ng\u01b0\u1eddi d\u00f9ng.<\/p>\n<h2>2. T\u1ea7n s\u1ed1 c\u1ee7a nh\u1eefng chi\u1ebfc v\u00f2ng tay n\u00e0y l\u00e0 bao nhi\u00eau?<\/h2>\n<p>Nh\u1eefng chi\u1ebfc v\u00f2ng \u0111eo tay n\u00e0y ho\u1ea1t \u0111\u1ed9ng \u1edf t\u1ea7n s\u1ed1\u00a0<strong>13,56MHz<\/strong>, ph\u1ed5 bi\u1ebfn \u0111\u1ed1i v\u1edbi c\u00f4ng ngh\u1ec7 NFC v\u00e0 RFID, \u0111\u1ea3m b\u1ea3o kh\u1ea3 n\u0103ng t\u01b0\u01a1ng th\u00edch v\u1edbi h\u1ea7u h\u1ebft c\u00e1c \u0111\u1ea7u \u0111\u1ecdc RFID v\u00e0 thi\u1ebft b\u1ecb h\u1ed7 tr\u1ee3 NFC.<\/p>\n<h2>3. V\u00f2ng \u0111eo tay c\u00f3 th\u1ec3 t\u00e1i s\u1eed d\u1ee5ng \u0111\u01b0\u1ee3c kh\u00f4ng?<\/h2>\n<p>Kh\u00f4ng, V\u00f2ng \u0111eo tay b\u1eb1ng nh\u1ef1a PVC m\u1ec1m NFC \u0111\u01b0\u1ee3c thi\u1ebft k\u1ebf cho\u00a0<strong>d\u00f9ng m\u1ed9t l\u1ea7n<\/strong>. T\u00ednh n\u0103ng n\u00e0y nh\u1eb1m m\u1ee5c \u0111\u00edch t\u0103ng c\u01b0\u1eddng b\u1ea3o m\u1eadt v\u00e0 gi\u1ea3m thi\u1ec3u r\u1ee7i ro gian l\u1eadn v\u00e9, khi\u1ebfn ch\u00fang tr\u1edf n\u00ean l\u00fd t\u01b0\u1edfng cho nh\u1eefng s\u1ef1 ki\u1ec7n \u0111\u00f2i h\u1ecfi ki\u1ec3m so\u00e1t ra v\u00e0o r\u1ea5t quan tr\u1ecdng.<\/p>\n<h2>4. V\u00f2ng \u0111eo tay c\u00f3 th\u1ec3 t\u00f9y ch\u1ec9nh \u0111\u01b0\u1ee3c kh\u00f4ng?<\/h2>\n<p>C\u00f3! B\u1ea1n c\u00f3 th\u1ec3 t\u00f9y ch\u1ec9nh v\u00f2ng \u0111eo tay theo nhi\u1ec1u c\u00e1ch kh\u00e1c nhau, bao g\u1ed3m:<\/p>\n<ul>\n<li><strong>In logo<\/strong><\/li>\n<li><strong>M\u00e3 v\u1ea1ch v\u00e0 m\u00e3 QR<\/strong><\/li>\n<li><strong>Thi\u1ebft k\u1ebf m\u00e0u s\u1eafc<\/strong><\/li>\n<li><strong>K\u1ef9 thu\u1eadt ch\u1ebf t\u00e1c \u0111\u1eb7c bi\u1ec7t<\/strong>\u00a0ch\u1eb3ng h\u1ea1n nh\u01b0 in chuy\u1ec3n nhi\u1ec7t v\u00e0 m\u00e3 h\u00f3a laser.<\/li>\n<\/ul>\n<p>Vi\u1ec7c t\u00f9y ch\u1ec9nh n\u00e0y cho ph\u00e9p c\u00e1c doanh nghi\u1ec7p n\u00e2ng cao th\u01b0\u01a1ng hi\u1ec7u v\u00e0 t\u1ea1o di\u1ec7n m\u1ea1o chuy\u00ean nghi\u1ec7p cho c\u00e1c s\u1ef1 ki\u1ec7n.<\/p>","protected":false},"excerpt":{"rendered":"<p>Th\u1ebb \u0111eo tay b\u1eb1ng nh\u1ef1a PVC m\u1ec1m NFC l\u00e0 gi\u1ea3i ph\u00e1p b\u1ec1n, c\u00f3 th\u1ec3 t\u00f9y ch\u1ec9nh \u0111\u1ec3 truy c\u1eadp an to\u00e0n v\u00e0 giao d\u1ecbch kh\u00f4ng d\u00f9ng ti\u1ec1n m\u1eb7t t\u1ea1i c\u00e1c s\u1ef1 ki\u1ec7n. \u0110\u01b0\u1ee3c thi\u1ebft k\u1ebf \u0111\u1ec3 t\u1ea1o s\u1ef1 tho\u1ea3i m\u00e1i v\u00e0 ch\u1ee9c n\u0103ng, nh\u1eefng chi\u1ebfc v\u00f2ng \u0111eo tay n\u00e0y n\u00e2ng cao tr\u1ea3i nghi\u1ec7m chung c\u1ee7a kh\u00e1ch \u0111\u1ed3ng th\u1eddi \u0111\u1ea3m b\u1ea3o ki\u1ec3m so\u00e1t truy c\u1eadp \u0111\u00e1ng tin c\u1eady.<\/p>","protected":false},"featured_media":3611,"template":"","meta":[],"product_brand":[],"product_cat":[50],"product_tag":[],"class_list":{"0":"post-3610","1":"product","2":"type-product","3":"status-publish","4":"has-post-thumbnail","6":"product_cat-silicone-rfid-nfc-wristbands","8":"first","9":"instock","10":"shipping-taxable","11":"product-type-simple"},"_links":{"self":[{"href":"https:\/\/nfc-readers.com\/vi\/wp-json\/wp\/v2\/product\/3610","targetHints":{"allow":["GET"]}}],"collection":[{"href":"https:\/\/nfc-readers.com\/vi\/wp-json\/wp\/v2\/product"}],"about":[{"href":"https:\/\/nfc-readers.com\/vi\/wp-json\/wp\/v2\/types\/product"}],"wp:featuredmedia":[{"embeddable":true,"href":"https:\/\/nfc-readers.com\/vi\/wp-json\/wp\/v2\/media\/3611"}],"wp:attachment":[{"href":"https:\/\/nfc-readers.com\/vi\/wp-json\/wp\/v2\/media?parent=3610"}],"wp:term":[{"taxonomy":"product_brand","embeddable":true,"href":"https:\/\/nfc-readers.com\/vi\/wp-json\/wp\/v2\/product_brand?post=3610"},{"taxonomy":"product_cat","embeddable":true,"href":"https:\/\/nfc-readers.com\/vi\/wp-json\/wp\/v2\/product_cat?post=3610"},{"taxonomy":"product_tag","embeddable":true,"href":"https:\/\/nfc-readers.com\/vi\/wp-json\/wp\/v2\/product_tag?post=3610"}],"curies":[{"name":"wp","href":"https:\/\/api.w.org\/{rel}","templated":true}]}}