{"id":3619,"date":"2024-11-08T04:21:11","date_gmt":"2024-11-08T04:21:11","guid":{"rendered":"https:\/\/nfc-readers.com\/?post_type=product&#038;p=3619"},"modified":"2024-11-08T04:21:11","modified_gmt":"2024-11-08T04:21:11","slug":"mifare-ultralight-ev1-rfid-stretchy-woven-nfc-rfid-wristband","status":"publish","type":"product","link":"https:\/\/nfc-readers.com\/vi\/ic-reader\/mifare-ultralight-ev1-rfid-stretchy-woven-nfc-rfid-wristband\/","title":{"rendered":"V\u00f2ng \u0111eo tay RFID NFC d\u1ec7t co gi\u00e3n MIFARE Ultralight Ev1 RFID"},"content":{"rendered":"<h1 style=\"text-align: center;\"><strong>V\u00f2ng \u0111eo tay RFID NFC d\u1ec7t co gi\u00e3n MIFARE Ultralight Ev1 RFID<\/strong><\/h1>\n<p>&nbsp;<\/p>\n<p>C\u00e1c <strong>V\u00f2ng \u0111eo tay NFC d\u1ec7t co gi\u00e3n MIFARE Ultralight EV1 RFID<\/strong>\u00a0l\u00e0 gi\u1ea3i ph\u00e1p t\u1ed1i \u01b0u cho qu\u1ea3n l\u00fd s\u1ef1 ki\u1ec7n hi\u1ec7n \u0111\u1ea1i, cung c\u1ea5p ki\u1ec3m so\u00e1t truy c\u1eadp li\u1ec1n m\u1ea1ch, gi\u1ea3i ph\u00e1p thanh to\u00e1n kh\u00f4ng d\u00f9ng ti\u1ec1n m\u1eb7t v\u00e0 n\u00e2ng cao tr\u1ea3i nghi\u1ec7m c\u1ee7a kh\u00e1ch. \u0110\u01b0\u1ee3c ch\u1ebf t\u1ea1o v\u1edbi s\u1ef1 \u0111\u1ed5i m\u1edbi trong t\u00e2m tr\u00ed, v\u00f2ng \u0111eo tay n\u00e0y k\u1ebft h\u1ee3p c\u00f4ng ngh\u1ec7 RFID ti\u00ean ti\u1ebfn v\u1edbi thi\u1ebft k\u1ebf t\u00f9y ch\u1ec9nh, tr\u1edf th\u00e0nh m\u1ed9t c\u00f4ng c\u1ee5 thi\u1ebft y\u1ebfu cho c\u1ea3 ng\u01b0\u1eddi t\u1ed5 ch\u1ee9c s\u1ef1 ki\u1ec7n v\u00e0 ng\u01b0\u1eddi tham d\u1ef1. Cho d\u00f9 b\u1ea1n \u0111ang t\u1ed5 ch\u1ee9c m\u1ed9t l\u1ec5 h\u1ed9i \u00e2m nh\u1ea1c, m\u1ed9t \u0111i\u1ec3m tham quan c\u00f4ng vi\u00ean n\u01b0\u1edbc hay m\u1ed9t s\u1ef1 ki\u1ec7n c\u1ee7a c\u00f4ng ty, v\u00f2ng \u0111eo tay RFID n\u00e0y \u0111\u1ea3m b\u1ea3o c\u00e1c ho\u1ea1t \u0111\u1ed9ng h\u1ee3p l\u00fd, t\u0103ng c\u01b0\u1eddng b\u1ea3o m\u1eadt v\u00e0 mang l\u1ea1i tr\u1ea3i nghi\u1ec7m \u0111\u00e1ng nh\u1edb cho t\u1ea5t c\u1ea3 nh\u1eefng ng\u01b0\u1eddi tham gia.<\/p>\n<p>&nbsp;<\/p>\n<h3><strong>L\u1ee3i \u00edch c\u1ee7a s\u1ea3n ph\u1ea9m<\/strong><\/h3>\n<ul>\n<li><strong>T\u0103ng c\u01b0\u1eddng b\u1ea3o m\u1eadt<\/strong>:Chip MIFARE Ultralight EV1 \u0111\u1ea3m b\u1ea3o v\u00f2ng \u0111eo tay c\u1ee7a b\u1ea1n kh\u00f4ng ch\u1ec9 ch\u1ed1ng gi\u1ea3 m\u1ea1o m\u00e0 c\u00f2n c\u00f3 kh\u1ea3 n\u0103ng truy\u1ec1n d\u1eef li\u1ec7u an to\u00e0n.<\/li>\n<li><strong>Kh\u00f4ng th\u1ea5m n\u01b0\u1edbc v\u00e0 b\u1ec1n<\/strong>:\u0110\u01b0\u1ee3c \u0111\u00e1nh gi\u00e1 \u1edf m\u1ee9c IP68, chi\u1ebfc v\u00f2ng \u0111eo tay n\u00e0y v\u1eeba ch\u1ed1ng n\u01b0\u1edbc v\u1eeba ch\u1ed1ng ch\u1ecbu th\u1eddi ti\u1ebft, \u0111\u01b0\u1ee3c thi\u1ebft k\u1ebf \u0111\u1ec3 ch\u1ecbu \u0111\u01b0\u1ee3c nhi\u1ec1u \u0111i\u1ec1u ki\u1ec7n m\u00f4i tr\u01b0\u1eddng kh\u00e1c nhau, \u0111\u1ea3m b\u1ea3o kh\u00f4ng b\u1ecb h\u01b0 h\u1ecfng trong c\u00e1c s\u1ef1 ki\u1ec7n ngo\u00e0i tr\u1eddi ho\u1eb7c ho\u1ea1t \u0111\u1ed9ng li\u00ean quan \u0111\u1ebfn n\u01b0\u1edbc.<\/li>\n<li><strong>Th\u00e2n thi\u1ec7n v\u1edbi ng\u01b0\u1eddi d\u00f9ng<\/strong>:V\u00f2ng \u0111eo tay RFID lo\u1ea1i b\u1ecf nhu c\u1ea7u giao d\u1ecbch b\u1eb1ng ti\u1ec1n m\u1eb7t, cho ph\u00e9p thanh to\u00e1n kh\u00f4ng d\u00f9ng ti\u1ec1n m\u1eb7t gi\u00fap t\u0103ng hi\u1ec7u qu\u1ea3 v\u00e0 gi\u1ea3m th\u1eddi gian ch\u1edd \u0111\u1ee3i cho kh\u00e1ch.<\/li>\n<li><strong>Thi\u1ebft k\u1ebf c\u00f3 th\u1ec3 t\u00f9y ch\u1ec9nh<\/strong>:V\u1edbi t\u00f9y ch\u1ecdn in CMYK \u0111\u1ea7y \u0111\u1ee7 m\u00e0u s\u1eafc, ng\u01b0\u1eddi t\u1ed5 ch\u1ee9c s\u1ef1 ki\u1ec7n c\u00f3 th\u1ec3 t\u1ea1o ra nh\u1eefng chi\u1ebfc v\u00f2ng tay b\u1eaft m\u1eaft gi\u00fap n\u00e2ng cao kh\u1ea3 n\u0103ng nh\u1eadn di\u1ec7n th\u01b0\u01a1ng hi\u1ec7u.<\/li>\n<li><strong>K\u00edch th\u01b0\u1edbc v\u00e0 m\u00e0u s\u1eafc linh ho\u1ea1t<\/strong>:C\u00f3 nhi\u1ec1u k\u00edch c\u1ee1 (145x25x1,5 mm v\u00e0 185x25x1,5 mm) v\u00e0 nhi\u1ec1u m\u00e0u s\u1eafc (xanh lam, \u0111\u1ecf, tr\u1eafng, \u0111en, xanh l\u00e1 c\u00e2y, v\u00e0ng, cam, x\u00e1m), v\u00f2ng \u0111eo tay \u0111\u00e1p \u1ee9ng nhi\u1ec1u s\u1edf th\u00edch th\u1ea9m m\u1ef9 kh\u00e1c nhau.<\/li>\n<\/ul>\n<p>&nbsp;<\/p>\n<h2><strong>C\u00e1c t\u00ednh n\u0103ng ch\u00ednh v\u00e0 th\u00f4ng s\u1ed1 k\u1ef9 thu\u1eadt<\/strong><\/h2>\n<h3>Chip MIFARE hi\u1ec7u su\u1ea5t cao<\/h3>\n<p>Tr\u00e1i tim c\u1ee7a v\u00f2ng \u0111eo tay l\u00e0\u00a0<strong>Chip MIFARE Ultralight EV1<\/strong>, cung c\u1ea5p hi\u1ec7u su\u1ea5t \u0111\u00e1ng tin c\u1eady cho vi\u1ec7c ki\u1ec3m so\u00e1t truy c\u1eadp v\u00e0 qu\u1ea3n l\u00fd d\u1eef li\u1ec7u. Con chip \u0111\u1ea3m b\u1ea3o giao ti\u1ebfp an to\u00e0n v\u1edbi \u0111\u1ea7u \u0111\u1ecdc RFID, l\u00fd t\u01b0\u1edfng cho c\u00e1c s\u1ef1 ki\u1ec7n c\u00f3 l\u01b0u l\u01b0\u1ee3ng truy c\u1eadp cao, n\u01a1i x\u1eed l\u00fd nhanh l\u00e0 \u0111i\u1ec1u c\u1ea7n thi\u1ebft.<\/p>\n<h3>Thi\u1ebft k\u1ebf ch\u1ed1ng th\u1ea5m n\u01b0\u1edbc v\u00e0 th\u1eddi ti\u1ebft<\/h3>\n<p>V\u1edbi m\u1ed9t\u00a0<strong>X\u1ebfp h\u1ea1ng IP68<\/strong>, v\u00f2ng \u0111eo tay ch\u1ed1ng n\u01b0\u1edbc, cho ph\u00e9p n\u00f3 v\u1eabn ho\u1ea1t \u0111\u1ed9ng ngay c\u1ea3 trong \u0111i\u1ec1u ki\u1ec7n th\u1eddi ti\u1ebft kh\u1eafc nghi\u1ec7t. Cho d\u00f9 l\u00e0 m\u01b0a t\u1ea1i m\u1ed9t bu\u1ed5i h\u00f2a nh\u1ea1c hay n\u01b0\u1edbc b\u1eafn tung t\u00f3e t\u1ea1i c\u00f4ng vi\u00ean n\u01b0\u1edbc, ng\u01b0\u1eddi d\u00f9ng c\u00f3 th\u1ec3 t\u1eadn h\u01b0\u1edfng c\u00e1c ho\u1ea1t \u0111\u1ed9ng c\u1ee7a m\u00ecnh m\u00e0 kh\u00f4ng ph\u1ea3i lo l\u1eafng.<\/p>\n<h3>Gi\u1ea3i ph\u00e1p thanh to\u00e1n kh\u00f4ng d\u00f9ng ti\u1ec1n m\u1eb7t<\/h3>\n<p>\u0110\u00e3 qua r\u1ed3i c\u00e1i th\u1eddi ph\u1ea3i mang theo ti\u1ec1n m\u1eb7t ho\u1eb7c th\u1ebb. Chi\u1ebfc v\u00f2ng \u0111eo tay n\u00e0y cho ph\u00e9p nhanh ch\u00f3ng v\u00e0 d\u1ec5 d\u00e0ng\u00a0<strong>thanh to\u00e1n kh\u00f4ng d\u00f9ng ti\u1ec1n m\u1eb7t<\/strong>, ho\u00e0n h\u1ea3o cho c\u00e1c s\u1ef1 ki\u1ec7n b\u1eadn r\u1ed9n, n\u01a1i hi\u1ec7u qu\u1ea3 l\u00e0 ch\u00eca kh\u00f3a. Ng\u01b0\u1eddi t\u1ed5 ch\u1ee9c s\u1ef1 ki\u1ec7n c\u00f3 th\u1ec3 d\u1ec5 d\u00e0ng theo d\u00f5i c\u00e1c giao d\u1ecbch v\u00e0 h\u1ee3p l\u00fd h\u00f3a ho\u1ea1t \u0111\u1ed9ng.<\/p>\n<h3>T\u00f9y ch\u1ec9nh v\u00e0 x\u00e2y d\u1ef1ng th\u01b0\u01a1ng hi\u1ec7u<\/h3>\n<p>C\u00e1c nh\u00e0 l\u1eadp k\u1ebf ho\u1ea1ch s\u1ef1 ki\u1ec7n c\u00f3 th\u1ec3 t\u1eadn d\u1ee5ng\u00a0<strong>in CMYK \u0111\u1ea7y \u0111\u1ee7 m\u00e0u s\u1eafc<\/strong>\u00a0t\u00f9y ch\u1ecdn t\u1ea1o thi\u1ebft k\u1ebf t\u00f9y ch\u1ec9nh. \u0110i\u1ec1u n\u00e0y kh\u00f4ng ch\u1ec9 n\u00e2ng cao th\u01b0\u01a1ng hi\u1ec7u m\u00e0 c\u00f2n t\u1ea1o th\u00eam n\u00e9t \u0111\u1ed9c \u0111\u00e1o, cho ph\u00e9p ng\u01b0\u1eddi tham d\u1ef1 gi\u1edbi thi\u1ec7u tr\u1ea3i nghi\u1ec7m s\u1ef1 ki\u1ec7n c\u1ee7a h\u1ecd.<\/p>\n<p>&nbsp;<\/p>\n<h2><strong>Nh\u1eefng c\u00e2u h\u1ecfi th\u01b0\u1eddng g\u1eb7p (FAQ)<\/strong><\/h2>\n<h3>1.\u00a0<strong>V\u00f2ng \u0111eo tay RFID l\u00e0 g\u00ec?<\/strong><\/h3>\n<p>V\u00f2ng \u0111eo tay RFID l\u00e0 thi\u1ebft b\u1ecb \u0111eo \u0111\u01b0\u1ee3c s\u1eed d\u1ee5ng c\u00f4ng ngh\u1ec7 Nh\u1eadn d\u1ea1ng t\u1ea7n s\u1ed1 v\u00f4 tuy\u1ebfn (RFID) \u0111\u1ec3 truy\u1ec1n d\u1eef li\u1ec7u qua s\u00f3ng v\u00f4 tuy\u1ebfn. N\u00f3 cho ph\u00e9p ki\u1ec3m so\u00e1t truy c\u1eadp an to\u00e0n, thanh to\u00e1n kh\u00f4ng d\u00f9ng ti\u1ec1n m\u1eb7t v\u00e0 thu th\u1eadp d\u1eef li\u1ec7u t\u1ea1i c\u00e1c s\u1ef1 ki\u1ec7n.<\/p>\n<h3>2.\u00a0<strong>V\u00f2ng \u0111eo tay RFID MIFARE Ultralight EV1 ho\u1ea1t \u0111\u1ed9ng nh\u01b0 th\u1ebf n\u00e0o?<\/strong><\/h3>\n<p>V\u00f2ng \u0111eo tay ho\u1ea1t \u0111\u1ed9ng b\u1eb1ng c\u00e1ch s\u1eed d\u1ee5ng chip giao ti\u1ebfp v\u1edbi \u0111\u1ea7u \u0111\u1ecdc RFID. Khi v\u00f2ng \u0111eo tay \u0111\u01b0\u1ee3c ch\u1ea1m v\u00e0o \u0111\u1ea7u \u0111\u1ecdc, n\u00f3 s\u1ebd truy\u1ec1n d\u1eef li\u1ec7u \u0111\u00e3 l\u01b0u tr\u1eef, c\u1ea5p quy\u1ec1n truy c\u1eadp ho\u1eb7c x\u1eed l\u00fd thanh to\u00e1n.<\/p>\n<h3>3.\u00a0<strong>V\u00f2ng \u0111eo tay c\u00f3 ch\u1ed1ng n\u01b0\u1edbc kh\u00f4ng?<\/strong><\/h3>\n<p>C\u00f3, v\u00f2ng \u0111eo tay RFID MIFARE Ultralight EV1 c\u1ee7a ch\u00fang t\u00f4i \u0111\u01b0\u1ee3c x\u1ebfp h\u1ea1ng IP68, ngh\u0129a l\u00e0 n\u00f3 ho\u00e0n to\u00e0n kh\u00f4ng th\u1ea5m n\u01b0\u1edbc v\u00e0 c\u00f3 th\u1ec3 ch\u1ecbu \u0111\u01b0\u1ee3c khi ng\u00e2m trong n\u01b0\u1edbc, do \u0111\u00f3 ph\u00f9 h\u1ee3p cho nhi\u1ec1u s\u1ef1 ki\u1ec7n ngo\u00e0i tr\u1eddi, bao g\u1ed3m c\u1ea3 c\u00f4ng vi\u00ean n\u01b0\u1edbc.<\/p>\n<h3>4.\u00a0<strong>V\u00f2ng \u0111eo tay c\u00f3 th\u1ec3 t\u00f9y ch\u1ec9nh \u0111\u01b0\u1ee3c kh\u00f4ng?<\/strong><\/h3>\n<p>Ch\u1eafc ch\u1eafn r\u1ed3i! Ch\u00fang t\u00f4i cung c\u1ea5p c\u00e1c t\u00f9y ch\u1ecdn m\u00e0u s\u1eafc t\u00f9y ch\u1ec9nh v\u00e0 in CMYK \u0111\u1ea7y \u0111\u1ee7 m\u00e0u s\u1eafc, cho ph\u00e9p b\u1ea1n thi\u1ebft k\u1ebf v\u00f2ng \u0111eo tay ph\u00f9 h\u1ee3p v\u1edbi th\u01b0\u01a1ng hi\u1ec7u v\u00e0 ch\u1ee7 \u0111\u1ec1 c\u1ee7a s\u1ef1 ki\u1ec7n.<\/p>\n<p>&nbsp;<\/p>","protected":false},"excerpt":{"rendered":"<p>V\u00f2ng \u0111eo tay NFC d\u1ec7t co gi\u00e3n MIFARE Ultralight EV1 RFID \u0111\u01b0\u1ee3c thi\u1ebft k\u1ebf \u0111\u1ec3 ki\u1ec3m so\u00e1t truy c\u1eadp an to\u00e0n v\u00e0 giao d\u1ecbch kh\u00f4ng d\u00f9ng ti\u1ec1n m\u1eb7t t\u1ea1i c\u00e1c s\u1ef1 ki\u1ec7n. T\u00ednh n\u0103ng ch\u1ed1ng th\u1ea5m n\u01b0\u1edbc v\u00e0 t\u00f9y ch\u1ec9nh c\u1ee7a n\u00f3 l\u00e0m cho n\u00f3 tr\u1edf n\u00ean l\u00fd t\u01b0\u1edfng cho nhi\u1ec1u d\u1ecbp kh\u00e1c nhau.<\/p>","protected":false},"featured_media":3620,"template":"","meta":[],"product_brand":[],"product_cat":[50],"product_tag":[],"class_list":{"0":"post-3619","1":"product","2":"type-product","3":"status-publish","4":"has-post-thumbnail","6":"product_cat-silicone-rfid-nfc-wristbands","8":"first","9":"instock","10":"shipping-taxable","11":"product-type-simple"},"_links":{"self":[{"href":"https:\/\/nfc-readers.com\/vi\/wp-json\/wp\/v2\/product\/3619","targetHints":{"allow":["GET"]}}],"collection":[{"href":"https:\/\/nfc-readers.com\/vi\/wp-json\/wp\/v2\/product"}],"about":[{"href":"https:\/\/nfc-readers.com\/vi\/wp-json\/wp\/v2\/types\/product"}],"wp:featuredmedia":[{"embeddable":true,"href":"https:\/\/nfc-readers.com\/vi\/wp-json\/wp\/v2\/media\/3620"}],"wp:attachment":[{"href":"https:\/\/nfc-readers.com\/vi\/wp-json\/wp\/v2\/media?parent=3619"}],"wp:term":[{"taxonomy":"product_brand","embeddable":true,"href":"https:\/\/nfc-readers.com\/vi\/wp-json\/wp\/v2\/product_brand?post=3619"},{"taxonomy":"product_cat","embeddable":true,"href":"https:\/\/nfc-readers.com\/vi\/wp-json\/wp\/v2\/product_cat?post=3619"},{"taxonomy":"product_tag","embeddable":true,"href":"https:\/\/nfc-readers.com\/vi\/wp-json\/wp\/v2\/product_tag?post=3619"}],"curies":[{"name":"wp","href":"https:\/\/api.w.org\/{rel}","templated":true}]}}