{"id":3626,"date":"2024-11-08T04:27:49","date_gmt":"2024-11-08T04:27:49","guid":{"rendered":"https:\/\/nfc-readers.com\/?post_type=product&#038;p=3626"},"modified":"2024-11-08T04:27:50","modified_gmt":"2024-11-08T04:27:50","slug":"concert-access-identification-tickets-nfc-elastic-wristband","status":"publish","type":"product","link":"https:\/\/nfc-readers.com\/vi\/ic-reader\/concert-access-identification-tickets-nfc-elastic-wristband\/","title":{"rendered":"v\u00e9 v\u00e0o c\u1eeda bu\u1ed5i h\u00f2a nh\u1ea1c v\u00f2ng \u0111eo tay \u0111\u00e0n h\u1ed3i NFC"},"content":{"rendered":"<h1 style=\"text-align: center;\"><strong>v\u00e9 v\u00e0o c\u1eeda bu\u1ed5i h\u00f2a nh\u1ea1c v\u00f2ng \u0111eo tay \u0111\u00e0n h\u1ed3i NFC<\/strong><\/h1>\n<p>&nbsp;<\/p>\n<p>Vi\u1ec7c \u0111i\u1ec1u h\u01b0\u1edbng th\u1ebf gi\u1edbi s\u1ef1 ki\u1ec7n v\u00e0 l\u1ec5 h\u1ed9i ch\u01b0a bao gi\u1edd d\u1ec5 d\u00e0ng h\u01a1n th\u1ebf, nh\u1edd v\u00e0o s\u1ef1 ra \u0111\u1eddi c\u1ee7a v\u00f2ng \u0111eo tay \u0111\u00e0n h\u1ed3i NFC. Trong b\u1ed1i c\u1ea3nh ng\u00e0y c\u00e0ng ph\u1ee5 thu\u1ed9c v\u00e0o c\u00f4ng ngh\u1ec7 \u0111\u1ec3 \u0111\u1ea3m b\u1ea3o an ninh v\u00e0 ti\u1ec7n l\u1ee3i, <strong>V\u00f2ng \u0111eo tay NFC<\/strong> n\u1ed5i l\u00ean nh\u01b0 m\u1ed9t c\u00f4ng c\u1ee5 thay \u0111\u1ed5i cu\u1ed9c ch\u01a1i cho vi\u1ec7c nh\u1eadn d\u1ea1ng v\u00e0 b\u00e1n v\u00e9 v\u00e0o c\u1eeda h\u00f2a nh\u1ea1c. \u0110\u01b0\u1ee3c l\u00e0m t\u1eeb v\u1eadt li\u1ec7u b\u1ec1n v\u00e0 \u0111\u01b0\u1ee3c t\u00edch h\u1ee3p c\u00f4ng ngh\u1ec7 RFID ti\u00ean ti\u1ebfn, nh\u1eefng chi\u1ebfc v\u00f2ng \u0111eo tay n\u00e0y cung c\u1ea5p gi\u1ea3i ph\u00e1p hi\u1ec7u qu\u1ea3, kh\u00f4ng r\u1eafc r\u1ed1i cho c\u1ea3 ng\u01b0\u1eddi t\u1ed5 ch\u1ee9c s\u1ef1 ki\u1ec7n v\u00e0 ng\u01b0\u1eddi tham d\u1ef1. Cho d\u00f9 b\u1ea1n \u0111ang qu\u1ea3n l\u00fd m\u1ed9t l\u1ec5 h\u1ed9i \u00e2m nh\u1ea1c nh\u1ed9n nh\u1ecbp hay m\u1ed9t bu\u1ed5i h\u00f2a nh\u1ea1c th\u00e2n m\u1eadt, vi\u1ec7c \u0111\u1ea7u t\u01b0 v\u00e0o nh\u1eefng chi\u1ebfc v\u00f2ng \u0111eo tay ti\u00ean ti\u1ebfn n\u00e0y c\u00f3 th\u1ec3 h\u1ee3p l\u00fd h\u00f3a vi\u1ec7c ki\u1ec3m so\u00e1t ra v\u00e0o v\u00e0 n\u00e2ng cao tr\u1ea3i nghi\u1ec7m chung c\u1ee7a kh\u00e1ch.<\/p>\n<p>&nbsp;<\/p>\n<h2><strong>T\u1ea1i sao n\u00ean ch\u1ecdn d\u00e2y \u0111eo c\u1ed5 tay \u0111\u00e0n h\u1ed3i NFC?<\/strong><\/h2>\n<p>V\u00f2ng \u0111eo tay \u0111\u00e0n h\u1ed3i NFC \u0111\u01b0\u1ee3c thi\u1ebft k\u1ebf \u0111\u1ec3 \u0111\u01a1n gi\u1ea3n h\u00f3a quy tr\u00ecnh nh\u1eadp c\u1ea3nh \u0111\u1ed3ng th\u1eddi \u0111\u1ea3m b\u1ea3o t\u00ednh b\u1ea3o m\u1eadt v\u00e0 \u0111\u1ed9 tin c\u1eady. Nh\u1eefng v\u00f2ng \u0111eo tay n\u00e0y kh\u00f4ng th\u1ea5m n\u01b0\u1edbc, c\u00f3 th\u1ec3 t\u00f9y ch\u1ec9nh v\u00e0 \u0111\u01b0\u1ee3c trang b\u1ecb c\u00f4ng ngh\u1ec7 NFC ti\u00ean ti\u1ebfn, cho ph\u00e9p gi\u1ea3i ph\u00e1p thanh to\u00e1n kh\u00f4ng d\u00f9ng ti\u1ec1n m\u1eb7t v\u00e0 nh\u1eadp c\u1ea3nh nhanh ch\u00f3ng. B\u1eb1ng c\u00e1ch k\u1ebft h\u1ee3p c\u00e1c t\u00ednh n\u0103ng \u0111\u01b0\u1ee3c thi\u1ebft k\u1ebf ri\u00eang cho c\u00e1c s\u1ef1 ki\u1ec7n c\u00f3 s\u1ee9c ch\u1ee9a l\u1edbn, b\u1ea1n c\u00f3 th\u1ec3 gi\u1ea3m \u0111\u00e1ng k\u1ec3 th\u1eddi gian ch\u1edd \u0111\u1ee3i v\u00e0 t\u0103ng c\u01b0\u1eddng t\u00ednh b\u1ea3o m\u1eadt, \u0111\u1ed3ng th\u1eddi mang \u0111\u1ebfn tr\u1ea3i nghi\u1ec7m \u0111\u00e1ng nh\u1edb cho ng\u01b0\u1eddi tham d\u1ef1.<\/p>\n<p>H\u01b0\u1edbng d\u1eabn to\u00e0n di\u1ec7n n\u00e0y kh\u00e1m ph\u00e1 nhi\u1ec1u t\u00ednh n\u0103ng v\u00e0 l\u1ee3i th\u1ebf kh\u00e1c nhau c\u1ee7a d\u00e2y \u0111eo c\u1ed5 tay \u0111\u00e0n h\u1ed3i NFC, gi\u1ea3i th\u00edch l\u00fd do t\u1ea1i sao \u0111\u00e2y l\u00e0 kho\u1ea3n \u0111\u1ea7u t\u01b0 x\u1ee9ng \u0111\u00e1ng cho b\u1ea5t k\u1ef3 s\u1ef1 ki\u1ec7n n\u00e0o.<\/p>\n<p>&nbsp;<\/p>\n<h2><strong>T\u00ednh n\u0103ng v\u00e0 l\u1ee3i \u00edch c\u1ee7a s\u1ea3n ph\u1ea9m<\/strong><\/h2>\n<h3>1.\u00a0<strong>C\u00f4ng ngh\u1ec7 RFID v\u00e0 NFC ti\u00ean ti\u1ebfn<\/strong><\/h3>\n<p>V\u00f2ng \u0111eo tay \u0111\u00e0n h\u1ed3i NFC s\u1eed d\u1ee5ng c\u00f4ng ngh\u1ec7 ti\u00ean ti\u1ebfn\u00a0<strong>RFID<\/strong>\u00a0(Nh\u1eadn d\u1ea1ng t\u1ea7n s\u1ed1 v\u00f4 tuy\u1ebfn) v\u00e0\u00a0<strong>NFC<\/strong>\u00a0(C\u00f4ng ngh\u1ec7 truy\u1ec1n th\u00f4ng tr\u01b0\u1eddng g\u1ea7n), ho\u1ea1t \u0111\u1ed9ng tr\u00ean t\u1ea7n s\u1ed1\u00a0<strong>13,56 MHz<\/strong>. S\u1ef1 t\u00edch h\u1ee3p n\u00e0y \u0111\u1ea3m b\u1ea3o giao ti\u1ebfp nhanh ch\u00f3ng gi\u1eefa v\u00f2ng \u0111eo tay v\u00e0 thi\u1ebft b\u1ecb qu\u00e9t, t\u1ea1o \u0111i\u1ec1u ki\u1ec7n ki\u1ec3m so\u00e1t ra v\u00e0o li\u1ec1n m\u1ea1ch m\u00e0 kh\u00f4ng c\u1ea7n ph\u1ea3i loay hoay t\u00ecm v\u00e9 gi\u1ea5y.<\/p>\n<p>K\u1ebft h\u1ee3p c\u1ea3 hai\u00a0<strong>RFID<\/strong>\u00a0V\u00e0\u00a0<strong>NFC<\/strong>\u00a0s\u1eafc th\u00e1i v\u00e0o thi\u1ebft l\u1eadp s\u1ef1 ki\u1ec7n c\u1ee7a b\u1ea1n cho ph\u00e9p thu th\u1eadp d\u1eef li\u1ec7u hi\u1ec7u qu\u1ea3, th\u00f4ng tin chi ti\u1ebft v\u1ec1 ti\u1ebfp th\u1ecb trong t\u01b0\u01a1ng lai v\u00e0 n\u00e2ng cao tr\u1ea3i nghi\u1ec7m c\u1ee7a kh\u00e1ch. C\u1ea3 hai c\u00f4ng ngh\u1ec7 \u0111\u1ec1u \u0111\u01b0\u1ee3c ch\u1ee9ng minh l\u00e0\u00a0<strong>kh\u00f4ng th\u1ea5m n\u01b0\u1edbc<\/strong>, khi\u1ebfn ch\u00fang tr\u1edf n\u00ean l\u00fd t\u01b0\u1edfng cho c\u00e1c bu\u1ed5i h\u00f2a nh\u1ea1c v\u00e0 l\u1ec5 h\u1ed9i ngo\u00e0i tr\u1eddi, n\u01a1i m\u00e0 \u0111i\u1ec1u ki\u1ec7n th\u1eddi ti\u1ebft kh\u00f4ng l\u01b0\u1eddng tr\u01b0\u1edbc c\u00f3 th\u1ec3 l\u00e0m gi\u00e1n \u0111o\u1ea1n s\u1ef1 ki\u1ec7n.<\/p>\n<h3>2.\u00a0<strong>T\u00f9y ch\u1ecdn t\u00f9y ch\u1ec9nh<\/strong><\/h3>\n<p>M\u1ed9t trong nh\u1eefng t\u00ednh n\u0103ng n\u1ed5i b\u1eadt c\u1ee7a\u00a0<strong>V\u00f2ng \u0111eo tay NFC<\/strong>\u00a0l\u00e0 kh\u1ea3 n\u0103ng t\u00f9y ch\u1ec9nh c\u1ee7a n\u00f3. Th\u00f4ng qua\u00a0<strong>in chuy\u1ec3n nhi\u1ec7t<\/strong>, b\u1ea1n c\u00f3 th\u1ec3 c\u00e1 nh\u00e2n h\u00f3a nh\u1eefng chi\u1ebfc v\u00f2ng \u0111eo tay n\u00e0y b\u1eb1ng logo, m\u00e0u s\u1eafc v\u00e0 \u0111\u1ed3 h\u1ecda ph\u00f9 h\u1ee3p v\u1edbi s\u1ef1 ki\u1ec7n c\u1ee7a b\u1ea1n. Cho d\u00f9 b\u1ea1n \u0111ang t\u1ed5 ch\u1ee9c m\u1ed9t bu\u1ed5i d\u1ea1 ti\u1ec7c c\u1ee7a c\u00f4ng ty, m\u1ed9t l\u1ec5 h\u1ed9i m\u00f9a h\u00e8 hay m\u1ed9t bu\u1ed5i h\u00f2a nh\u1ea1c, vi\u1ec7c \u0111\u1ea3m b\u1ea3o th\u01b0\u01a1ng hi\u1ec7u c\u1ee7a b\u1ea1n \u0111\u01b0\u1ee3c nh\u00ecn th\u1ea5y s\u1ebd c\u1ee7ng c\u1ed1 s\u1ef1 nh\u1eadn di\u1ec7n th\u01b0\u01a1ng hi\u1ec7u trong s\u1ed1 nh\u1eefng ng\u01b0\u1eddi tham d\u1ef1.<\/p>\n<p>H\u01a1n n\u1eefa, v\u00f2ng \u0111eo tay c\u1ee7a ch\u00fang t\u00f4i c\u00f3 nhi\u1ec1u k\u00edch c\u1ee1 kh\u00e1c nhau, bao g\u1ed3m\u00a0<strong>180x20mm<\/strong>, ho\u1eb7c c\u00f3 th\u1ec3 \u0111\u01b0\u1ee3c \u0111i\u1ec1u ch\u1ec9nh \u0111\u1ec3 \u0111\u00e1p \u1ee9ng c\u00e1c y\u00eau c\u1ea7u c\u1ee5 th\u1ec3 c\u1ee7a b\u1ea1n. M\u1ee9c \u0111\u1ed9 t\u00f9y ch\u1ec9nh n\u00e0y gi\u00fap nu\u00f4i d\u01b0\u1ee1ng c\u1ea3m gi\u00e1c th\u00e2n thu\u1ed9c v\u00e0 b\u1ea3n s\u1eafc cho nh\u1eefng ng\u01b0\u1eddi tham gia c\u1ee7a b\u1ea1n.<\/p>\n<h3>3.\u00a0<strong>Tr\u1ea3i nghi\u1ec7m c\u1ee7a kh\u00e1ch \u0111\u01b0\u1ee3c n\u00e2ng cao<\/strong><\/h3>\n<p>Hi\u1ec7u qu\u1ea3\u00a0<strong>ki\u1ec3m so\u00e1t truy c\u1eadp<\/strong>\u00a0r\u1ea5t quan tr\u1ecdng trong c\u00e1c s\u1ef1 ki\u1ec7n l\u1edbn. V\u00f2ng \u0111eo tay \u0111\u00e0n h\u1ed3i NFC c\u1ee7a ch\u00fang t\u00f4i cung c\u1ea5p x\u00e1c minh t\u1ee9c th\u1eddi, cho ph\u00e9p kh\u00e1ch v\u00e0o \u0111\u1ecba \u0111i\u1ec3m nhanh ch\u00f3ng. B\u1eb1ng c\u00e1ch gi\u1ea3m thi\u1ec3u t\u00ecnh tr\u1ea1ng t\u1eafc ngh\u1ebdn v\u00e0 r\u00fat ng\u1eafn th\u1eddi gian ch\u1edd \u0111\u1ee3i, b\u1ea1n t\u1ea1o ra tr\u1ea3i nghi\u1ec7m thu\u1eadn l\u1ee3i v\u00e0 th\u00fa v\u1ecb h\u01a1n cho kh\u00e1n gi\u1ea3 c\u1ee7a m\u00ecnh.<\/p>\n<p>Th\u00eam v\u00e0o \u0111\u00f3, nh\u1eefng chi\u1ebfc v\u00f2ng tay n\u00e0y c\u00f3 th\u1ec3 t\u00e1i s\u1eed d\u1ee5ng; ch\u00fang \u0111\u01b0\u1ee3c l\u00e0m t\u1eeb ch\u1ea5t li\u1ec7u b\u1ec1n\u00a0<strong>v\u1ea3i\/PVC<\/strong>\u00a0v\u1eadt li\u1ec7u c\u00f3 th\u1ec3 ch\u1ecbu \u0111\u01b0\u1ee3c nhi\u1ec1u \u0111i\u1ec1u ki\u1ec7n m\u00f4i tr\u01b0\u1eddng kh\u00e1c nhau trong khi v\u1eabn gi\u1eef \u0111\u01b0\u1ee3c t\u00ednh to\u00e0n v\u1eb9n c\u1ee7a ch\u00fang. Kh\u1ea3 n\u0103ng ph\u1ee5c h\u1ed3i n\u00e0y r\u1ea5t quan tr\u1ecdng t\u1ea1i c\u00e1c s\u1ef1 ki\u1ec7n ngo\u00e0i tr\u1eddi, n\u01a1i v\u00f2ng \u0111eo tay c\u00f3 th\u1ec3 ti\u1ebfp x\u00fac v\u1edbi n\u01b0\u1edbc, m\u1ed3 h\u00f4i ho\u1eb7c th\u1eadm ch\u00ed l\u00e0 va ch\u1ea1m m\u1ea1nh.<\/p>\n<h3>4.\u00a0<strong>Gi\u1ea3i ph\u00e1p thanh to\u00e1n hi\u1ec7u qu\u1ea3<\/strong><\/h3>\n<p>Trong x\u00e3 h\u1ed9i kh\u00f4ng d\u00f9ng ti\u1ec1n m\u1eb7t ng\u00e0y nay, vi\u1ec7c cung c\u1ea5p\u00a0<strong>thanh to\u00e1n kh\u00f4ng d\u00f9ng ti\u1ec1n m\u1eb7t<\/strong>\u00a0t\u00f9y ch\u1ecdn \u0111\u00e3 tr\u1edf n\u00ean thi\u1ebft y\u1ebfu. V\u00f2ng \u0111eo tay \u0111\u00e0n h\u1ed3i NFC t\u1ea1o \u0111i\u1ec1u ki\u1ec7n cho c\u00e1c giao d\u1ecbch kh\u00f4ng ti\u1ebfp x\u00fac, cho ph\u00e9p ng\u01b0\u1eddi d\u00f9ng mua h\u00e0ng t\u1ea1i c\u00e1c qu\u1ea7y h\u00e0ng th\u1ef1c ph\u1ea9m, gian h\u00e0ng b\u00e1n h\u00e0ng h\u00f3a, v.v. m\u00e0 kh\u00f4ng c\u1ea7n ti\u1ec1n m\u1eb7t. \u0110i\u1ec1u n\u00e0y kh\u00f4ng ch\u1ec9 n\u00e2ng cao tr\u1ea3i nghi\u1ec7m c\u1ee7a kh\u00e1ch m\u00e0 c\u00f2n h\u1ee3p l\u00fd h\u00f3a ho\u1ea1t \u0111\u1ed9ng c\u1ee7a s\u1ef1 ki\u1ec7n b\u1eb1ng c\u00e1ch gi\u1ea3m b\u1edbt c\u00e1c m\u1ed1i lo ng\u1ea1i v\u1ec1 x\u1eed l\u00fd ti\u1ec1n m\u1eb7t.<\/p>\n<p>Kh\u00e1ch h\u00e0ng ch\u1ec9 c\u1ea7n ch\u1ea1m v\u00f2ng \u0111eo tay c\u1ee7a m\u00ecnh v\u00e0o b\u1ea5t k\u1ef3 \u0111i\u1ec3m b\u00e1n h\u00e0ng n\u00e0o c\u00f3 h\u1ed7 tr\u1ee3 NFC, gi\u00fap gi\u1ea3m \u0111\u00e1ng k\u1ec3 th\u1eddi gian giao d\u1ecbch\u2014\u0111\u1ea3m b\u1ea3o kh\u00f4ng ai b\u1ecf l\u1ee1 c\u00e1c m\u1eb7t h\u00e0ng ph\u1ed5 bi\u1ebfn!<\/p>\n<h3>5.\u00a0<strong>B\u1ea3o m\u1eadt v\u00e0 Thu th\u1eadp d\u1eef li\u1ec7u<\/strong><\/h3>\n<p>S\u1eed d\u1ee5ng\u00a0<strong>RFID<\/strong>\u00a0c\u00f4ng ngh\u1ec7 l\u00e0m t\u0103ng \u0111\u00e1ng k\u1ec3 t\u00ednh b\u1ea3o m\u1eadt c\u1ee7a s\u1ef1 ki\u1ec7n c\u1ee7a b\u1ea1n. M\u1ed7i v\u00f2ng \u0111eo tay c\u00f3 th\u1ec3 \u0111\u01b0\u1ee3c nh\u00fang m\u00e3 \u0111\u1ecbnh danh duy nh\u1ea5t gi\u00fap theo d\u00f5i v\u00e0 qu\u1ea3n l\u00fd quy\u1ec1n truy c\u1eadp c\u1ee7a kh\u00e1ch; c\u00f4ng ngh\u1ec7 n\u00e0y cho ph\u00e9p theo d\u00f5i th\u1eddi gian th\u1ef1c d\u00f2ng kh\u00e1ch trong \u0111\u1ecba \u0111i\u1ec3m.<\/p>\n<p>Ngo\u00e0i ra, kh\u1ea3 n\u0103ng thu th\u1eadp d\u1eef li\u1ec7u c\u00f3 ngh\u0129a l\u00e0 b\u1ea1n c\u00f3 th\u1ec3 ph\u00e2n t\u00edch xu h\u01b0\u1edbng, hi\u1ec3u h\u00e0nh vi c\u1ee7a ng\u01b0\u1eddi tham d\u1ef1 v\u00e0 tri\u1ec3n khai c\u00e1c chi\u1ebfn l\u01b0\u1ee3c \u0111\u1ecbnh gi\u00e1 n\u0103ng \u0111\u1ed9ng cho c\u00e1c s\u1ef1 ki\u1ec7n s\u1eafp t\u1edbi. Th\u00f4ng tin chi ti\u1ebft n\u00e0y c\u00f3 th\u1ec3 d\u1eabn \u0111\u1ebfn vi\u1ec7c l\u1eadp k\u1ebf ho\u1ea1ch v\u00e0 th\u1ef1c hi\u1ec7n \u0111\u01b0\u1ee3c c\u1ea3i thi\u1ec7n cho\u00a0<strong>S\u1ef1 ki\u1ec7n RFID<\/strong>\u00a0trong t\u01b0\u01a1ng lai.<\/p>\n<p>&nbsp;<\/p>\n<h2>Th\u00f4ng s\u1ed1 k\u1ef9 thu\u1eadt<\/h2>\n<table class=\"w-fit !mb-0 !max-w-none\">\n<thead>\n<tr>\n<th><strong>Thu\u1ed9c t\u00ednh<\/strong><\/th>\n<th><strong>S\u1ef1 mi\u00eau t\u1ea3<\/strong><\/th>\n<\/tr>\n<\/thead>\n<tbody>\n<tr>\n<td><strong>t\u00ean s\u1ea3n ph\u1ea9m<\/strong><\/td>\n<td>V\u00f2ng \u0111eo tay \u0111\u00e0n h\u1ed3i NFC<\/td>\n<\/tr>\n<tr>\n<td><strong>V\u1eadt li\u1ec7u<\/strong><\/td>\n<td>V\u1ea3i\/PVC<\/td>\n<\/tr>\n<tr>\n<td><strong>Ph\u01b0\u01a1ng th\u1ee9c giao ti\u1ebfp<\/strong><\/td>\n<td>RFID, NFC<\/td>\n<\/tr>\n<tr>\n<td><strong>T\u00ednh th\u01b0\u1eddng xuy\u00ean<\/strong><\/td>\n<td>13,56 MHz<\/td>\n<\/tr>\n<tr>\n<td><strong>T\u00f9y ch\u1ecdn Chip<\/strong><\/td>\n<td>Tag213\/tag215\/tag216\/2k\/4k\/8k\/tk4100\/t5577<\/td>\n<\/tr>\n<tr>\n<td><strong>Giao th\u1ee9c<\/strong><\/td>\n<td>ISO 14443A<\/td>\n<\/tr>\n<tr>\n<td><strong>Kho\u1ea3ng c\u00e1ch \u0111\u1ecdc<\/strong><\/td>\n<td>1-10cm<\/td>\n<\/tr>\n<tr>\n<td><strong>T\u00f9y ch\u1ec9nh<\/strong><\/td>\n<td>Logo, M\u00e0u s\u1eafc, \u0110\u1ed3 h\u1ecda<\/td>\n<\/tr>\n<\/tbody>\n<\/table>\n<p>&nbsp;<\/p>\n<h2><strong>Nh\u1eefng c\u00e2u h\u1ecfi th\u01b0\u1eddng g\u1eb7p (FAQ)<\/strong><\/h2>\n<h3>1.\u00a0<strong>V\u00f2ng \u0111eo tay \u0111\u00e0n h\u1ed3i NFC l\u00e0 g\u00ec?<\/strong><\/h3>\n<p>V\u00f2ng \u0111eo tay \u0111\u00e0n h\u1ed3i NFC l\u00e0 thi\u1ebft b\u1ecb \u0111eo \u0111\u01b0\u1ee3c t\u00edch h\u1ee3p c\u00f4ng ngh\u1ec7 NFC (Giao ti\u1ebfp t\u1ea7m g\u1ea7n) v\u00e0 RFID (Nh\u1eadn d\u1ea1ng t\u1ea7n s\u1ed1 v\u00f4 tuy\u1ebfn). Thi\u1ebft b\u1ecb n\u00e0y cho ph\u00e9p ki\u1ec3m so\u00e1t truy c\u1eadp nhanh, thanh to\u00e1n kh\u00f4ng d\u00f9ng ti\u1ec1n m\u1eb7t v\u00e0 thu th\u1eadp d\u1eef li\u1ec7u t\u1ea1i c\u00e1c s\u1ef1 ki\u1ec7n, n\u00e2ng cao tr\u1ea3i nghi\u1ec7m chung c\u1ee7a kh\u00e1ch.<\/p>\n<h3>2.\u00a0<strong>V\u00f2ng \u0111eo tay NFC ho\u1ea1t \u0111\u1ed9ng nh\u01b0 th\u1ebf n\u00e0o?<\/strong><\/h3>\n<p>V\u00f2ng \u0111eo tay NFC ho\u1ea1t \u0111\u1ed9ng b\u1eb1ng c\u00e1ch truy\u1ec1n d\u1eef li\u1ec7u qua s\u00f3ng v\u00f4 tuy\u1ebfn khi \u0111\u01b0\u1ee3c \u0111\u01b0a g\u1ea7n \u0111\u1ebfn \u0111\u1ea7u \u0111\u1ecdc t\u01b0\u01a1ng th\u00edch. \u0110i\u1ec1u n\u00e0y cho ph\u00e9p t\u01b0\u01a1ng t\u00e1c kh\u00f4ng ti\u1ebfp x\u00fac, ch\u1eb3ng h\u1ea1n nh\u01b0 qu\u00e9t d\u1eef li\u1ec7u nh\u1eadp c\u1ea3nh ho\u1eb7c x\u1eed l\u00fd thanh to\u00e1n, ch\u1ec9 b\u1eb1ng c\u00e1ch ch\u1ea1m v\u00f2ng \u0111eo tay v\u00e0o c\u1ea3m bi\u1ebfn.<\/p>\n<h3>3.\u00a0<strong>V\u00f2ng \u0111eo tay NFC c\u00f3 ch\u1ed1ng n\u01b0\u1edbc kh\u00f4ng?<\/strong><\/h3>\n<p>C\u00f3, v\u00f2ng \u0111eo tay \u0111\u00e0n h\u1ed3i NFC c\u1ee7a ch\u00fang t\u00f4i \u0111\u01b0\u1ee3c thi\u1ebft k\u1ebf ch\u1ed1ng th\u1ea5m n\u01b0\u1edbc, ph\u00f9 h\u1ee3p \u0111\u1ec3 s\u1eed d\u1ee5ng trong nhi\u1ec1u m\u00f4i tr\u01b0\u1eddng kh\u00e1c nhau, bao g\u1ed3m c\u00e1c bu\u1ed5i h\u00f2a nh\u1ea1c v\u00e0 s\u1ef1 ki\u1ec7n ngo\u00e0i tr\u1eddi n\u01a1i c\u00f3 th\u1ec3 ti\u1ebfp x\u00fac v\u1edbi n\u01b0\u1edbc.<\/p>\n<h3>4.\u00a0<strong>V\u00f2ng \u0111eo tay c\u00f3 th\u1ec3 t\u00f9y ch\u1ec9nh \u0111\u01b0\u1ee3c kh\u00f4ng?<\/strong><\/h3>\n<p>Ch\u1eafc ch\u1eafn r\u1ed3i! V\u00f2ng \u0111eo tay \u0111\u00e0n h\u1ed3i NFC c\u00f3 th\u1ec3 \u0111\u01b0\u1ee3c c\u00e1 nh\u00e2n h\u00f3a b\u1eb1ng logo, m\u00e0u s\u1eafc v\u00e0 \u0111\u1ed3 h\u1ecda c\u1ee7a b\u1ea1n th\u00f4ng qua in chuy\u1ec3n nhi\u1ec7t. T\u00f9y ch\u1ec9nh n\u00e0y l\u00fd t\u01b0\u1edfng \u0111\u1ec3 x\u00e2y d\u1ef1ng th\u01b0\u01a1ng hi\u1ec7u v\u00e0 n\u00e2ng cao tr\u1ea3i nghi\u1ec7m s\u1ef1 ki\u1ec7n.<\/p>","protected":false},"excerpt":{"rendered":"<p>C\u00e1c\u00a0<strong>V\u00f2ng \u0111eo tay \u0111\u00e0n h\u1ed3i NFC nh\u1eadn d\u1ea1ng quy\u1ec1n truy c\u1eadp bu\u1ed5i h\u00f2a nh\u1ea1c<\/strong>\u00a0l\u00e0 gi\u1ea3i ph\u00e1p ti\u00ean ti\u1ebfn \u0111\u01b0\u1ee3c thi\u1ebft k\u1ebf \u0111\u1ec3 \u0111\u01a1n gi\u1ea3n h\u00f3a vi\u1ec7c v\u00e0o s\u1ef1 ki\u1ec7n v\u00e0 n\u00e2ng cao tr\u1ea3i nghi\u1ec7m c\u1ee7a kh\u00e1ch. V\u1edbi c\u00f4ng ngh\u1ec7 RFID ti\u00ean ti\u1ebfn, nh\u1eefng chi\u1ebfc v\u00f2ng \u0111eo tay ch\u1ed1ng n\u01b0\u1edbc v\u00e0 c\u00f3 th\u1ec3 t\u00f9y ch\u1ec9nh n\u00e0y cho ph\u00e9p ki\u1ec3m so\u00e1t ra v\u00e0o li\u1ec1n m\u1ea1ch v\u00e0 thanh to\u00e1n kh\u00f4ng d\u00f9ng ti\u1ec1n m\u1eb7t, khi\u1ebfn ch\u00fang tr\u1edf n\u00ean l\u00fd t\u01b0\u1edfng cho c\u00e1c bu\u1ed5i h\u00f2a nh\u1ea1c v\u00e0 l\u1ec5 h\u1ed9i \u1edf m\u1ecdi quy m\u00f4.<\/p>","protected":false},"featured_media":3627,"template":"","meta":[],"product_brand":[],"product_cat":[50],"product_tag":[],"class_list":{"0":"post-3626","1":"product","2":"type-product","3":"status-publish","4":"has-post-thumbnail","6":"product_cat-silicone-rfid-nfc-wristbands","8":"first","9":"instock","10":"shipping-taxable","11":"product-type-simple"},"_links":{"self":[{"href":"https:\/\/nfc-readers.com\/vi\/wp-json\/wp\/v2\/product\/3626","targetHints":{"allow":["GET"]}}],"collection":[{"href":"https:\/\/nfc-readers.com\/vi\/wp-json\/wp\/v2\/product"}],"about":[{"href":"https:\/\/nfc-readers.com\/vi\/wp-json\/wp\/v2\/types\/product"}],"wp:featuredmedia":[{"embeddable":true,"href":"https:\/\/nfc-readers.com\/vi\/wp-json\/wp\/v2\/media\/3627"}],"wp:attachment":[{"href":"https:\/\/nfc-readers.com\/vi\/wp-json\/wp\/v2\/media?parent=3626"}],"wp:term":[{"taxonomy":"product_brand","embeddable":true,"href":"https:\/\/nfc-readers.com\/vi\/wp-json\/wp\/v2\/product_brand?post=3626"},{"taxonomy":"product_cat","embeddable":true,"href":"https:\/\/nfc-readers.com\/vi\/wp-json\/wp\/v2\/product_cat?post=3626"},{"taxonomy":"product_tag","embeddable":true,"href":"https:\/\/nfc-readers.com\/vi\/wp-json\/wp\/v2\/product_tag?post=3626"}],"curies":[{"name":"wp","href":"https:\/\/api.w.org\/{rel}","templated":true}]}}