{"id":3633,"date":"2024-11-08T04:33:33","date_gmt":"2024-11-08T04:33:33","guid":{"rendered":"https:\/\/nfc-readers.com\/?post_type=product&#038;p=3633"},"modified":"2024-11-08T04:33:34","modified_gmt":"2024-11-08T04:33:34","slug":"rfid-wristband-elastic-nfc-rfid-tag-access-control-identification","status":"publish","type":"product","link":"https:\/\/nfc-readers.com\/vi\/ic-reader\/rfid-wristband-elastic-nfc-rfid-tag-access-control-identification\/","title":{"rendered":"V\u00f2ng \u0111eo tay RFID Th\u1ebb RFID NFC \u0111\u00e0n h\u1ed3i ki\u1ec3m so\u00e1t truy c\u1eadp nh\u1eadn d\u1ea1ng"},"content":{"rendered":"<h1 style=\"text-align: center;\"><strong>V\u00f2ng \u0111eo tay RFID Th\u1ebb RFID NFC \u0111\u00e0n h\u1ed3i ki\u1ec3m so\u00e1t truy c\u1eadp nh\u1eadn d\u1ea1ng<\/strong><\/h1>\n<p>C\u00e1c <strong>V\u00f2ng \u0111eo tay RFID<\/strong>\u00a0\u0111ang chuy\u1ec3n \u0111\u1ed5i c\u00e1ch c\u00e1c t\u1ed5 ch\u1ee9c qu\u1ea3n l\u00fd ki\u1ec3m so\u00e1t truy c\u1eadp v\u00e0 nh\u1eadn d\u1ea1ng t\u1ea1i c\u00e1c s\u1ef1 ki\u1ec7n, l\u1ec5 h\u1ed9i v\u00e0 \u0111\u1ecba \u0111i\u1ec3m. V\u1edbi\u00a0<strong>C\u00f4ng ngh\u1ec7 NFC<\/strong>,\u00a0<strong>v\u1eadt li\u1ec7u ch\u1ed1ng th\u1ea5m n\u01b0\u1edbc<\/strong>, v\u00e0 c\u00e1c t\u00ednh n\u0103ng t\u00f9y ch\u1ec9nh, v\u00f2ng \u0111eo tay \u0111\u00e0n h\u1ed3i n\u00e0y kh\u00f4ng ch\u1ec9 c\u00f3 ch\u1ee9c n\u0103ng m\u00e0 c\u00f2n \u0111\u01b0\u1ee3c thi\u1ebft k\u1ebf \u0111\u1ec3 c\u00f3 \u0111\u1ed9 b\u1ec1n v\u00e0 phong c\u00e1ch. N\u00f3 k\u1ebft h\u1ee3p hi\u1ec7u qu\u1ea3 c\u00e1c bi\u1ec7n ph\u00e1p b\u1ea3o m\u1eadt v\u1edbi c\u00e1c t\u00ednh n\u0103ng th\u00e2n thi\u1ec7n v\u1edbi ng\u01b0\u1eddi d\u00f9ng, cung c\u1ea5p cho ng\u01b0\u1eddi t\u1ed5 ch\u1ee9c s\u1ef1 ki\u1ec7n m\u1ed9t gi\u1ea3i ph\u00e1p h\u1ee3p l\u00fd \u0111\u1ec3 qu\u1ea3n l\u00fd \u0111\u00e1m \u0111\u00f4ng l\u1edbn \u0111\u1ed3ng th\u1eddi n\u00e2ng cao tr\u1ea3i nghi\u1ec7m c\u1ee7a kh\u00e1ch.<\/p>\n<p>&nbsp;<\/p>\n<h2><strong>T\u1ea1i sao n\u00ean ch\u1ecdn v\u00f2ng \u0111eo tay RFID?<\/strong><\/h2>\n<p>\u0110\u1ea7u t\u01b0 v\u00e0o m\u1ed9t\u00a0<strong>V\u00f2ng \u0111eo tay RFID<\/strong>\u00a0cung c\u1ea5p nhi\u1ec1u l\u1ee3i \u00edch cho c\u1ea3 ng\u01b0\u1eddi t\u1ed5 ch\u1ee9c v\u00e0 ng\u01b0\u1eddi tham d\u1ef1. V\u1edbi c\u00e1c ch\u1ee9c n\u0103ng cho ph\u00e9p\u00a0<strong>thanh to\u00e1n kh\u00f4ng d\u00f9ng ti\u1ec1n m\u1eb7t<\/strong>\u00a0V\u00e0\u00a0<strong>nh\u1eadp c\u1ea3nh nhanh<\/strong>, nh\u1eefng chi\u1ebfc v\u00f2ng \u0111eo tay n\u00e0y \u0111\u01b0\u1ee3c thi\u1ebft k\u1ebf d\u00e0nh ri\u00eang cho c\u00e1c s\u1ef1 ki\u1ec7n c\u1ea7n t\u0103ng c\u01b0\u1eddng b\u1ea3o m\u1eadt v\u00e0 hi\u1ec7u qu\u1ea3. Cho d\u00f9 b\u1ea1n \u0111ang qu\u1ea3n l\u00fd\u00a0<strong>l\u1ec5 h\u1ed9i \u00e2m nh\u1ea1c<\/strong>, m\u1ed9t cu\u1ed9c h\u1ecdp c\u00f4ng ty hay m\u1ed9t c\u00f4ng vi\u00ean gi\u1ea3i tr\u00ed, v\u00f2ng \u0111eo tay RFID mang l\u1ea1i kh\u1ea3 n\u0103ng ti\u1ebfp c\u1eadn v\u00e0 b\u1ea3o m\u1eadt m\u00e0 v\u00e9 truy\u1ec1n th\u1ed1ng kh\u00f4ng th\u1ec3 cung c\u1ea5p.<\/p>\n<h3>L\u1ee3i \u00edch c\u1ee7a s\u1ea3n ph\u1ea9m:<\/h3>\n<ul>\n<li><strong>T\u0103ng c\u01b0\u1eddng b\u1ea3o m\u1eadt<\/strong>:V\u00f2ng \u0111eo tay RFID \u0111\u1ea3m b\u1ea3o ch\u1ec9 nh\u1eefng c\u00e1 nh\u00e2n \u0111\u01b0\u1ee3c \u1ee7y quy\u1ec1n m\u1edbi \u0111\u01b0\u1ee3c ph\u00e9p v\u00e0o, gi\u1ea3m nguy c\u01a1 truy c\u1eadp tr\u00e1i ph\u00e9p.<\/li>\n<li><strong>Ho\u1ea1t \u0111\u1ed9ng h\u1ee3p l\u00fd<\/strong>: T\u1ea1o \u0111i\u1ec1u ki\u1ec7n thu\u1eadn l\u1ee3i cho vi\u1ec7c ra v\u00e0o nhanh ch\u00f3ng, gi\u1ea3m thi\u1ec3u t\u00ecnh tr\u1ea1ng t\u1eafc ngh\u1ebdn t\u1ea1i c\u00e1c \u0111i\u1ec3m ra v\u00e0o.<\/li>\n<li><strong>\u1ee8ng d\u1ee5ng \u0111a n\u0103ng<\/strong>: Th\u00edch h\u1ee3p cho c\u00e1c s\u1ef1 ki\u1ec7n c\u00f3 m\u1ecdi quy m\u00f4, t\u1eeb l\u1ec5 h\u1ed9i \u0111\u1ebfn ki\u1ec3m so\u00e1t ra v\u00e0o ph\u00f2ng t\u1eadp th\u1ec3 d\u1ee5c.<\/li>\n<li><strong>Th\u01b0\u01a1ng hi\u1ec7u t\u00f9y ch\u1ec9nh<\/strong>: C\u00e1 nh\u00e2n h\u00f3a v\u00f2ng tay v\u1edbi thi\u1ebft k\u1ebf, logo v\u00e0 m\u00e0u s\u1eafc \u0111\u1ed9c \u0111\u00e1o \u0111\u1ec3 t\u0103ng c\u01b0\u1eddng kh\u1ea3 n\u0103ng nh\u1eadn di\u1ec7n th\u01b0\u01a1ng hi\u1ec7u.<\/li>\n<\/ul>\n<p>&nbsp;<\/p>\n<h3><strong>T\u00ednh n\u0103ng c\u1ee7a V\u00f2ng \u0111eo tay RFID<\/strong><\/h3>\n<p>C\u00e1c\u00a0<strong>V\u00f2ng \u0111eo tay RFID<\/strong>\u00a0t\u1ef1 h\u00e0o c\u00f3 r\u1ea5t nhi\u1ec1u t\u00ednh n\u0103ng \u0111\u1eb7c bi\u1ec7t \u0111\u01b0\u1ee3c thi\u1ebft k\u1ebf \u0111\u1ec3 \u0111\u1ea3m b\u1ea3o ki\u1ec3m so\u00e1t truy c\u1eadp ho\u00e0n h\u1ea3o. Nh\u1eefng chi\u1ebfc v\u00f2ng \u0111eo tay n\u00e0y l\u00e0\u00a0<strong>kh\u00f4ng th\u1ea5m n\u01b0\u1edbc<\/strong>, \u0111\u1ea3m b\u1ea3o ho\u1ea1t \u0111\u1ed9ng \u0111\u00e1ng tin c\u1eady ngay c\u1ea3 trong \u0111i\u1ec1u ki\u1ec7n th\u1eddi ti\u1ebft kh\u00f4ng th\u1ec3 \u0111o\u00e1n tr\u01b0\u1edbc. Ho\u1ea1t \u0111\u1ed9ng \u1edf t\u1ea7n su\u1ea5t\u00a0<strong>13,56MHz<\/strong>\u00a0v\u00e0 s\u1eed d\u1ee5ng\u00a0<strong>Giao th\u1ee9c ISO 14443A<\/strong>, nh\u1eefng chi\u1ebfc v\u00f2ng tay n\u00e0y s\u1eed d\u1ee5ng\u00a0<strong>Chip NTAG213<\/strong>\u00a0v\u1edbi dung l\u01b0\u1ee3ng b\u1ed9 nh\u1edb l\u00e0\u00a0<strong>144 byte<\/strong>.<\/p>\n<p>V\u00f2ng \u0111eo tay giao ti\u1ebfp b\u1eb1ng c\u00e1ch s\u1eed d\u1ee5ng\u00a0<strong>NFC<\/strong>\u00a0(C\u00f4ng ngh\u1ec7 giao ti\u1ebfp tr\u01b0\u1eddng g\u1ea7n), cho ph\u00e9p t\u01b0\u01a1ng t\u00e1c nhanh khi \u0111\u01b0\u1ee3c qu\u00e9t b\u1eb1ng \u0111\u1ea7u \u0111\u1ecdc RFID trong kho\u1ea3ng c\u00e1ch \u0111\u1ecdc\u00a0<strong>1-10cm<\/strong>. \u0110i\u1ec1u n\u00e0y c\u00f3 ngh\u0129a l\u00e0 kh\u00e1ch c\u00f3 th\u1ec3 v\u00e0o \u0111\u1ecba \u0111i\u1ec3m m\u1ed9t c\u00e1ch nhanh ch\u00f3ng ch\u1ec9 b\u1eb1ng c\u00e1ch ch\u1ea1m v\u00f2ng \u0111eo tay v\u00e0o m\u00e1y \u0111\u1ecdc, c\u1ea3i thi\u1ec7n \u0111\u00e1ng k\u1ec3 l\u01b0u l\u01b0\u1ee3ng giao th\u00f4ng t\u1ea1i c\u00e1c \u0111i\u1ec3m v\u00e0o.<\/p>\n<p>&nbsp;<\/p>\n<h3><strong>Th\u00f4ng s\u1ed1 k\u1ef9 thu\u1eadt<\/strong><\/h3>\n<table class=\"w-fit !mb-0 !max-w-none\" style=\"height: 463px;\" width=\"472\">\n<thead>\n<tr>\n<th><strong>Thu\u1ed9c t\u00ednh<\/strong><\/th>\n<th><strong>Chi ti\u1ebft<\/strong><\/th>\n<\/tr>\n<\/thead>\n<tbody>\n<tr>\n<td><strong>t\u00ean s\u1ea3n ph\u1ea9m<\/strong><\/td>\n<td>V\u00f2ng \u0111eo tay RFID<\/td>\n<\/tr>\n<tr>\n<td><strong>T\u00ean th\u01b0\u01a1ng hi\u1ec7u<\/strong><\/td>\n<td>Thu\u1eadn T\u00edn<\/td>\n<\/tr>\n<tr>\n<td><strong>S\u1ed1 m\u00f4 h\u00ecnh<\/strong><\/td>\n<td>SX-V\u00f2ng \u0111eo tay<\/td>\n<\/tr>\n<tr>\n<td><strong>V\u1eadt li\u1ec7u<\/strong><\/td>\n<td>V\u1ea3i v\u00f3c<\/td>\n<\/tr>\n<tr>\n<td><strong>K\u00edch c\u1ee1<\/strong><\/td>\n<td>180 * 20mm<\/td>\n<\/tr>\n<tr>\n<td><strong>Chip<\/strong><\/td>\n<td>NTAG213<\/td>\n<\/tr>\n<tr>\n<td><strong>K\u00fd \u1ee9c<\/strong><\/td>\n<td>144 Byte<\/td>\n<\/tr>\n<tr>\n<td><strong>Ph\u01b0\u01a1ng th\u1ee9c giao ti\u1ebfp<\/strong><\/td>\n<td>RFID, NFC<\/td>\n<\/tr>\n<tr>\n<td><strong>T\u00ednh th\u01b0\u1eddng xuy\u00ean<\/strong><\/td>\n<td>13,56MHz<\/td>\n<\/tr>\n<tr>\n<td><strong>Giao th\u1ee9c<\/strong><\/td>\n<td>ISO 14443A<\/td>\n<\/tr>\n<tr>\n<td><strong>Kho\u1ea3ng c\u00e1ch \u0111\u1ecdc<\/strong><\/td>\n<td>1 \u2013 10cm<\/td>\n<\/tr>\n<tr>\n<td><strong>Th\u1eddi gian d\u1eabn<\/strong><\/td>\n<td>8 \u2013 12 ng\u00e0y l\u00e0m vi\u1ec7c<\/td>\n<\/tr>\n<tr>\n<td><strong>In \u1ea5n<\/strong><\/td>\n<td>In chuy\u1ec3n nhi\u1ec7t<\/td>\n<\/tr>\n<tr>\n<td><strong>Bao b\u00ec<\/strong><\/td>\n<td>200 chi\u1ebfc\/h\u1ed9p b\u00ean trong, 25 h\u1ed9p\/th\u00f9ng carton<\/td>\n<\/tr>\n<tr>\n<td><strong>K\u00edch th\u01b0\u1edbc th\u00f9ng carton<\/strong><\/td>\n<td>48 * 22,5 * 30cm<\/td>\n<\/tr>\n<tr>\n<td><strong>T\u1ed5ng tr\u1ecdng l\u01b0\u1ee3ng<\/strong><\/td>\n<td>0,010kg<\/td>\n<\/tr>\n<tr>\n<td><strong>K\u00edch th\u01b0\u1edbc g\u00f3i \u0111\u01a1n<\/strong><\/td>\n<td>35 * 1,5 * 0,02cm<\/td>\n<\/tr>\n<\/tbody>\n<\/table>\n<p>&nbsp;<\/p>\n<h2><strong>Nh\u1eefng c\u00e2u h\u1ecfi th\u01b0\u1eddng g\u1eb7p (FAQ)<\/strong><\/h2>\n<h3>1. V\u00f2ng \u0111eo tay RFID l\u00e0 g\u00ec?<\/h3>\n<p>M\u1ed8T\u00a0<strong>V\u00f2ng \u0111eo tay RFID<\/strong>\u00a0l\u00e0 thi\u1ebft b\u1ecb \u0111eo \u0111\u01b0\u1ee3c trang b\u1ecb c\u00f4ng ngh\u1ec7 Nh\u1eadn d\u1ea1ng t\u1ea7n s\u1ed1 v\u00f4 tuy\u1ebfn (RFID), ch\u1ee7 y\u1ebfu \u0111\u01b0\u1ee3c s\u1eed d\u1ee5ng \u0111\u1ec3 ki\u1ec3m so\u00e1t ra v\u00e0o, thanh to\u00e1n kh\u00f4ng d\u00f9ng ti\u1ec1n m\u1eb7t v\u00e0 nh\u1eadn d\u1ea1ng t\u1ea1i c\u00e1c s\u1ef1 ki\u1ec7n nh\u01b0 h\u00f2a nh\u1ea1c, l\u1ec5 h\u1ed9i v\u00e0 \u0111\u1ecba \u0111i\u1ec3m gi\u1ea3i tr\u00ed.<\/p>\n<h3>2. C\u00f4ng ngh\u1ec7 RFID ho\u1ea1t \u0111\u1ed9ng nh\u01b0 th\u1ebf n\u00e0o?<\/h3>\n<p>C\u00f4ng ngh\u1ec7 RFID s\u1eed d\u1ee5ng s\u00f3ng v\u00f4 tuy\u1ebfn \u0111\u1ec3 truy\u1ec1n d\u1eef li\u1ec7u t\u1eeb v\u00f2ng \u0111eo tay \u0111\u1ebfn \u0111\u1ea7u \u0111\u1ecdc. Khi v\u00f2ng \u0111eo tay \u1edf trong ph\u1ea1m vi \u0111\u1ecdc (1-10 cm), n\u00f3 s\u1ebd t\u1ef1 \u0111\u1ed9ng giao ti\u1ebfp v\u1edbi \u0111\u1ea7u \u0111\u1ecdc, cho ph\u00e9p truy c\u1eadp ho\u1eb7c giao d\u1ecbch nhanh ch\u00f3ng v\u00e0 an to\u00e0n.<\/p>\n<h3>3. L\u1ee3i \u00edch c\u1ee7a vi\u1ec7c s\u1eed d\u1ee5ng v\u00f2ng \u0111eo tay RFID so v\u1edbi v\u00e9 truy\u1ec1n th\u1ed1ng l\u00e0 g\u00ec?<\/h3>\n<p>V\u00f2ng \u0111eo tay RFID mang l\u1ea1i m\u1ed9t s\u1ed1 l\u1ee3i th\u1ebf:<\/p>\n<ul>\n<li><strong>\u0110\u0103ng nh\u1eadp nhanh h\u01a1n<\/strong>:Ng\u01b0\u1eddi tham d\u1ef1 c\u00f3 th\u1ec3 ch\u1ea1m v\u00e0o v\u00f2ng \u0111eo tay \u0111\u1ec3 truy c\u1eadp nhanh, gi\u1ea3m th\u1eddi gian x\u1ebfp h\u00e0ng v\u00e0 ch\u1edd \u0111\u1ee3i.<\/li>\n<li><strong>T\u0103ng c\u01b0\u1eddng b\u1ea3o m\u1eadt<\/strong>:Nh\u1eefng ng\u01b0\u1eddi kh\u00f4ng \u0111\u01b0\u1ee3c ph\u00e9p kh\u00f4ng th\u1ec3 s\u1eed d\u1ee5ng v\u00f2ng \u0111eo tay RFID v\u00ec m\u1ed7i v\u00f2ng \u0111eo tay \u0111\u1ec1u \u0111\u01b0\u1ee3c m\u00e3 h\u00f3a ri\u00eang.<\/li>\n<li><strong>Giao d\u1ecbch kh\u00f4ng d\u00f9ng ti\u1ec1n m\u1eb7t<\/strong>:Nhi\u1ec1u v\u00f2ng \u0111eo tay cho ph\u00e9p thanh to\u00e1n kh\u00f4ng d\u00f9ng ti\u1ec1n m\u1eb7t cho th\u1ef1c ph\u1ea9m, h\u00e0ng h\u00f3a v\u00e0 d\u1ecbch v\u1ee5, n\u00e2ng cao tr\u1ea3i nghi\u1ec7m c\u1ee7a ng\u01b0\u1eddi d\u00f9ng.<\/li>\n<li><strong>Thu th\u1eadp d\u1eef li\u1ec7u<\/strong>:Ng\u01b0\u1eddi t\u1ed5 ch\u1ee9c s\u1ef1 ki\u1ec7n c\u00f3 th\u1ec3 thu th\u1eadp th\u00f4ng tin ph\u00e2n t\u00edch c\u00f3 gi\u00e1 tr\u1ecb v\u1ec1 h\u00e0nh vi v\u00e0 s\u1edf th\u00edch c\u1ee7a kh\u00e1ch tham quan.<\/li>\n<\/ul>\n<h3>4. V\u00f2ng \u0111eo tay RFID c\u00f3 ch\u1ed1ng th\u1ea5m n\u01b0\u1edbc kh\u00f4ng?<\/h3>\n<p>V\u00e2ng, v\u00f2ng \u0111eo tay RFID c\u1ee7a ch\u00fang t\u00f4i \u0111\u01b0\u1ee3c thi\u1ebft k\u1ebf \u0111\u1ec3\u00a0<strong>kh\u00f4ng th\u1ea5m n\u01b0\u1edbc<\/strong>\u00a0V\u00e0\u00a0<strong>ch\u1ed1ng ch\u1ecbu th\u1eddi ti\u1ebft<\/strong>, khi\u1ebfn ch\u00fang ph\u00f9 h\u1ee3p cho c\u00e1c s\u1ef1 ki\u1ec7n v\u00e0 ho\u1ea1t \u0111\u1ed9ng ngo\u00e0i tr\u1eddi.<\/p>","protected":false},"excerpt":{"rendered":"<p>V\u00f2ng \u0111eo tay RFID k\u1ebft h\u1ee3p s\u1ef1 tho\u1ea3i m\u00e1i \u0111\u00e0n h\u1ed3i v\u1edbi c\u00f4ng ngh\u1ec7 NFC ti\u00ean ti\u1ebfn \u0111\u1ec3 ki\u1ec3m so\u00e1t truy c\u1eadp v\u00e0 nh\u1eadn d\u1ea1ng hi\u1ec7u qu\u1ea3. Ho\u00e0n h\u1ea3o cho c\u00e1c s\u1ef1 ki\u1ec7n, n\u00f3 cung c\u1ea5p t\u00ednh b\u1ea3o m\u1eadt v\u00e0 ti\u1ec7n l\u1ee3i trong m\u1ed9t thi\u1ebft k\u1ebf c\u00f3 th\u1ec3 t\u00f9y ch\u1ec9nh.<\/p>","protected":false},"featured_media":3634,"template":"","meta":[],"product_brand":[],"product_cat":[50],"product_tag":[],"class_list":{"0":"post-3633","1":"product","2":"type-product","3":"status-publish","4":"has-post-thumbnail","6":"product_cat-silicone-rfid-nfc-wristbands","8":"first","9":"instock","10":"shipping-taxable","11":"product-type-simple"},"_links":{"self":[{"href":"https:\/\/nfc-readers.com\/vi\/wp-json\/wp\/v2\/product\/3633","targetHints":{"allow":["GET"]}}],"collection":[{"href":"https:\/\/nfc-readers.com\/vi\/wp-json\/wp\/v2\/product"}],"about":[{"href":"https:\/\/nfc-readers.com\/vi\/wp-json\/wp\/v2\/types\/product"}],"wp:featuredmedia":[{"embeddable":true,"href":"https:\/\/nfc-readers.com\/vi\/wp-json\/wp\/v2\/media\/3634"}],"wp:attachment":[{"href":"https:\/\/nfc-readers.com\/vi\/wp-json\/wp\/v2\/media?parent=3633"}],"wp:term":[{"taxonomy":"product_brand","embeddable":true,"href":"https:\/\/nfc-readers.com\/vi\/wp-json\/wp\/v2\/product_brand?post=3633"},{"taxonomy":"product_cat","embeddable":true,"href":"https:\/\/nfc-readers.com\/vi\/wp-json\/wp\/v2\/product_cat?post=3633"},{"taxonomy":"product_tag","embeddable":true,"href":"https:\/\/nfc-readers.com\/vi\/wp-json\/wp\/v2\/product_tag?post=3633"}],"curies":[{"name":"wp","href":"https:\/\/api.w.org\/{rel}","templated":true}]}}