{"id":3640,"date":"2024-11-08T04:40:44","date_gmt":"2024-11-08T04:40:44","guid":{"rendered":"https:\/\/nfc-readers.com\/?post_type=product&#038;p=3640"},"modified":"2024-11-08T04:40:44","modified_gmt":"2024-11-08T04:40:44","slug":"silicone-wristband-rfid-locker-silicone-wristband","status":"publish","type":"product","link":"https:\/\/nfc-readers.com\/vi\/ic-reader\/silicone-wristband-rfid-locker-silicone-wristband\/","title":{"rendered":"v\u00f2ng \u0111eo tay silicon RFID Locker v\u00f2ng \u0111eo tay silicon"},"content":{"rendered":"<h1 style=\"text-align: center;\"><strong>v\u00f2ng \u0111eo tay silicon RFID Locker v\u00f2ng \u0111eo tay silicon<\/strong><\/h1>\n<p>&nbsp;<\/p>\n<p>Trong th\u1ebf gi\u1edbi k\u1ef9 thu\u1eadt s\u1ed1 ph\u00e1t tri\u1ec3n nhanh ch\u00f3ng ng\u00e0y nay, c\u00e1c gi\u1ea3i ph\u00e1p ki\u1ec3m so\u00e1t truy c\u1eadp hi\u1ec7u qu\u1ea3 l\u00e0 t\u1ed1i quan tr\u1ecdng \u0111\u1ed1i v\u1edbi c\u00e1c s\u1ef1 ki\u1ec7n, \u0111\u1ecba \u0111i\u1ec3m v\u00e0 t\u1ed5 ch\u1ee9c. <strong>V\u00f2ng \u0111eo tay RFID b\u1eb1ng silicon<\/strong>\u00a0kh\u00f4ng ch\u1ec9 l\u00e0 m\u1ed9t ph\u1ee5 ki\u1ec7n th\u1eddi trang m\u00e0 c\u00f2n l\u00e0 c\u00e1nh c\u1ed5ng d\u1eabn \u0111\u1ebfn s\u1ef1 b\u1ea3o m\u1eadt, hi\u1ec7u qu\u1ea3 v\u00e0 ti\u1ec7n l\u1ee3i \u0111\u01b0\u1ee3c n\u00e2ng cao. \u0110\u01b0\u1ee3c thi\u1ebft k\u1ebf v\u1edbi c\u00f4ng ngh\u1ec7 RFID ti\u00ean ti\u1ebfn, v\u00f2ng \u0111eo tay c\u1ee7a ch\u00fang t\u00f4i \u0111\u1ea3m b\u1ea3o ki\u1ec3m so\u00e1t truy c\u1eadp li\u1ec1n m\u1ea1ch \u0111\u1ed3ng th\u1eddi cung c\u1ea5p t\u00f9y ch\u1ecdn ch\u1ed1ng n\u01b0\u1edbc v\u00e0 b\u1ec1n b\u1ec9 cho nhi\u1ec1u \u1ee9ng d\u1ee5ng kh\u00e1c nhau. Cho d\u00f9 \u0111\u00f3 l\u00e0 l\u1ec5 h\u1ed9i \u00e2m nh\u1ea1c, c\u00f4ng vi\u00ean gi\u1ea3i tr\u00ed hay s\u1ef1 ki\u1ec7n c\u1ee7a c\u00f4ng ty, nh\u1eefng chi\u1ebfc v\u00f2ng \u0111eo tay n\u00e0y l\u00e0 v\u1eadt d\u1ee5ng kh\u00f4ng th\u1ec3 thi\u1ebfu.<\/p>\n<p>&nbsp;<\/p>\n<h3><strong>T\u1ea1i sao n\u00ean ch\u1ecdn v\u00f2ng \u0111eo tay RFID silicon c\u1ee7a ch\u00fang t\u00f4i?<\/strong><\/h3>\n<p>C\u1ee7a ch\u00fang t\u00f4i\u00a0<strong>V\u00f2ng \u0111eo tay RFID<\/strong>\u00a0k\u1ebft h\u1ee3p ch\u1ee9c n\u0103ng v\u1edbi phong c\u00e1ch, \u0111\u1ea3m b\u1ea3o s\u1ef1 ki\u1ec7n ho\u1eb7c c\u01a1 s\u1edf c\u1ee7a b\u1ea1n ho\u1ea1t \u0111\u1ed9ng tr\u01a1n tru v\u00e0 an to\u00e0n. V\u1edbi c\u00e1c t\u00ednh n\u0103ng nh\u01b0 logo t\u00f9y ch\u1ec9nh v\u00e0 kh\u1ea3 n\u0103ng RFID m\u1ea1nh m\u1ebd, nh\u1eefng chi\u1ebfc v\u00f2ng \u0111eo tay n\u00e0y ho\u00e0n h\u1ea3o \u0111\u1ec3 n\u00e2ng cao tr\u1ea3i nghi\u1ec7m c\u1ee7a ng\u01b0\u1eddi d\u00f9ng trong khi v\u1eabn duy tr\u00ec m\u1ee9c \u0111\u1ed9 b\u1ea3o m\u1eadt cao. Nh\u1eefng chi\u1ebfc v\u00f2ng \u0111eo tay n\u00e0y kh\u00f4ng ch\u1ec9 ch\u1ed1ng th\u1ea5m n\u01b0\u1edbc m\u00e0 c\u00f2n \u0111\u01b0\u1ee3c thi\u1ebft k\u1ebf \u0111\u1ec3 c\u00f3 \u0111\u1ed9 b\u1ec1n cao, ngh\u0129a l\u00e0 ch\u00fang s\u1ebd ch\u1ecbu \u0111\u01b0\u1ee3c s\u1ef1 kh\u1eafc nghi\u1ec7t c\u1ee7a b\u1ea5t k\u1ef3 s\u1ef1 ki\u1ec7n n\u00e0o. N\u1ebfu b\u1ea1n \u0111ang t\u00ecm ki\u1ebfm m\u1ed9t gi\u1ea3i ph\u00e1p hi\u1ec7u qu\u1ea3 v\u00e0 phong c\u00e1ch cho\u00a0<strong>ki\u1ec3m so\u00e1t truy c\u1eadp<\/strong>, kh\u00f4ng c\u1ea7n t\u00ecm \u0111\u00e2u xa n\u1eefa!<\/p>\n<p>&nbsp;<\/p>\n<h2>L\u1ee3i \u00edch c\u1ee7a vi\u1ec7c s\u1eed d\u1ee5ng v\u00f2ng \u0111eo tay RFID silicon<\/h2>\n<h3>T\u0103ng c\u01b0\u1eddng b\u1ea3o m\u1eadt<\/h3>\n<p>M\u1ed9t trong nh\u1eefng l\u1ee3i th\u1ebf m\u1ea1nh nh\u1ea5t c\u1ee7a ch\u00fang t\u00f4i\u00a0<strong>v\u00f2ng \u0111eo tay RFID silicon<\/strong>\u00a0l\u00e0 s\u1ef1 gia t\u0103ng an ninh m\u00e0 h\u1ecd cung c\u1ea5p. V\u1edbi\u00a0<strong>ch\u1ed1ng gi\u1ea3 m\u1ea1o<\/strong>\u00a0thi\u1ebft k\u1ebf, nh\u1eefng chi\u1ebfc v\u00f2ng \u0111eo tay n\u00e0y gi\u00fap \u0111\u1ea3m b\u1ea3o r\u1eb1ng nh\u1eefng c\u00e1 nh\u00e2n kh\u00f4ng \u0111\u01b0\u1ee3c ph\u00e9p kh\u00f4ng th\u1ec3 ti\u1ebfp c\u1eadn nh\u1eefng khu v\u1ef1c h\u1ea1n ch\u1ebf. H\u01a1n n\u1eefa, c\u00f4ng ngh\u1ec7 RFID cho ph\u00e9p theo d\u00f5i v\u00e0 thu th\u1eadp d\u1eef li\u1ec7u theo th\u1eddi gian th\u1ef1c, gi\u00fap vi\u1ec7c theo d\u00f5i s\u1ef1 tham d\u1ef1 v\u00e0 chuy\u1ec3n \u0111\u1ed9ng d\u1ec5 d\u00e0ng h\u01a1n.<\/p>\n<h3>Tr\u1ea3i nghi\u1ec7m th\u00e2n thi\u1ec7n v\u1edbi ng\u01b0\u1eddi d\u00f9ng<\/h3>\n<p>C\u1ee7a ch\u00fang t\u00f4i\u00a0<strong>V\u00f2ng \u0111eo tay RFID<\/strong>\u00a0\u0111\u1eb7c bi\u1ec7t th\u00e2n thi\u1ec7n v\u1edbi ng\u01b0\u1eddi d\u00f9ng. Ch\u1ec9 c\u1ea7n v\u1eaby tay \u0111\u01a1n gi\u1ea3n, ng\u01b0\u1eddi d\u00f9ng c\u00f3 th\u1ec3 v\u00e0o khu v\u1ef1c VIP, h\u1ec7 th\u1ed1ng thanh to\u00e1n kh\u00f4ng d\u00f9ng ti\u1ec1n m\u1eb7t, v.v. T\u00ednh n\u0103ng n\u00e0y kh\u00f4ng ch\u1ec9 n\u00e2ng cao tr\u1ea3i nghi\u1ec7m chung c\u1ee7a kh\u00e1ch m\u00e0 c\u00f2n khuy\u1ebfn kh\u00edch m\u00f4i tr\u01b0\u1eddng t\u01b0\u01a1ng t\u00e1c v\u00e0 h\u1ea5p d\u1eabn h\u01a1n.<\/p>\n<p>&nbsp;<\/p>\n<hr \/>\n<h2>C\u00e1c t\u00ednh n\u0103ng ch\u00ednh c\u1ee7a v\u00f2ng \u0111eo tay RFID ShunXin<\/h2>\n<h3>Thi\u1ebft k\u1ebf ch\u1ed1ng th\u1ea5m n\u01b0\u1edbc v\u00e0 th\u1eddi ti\u1ebft<\/h3>\n<p>\u0110\u01b0\u1ee3c thi\u1ebft k\u1ebf \u0111\u1ec3 ch\u1ecbu \u0111\u01b0\u1ee3c c\u00e1c \u0111i\u1ec1u ki\u1ec7n m\u00f4i tr\u01b0\u1eddng kh\u00e1c nhau, v\u00f2ng \u0111eo tay c\u1ee7a ch\u00fang t\u00f4i t\u1ef1 h\u00e0o c\u00f3 thi\u1ebft k\u1ebf ch\u1ed1ng th\u1ea5m n\u01b0\u1edbc v\u00e0 ch\u1ed1ng ch\u1ecbu th\u1eddi ti\u1ebft. \u0110i\u1ec1u n\u00e0y l\u00e0m cho ch\u00fang ph\u00f9 h\u1ee3p cho c\u00e1c s\u1ef1 ki\u1ec7n ngo\u00e0i tr\u1eddi nh\u01b0 l\u1ec5 h\u1ed9i v\u00e0 c\u00f4ng vi\u00ean n\u01b0\u1edbc, \u0111\u1ea3m b\u1ea3o \u0111\u1ed9 b\u1ec1n v\u00e0 \u0111\u1ed9 tin c\u1eady b\u1ea5t k\u1ec3 th\u1eddi ti\u1ebft.<\/p>\n<h3>T\u00f9y ch\u1ecdn t\u00f9y ch\u1ec9nh<\/h3>\n<p>T\u00f9y ch\u1ec9nh l\u00e0 ch\u00eca kh\u00f3a khi n\u00f3i \u0111\u1ebfn\u00a0<strong>v\u00f2ng \u0111eo tay RFID t\u00f9y ch\u1ec9nh<\/strong>. V\u00f2ng \u0111eo tay c\u1ee7a ch\u00fang t\u00f4i c\u00f3 th\u1ec3 \u0111\u01b0\u1ee3c c\u00e1 nh\u00e2n h\u00f3a b\u1eb1ng logo v\u00e0 m\u00e0u s\u1eafc, gi\u00fap b\u1ea1n qu\u1ea3ng b\u00e1 th\u01b0\u01a1ng hi\u1ec7u c\u1ee7a m\u00ecnh \u0111\u1ed3ng th\u1eddi t\u0103ng c\u01b0\u1eddng b\u1ea3o m\u1eadt. Kh\u1ea3 n\u0103ng in c\u00e1c thi\u1ebft k\u1ebf \u0111\u1ed9c \u0111\u00e1o khi\u1ebfn nh\u1eefng chi\u1ebfc v\u00f2ng \u0111eo tay n\u00e0y tr\u1edf th\u00e0nh l\u1ef1a ch\u1ecdn tuy\u1ec7t v\u1eddi cho c\u00e1c s\u1ef1 ki\u1ec7n c\u1ee7a c\u00f4ng ty v\u00e0 nh\u1eefng d\u1ecbp \u0111\u1eb7c bi\u1ec7t.<\/p>\n<p>&nbsp;<\/p>\n<h2>Th\u00f4ng s\u1ed1 k\u1ef9 thu\u1eadt<\/h2>\n<table class=\"w-fit !mb-0 !max-w-none\" style=\"height: 266px;\" width=\"401\">\n<thead>\n<tr>\n<th>\u0110\u1eb7c \u0111i\u1ec3m k\u1ef9 thu\u1eadt<\/th>\n<th>Chi ti\u1ebft<\/th>\n<\/tr>\n<\/thead>\n<tbody>\n<tr>\n<td><strong>t\u00ean s\u1ea3n ph\u1ea9m<\/strong><\/td>\n<td>V\u00f2ng \u0111eo tay RFID<\/td>\n<\/tr>\n<tr>\n<td><strong>T\u00ean th\u01b0\u01a1ng hi\u1ec7u<\/strong><\/td>\n<td>Thu\u1eadn T\u00edn<\/td>\n<\/tr>\n<tr>\n<td><strong>S\u1ed1 m\u00f4 h\u00ecnh<\/strong><\/td>\n<td>SX-008<\/td>\n<\/tr>\n<tr>\n<td><strong>V\u1eadt li\u1ec7u<\/strong><\/td>\n<td>Silicon<\/td>\n<\/tr>\n<tr>\n<td><strong>T\u00ednh th\u01b0\u1eddng xuy\u00ean<\/strong><\/td>\n<td>13,56MHz<\/td>\n<\/tr>\n<tr>\n<td><strong>Chip<\/strong><\/td>\n<td>Icodeslix<\/td>\n<\/tr>\n<tr>\n<td><strong>Kho\u1ea3ng c\u00e1ch \u0111\u1ecdc<\/strong><\/td>\n<td>1-30cm<\/td>\n<\/tr>\n<tr>\n<td><strong>K\u00edch c\u1ee1<\/strong><\/td>\n<td>K\u00edch th\u01b0\u1edbc t\u00f9y ch\u1ec9nh<\/td>\n<\/tr>\n<tr>\n<td><strong>Bi\u1ec3u tr\u01b0ng<\/strong><\/td>\n<td>Logo t\u00f9y ch\u1ec9nh \u0111\u01b0\u1ee3c ch\u1ea5p nh\u1eadn<\/td>\n<\/tr>\n<\/tbody>\n<\/table>\n<p>&nbsp;<\/p>\n<h3><strong>Nh\u1eefng c\u00e2u h\u1ecfi th\u01b0\u1eddng g\u1eb7p (FAQ) v\u1ec1 v\u00f2ng \u0111eo tay RFID silicon<\/strong><\/h3>\n<h3>1. V\u00f2ng \u0111eo tay RFID silicon \u0111\u01b0\u1ee3c s\u1eed d\u1ee5ng \u0111\u1ec3 l\u00e0m g\u00ec?<\/h3>\n<p>V\u00f2ng \u0111eo tay RFID silicon ch\u1ee7 y\u1ebfu \u0111\u01b0\u1ee3c s\u1eed d\u1ee5ng \u0111\u1ec3 ki\u1ec3m so\u00e1t ra v\u00e0o t\u1ea1i c\u00e1c s\u1ef1 ki\u1ec7n, l\u1ec5 h\u1ed9i, c\u00f4ng vi\u00ean gi\u1ea3i tr\u00ed v\u00e0 c\u00e1c ch\u1ee9c n\u0103ng c\u1ee7a c\u00f4ng ty. Ch\u00fang t\u1ea1o \u0111i\u1ec1u ki\u1ec7n thu\u1eadn l\u1ee3i cho vi\u1ec7c ra v\u00e0o, thanh to\u00e1n kh\u00f4ng d\u00f9ng ti\u1ec1n m\u1eb7t, thu th\u1eadp d\u1eef li\u1ec7u v\u00e0 t\u0103ng c\u01b0\u1eddng c\u00e1c bi\u1ec7n ph\u00e1p b\u1ea3o m\u1eadt.<\/p>\n<h3>2. V\u00f2ng \u0111eo tay RFID silicon c\u00f3 ch\u1ed1ng th\u1ea5m n\u01b0\u1edbc kh\u00f4ng?<\/h3>\n<p>C\u00f3, v\u00f2ng \u0111eo tay RFID silicon c\u1ee7a ch\u00fang t\u00f4i \u0111\u01b0\u1ee3c thi\u1ebft k\u1ebf ch\u1ed1ng th\u1ea5m n\u01b0\u1edbc v\u00e0 ch\u1ecbu \u0111\u01b0\u1ee3c th\u1eddi ti\u1ebft, ph\u00f9 h\u1ee3p cho c\u00e1c s\u1ef1 ki\u1ec7n ngo\u00e0i tr\u1eddi v\u00e0 nh\u1eefng t\u00ecnh hu\u1ed1ng c\u00f3 kh\u1ea3 n\u0103ng ti\u1ebfp x\u00fac v\u1edbi n\u01b0\u1edbc.<\/p>\n<h3>3. V\u00f2ng \u0111eo tay c\u00f3 th\u1ec3 t\u00f9y ch\u1ec9nh nh\u01b0 th\u1ebf n\u00e0o?<\/h3>\n<p>V\u00f2ng \u0111eo tay c\u1ee7a ch\u00fang t\u00f4i c\u00f3 th\u1ec3 \u0111\u01b0\u1ee3c t\u00f9y ch\u1ec9nh v\u1edbi logo, m\u00e0u s\u1eafc v\u00e0 k\u00edch th\u01b0\u1edbc \u0111\u1ec3 \u0111\u00e1p \u1ee9ng nhu c\u1ea7u x\u00e2y d\u1ef1ng th\u01b0\u01a1ng hi\u1ec7u c\u1ee5 th\u1ec3 c\u1ee7a b\u1ea1n. T\u00f9y ch\u1ecdn t\u00f9y ch\u1ec9nh n\u00e0y \u0111\u1ea3m b\u1ea3o th\u01b0\u01a1ng hi\u1ec7u c\u1ee7a b\u1ea1n n\u1ed5i b\u1eadt t\u1ea1i b\u1ea5t k\u1ef3 s\u1ef1 ki\u1ec7n n\u00e0o.<\/p>\n<h3>4. Kho\u1ea3ng c\u00e1ch \u0111\u1ecdc c\u1ee7a v\u00f2ng \u0111eo tay RFID l\u00e0 bao nhi\u00eau?<\/h3>\n<p>Kho\u1ea3ng c\u00e1ch \u0111\u1ecdc c\u1ee7a v\u00f2ng \u0111eo tay RFID silicon c\u1ee7a ch\u00fang t\u00f4i th\u01b0\u1eddng n\u1eb1m trong kho\u1ea3ng t\u1eeb 1 \u0111\u1ebfn 10 cm, cho ph\u00e9p truy c\u1eadp nhanh ch\u00f3ng v\u00e0 hi\u1ec7u qu\u1ea3 khi qu\u00e9t.<\/p>","protected":false},"excerpt":{"rendered":"<div class=\"chat-list relative custom-scrollbar-reset-margin custom-scrollbar custom-scrollbar-hidden custom-scrollbar-float pb-9 flex-1 overflow-y-auto\">\n<div class=\"mx-auto max-w-[790px]\">\n<div class=\"message-item-outer relative px-4 mb-2\" data-id=\"89b7e141-4a8f-450b-a58e-15b6a9288c93\">\n<div class=\"content-area pl-[0px]\">\n<div class=\"message-item select-text relative\">\n<div class=\"message-inner relative\">\n<div class=\"py-[2px]\">\n<div class=\"flex flex-col gap-2\">\n<div class=\"answer-markdown-box overflow-x-auto select-text custom-scrollbar\">\n<div class=\"markdown-body\"><\/div>\n<\/div>\n<\/div>\n<\/div>\n<\/div>\n<\/div>\n<\/div>\n<\/div>\n<\/div>\n<\/div>\n<div>\n<div class=\"input-box relative max-w-[790px] mx-auto\">\n<div class=\"chat-input-box relative bg-grey-layer2-normal px-3 max-w-[790px] mx-auto pb-1\">\n<div class=\"main-input-area\">\n<div class=\"chat-input-top-bar gap-2 py-2 flex justify-start items-center\">\n<div class=\"flex gap-[6px] min-w-[90px] max-w-[calc(100%-40px)]\">\n<div class=\"flex gap-0\">\n<div class=\"topbar-btn h-[30px] w-[30px] text-text-primary-1 flex overflow-hidden  items-center justify-center text-xs leading-4 rounded-lg model-btn model-btn-no-bg\" role=\"button\">C\u00e1c <strong>T\u1ee7 kh\u00f3a v\u00f2ng tay RFID silicon<\/strong>\u00a0k\u1ebft h\u1ee3p thi\u1ebft k\u1ebf \u0111\u1eb9p m\u1eaft v\u00e0 c\u00f4ng ngh\u1ec7 RFID ti\u00ean ti\u1ebfn \u0111\u1ec3 cung c\u1ea5p quy\u1ec1n truy c\u1eadp an to\u00e0n v\u00e0 thu\u1eadn ti\u1ec7n v\u00e0o h\u1ec7 th\u1ed1ng t\u1ee7 kh\u00f3a. Ho\u00e0n h\u1ea3o cho ph\u00f2ng t\u1eadp th\u1ec3 d\u1ee5c, c\u00f4ng vi\u00ean n\u01b0\u1edbc v\u00e0 s\u1ef1 ki\u1ec7n, v\u00f2ng \u0111eo tay b\u1ec1n b\u1ec9 n\u00e0y \u0111\u1ea3m b\u1ea3o vi\u1ec7c ra v\u00e0o d\u1ec5 d\u00e0ng \u0111\u1ed3ng th\u1eddi n\u00e2ng cao tr\u1ea3i nghi\u1ec7m c\u1ee7a ng\u01b0\u1eddi d\u00f9ng v\u1edbi s\u1ef1 v\u1eeba v\u1eb7n tho\u1ea3i m\u00e1i v\u00e0 c\u00e1c t\u00f9y ch\u1ecdn t\u00f9y ch\u1ec9nh.<\/div>\n<\/div>\n<\/div>\n<\/div>\n<\/div>\n<\/div>\n<\/div>\n<\/div>","protected":false},"featured_media":3641,"template":"","meta":[],"product_brand":[],"product_cat":[50],"product_tag":[],"class_list":{"0":"post-3640","1":"product","2":"type-product","3":"status-publish","4":"has-post-thumbnail","6":"product_cat-silicone-rfid-nfc-wristbands","8":"first","9":"instock","10":"shipping-taxable","11":"product-type-simple"},"_links":{"self":[{"href":"https:\/\/nfc-readers.com\/vi\/wp-json\/wp\/v2\/product\/3640","targetHints":{"allow":["GET"]}}],"collection":[{"href":"https:\/\/nfc-readers.com\/vi\/wp-json\/wp\/v2\/product"}],"about":[{"href":"https:\/\/nfc-readers.com\/vi\/wp-json\/wp\/v2\/types\/product"}],"wp:featuredmedia":[{"embeddable":true,"href":"https:\/\/nfc-readers.com\/vi\/wp-json\/wp\/v2\/media\/3641"}],"wp:attachment":[{"href":"https:\/\/nfc-readers.com\/vi\/wp-json\/wp\/v2\/media?parent=3640"}],"wp:term":[{"taxonomy":"product_brand","embeddable":true,"href":"https:\/\/nfc-readers.com\/vi\/wp-json\/wp\/v2\/product_brand?post=3640"},{"taxonomy":"product_cat","embeddable":true,"href":"https:\/\/nfc-readers.com\/vi\/wp-json\/wp\/v2\/product_cat?post=3640"},{"taxonomy":"product_tag","embeddable":true,"href":"https:\/\/nfc-readers.com\/vi\/wp-json\/wp\/v2\/product_tag?post=3640"}],"curies":[{"name":"wp","href":"https:\/\/api.w.org\/{rel}","templated":true}]}}