{"id":3647,"date":"2024-11-08T04:47:36","date_gmt":"2024-11-08T04:47:36","guid":{"rendered":"https:\/\/nfc-readers.com\/?post_type=product&#038;p=3647"},"modified":"2024-11-08T04:47:36","modified_gmt":"2024-11-08T04:47:36","slug":"custom-laser-logo-waterproof-silicone-m1-nfc-rubber-wristband","status":"publish","type":"product","link":"https:\/\/nfc-readers.com\/vi\/ic-reader\/custom-laser-logo-waterproof-silicone-m1-nfc-rubber-wristband\/","title":{"rendered":"V\u00f2ng \u0111eo tay cao su NFC M1 Silicone ch\u1ed1ng th\u1ea5m n\u01b0\u1edbc logo laser t\u00f9y ch\u1ec9nh"},"content":{"rendered":"<h1 style=\"text-align: center;\"><strong>V\u00f2ng \u0111eo tay cao su NFC M1 Silicone ch\u1ed1ng th\u1ea5m n\u01b0\u1edbc logo laser t\u00f9y ch\u1ec9nh<\/strong><\/h1>\n<p>&nbsp;<\/p>\n<p>C\u00e1c <strong>V\u00f2ng \u0111eo tay cao su M1 NFC silicon ch\u1ed1ng th\u1ea5m n\u01b0\u1edbc c\u00f3 logo laser t\u00f9y ch\u1ec9nh<\/strong>\u00a0l\u00e0 gi\u1ea3i ph\u00e1p ti\u00ean ti\u1ebfn d\u00e0nh cho nh\u1eefng ai \u0111ang t\u00ecm ki\u1ebfm s\u1ef1 k\u1ebft h\u1ee3p l\u00fd t\u01b0\u1edfng gi\u1eefa ch\u1ee9c n\u0103ng, phong c\u00e1ch v\u00e0 th\u01b0\u01a1ng hi\u1ec7u. \u0110\u01b0\u1ee3c l\u00e0m t\u1eeb silicon b\u1ec1n, v\u00f2ng \u0111eo tay RFID n\u00e0y t\u00edch h\u1ee3p li\u1ec1n m\u1ea1ch c\u00f4ng ngh\u1ec7 NFC ti\u00ean ti\u1ebfn, mang \u0111\u1ebfn tr\u1ea3i nghi\u1ec7m ng\u01b0\u1eddi d\u00f9ng li\u1ec1n m\u1ea1ch trong ki\u1ec3m so\u00e1t truy c\u1eadp v\u00e0 giao d\u1ecbch kh\u00f4ng d\u00f9ng ti\u1ec1n m\u1eb7t. V\u1edbi c\u00e1c t\u00f9y ch\u1ecdn logo c\u00f3 th\u1ec3 t\u00f9y ch\u1ec9nh, n\u00f3 kh\u00f4ng ch\u1ec9 \u0111\u00f3ng vai tr\u00f2 l\u00e0 ph\u1ee5 ki\u1ec7n thi\u1ebft th\u1ef1c m\u00e0 c\u00f2n l\u00e0 c\u01a1 h\u1ed9i x\u00e2y d\u1ef1ng th\u01b0\u01a1ng hi\u1ec7u cho c\u00e1c s\u1ef1 ki\u1ec7n, bu\u1ed5i h\u00f2a nh\u1ea1c v\u00e0 l\u1ec5 h\u1ed9i.<\/p>\n<p>Trong m\u1ed9t th\u1ebf gi\u1edbi m\u00e0 s\u1ef1 ti\u1ec7n l\u1ee3i v\u00e0 an ninh song h\u00e0nh c\u00f9ng nhau, \u0111\u1ea7u t\u01b0 v\u00e0o v\u00f2ng \u0111eo tay NFC c\u1ee7a ch\u00fang t\u00f4i s\u1ebd n\u00e2ng cao ch\u1ee9c n\u0103ng c\u1ee7a c\u00e1c s\u1ef1 ki\u1ec7n c\u1ee7a b\u1ea1n \u0111\u1ed3ng th\u1eddi \u0111\u1ea3m b\u1ea3o v\u1ebb ngo\u00e0i chuy\u00ean nghi\u1ec7p. Cho d\u00f9 b\u1ea1n \u0111ang mu\u1ed1n c\u1ea3i thi\u1ec7n h\u1ec7 th\u1ed1ng ki\u1ec3m so\u00e1t ra v\u00e0o hay t\u1ea1o ra tr\u1ea3i nghi\u1ec7m th\u01b0\u01a1ng hi\u1ec7u \u0111\u00e1ng nh\u1edb cho kh\u00e1ch c\u1ee7a m\u00ecnh, th\u00ec v\u00f2ng \u0111eo tay n\u00e0y l\u00e0 s\u1ef1 l\u1ef1a ch\u1ecdn ho\u00e0n h\u1ea3o. N\u00f3 kh\u00f4ng th\u1ea5m n\u01b0\u1edbc v\u00e0 \u0111\u01b0\u1ee3c thi\u1ebft k\u1ebf \u0111\u1ec3 ch\u1ecbu \u0111\u01b0\u1ee3c nhi\u1ec1u \u0111i\u1ec1u ki\u1ec7n ngo\u00e0i tr\u1eddi, ph\u00f9 h\u1ee3p v\u1edbi nhi\u1ec1u s\u1ef1 ki\u1ec7n kh\u00e1c nhau.<\/p>\n<p>&nbsp;<\/p>\n<h2>T\u00ednh n\u0103ng s\u1ea3n ph\u1ea9m<\/h2>\n<p>C\u00e1c\u00a0<strong>V\u00f2ng \u0111eo tay cao su silicon M1 NFC<\/strong>\u00a0t\u1ef1 h\u00e0o c\u00f3 nhi\u1ec1u t\u00ednh n\u0103ng ph\u1ee5c v\u1ee5 cho c\u1ea3 ng\u01b0\u1eddi d\u00f9ng c\u00e1 nh\u00e2n v\u00e0 t\u1ed5 ch\u1ee9c mu\u1ed1n n\u00e2ng cao tr\u1ea3i nghi\u1ec7m s\u1ef1 ki\u1ec7n c\u1ee7a m\u00ecnh.<\/p>\n<p><strong>1. Thi\u1ebft k\u1ebf ch\u1ed1ng th\u1ea5m n\u01b0\u1edbc v\u00e0 th\u1eddi ti\u1ebft:<\/strong><br \/>\nKh\u00f4ng gi\u1ed1ng nh\u01b0 v\u00f2ng \u0111eo tay th\u00f4ng th\u01b0\u1eddng, v\u00f2ng \u0111eo tay rfid silicon n\u00e0y \u0111\u1ea3m b\u1ea3o d\u1eef li\u1ec7u c\u1ee7a b\u1ea1n v\u1eabn an to\u00e0n v\u00e0 nguy\u00ean v\u1eb9n, ngay c\u1ea3 trong \u0111i\u1ec1u ki\u1ec7n \u1ea9m \u01b0\u1edbt. T\u00ednh n\u0103ng n\u00e0y r\u1ea5t quan tr\u1ecdng \u0111\u1ed1i v\u1edbi c\u00e1c s\u1ef1 ki\u1ec7n \u0111\u01b0\u1ee3c t\u1ed5 ch\u1ee9c trong \u0111i\u1ec1u ki\u1ec7n th\u1eddi ti\u1ebft kh\u00f4ng th\u1ec3 \u0111o\u00e1n tr\u01b0\u1edbc ho\u1eb7c c\u00e1c ho\u1ea1t \u0111\u1ed9ng li\u00ean quan \u0111\u1ebfn n\u01b0\u1edbc, ch\u1eb3ng h\u1ea1n nh\u01b0 c\u00f4ng vi\u00ean n\u01b0\u1edbc ho\u1eb7c l\u1ec5 h\u1ed9i \u00e2m nh\u1ea1c.<\/p>\n<p><strong>2. Kho\u1ea3ng c\u00e1ch \u0111\u1ecdc v\u01b0\u1ee3t tr\u1ed9i:<\/strong><br \/>\n\u0110\u01b0\u1ee3c h\u1ed7 tr\u1ee3 b\u1edfi c\u00f4ng ngh\u1ec7 RFID, nh\u1eefng v\u00f2ng \u0111eo tay n\u00e0y c\u00f3 kho\u1ea3ng c\u00e1ch \u0111\u1ecdc t\u1eeb 1-10 cm, cho ph\u00e9p qu\u00e9t v\u00e0 truy c\u1eadp nhanh ch\u00f3ng. Cho d\u00f9 b\u1ea1n \u0111ang qu\u1ea3n l\u00fd m\u1ed9t \u0111\u00e1m \u0111\u00f4ng l\u1edbn t\u1ea1i m\u1ed9t l\u1ec5 h\u1ed9i hay \u0111\u1ea3m b\u1ea3o l\u1ed1i v\u00e0o d\u1ec5 d\u00e0ng t\u1ea1i m\u1ed9t \u0111\u1ecba \u0111i\u1ec3m,\u00a0<strong>C\u00f4ng ngh\u1ec7 v\u00f2ng \u0111eo tay RFID<\/strong>\u00a0ho\u1ea1t \u0111\u1ed9ng tr\u01a1n tru \u0111\u1ec3 gi\u1ea3m th\u1eddi gian ch\u1edd \u0111\u1ee3i v\u00e0 n\u00e2ng cao tr\u1ea3i nghi\u1ec7m c\u1ee7a kh\u00e1ch.<\/p>\n<p>&nbsp;<\/p>\n<h2>Ch\u1ea5t li\u1ec7u v\u00e0 thi\u1ebft k\u1ebf<\/h2>\n<p>\u0110\u01b0\u1ee3c l\u00e0m t\u1eeb ch\u1ea5t l\u01b0\u1ee3ng cao\u00a0<strong>silicon<\/strong>, v\u00f2ng \u0111eo tay n\u00e0y mang l\u1ea1i s\u1ef1 linh ho\u1ea1t v\u00e0 tho\u1ea3i m\u00e1i cho ng\u01b0\u1eddi \u0111eo. Thi\u1ebft k\u1ebf nh\u1eb9 c\u1ee7a n\u00f3 l\u00e0m cho n\u00f3 ph\u00f9 h\u1ee3p \u0111\u1ec3 \u0111eo l\u00e2u d\u00e0i m\u00e0 kh\u00f4ng g\u00e2y kh\u00f3 ch\u1ecbu. Ngo\u00e0i ra,\u00a0<strong>c\u00f3 th\u1ec3 t\u00f9y ch\u1ec9nh<\/strong>\u00a0B\u1ea3n ch\u1ea5t c\u1ee7a d\u00e2y \u0111eo c\u1ed5 tay l\u00e0 n\u00f3 c\u00f3 th\u1ec3 \u0111\u01b0\u1ee3c \u0111i\u1ec1u ch\u1ec9nh \u0111\u1ec3 ph\u00f9 h\u1ee3p v\u1edbi m\u1ecdi y\u00eau c\u1ea7u v\u1ec1 k\u00edch th\u01b0\u1edbc, khi\u1ebfn n\u00f3 tr\u1edf n\u00ean l\u00fd t\u01b0\u1edfng cho nhi\u1ec1u ng\u01b0\u1eddi d\u00f9ng kh\u00e1c nhau, t\u1eeb tr\u1ebb em \u0111\u1ebfn ng\u01b0\u1eddi l\u1edbn.<\/p>\n<ul>\n<li><strong>M\u1eb7c tho\u1ea3i m\u00e1i:<\/strong>\u00a0Kh\u00f4ng gi\u1ed1ng nh\u01b0 d\u00e2y \u0111eo b\u1eb1ng v\u1ea3i ho\u1eb7c vinyl, d\u00e2y \u0111eo b\u1eb1ng silicon m\u1ec1m m\u1ea1i v\u1edbi da, th\u00edch h\u1ee3p \u0111\u1ec3 \u0111eo c\u1ea3 ng\u00e0y.<\/li>\n<li><strong>V\u1eadt li\u1ec7u \u0111\u00e0n h\u1ed3i:<\/strong>\u00a0\u0110\u1ed9 b\u1ec1n c\u1ee7a silicon \u0111\u1ea3m b\u1ea3o v\u00f2ng \u0111eo tay c\u1ee7a b\u1ea1n kh\u00f4ng d\u1ec5 b\u1ecb h\u1ecfng, \u0111i\u1ec1u n\u00e0y \u0111\u1eb7c bi\u1ec7t quan tr\u1ecdng \u0111\u1ed1i v\u1edbi nh\u1eefng s\u1ef1 ki\u1ec7n k\u00e9o d\u00e0i nhi\u1ec1u ng\u00e0y.<\/li>\n<\/ul>\n<p>&nbsp;<\/p>\n<h2>C\u00f4ng ngh\u1ec7 NFC v\u00e0 RFID<\/h2>\n<p>K\u1ebft h\u1ee3p c\u1ea3 hai\u00a0<strong>NFC<\/strong>\u00a0V\u00e0\u00a0<strong>RFID<\/strong>\u00a0kh\u1ea3 n\u0103ng, v\u00f2ng \u0111eo tay n\u00e0y ph\u1ea3n \u00e1nh nh\u1eefng ti\u1ebfn b\u1ed9 m\u1edbi nh\u1ea5t trong\u00a0<strong>C\u00f4ng ngh\u1ec7 RFID<\/strong>.<\/p>\n<ul>\n<li><strong>T\u00ednh th\u01b0\u1eddng xuy\u00ean:<\/strong>\u00a0Ho\u1ea1t \u0111\u1ed9ng \u1edf t\u1ea7n s\u1ed1\u00a0<strong>13,56MHz<\/strong>, nh\u1eefng chi\u1ebfc v\u00f2ng \u0111eo tay n\u00e0y t\u1eadn d\u1ee5ng giao ti\u1ebfp d\u1ef1a tr\u00ean kho\u1ea3ng c\u00e1ch. Ch\u00fang c\u00f3 th\u1ec3 \u0111\u01b0\u1ee3c l\u1eadp tr\u00ecnh cho nhi\u1ec1u \u1ee9ng d\u1ee5ng kh\u00e1c nhau, t\u1eeb thanh to\u00e1n kh\u00f4ng d\u00f9ng ti\u1ec1n m\u1eb7t \u0111\u1ebfn quy\u1ec1n ra v\u00e0o.<\/li>\n<li><strong>Tu\u00e2n th\u1ee7 giao th\u1ee9c:<\/strong>\u00a0C\u00e1c v\u00f2ng \u0111eo tay b\u00e1m ch\u1eb7t v\u00e0o\u00a0<strong>ISO 14443A<\/strong>\u00a0giao th\u1ee9c, \u0111\u1ea3m b\u1ea3o kh\u1ea3 n\u0103ng t\u01b0\u01a1ng th\u00edch v\u1edbi nhi\u1ec1u lo\u1ea1i \u0111\u1ea7u \u0111\u1ecdc NFC. \u0110i\u1ec1u n\u00e0y mang \u0111\u1ebfn cho ng\u01b0\u1eddi d\u00f9ng s\u1ef1 t\u1ef1 do s\u1eed d\u1ee5ng tr\u00ean nhi\u1ec1u n\u1ec1n t\u1ea3ng, khi\u1ebfn n\u00f3 tr\u1edf th\u00e0nh t\u00e0i s\u1ea3n v\u00f4 gi\u00e1 cho c\u00e1c lo\u1ea1i s\u1ef1 ki\u1ec7n kh\u00e1c nhau.<\/li>\n<\/ul>\n<p>&nbsp;<\/p>\n<h2>T\u00f9y ch\u1ecdn th\u01b0\u01a1ng hi\u1ec7u t\u00f9y ch\u1ec9nh<\/h2>\n<p>V\u00f2ng \u0111eo tay c\u1ee7a ch\u00fang t\u00f4i c\u00f3 th\u1ec3 k\u1ebft h\u1ee3p m\u1ed9t\u00a0<strong>logo t\u00f9y ch\u1ec9nh<\/strong>, cho ph\u00e9p c\u00e1c doanh nghi\u1ec7p n\u00e2ng cao kh\u1ea3 n\u0103ng hi\u1ec3n th\u1ecb th\u01b0\u01a1ng hi\u1ec7u c\u1ee7a m\u00ecnh trong m\u1ecdi b\u1ed1i c\u1ea3nh.<\/p>\n<ul>\n<li><strong>In l\u1ee5a:<\/strong>\u00a0Logo c\u1ee7a b\u1ea1n c\u00f3 th\u1ec3 \u0111\u01b0\u1ee3c hi\u1ec3n th\u1ecb n\u1ed5i b\u1eadt tr\u00ean d\u00e2y \u0111eo c\u1ed5 tay b\u1eb1ng k\u1ef9 thu\u1eadt in l\u1ee5a ch\u1ea5t l\u01b0\u1ee3ng cao. \u0110i\u1ec1u n\u00e0y kh\u00f4ng ch\u1ec9 \u0111\u1ea3m b\u1ea3o m\u00e0u s\u1eafc s\u1ed1ng \u0111\u1ed9ng m\u00e0 c\u00f2n b\u1ec1n l\u00e2u, ch\u1ed1ng hao m\u00f2n.<\/li>\n<li><strong>T\u00f9y ch\u1ec9nh Laser:<\/strong>\u00a0Ngo\u00e0i ra, ch\u00fang t\u00f4i c\u00f2n cung c\u1ea5p d\u1ecbch v\u1ee5 kh\u1eafc laser t\u00f9y ch\u1ec9nh \u0111\u1ec3 c\u00f3 gi\u1ea3i ph\u00e1p x\u00e2y d\u1ef1ng th\u01b0\u01a1ng hi\u1ec7u l\u00e2u d\u00e0i h\u01a1n, \u0111\u1ea3m b\u1ea3o logo c\u1ee7a b\u1ea1n n\u1ed5i b\u1eadt hi\u1ec7u qu\u1ea3.<\/li>\n<\/ul>\n<p>&nbsp;<\/p>\n<h2>\u1ee8ng d\u1ee5ng c\u1ee7a v\u00f2ng \u0111eo tay<\/h2>\n<p>C\u00e1c\u00a0<strong>V\u00f2ng \u0111eo tay cao su M1 NFC silicon ch\u1ed1ng th\u1ea5m n\u01b0\u1edbc c\u00f3 logo laser t\u00f9y ch\u1ec9nh<\/strong>\u00a0c\u00f3 t\u00ednh linh ho\u1ea1t v\u00e0 c\u00f3 th\u1ec3 \u00e1p d\u1ee5ng trong nhi\u1ec1u ng\u00e0nh c\u00f4ng nghi\u1ec7p v\u00e0 s\u1ef1 ki\u1ec7n.<\/p>\n<ul>\n<li><strong>H\u1ec7 th\u1ed1ng ki\u1ec3m so\u00e1t ra v\u00e0o:<\/strong>\u00a0L\u00fd t\u01b0\u1edfng cho\u00a0<strong>ng\u01b0\u1eddi t\u1ed5 ch\u1ee9c s\u1ef1 ki\u1ec7n<\/strong>, nh\u1eefng chi\u1ebfc v\u00f2ng \u0111eo tay n\u00e0y h\u1ee3p l\u00fd h\u00f3a c\u00e1c quy tr\u00ecnh nh\u1eadp c\u1ea3nh, cho ph\u00e9p\u00a0<strong>ki\u1ec3m so\u00e1t truy c\u1eadp nhanh<\/strong>\u00a0v\u00e0 t\u0103ng c\u01b0\u1eddng b\u1ea3o m\u1eadt th\u00f4ng qua thi\u1ebft k\u1ebf ch\u1ed1ng ph\u00e1 ho\u1ea1i.<\/li>\n<li><strong>Thanh to\u00e1n kh\u00f4ng d\u00f9ng ti\u1ec1n m\u1eb7t:<\/strong>\u00a0V\u1edbi s\u1ef1 gia t\u0103ng c\u1ee7a c\u00e1c giao d\u1ecbch kh\u00f4ng d\u00f9ng ti\u1ec1n m\u1eb7t, vi\u1ec7c s\u1eed d\u1ee5ng c\u00f4ng ngh\u1ec7 NFC cho ph\u00e9p giao d\u1ecbch li\u1ec1n m\u1ea1ch t\u1ea1i c\u00e1c \u0111i\u1ec3m b\u00e1n h\u00e0ng, gi\u1ea3m nhu c\u1ea7u s\u1eed d\u1ee5ng ti\u1ec1n m\u1eb7t v\u00e0 c\u1ea3i thi\u1ec7n t\u1ed1c \u0111\u1ed9 giao d\u1ecbch.<\/li>\n<\/ul>\n<p>&nbsp;<\/p>\n<h2>Nh\u1eefng c\u00e2u h\u1ecfi th\u01b0\u1eddng g\u1eb7p (FAQ)<\/h2>\n<p>Sau \u0111\u00e2y l\u00e0 m\u1ed9t s\u1ed1 c\u00e2u h\u1ecfi v\u00e0 c\u00e2u tr\u1ea3 l\u1eddi ph\u1ed5 bi\u1ebfn li\u00ean quan \u0111\u1ebfn\u00a0<strong>V\u00f2ng \u0111eo tay cao su M1 NFC silicon ch\u1ed1ng th\u1ea5m n\u01b0\u1edbc c\u00f3 logo laser t\u00f9y ch\u1ec9nh<\/strong>. N\u1ebfu b\u1ea1n c\u00f3 th\u00eam th\u1eafc m\u1eafc, vui l\u00f2ng li\u00ean h\u1ec7 v\u1edbi ch\u00fang t\u00f4i!<\/p>\n<h3>1.\u00a0<strong>C\u00f4ng d\u1ee5ng ch\u00ednh c\u1ee7a v\u00f2ng \u0111eo tay RFID l\u00e0 g\u00ec?<\/strong><\/h3>\n<p>V\u00f2ng \u0111eo tay RFID ch\u1ee7 y\u1ebfu \u0111\u01b0\u1ee3c s\u1eed d\u1ee5ng \u0111\u1ec3 ki\u1ec3m so\u00e1t truy c\u1eadp, thanh to\u00e1n kh\u00f4ng d\u00f9ng ti\u1ec1n m\u1eb7t v\u00e0 qu\u1ea3n l\u00fd kh\u00e1ch t\u1ea1i c\u00e1c s\u1ef1 ki\u1ec7n nh\u01b0 h\u00f2a nh\u1ea1c, l\u1ec5 h\u1ed9i v\u00e0 c\u00f4ng vi\u00ean n\u01b0\u1edbc. Ch\u00fang gi\u00fap h\u1ee3p l\u00fd h\u00f3a ho\u1ea1t \u0111\u1ed9ng, gi\u1ea3m thi\u1ec3u th\u1eddi gian ch\u1edd \u0111\u1ee3i v\u00e0 n\u00e2ng cao tr\u1ea3i nghi\u1ec7m chung c\u1ee7a kh\u00e1ch.<\/p>\n<h3>2.\u00a0<strong>Ch\u00fang t\u00f4i c\u00f3 th\u1ec3 t\u00f9y ch\u1ec9nh v\u00f2ng \u0111eo tay kh\u00f4ng?<\/strong><\/h3>\n<p>C\u00f3! V\u00f2ng \u0111eo tay c\u1ee7a ch\u00fang t\u00f4i c\u00f3 th\u1ec3 \u0111\u01b0\u1ee3c t\u00f9y ch\u1ec9nh ho\u00e0n to\u00e0n v\u1edbi logo ho\u1eb7c th\u00f4ng \u0111i\u1ec7p th\u01b0\u01a1ng hi\u1ec7u c\u1ee7a b\u1ea1n. Ch\u00fang t\u00f4i cung c\u1ea5p c\u00e1c t\u00f9y ch\u1ecdn in l\u1ee5a v\u00e0 kh\u1eafc laser \u0111\u1ec3 \u0111\u00e1p \u1ee9ng c\u00e1c y\u00eau c\u1ea7u v\u1ec1 th\u01b0\u01a1ng hi\u1ec7u c\u1ee7a b\u1ea1n.<\/p>\n<h3>3.\u00a0<strong>V\u00f2ng \u0111eo tay \u0111\u01b0\u1ee3c l\u00e0m b\u1eb1ng v\u1eadt li\u1ec7u g\u00ec?<\/strong><\/h3>\n<p>V\u00f2ng \u0111eo tay \u0111\u01b0\u1ee3c l\u00e0m b\u1eb1ng silicon m\u1ec1m ch\u1ea5t l\u01b0\u1ee3ng cao, \u0111\u1ea3m b\u1ea3o s\u1ef1 tho\u1ea3i m\u00e1i khi \u0111eo trong th\u1eddi gian d\u00e0i. Ch\u00fang c\u0169ng ch\u1ed1ng th\u1ea5m n\u01b0\u1edbc v\u00e0 ch\u1ed1ng ch\u1ecbu th\u1eddi ti\u1ebft, ph\u00f9 h\u1ee3p v\u1edbi m\u00f4i tr\u01b0\u1eddng ngo\u00e0i tr\u1eddi v\u00e0 \u0111\u1ea7y th\u1eed th\u00e1ch.<\/p>\n<h3>4.\u00a0<strong>Nh\u1eefng chi\u1ebfc v\u00f2ng tay n\u00e0y s\u1eed d\u1ee5ng c\u00f4ng ngh\u1ec7 g\u00ec?<\/strong><\/h3>\n<p>V\u00f2ng \u0111eo tay s\u1eed d\u1ee5ng c\u1ea3 hai\u00a0<strong>NFC (Giao ti\u1ebfp t\u1ea7m g\u1ea7n)<\/strong>\u00a0V\u00e0\u00a0<strong>RFID (Nh\u1eadn d\u1ea1ng t\u1ea7n s\u1ed1 v\u00f4 tuy\u1ebfn)<\/strong>\u00a0c\u00f4ng ngh\u1ec7, ho\u1ea1t \u0111\u1ed9ng \u1edf t\u1ea7n s\u1ed1\u00a0<strong>13,56MHz<\/strong>. \u0110i\u1ec1u n\u00e0y cho ph\u00e9p qu\u00e9t nhanh ch\u00f3ng v\u00e0 hi\u1ec7u qu\u1ea3.<\/p>\n<h3>5.\u00a0<strong>L\u00e0m sao \u0111\u1ec3 \u0111\u1ea3m b\u1ea3o v\u00f2ng \u0111eo tay ph\u00f9 h\u1ee3p v\u1edbi nhi\u1ec1u ng\u01b0\u1eddi d\u00f9ng kh\u00e1c nhau?<\/strong><\/h3>\n<p>Ch\u00fang t\u00f4i cung c\u1ea5p c\u00e1c k\u00edch c\u1ee1 t\u00f9y ch\u1ec9nh \u0111\u1ec3 \u0111\u1ea3m b\u1ea3o v\u00f2ng \u0111eo tay v\u1eeba v\u1eb7n tho\u1ea3i m\u00e1i v\u1edbi nhi\u1ec1u ng\u01b0\u1eddi d\u00f9ng kh\u00e1c nhau. Ch\u1ea5t li\u1ec7u silicon m\u1ec1m d\u1ebbo c\u0169ng ph\u00f9 h\u1ee3p v\u1edbi nhi\u1ec1u k\u00edch c\u1ee1 c\u1ed5 tay.<\/p>\n<p>&nbsp;<\/p>","protected":false},"excerpt":{"rendered":"<p>V\u00f2ng \u0111eo tay cao su M1 NFC silicon ch\u1ed1ng n\u01b0\u1edbc c\u00f3 logo laser t\u00f9y ch\u1ec9nh k\u1ebft h\u1ee3p \u0111\u1ed9 b\u1ec1n v\u1edbi c\u00f4ng ngh\u1ec7 NFC ti\u00ean ti\u1ebfn, l\u00fd t\u01b0\u1edfng cho c\u00e1c s\u1ef1 ki\u1ec7n v\u00e0 giao d\u1ecbch kh\u00f4ng d\u00f9ng ti\u1ec1n m\u1eb7t. C\u00e1 nh\u00e2n h\u00f3a b\u1eb1ng logo c\u1ee7a b\u1ea1n \u0111\u1ec3 t\u0103ng c\u01b0\u1eddng th\u01b0\u01a1ng hi\u1ec7u v\u00e0 kh\u1ea3 n\u0103ng hi\u1ec3n th\u1ecb!<\/p>","protected":false},"featured_media":3648,"template":"","meta":[],"product_brand":[],"product_cat":[50],"product_tag":[],"class_list":{"0":"post-3647","1":"product","2":"type-product","3":"status-publish","4":"has-post-thumbnail","6":"product_cat-silicone-rfid-nfc-wristbands","8":"first","9":"instock","10":"shipping-taxable","11":"product-type-simple"},"_links":{"self":[{"href":"https:\/\/nfc-readers.com\/vi\/wp-json\/wp\/v2\/product\/3647","targetHints":{"allow":["GET"]}}],"collection":[{"href":"https:\/\/nfc-readers.com\/vi\/wp-json\/wp\/v2\/product"}],"about":[{"href":"https:\/\/nfc-readers.com\/vi\/wp-json\/wp\/v2\/types\/product"}],"wp:featuredmedia":[{"embeddable":true,"href":"https:\/\/nfc-readers.com\/vi\/wp-json\/wp\/v2\/media\/3648"}],"wp:attachment":[{"href":"https:\/\/nfc-readers.com\/vi\/wp-json\/wp\/v2\/media?parent=3647"}],"wp:term":[{"taxonomy":"product_brand","embeddable":true,"href":"https:\/\/nfc-readers.com\/vi\/wp-json\/wp\/v2\/product_brand?post=3647"},{"taxonomy":"product_cat","embeddable":true,"href":"https:\/\/nfc-readers.com\/vi\/wp-json\/wp\/v2\/product_cat?post=3647"},{"taxonomy":"product_tag","embeddable":true,"href":"https:\/\/nfc-readers.com\/vi\/wp-json\/wp\/v2\/product_tag?post=3647"}],"curies":[{"name":"wp","href":"https:\/\/api.w.org\/{rel}","templated":true}]}}