{"id":3654,"date":"2024-11-10T06:01:49","date_gmt":"2024-11-10T06:01:49","guid":{"rendered":"https:\/\/nfc-readers.com\/?post_type=product&#038;p=3654"},"modified":"2024-11-10T06:01:49","modified_gmt":"2024-11-10T06:01:49","slug":"passive-iso-15693-protocol-5050mm-nfc-rfid-sticker","status":"publish","type":"product","link":"https:\/\/nfc-readers.com\/vi\/ic-reader\/passive-iso-15693-protocol-5050mm-nfc-rfid-sticker\/","title":{"rendered":"Giao th\u1ee9c ISO 15693 th\u1ee5 \u0111\u1ed9ng Nh\u00e3n d\u00e1n RFID NFC 50*50mm"},"content":{"rendered":"<h1 style=\"text-align: center;\"><strong>Giao th\u1ee9c ISO 15693 th\u1ee5 \u0111\u1ed9ng Nh\u00e3n d\u00e1n RFID NFC 50*50mm<\/strong><\/h1>\n<p>&nbsp;<\/p>\n<p>Gi\u1edbi thi\u1ec7u <strong>Giao th\u1ee9c ISO 15693 th\u1ee5 \u0111\u1ed9ng Nh\u00e3n d\u00e1n RFID NFC 50*50mm<\/strong>\u00a0\u2013 m\u1ed9t gi\u1ea3i ph\u00e1p nh\u1ecf g\u1ecdn nh\u01b0ng m\u1ea1nh m\u1ebd cho nhi\u1ec1u \u1ee9ng d\u1ee5ng kh\u00e1c nhau, t\u1ea5t c\u1ea3 \u0111\u1ec1u \u0111\u01b0\u1ee3c \u0111\u00f3ng g\u00f3i trong m\u1ed9t thi\u1ebft k\u1ebf ti\u1ec7n l\u1ee3i v\u00e0 \u0111a n\u0103ng. Ho\u00e0n h\u1ea3o cho vi\u1ec7c qu\u1ea3n l\u00fd th\u01b0 vi\u1ec7n, b\u00e1n v\u00e9 gi\u1ea3i tr\u00ed, v.v., nh\u00e3n d\u00e1n NFC n\u00e0y s\u1eed d\u1ee5ng c\u00f4ng ngh\u1ec7 RFID ti\u00ean ti\u1ebfn \u0111\u1ec3 cung c\u1ea5p kh\u1ea3 n\u0103ng truy\u1ec1n d\u1eef li\u1ec7u v\u00e0 theo d\u00f5i hi\u1ec7u qu\u1ea3. Kh\u00f4ng th\u1ea5m n\u01b0\u1edbc v\u00e0 \u0111\u01b0\u1ee3c thi\u1ebft k\u1ebf \u0111\u1ec3 c\u00f3 \u0111\u1ed9 b\u1ec1n cao, \u0111\u00e2y l\u00e0 l\u1ef1a ch\u1ecdn tuy\u1ec7t v\u1eddi cho c\u00e1c doanh nghi\u1ec7p \u0111ang t\u00ecm ki\u1ebfm ch\u1ea5t l\u01b0\u1ee3ng, \u0111\u1ed9 tin c\u1eady v\u00e0 t\u00ednh linh ho\u1ea1t.<\/p>\n<p>&nbsp;<\/p>\n<h2>L\u1ee3i \u00edch c\u1ee7a s\u1ea3n ph\u1ea9m<\/h2>\n<p>Nh\u00e3n d\u00e1n RFID NFC theo giao th\u1ee9c ISO 15693 th\u1ee5 \u0111\u1ed9ng c\u00f3 nhi\u1ec1u l\u1ee3i \u00edch:<\/p>\n<ul>\n<li><strong>\u0110\u1ed9 b\u1ec1n:<\/strong>\u00a0\u0110\u01b0\u1ee3c l\u00e0m t\u1eeb nh\u1eefng v\u1eadt li\u1ec7u b\u1ec1n ch\u1eafc nh\u01b0 PET v\u00e0 gi\u1ea5y tr\u00e1ng ph\u1ee7, nh\u00e3n d\u00e1n n\u00e0y c\u00f3 th\u1ec3 ch\u1ecbu \u0111\u01b0\u1ee3c nhi\u1ec1u \u0111i\u1ec1u ki\u1ec7n m\u00f4i tr\u01b0\u1eddng kh\u00e1c nhau.<\/li>\n<li><strong>Hi\u1ec7u su\u1ea5t cao:<\/strong>\u00a0V\u1edbi t\u1ea7n s\u1ed1 giao di\u1ec7n truy\u1ec1n th\u00f4ng 13,56 MHz, \u0111\u1ea3m b\u1ea3o trao \u0111\u1ed5i d\u1eef li\u1ec7u nhanh ch\u00f3ng v\u00e0 hi\u1ec7u qu\u1ea3.<\/li>\n<li><strong>B\u1ea3o v\u1ec7:<\/strong>\u00a0C\u00e1c t\u00ednh n\u0103ng nh\u01b0 b\u1ea3o v\u1ec7 b\u1eb1ng m\u1eadt kh\u1ea9u 32 bit s\u1ebd b\u1ea3o v\u1ec7 d\u1eef li\u1ec7u c\u1ee7a b\u1ea1n, r\u1ea5t l\u00fd t\u01b0\u1edfng cho c\u00e1c \u1ee9ng d\u1ee5ng nh\u1ea1y c\u1ea3m.<\/li>\n<\/ul>\n<p>\u0110\u1ea7u t\u01b0 v\u00e0o nh\u00e3n d\u00e1n NFC n\u00e0y c\u00f3 ngh\u0129a l\u00e0 n\u00e2ng cao ho\u1ea1t \u0111\u1ed9ng kinh doanh c\u1ee7a b\u1ea1n v\u1edbi m\u1ed9t s\u1ea3n ph\u1ea9m \u0111\u00e1ng tin c\u1eady \u0111\u00e1p \u1ee9ng nhu c\u1ea7u truy\u1ec1n d\u1eef li\u1ec7u hi\u1ec7n \u0111\u1ea1i.<\/p>\n<p>&nbsp;<\/p>\n<h3>T\u00ednh n\u0103ng b\u1ea3o m\u1eadt: B\u1ea3o v\u1ec7 EAS v\u00e0 B\u1ea3o m\u1eadt b\u1eb1ng m\u1eadt kh\u1ea9u<\/h3>\n<p>B\u1ea3o m\u1eadt l\u00e0 m\u1ed1i quan t\u00e2m h\u00e0ng \u0111\u1ea7u trong th\u1ebf gi\u1edbi c\u00f4ng ngh\u1ec7 ng\u00e0y nay. Nh\u00e3n d\u00e1n RFID NFC ISO 15693 th\u1ee5 \u0111\u1ed9ng t\u00edch h\u1ee3p nhi\u1ec1u t\u00ednh n\u0103ng b\u1ea3o m\u1eadt kh\u00e1c nhau.<\/p>\n<h4>B\u1ea3o v\u1ec7 EAS<\/h4>\n<p>\u0110\u01b0\u1ee3c trang b\u1ecb\u00a0<strong>B\u1ea3o v\u1ec7 EAS<\/strong>, nh\u00e3n d\u00e1n c\u00f3 th\u1ec3 ng\u0103n ch\u1eb7n h\u00e0nh vi tr\u1ed9m c\u1eafp v\u00e0 truy c\u1eadp tr\u00e1i ph\u00e9p v\u00e0o th\u00f4ng tin. L\u1edbp b\u1ea3o m\u1eadt b\u1ed5 sung n\u00e0y r\u1ea5t c\u1ea7n thi\u1ebft cho c\u00e1c \u1ee9ng d\u1ee5ng nh\u1ea1y c\u1ea3m, \u0111\u1ea3m b\u1ea3o d\u1eef li\u1ec7u c\u1ee7a b\u1ea1n \u0111\u01b0\u1ee3c b\u1ea3o v\u1ec7 hi\u1ec7u qu\u1ea3.<\/p>\n<h4>B\u1ea3o v\u1ec7 m\u1eadt kh\u1ea9u 32-Bit<\/h4>\n<p>C\u00e1c\u00a0<strong>B\u1ea3o v\u1ec7 b\u1eb1ng m\u1eadt kh\u1ea9u 32-bit<\/strong>\u00a0T\u00ednh n\u0103ng n\u00e0y cung c\u1ea5p m\u1ed9t c\u1ea5p \u0111\u1ed9 b\u1ea3o m\u1eadt kh\u00e1c, cho ph\u00e9p ng\u01b0\u1eddi d\u00f9ng h\u1ea1n ch\u1ebf quy\u1ec1n truy c\u1eadp v\u00e0 \u0111\u1ea3m b\u1ea3o r\u1eb1ng ch\u1ec9 nh\u1eefng ng\u01b0\u1eddi \u0111\u01b0\u1ee3c \u1ee7y quy\u1ec1n m\u1edbi c\u00f3 th\u1ec3 \u0111\u1ecdc ho\u1eb7c ghi d\u1eef li\u1ec7u v\u00e0o nh\u00e3n d\u00e1n. \u0110i\u1ec1u n\u00e0y \u0111\u1eb7c bi\u1ec7t c\u00f3 gi\u00e1 tr\u1ecb trong m\u00f4i tr\u01b0\u1eddng x\u1eed l\u00fd th\u00f4ng tin b\u00ed m\u1eadt.<\/p>\n<p>&nbsp;<\/p>\n<h3>Kh\u1ea3 n\u0103ng in \u1ea5n cho th\u01b0\u01a1ng hi\u1ec7u t\u00f9y ch\u1ec9nh<\/h3>\n<p>C\u00e1c t\u00f9y ch\u1ecdn t\u00f9y ch\u1ec9nh khi in cho ph\u00e9p c\u00e1c doanh nghi\u1ec7p n\u00e2ng cao kh\u1ea3 n\u0103ng hi\u1ec3n th\u1ecb th\u01b0\u01a1ng hi\u1ec7u khi s\u1eed d\u1ee5ng nh\u00e3n d\u00e1n RFID NFC ISO 15693 th\u1ee5 \u0111\u1ed9ng.<\/p>\n<h4>In Offset CMYK<\/h4>\n<p>S\u1eed d\u1ee5ng\u00a0<strong>In Offset CMYK<\/strong>, nh\u00e3n d\u00e1n c\u00f3 th\u1ec3 \u0111\u01b0\u1ee3c in v\u1edbi m\u00e0u s\u1eafc r\u1ef1c r\u1ee1 v\u00e0 h\u00ecnh \u1ea3nh ch\u1ea5t l\u01b0\u1ee3ng cao. Kh\u1ea3 n\u0103ng n\u00e0y l\u00e0m cho n\u00f3 ho\u00e0n h\u1ea3o cho vi\u1ec7c x\u00e2y d\u1ef1ng th\u01b0\u01a1ng hi\u1ec7u, t\u00e0i li\u1ec7u qu\u1ea3ng c\u00e1o ho\u1eb7c b\u1ea5t k\u1ef3 nhu c\u1ea7u nh\u1eadn d\u1ea1ng tr\u1ef1c quan n\u00e0o.<\/p>\n<h4>T\u00f9y ch\u1ecdn t\u00f9y ch\u1ec9nh<\/h4>\n<p>C\u00e1c doanh nghi\u1ec7p c\u00f3 th\u1ec3 ch\u1ecdn in logo, thi\u1ebft k\u1ebf ho\u1eb7c th\u00f4ng tin c\u00f3 gi\u00e1 tr\u1ecb kh\u00e1c tr\u1ef1c ti\u1ebfp l\u00ean nh\u00e3n d\u00e1n NFC. \u0110i\u1ec1u n\u00e0y l\u00e0m t\u0103ng kh\u1ea3 n\u0103ng nh\u1eadn di\u1ec7n th\u01b0\u01a1ng hi\u1ec7u, khi\u1ebfn n\u00f3 tr\u1edf th\u00e0nh l\u1ef1a ch\u1ecdn \u01b0u ti\u00ean cho c\u00e1c m\u1eb7t h\u00e0ng khuy\u1ebfn m\u1ea1i ho\u1eb7c huy hi\u1ec7u s\u1ef1 ki\u1ec7n.<\/p>\n<p>&nbsp;<\/p>\n<h1>Nh\u1eefng c\u00e2u h\u1ecfi th\u01b0\u1eddng g\u1eb7p (FAQ) v\u1ec1 nh\u00e3n d\u00e1n RFID NFC ISO 15693 th\u1ee5 \u0111\u1ed9ng<\/h1>\n<p>D\u01b0\u1edbi \u0111\u00e2y l\u00e0 danh s\u00e1ch \u0111\u1ea7y \u0111\u1ee7 c\u00e1c c\u00e2u h\u1ecfi th\u01b0\u1eddng g\u1eb7p v\u1ec1 Nh\u00e3n d\u00e1n RFID NFC ISO 15693 th\u1ee5 \u0111\u1ed9ng, gi\u1ea3i quy\u1ebft c\u00e1c m\u1ed1i quan t\u00e2m v\u1ec1 ch\u1ee9c n\u0103ng, \u1ee9ng d\u1ee5ng v\u00e0 th\u00f4ng s\u1ed1 k\u1ef9 thu\u1eadt c\u1ee7a nh\u00e3n d\u00e1n n\u00e0y.<\/p>\n<h2>C\u00e2u h\u1ecfi chung<\/h2>\n<h3>1. Nh\u00e3n d\u00e1n NFC RFID l\u00e0 g\u00ec?<\/h3>\n<p>M\u1ed8T\u00a0<strong>Nh\u00e3n d\u00e1n NFC RFID<\/strong>\u00a0l\u00e0 m\u1ed9t th\u1ebb nh\u1ecf, d\u00ednh \u0111\u01b0\u1ee3c nh\u00fang chip nh\u1eadn d\u1ea1ng t\u1ea7n s\u1ed1 v\u00f4 tuy\u1ebfn (RFID). N\u00f3 cho ph\u00e9p truy\u1ec1n d\u1eef li\u1ec7u kh\u00f4ng d\u00e2y khi \u0111\u01b0\u1ee3c qu\u00e9t b\u1eb1ng thi\u1ebft b\u1ecb h\u1ed7 tr\u1ee3 NFC, ch\u1eb3ng h\u1ea1n nh\u01b0 \u0111i\u1ec7n tho\u1ea1i th\u00f4ng minh ho\u1eb7c \u0111\u1ea7u \u0111\u1ecdc RFID.<\/p>\n<h3>2. \u1ee8ng d\u1ee5ng \u0111i\u1ec3n h\u00ecnh c\u1ee7a lo\u1ea1i nh\u00e3n d\u00e1n n\u00e0y l\u00e0 g\u00ec?<\/h3>\n<p>Nh\u00e3n d\u00e1n RFID NFC ISO 15693 th\u1ee5 \u0111\u1ed9ng r\u1ea5t linh ho\u1ea1t v\u00e0 c\u00f3 th\u1ec3 \u0111\u01b0\u1ee3c s\u1eed d\u1ee5ng trong nhi\u1ec1u \u1ee9ng d\u1ee5ng kh\u00e1c nhau, bao g\u1ed3m:<\/p>\n<ul>\n<li>Qu\u1ea3n l\u00fd th\u01b0 vi\u1ec7n<\/li>\n<li>V\u00e9 vui ch\u01a1i gi\u1ea3i tr\u00ed<\/li>\n<li>Theo d\u00f5i h\u00e0ng t\u1ed3n kho<\/li>\n<li>Ki\u1ec3m so\u00e1t truy c\u1eadp<\/li>\n<li>Nh\u1eadn d\u1ea1ng c\u00e1 nh\u00e2n<\/li>\n<\/ul>","protected":false},"excerpt":{"rendered":"<p>Nh\u00e3n d\u00e1n NFC RFID Passive ISO 15693 Protocol 50x50mm l\u00e0 m\u1ed9t th\u1ebb b\u1ec1n v\u00e0 ch\u1ed1ng th\u1ea5m n\u01b0\u1edbc \u0111\u01b0\u1ee3c thi\u1ebft k\u1ebf \u0111\u1ec3 truy\u1ec1n d\u1eef li\u1ec7u v\u00e0 theo d\u00f5i hi\u1ec7u qu\u1ea3. L\u00fd t\u01b0\u1edfng cho c\u00e1c \u1ee9ng d\u1ee5ng trong qu\u1ea3n l\u00fd th\u01b0 vi\u1ec7n, b\u00e1n v\u00e9 s\u1ef1 ki\u1ec7n v\u00e0 ki\u1ec3m so\u00e1t h\u00e0ng t\u1ed3n kho, c\u00f3 c\u00e1c bi\u1ec7n ph\u00e1p b\u1ea3o m\u1eadt m\u1ea1nh m\u1ebd v\u00e0 c\u00e1c t\u00f9y ch\u1ecdn t\u00f9y ch\u1ec9nh \u0111\u1ec3 n\u00e2ng cao th\u01b0\u01a1ng hi\u1ec7u.<\/p>","protected":false},"featured_media":3661,"template":"","meta":[],"product_brand":[],"product_cat":[48],"product_tag":[],"class_list":{"0":"post-3654","1":"product","2":"type-product","3":"status-publish","4":"has-post-thumbnail","6":"product_cat-nfc-stickers","8":"first","9":"instock","10":"shipping-taxable","11":"product-type-simple"},"_links":{"self":[{"href":"https:\/\/nfc-readers.com\/vi\/wp-json\/wp\/v2\/product\/3654","targetHints":{"allow":["GET"]}}],"collection":[{"href":"https:\/\/nfc-readers.com\/vi\/wp-json\/wp\/v2\/product"}],"about":[{"href":"https:\/\/nfc-readers.com\/vi\/wp-json\/wp\/v2\/types\/product"}],"wp:featuredmedia":[{"embeddable":true,"href":"https:\/\/nfc-readers.com\/vi\/wp-json\/wp\/v2\/media\/3661"}],"wp:attachment":[{"href":"https:\/\/nfc-readers.com\/vi\/wp-json\/wp\/v2\/media?parent=3654"}],"wp:term":[{"taxonomy":"product_brand","embeddable":true,"href":"https:\/\/nfc-readers.com\/vi\/wp-json\/wp\/v2\/product_brand?post=3654"},{"taxonomy":"product_cat","embeddable":true,"href":"https:\/\/nfc-readers.com\/vi\/wp-json\/wp\/v2\/product_cat?post=3654"},{"taxonomy":"product_tag","embeddable":true,"href":"https:\/\/nfc-readers.com\/vi\/wp-json\/wp\/v2\/product_tag?post=3654"}],"curies":[{"name":"wp","href":"https:\/\/api.w.org\/{rel}","templated":true}]}}