{"id":3675,"date":"2024-11-10T06:17:39","date_gmt":"2024-11-10T06:17:39","guid":{"rendered":"https:\/\/nfc-readers.com\/?post_type=product&#038;p=3675"},"modified":"2024-11-10T06:17:39","modified_gmt":"2024-11-10T06:17:39","slug":"13-56mhz-iso14443a-mifare-ntag-424dna-rfid-nfc-coin-tag-token","status":"publish","type":"product","link":"https:\/\/nfc-readers.com\/vi\/ic-reader\/13-56mhz-iso14443a-mifare-ntag-424dna-rfid-nfc-coin-tag-token\/","title":{"rendered":"13,56mhz ISO14443A MIfare NTAG 424DNA RFID NFC Th\u1ebb \u0111\u1ed3ng xu"},"content":{"rendered":"<h1 style=\"text-align: center;\"><span style=\"font-size: 95%;\"><strong>13,56mhz ISO14443A MIfare NTAG 424DNA RFID NFC Th\u1ebb \u0111\u1ed3ng xu<\/strong><\/span><\/h1>\n<p>&nbsp;<\/p>\n<p>Trong th\u1ebf gi\u1edbi c\u00f4ng ngh\u1ec7 kh\u00f4ng ti\u1ebfp x\u00fac \u0111ang ph\u00e1t tri\u1ec3n nhanh ch\u00f3ng,\u00a0<strong>13,56mhz ISO14443A MIfare NTAG 424DNA RFID NFC Th\u1ebb \u0111\u1ed3ng xu<\/strong>\u00a0n\u1ed5i b\u1eadt nh\u01b0 m\u1ed9t gi\u1ea3i ph\u00e1p \u0111a n\u0103ng v\u00e0 m\u1ea1nh m\u1ebd. C\u00e1c th\u1ebb NFC n\u00e0y cung c\u1ea5p ti\u1ec7n \u00edch \u0111\u1eb7c bi\u1ec7t cho nhi\u1ec1u \u1ee9ng d\u1ee5ng kh\u00e1c nhau, t\u1eeb ch\u01a1i game \u0111\u1ebfn giao ti\u1ebfp an to\u00e0n. \u0110\u01b0\u1ee3c thi\u1ebft k\u1ebf ch\u00ednh x\u00e1c, c\u00e1c m\u00e3 th\u00f4ng b\u00e1o n\u00e0y k\u1ebft h\u1ee3p c\u00e1c kh\u1ea3 n\u0103ng ti\u00ean ti\u1ebfn v\u1edbi c\u00e1c t\u00ednh n\u0103ng th\u00e2n thi\u1ec7n v\u1edbi ng\u01b0\u1eddi d\u00f9ng, khi\u1ebfn ch\u00fang tr\u1edf th\u00e0nh v\u1eadt d\u1ee5ng kh\u00f4ng th\u1ec3 thi\u1ebfu \u0111\u1ed1i v\u1edbi nh\u1eefng ng\u01b0\u1eddi \u0111am m\u00ea v\u00e0 chuy\u00ean gia. Cho d\u00f9 b\u1ea1n \u0111ang mu\u1ed1n n\u00e2ng cao ho\u1ea1t \u0111\u1ed9ng kinh doanh, h\u1ee3p l\u00fd h\u00f3a vi\u1ec7c chia s\u1ebb d\u1eef li\u1ec7u hay ch\u1ec9 \u0111\u01a1n gi\u1ea3n l\u00e0 kh\u00e1m ph\u00e1 c\u00f4ng ngh\u1ec7 ti\u00ean ti\u1ebfn, th\u00ec vi\u1ec7c \u0111\u1ea7u t\u01b0 v\u00e0o c\u00e1c th\u1ebb NFC n\u00e0y c\u00f3 th\u1ec3 m\u1edf ra nh\u1eefng c\u01a1 h\u1ed9i m\u1edbi.<\/p>\n<p>&nbsp;<\/p>\n<h2>L\u1ee3i \u00edch c\u1ee7a s\u1ea3n ph\u1ea9m<\/h2>\n<ol>\n<li><strong>Ti\u1ec7n \u00edch n\u00e2ng cao<\/strong>:Chip NTAG 424DNA cung c\u1ea5p b\u1ed9 nh\u1edb m\u1ea1nh m\u1ebd (416 Byte) v\u00e0 trao \u0111\u1ed5i d\u1eef li\u1ec7u an to\u00e0n, l\u00fd t\u01b0\u1edfng cho c\u00e1c \u1ee9ng d\u1ee5ng y\u00eau c\u1ea7u b\u1ea3o m\u1eadt c\u1ea5p cao.<\/li>\n<li><strong>\u0110\u1ed9 b\u1ec1n<\/strong>:\u0110\u01b0\u1ee3c thi\u1ebft k\u1ebf v\u1edbi \u0111\u1eb7c t\u00ednh ch\u1ed1ng th\u1ea5m n\u01b0\u1edbc v\u00e0 ch\u1ecbu \u0111\u01b0\u1ee3c th\u1eddi ti\u1ebft, c\u00e1c th\u1ebb n\u00e0y c\u00f3 th\u1ec3 ho\u1ea1t \u0111\u1ed9ng t\u1ed1t \u1edf ngo\u00e0i tr\u1eddi, \u0111\u1ea3m b\u1ea3o \u0111\u1ed9 b\u1ec1n ngay c\u1ea3 trong m\u00f4i tr\u01b0\u1eddng kh\u1eafc nghi\u1ec7t.<\/li>\n<li><strong>Kh\u1ea3 n\u0103ng t\u01b0\u01a1ng th\u00edch r\u1ed9ng<\/strong>: T\u01b0\u01a1ng th\u00edch v\u1edbi nhi\u1ec1u thi\u1ebft b\u1ecb h\u1ed7 tr\u1ee3 NFC, c\u00e1c th\u1ebb n\u00e0y c\u00f3 th\u1ec3 d\u1ec5 d\u00e0ng t\u00edch h\u1ee3p v\u00e0o quy tr\u00ecnh l\u00e0m vi\u1ec7c hi\u1ec7n c\u00f3, gi\u00fap qu\u00e1 tr\u00ecnh chuy\u1ec3n \u0111\u1ed5i sang c\u00f4ng ngh\u1ec7 kh\u00f4ng ti\u1ebfp x\u00fac tr\u1edf n\u00ean li\u1ec1n m\u1ea1ch.<\/li>\n<\/ol>\n<p>V\u1edbi nh\u1eefng l\u1ee3i \u00edch h\u1ea5p d\u1eabn n\u00e0y, r\u00f5 r\u00e0ng l\u00e0 t\u1ea1i sao\u00a0<strong>Th\u1ebb ti\u1ec1n xu NFC NTAG 424DNA<\/strong>\u00a0\u0111\u00e1ng mua.<\/p>\n<p>&nbsp;<\/p>\n<h3>Th\u00f4ng s\u1ed1 k\u1ef9 thu\u1eadt<\/h3>\n<p>C\u00e1c th\u00f4ng s\u1ed1 k\u1ef9 thu\u1eadt c\u1ee7a\u00a0<strong>NTAG 424DNA<\/strong>\u00a0Th\u1ebb RFID NFC Coin Tag l\u00e0m n\u1ed5i b\u1eadt t\u00ednh m\u1ea1nh m\u1ebd v\u00e0 linh ho\u1ea1t c\u1ee7a n\u00f3. Sau \u0111\u00e2y l\u00e0 nh\u1eefng \u0111i\u1ec3m ch\u00ednh c\u1ea7n xem x\u00e9t:<\/p>\n<ul>\n<li><strong>Chip<\/strong>: NTAG 424 DNA<\/li>\n<li><strong>Dung l\u01b0\u1ee3ng b\u1ed9 nh\u1edb<\/strong>: 416 Byte<\/li>\n<li><strong>T\u00ednh th\u01b0\u1eddng xuy\u00ean<\/strong>: 13,56MHz<\/li>\n<li><strong>Kho\u1ea3ng c\u00e1ch \u0111\u1ecdc<\/strong>: 2-10cm<\/li>\n<li><strong>V\u1eadt li\u1ec7u<\/strong>: PVC<\/li>\n<li><strong>K\u00edch c\u1ee1<\/strong>: \u0110\u01b0\u1eddng k\u00ednh 25mm\/30mm<\/li>\n<li><strong>\u0111\u1ed9 d\u00e0y<\/strong>: 0,84mm (c\u00f3 th\u1ec3 t\u00f9y ch\u1ec9nh)<\/li>\n<li><strong>C\u00e2n n\u1eb7ng<\/strong>: 6,5g<\/li>\n<\/ul>\n<p>C\u00e1c th\u00f4ng s\u1ed1 k\u1ef9 thu\u1eadt n\u00e0y \u0111\u1ea3m b\u1ea3o r\u1eb1ng th\u1ebb NFC c\u00f3 th\u1ec3 \u0111\u00e1p \u1ee9ng nhi\u1ec1u nhu c\u1ea7u kh\u00e1c nhau c\u1ee7a ng\u01b0\u1eddi d\u00f9ng, t\u1eeb \u1ee9ng d\u1ee5ng ch\u01a1i game \u0111\u1ebfn ho\u1ea1t \u0111\u1ed9ng kinh doanh an to\u00e0n.<\/p>\n<p>&nbsp;<\/p>\n<h3>\u1ee8ng d\u1ee5ng c\u1ee7a Th\u1ebb ti\u1ec1n xu NTAG 424DNA<\/h3>\n<p>C\u00e1c \u1ee9ng d\u1ee5ng cho\u00a0<strong>NTAG 424DNA<\/strong>\u00a0Th\u1ebb ti\u1ec1n xu r\u1ea5t r\u1ed9ng r\u00e3i. Trong ng\u00e0nh c\u00f4ng nghi\u1ec7p tr\u00f2 ch\u01a1i, nh\u1eefng th\u1ebb n\u00e0y c\u00f3 th\u1ec3 n\u00e2ng cao tr\u1ea3i nghi\u1ec7m c\u1ee7a ng\u01b0\u1eddi d\u00f9ng b\u1eb1ng c\u00e1ch cho ph\u00e9p t\u01b0\u01a1ng t\u00e1c v\u1edbi c\u00e1c y\u1ebfu t\u1ed1 trong tr\u00f2 ch\u01a1i th\u00f4ng qua c\u00e1c thi\u1ebft b\u1ecb h\u1ed7 tr\u1ee3 NFC. Ch\u00fang c\u00f3 th\u1ec3 \u0111\u01b0\u1ee3c l\u1eadp tr\u00ecnh \u0111\u1ec3 m\u1edf kh\u00f3a n\u1ed9i dung \u0111\u1ed9c quy\u1ec1n, cung c\u1ea5p ph\u1ea7n th\u01b0\u1edfng t\u1ee9c th\u00ec ho\u1eb7c li\u00ean k\u1ebft \u0111\u1ebfn c\u00e1c n\u1ec1n t\u1ea3ng tr\u1ef1c tuy\u1ebfn, th\u00fac \u0111\u1ea9y s\u1ef1 tham gia c\u1ee7a ng\u01b0\u1eddi d\u00f9ng.<\/p>\n<p>Ngo\u00e0i ra, trong b\u1ed1i c\u1ea3nh kinh doanh, th\u1ebb NFC c\u00f3 th\u1ec3 ho\u1ea1t \u0111\u1ed9ng nh\u01b0 danh thi\u1ebfp k\u1ef9 thu\u1eadt s\u1ed1, cung c\u1ea5p quy\u1ec1n truy c\u1eadp t\u1ee9c th\u1eddi v\u00e0o th\u00f4ng tin li\u00ean l\u1ea1c ho\u1eb7c li\u00ean k\u1ebft danh m\u1ee5c \u0111\u1ea7u t\u01b0 ho\u1eb7c ch\u00fang c\u00f3 th\u1ec3 \u0111\u01b0\u1ee3c s\u1eed d\u1ee5ng \u0111\u1ec3 theo d\u00f5i t\u00e0i s\u1ea3n v\u00e0 qu\u1ea3n l\u00fd h\u00e0ng t\u1ed3n kho. T\u00ednh linh ho\u1ea1t trong c\u00e1c \u1ee9ng d\u1ee5ng ch\u1ee9ng minh\u00a0<strong>Ch\u1ee9c n\u0103ng c\u1ee7a th\u1ebb NFC trong cu\u1ed9c s\u1ed1ng h\u00e0ng ng\u00e0y v\u00e0 c\u00e1c ng\u00e0nh c\u00f4ng nghi\u1ec7p chuy\u00ean bi\u1ec7t.<\/strong><\/p>\n<p>&nbsp;<\/p>\n<p>&nbsp;<\/p>\n<h2>C\u00e2u h\u1ecfi th\u01b0\u1eddng g\u1eb7p (FAQ) cho Th\u1ebb ti\u1ec1n xu RFID NFC NTAG 424DNA<\/h2>\n<h3>1. C\u00f4ng ngh\u1ec7 NFC l\u00e0 g\u00ec v\u00e0 n\u00f3 ho\u1ea1t \u0111\u1ed9ng nh\u01b0 th\u1ebf n\u00e0o?<\/h3>\n<p>C\u00f4ng ngh\u1ec7 NFC (Giao ti\u1ebfp tr\u01b0\u1eddng g\u1ea7n) cho ph\u00e9p c\u00e1c thi\u1ebft b\u1ecb giao ti\u1ebfp kh\u00f4ng d\u00e2y trong kho\u1ea3ng c\u00e1ch ng\u1eafn (th\u01b0\u1eddng l\u00e0 2-10 cm). N\u00f3 cho ph\u00e9p trao \u0111\u1ed5i d\u1eef li\u1ec7u gi\u1eefa c\u00e1c thi\u1ebft b\u1ecb v\u00e0 th\u1ebb h\u1ed7 tr\u1ee3 NFC, nh\u01b0 NTAG 424DNA, th\u00f4ng qua m\u1ed9t qu\u00e1 tr\u00ecnh g\u1ecdi l\u00e0 c\u1ea3m \u1ee9ng \u0111i\u1ec7n t\u1eeb. \u0110\u1ec3 t\u01b0\u01a1ng t\u00e1c, ch\u1ec9 c\u1ea7n gi\u1eef \u0111i\u1ec7n tho\u1ea1i ho\u1eb7c thi\u1ebft b\u1ecb h\u1ed7 tr\u1ee3 NFC c\u1ee7a b\u1ea1n g\u1ea7n th\u1ebb v\u00e0 d\u1eef li\u1ec7u s\u1ebd \u0111\u01b0\u1ee3c truy\u1ec1n ngay l\u1eadp t\u1ee9c.<\/p>\n<h3>2. Thi\u1ebft b\u1ecb n\u00e0o t\u01b0\u01a1ng th\u00edch v\u1edbi Th\u1ebb gi\u1eef ti\u1ec1n xu NFC NTAG 424DNA?<\/h3>\n<p>Th\u1ebb ti\u1ec1n xu NFC NTAG 424DNA t\u01b0\u01a1ng th\u00edch v\u1edbi t\u1ea5t c\u1ea3 c\u00e1c thi\u1ebft b\u1ecb di \u0111\u1ed9ng h\u1ed7 tr\u1ee3 NFC, bao g\u1ed3m nhi\u1ec1u lo\u1ea1i \u0111i\u1ec7n tho\u1ea1i th\u00f4ng minh v\u00e0 m\u00e1y t\u00ednh b\u1ea3ng Android, c\u0169ng nh\u01b0 m\u1ed9t s\u1ed1 m\u1eabu iPhone nh\u1ea5t \u0111\u1ecbnh (iPhone 7 tr\u1edf l\u00ean). H\u1ea7u h\u1ebft c\u00e1c thi\u1ebft b\u1ecb hi\u1ec7n \u0111\u1ea1i c\u00f3 kh\u1ea3 n\u0103ng NFC \u0111\u1ec1u c\u00f3 th\u1ec3 \u0111\u1ecdc v\u00e0 ghi d\u1eef li\u1ec7u v\u00e0o c\u00e1c th\u1ebb n\u00e0y.<\/p>\n<h3>3. Th\u1ebb \u0111\u1ed3ng xu NFC NTAG 424DNA c\u00f3 th\u1ec3 ghi l\u1ea1i \u0111\u01b0\u1ee3c kh\u00f4ng?<\/h3>\n<p>C\u00f3, Th\u1ebb ti\u1ec1n xu NFC NTAG 424DNA c\u00f3 th\u1ec3 ghi l\u1ea1i. B\u1ed9 nh\u1edb c\u00f3 th\u1ec3 \u0111\u01b0\u1ee3c s\u1eeda \u0111\u1ed5i, cho ph\u00e9p ng\u01b0\u1eddi d\u00f9ng c\u1eadp nh\u1eadt d\u1eef li\u1ec7u \u0111\u01b0\u1ee3c l\u01b0u tr\u1eef b\u1ea5t c\u1ee9 khi n\u00e0o c\u1ea7n thi\u1ebft. T\u00ednh n\u0103ng n\u00e0y l\u00e0m cho n\u00f3 c\u1ef1c k\u1ef3 linh ho\u1ea1t cho nhi\u1ec1u \u1ee9ng d\u1ee5ng kh\u00e1c nhau, ch\u1eb3ng h\u1ea1n nh\u01b0 thay \u0111\u1ed5i th\u00f4ng tin li\u00ean l\u1ea1c tr\u00ean danh thi\u1ebfp k\u1ef9 thu\u1eadt s\u1ed1 ho\u1eb7c c\u1eadp nh\u1eadt th\u00f4ng tin li\u00ean quan \u0111\u1ebfn tr\u00f2 ch\u01a1i.<\/p>","protected":false},"excerpt":{"rendered":"<div class=\"message-item-outer relative px-4 mb-2\" data-id=\"ab1b65d0-6e69-4f08-ab26-216071361a06\">\n<div class=\"content-area pl-[0px]\">\n<div class=\"message-item select-text relative\">\n<div class=\"message-inner relative\">\n<div class=\"py-[2px]\">\n<div class=\"flex flex-col gap-2\">\n<div class=\"answer-markdown-box overflow-x-auto select-text custom-scrollbar\">\n<div class=\"markdown-body\">\n<p>Th\u1ebb ti\u1ec1n xu NFC NFC Mifare NTAG 424DNA RFID ISO14443A 13,56MHz cung c\u1ea5p b\u1ea3o m\u1eadt d\u1eef li\u1ec7u ti\u00ean ti\u1ebfn v\u1edbi b\u1ed9 nh\u1edb 416 Byte, l\u00fd t\u01b0\u1edfng cho c\u00e1c \u1ee9ng d\u1ee5ng nh\u01b0 giao d\u1ecbch an to\u00e0n v\u00e0 ti\u1ebfp th\u1ecb t\u01b0\u01a1ng t\u00e1c. Thi\u1ebft k\u1ebf ch\u1ed1ng th\u1ea5m n\u01b0\u1edbc v\u00e0 kh\u1ea3 n\u0103ng t\u01b0\u01a1ng th\u00edch v\u1edbi nhi\u1ec1u thi\u1ebft b\u1ecb h\u1ed7 tr\u1ee3 NFC \u0111\u1ea3m b\u1ea3o s\u1eed d\u1ee5ng linh ho\u1ea1t trong c\u1ea3 m\u00f4i tr\u01b0\u1eddng trong nh\u00e0 v\u00e0 ngo\u00e0i tr\u1eddi.<\/p>\n<\/div>\n<\/div>\n<\/div>\n<\/div>\n<\/div>\n<\/div>\n<\/div>\n<\/div>","protected":false},"featured_media":3676,"template":"","meta":[],"product_brand":[],"product_cat":[47],"product_tag":[],"class_list":{"0":"post-3675","1":"product","2":"type-product","3":"status-publish","4":"has-post-thumbnail","6":"product_cat-nfc-tags","8":"first","9":"instock","10":"shipping-taxable","11":"product-type-simple"},"_links":{"self":[{"href":"https:\/\/nfc-readers.com\/vi\/wp-json\/wp\/v2\/product\/3675","targetHints":{"allow":["GET"]}}],"collection":[{"href":"https:\/\/nfc-readers.com\/vi\/wp-json\/wp\/v2\/product"}],"about":[{"href":"https:\/\/nfc-readers.com\/vi\/wp-json\/wp\/v2\/types\/product"}],"wp:featuredmedia":[{"embeddable":true,"href":"https:\/\/nfc-readers.com\/vi\/wp-json\/wp\/v2\/media\/3676"}],"wp:attachment":[{"href":"https:\/\/nfc-readers.com\/vi\/wp-json\/wp\/v2\/media?parent=3675"}],"wp:term":[{"taxonomy":"product_brand","embeddable":true,"href":"https:\/\/nfc-readers.com\/vi\/wp-json\/wp\/v2\/product_brand?post=3675"},{"taxonomy":"product_cat","embeddable":true,"href":"https:\/\/nfc-readers.com\/vi\/wp-json\/wp\/v2\/product_cat?post=3675"},{"taxonomy":"product_tag","embeddable":true,"href":"https:\/\/nfc-readers.com\/vi\/wp-json\/wp\/v2\/product_tag?post=3675"}],"curies":[{"name":"wp","href":"https:\/\/api.w.org\/{rel}","templated":true}]}}