{"id":3683,"date":"2024-11-10T06:22:41","date_gmt":"2024-11-10T06:22:41","guid":{"rendered":"https:\/\/nfc-readers.com\/?post_type=product&#038;p=3683"},"modified":"2024-11-10T06:22:41","modified_gmt":"2024-11-10T06:22:41","slug":"wholesale-high-security-tamper-proof-nfc-tag-rfid-sticker","status":"publish","type":"product","link":"https:\/\/nfc-readers.com\/vi\/ic-reader\/wholesale-high-security-tamper-proof-nfc-tag-rfid-sticker\/","title":{"rendered":"B\u00e1n bu\u00f4n Th\u1ebb NFC ch\u1ed1ng gi\u1ea3 m\u1ea1o b\u1ea3o m\u1eadt cao Nh\u00e3n d\u00e1n RFID"},"content":{"rendered":"<h1 style=\"text-align: center;\"><strong>B\u00e1n bu\u00f4n Th\u1ebb NFC ch\u1ed1ng gi\u1ea3 m\u1ea1o b\u1ea3o m\u1eadt cao Nh\u00e3n d\u00e1n RFID<\/strong><\/h1>\n<p>&nbsp;<\/p>\n<p>M\u1edf kh\u00f3a t\u01b0\u01a1ng lai c\u1ee7a vi\u1ec7c chia s\u1ebb th\u00f4ng tin an to\u00e0n v\u1edbi <strong>B\u00e1n bu\u00f4n Th\u1ebb NFC ch\u1ed1ng gi\u1ea3 m\u1ea1o b\u1ea3o m\u1eadt cao Nh\u00e3n d\u00e1n RFID<\/strong>. Ho\u00e0n h\u1ea3o cho c\u00e1c gi\u1ea3i ph\u00e1p ch\u1ed1ng h\u00e0ng gi\u1ea3, nh\u1eefng nh\u00e3n d\u00e1n NFC s\u00e1ng t\u1ea1o n\u00e0y k\u1ebft h\u1ee3p c\u00e1c t\u00ednh n\u0103ng b\u1ea3o m\u1eadt h\u00e0ng \u0111\u1ea7u v\u1edbi t\u00ednh linh ho\u1ea1t \u1ee9ng d\u1ee5ng r\u1ed9ng r\u00e3i. \u0110\u01b0\u1ee3c thi\u1ebft k\u1ebf cho c\u00e1c doanh nghi\u1ec7p \u01b0u ti\u00ean s\u1ef1 an to\u00e0n v\u00e0 hi\u1ec7u qu\u1ea3, nh\u1eefng th\u1ebb NFC n\u00e0y \u0111\u1ea1i di\u1ec7n cho b\u01b0\u1edbc ti\u1ebfp theo trong c\u00f4ng ngh\u1ec7 kh\u00f4ng ti\u1ebfp x\u00fac cho nhi\u1ec1u l\u0129nh v\u1ef1c kh\u00e1c nhau, bao g\u1ed3m b\u00e1n l\u1ebb, h\u1eadu c\u1ea7n v\u00e0 qu\u1ea3n l\u00fd s\u1ef1 ki\u1ec7n.<\/p>\n<p>&nbsp;<\/p>\n<p><strong>T\u1ea1i sao n\u00ean mua th\u1ebb NFC c\u1ee7a ch\u00fang t\u00f4i?<\/strong><br \/>\nTh\u1ebb NFC c\u1ee7a ch\u00fang t\u00f4i cung c\u1ea5p gi\u1ea3i ph\u00e1p an to\u00e0n, hi\u1ec7u qu\u1ea3 v\u00e0 ti\u1ec7n l\u1ee3i cho nhi\u1ec1u \u1ee9ng d\u1ee5ng\u2014t\u1eeb x\u00e1c th\u1ef1c s\u1ea3n ph\u1ea9m \u0111\u1ebfn cung c\u1ea5p tr\u1ea3i nghi\u1ec7m ng\u01b0\u1eddi d\u00f9ng li\u1ec1n m\u1ea1ch trong c\u00e1c giao d\u1ecbch k\u1ef9 thu\u1eadt s\u1ed1. B\u1eb1ng c\u00e1ch \u0111\u1ea3m b\u1ea3o th\u00f4ng tin c\u1ee7a b\u1ea1n an to\u00e0n kh\u1ecfi b\u1ecb l\u00e0m gi\u1ea3, th\u1ebb NFC ch\u1ed1ng gi\u1ea3 m\u1ea1o c\u1ee7a ch\u00fang t\u00f4i kh\u00f4ng ch\u1ec9 t\u0103ng c\u01b0\u1eddng b\u1ea3o m\u1eadt m\u00e0 c\u00f2n t\u0103ng th\u00eam gi\u00e1 tr\u1ecb cho th\u01b0\u01a1ng hi\u1ec7u c\u1ee7a b\u1ea1n. Ngo\u00e0i ra, b\u1ea3n ch\u1ea5t t\u00f9y ch\u1ec9nh \u0111\u1ea3m b\u1ea3o r\u1eb1ng m\u1ed7i th\u1ebb c\u00f3 th\u1ec3 \u0111\u01b0\u1ee3c t\u00f9y ch\u1ec9nh \u0111\u1ec3 \u0111\u00e1p \u1ee9ng c\u00e1c y\u00eau c\u1ea7u c\u1ee5 th\u1ec3 c\u1ee7a b\u1ea1n, khi\u1ebfn ch\u00fang tr\u1edf th\u00e0nh l\u1ef1a ch\u1ecdn linh ho\u1ea1t cho b\u1ea5t k\u1ef3 doanh nghi\u1ec7p n\u00e0o.<\/p>\n<p>&nbsp;<\/p>\n<h2>C\u00e1c t\u00ednh n\u0103ng c\u1ee7a th\u1ebb NFC ch\u1ed1ng gi\u1ea3 m\u1ea1o<\/h2>\n<p>Khi n\u00f3i \u0111\u1ebfn an ninh, ch\u00fang t\u00f4i\u00a0<strong>B\u00e1n bu\u00f4n Th\u1ebb NFC ch\u1ed1ng gi\u1ea3 m\u1ea1o b\u1ea3o m\u1eadt cao Nh\u00e3n d\u00e1n RFID<\/strong>\u00a0n\u1ed5i b\u1eadt v\u00ec n\u00f3\u00a0<strong>t\u00ednh n\u0103ng \u0111\u1eb7c bi\u1ec7t<\/strong>\u00a0\u0111\u01b0\u1ee3c thi\u1ebft k\u1ebf \u0111\u1ec3 ch\u1ed1ng h\u00e0ng gi\u1ea3.<\/p>\n<ul>\n<li><strong>Thi\u1ebft k\u1ebf ch\u1ed1ng gi\u1ea3 m\u1ea1o<\/strong>: M\u1ed9t khi \u0111\u00e3 g\u1eafn v\u00e0o, c\u00e1c th\u1ebb NFC n\u00e0y h\u1ea7u nh\u01b0 kh\u00f4ng th\u1ec3 th\u00e1o ra m\u00e0 kh\u00f4ng g\u00e2y ra thi\u1ec7t h\u1ea1i \u0111\u00e1ng k\u1ec3, \u0111\u1ea3m b\u1ea3o r\u1eb1ng b\u1ea5t k\u1ef3 h\u00e0nh vi gi\u1ea3 m\u1ea1o n\u00e0o c\u0169ng c\u00f3 th\u1ec3 d\u1ec5 d\u00e0ng ph\u00e1t hi\u1ec7n.<\/li>\n<li><strong>K\u00edch th\u01b0\u1edbc v\u00e0 in \u1ea5n t\u00f9y ch\u1ec9nh<\/strong>:Th\u1ebb c\u1ee7a ch\u00fang t\u00f4i c\u00f3 k\u00edch th\u01b0\u1edbc t\u00f9y ch\u1ec9nh v\u00e0 \u0111\u01b0\u1ee3c in b\u1eb1ng\u00a0<strong>In offset CMYK 4C<\/strong>\u00a0\u0111\u1ec3 c\u00f3 \u0111\u1ed3 h\u1ecda s\u1ed1ng \u0111\u1ed9ng, ch\u1ea5t l\u01b0\u1ee3ng cao gi\u00fap n\u00e2ng cao th\u01b0\u01a1ng hi\u1ec7u.<\/li>\n<li><strong>Dung l\u01b0\u1ee3ng b\u1ed9 nh\u1edb<\/strong>: M\u1ed7i th\u1ebb c\u00f3 t\u00ednh n\u0103ng\u00a0<strong>416 byte<\/strong>\u00a0c\u1ee7a b\u1ed9 nh\u1edb, cho ph\u00e9p l\u01b0u tr\u1eef th\u00f4ng tin c\u1ea7n thi\u1ebft m\u1ed9t c\u00e1ch an to\u00e0n.<\/li>\n<\/ul>\n<p>Nh\u1eefng \u0111\u1eb7c t\u00ednh n\u00e0y l\u00e0m cho th\u1ebb NFC tr\u1edf n\u00ean \u0111\u00e1ng tin c\u1eady v\u00e0 hi\u1ec7u qu\u1ea3, tr\u1edf th\u00e0nh c\u00f4ng c\u1ee5 thi\u1ebft y\u1ebfu cho c\u00e1c doanh nghi\u1ec7p h\u01b0\u1edbng t\u1edbi c\u00e1c bi\u1ec7n ph\u00e1p b\u1ea3o m\u1eadt h\u00e0ng \u0111\u1ea7u trong ho\u1ea1t \u0111\u1ed9ng c\u1ee7a m\u00ecnh.<\/p>\n<p>&nbsp;<\/p>\n<h2>\u1ee8ng d\u1ee5ng c\u1ee7a th\u1ebb NFC<\/h2>\n<p>T\u00ednh linh ho\u1ea1t c\u1ee7a th\u1ebb NFC cho ph\u00e9p ch\u00fang \u0111\u01b0\u1ee3c \u00e1p d\u1ee5ng trong nhi\u1ec1u l\u0129nh v\u1ef1c, n\u00e2ng cao quy tr\u00ecnh kinh doanh \u0111\u1ed3ng th\u1eddi duy tr\u00ec c\u00e1c giao d\u1ecbch an to\u00e0n:<\/p>\n<ul>\n<li><strong>Ch\u1ed1ng h\u00e0ng gi\u1ea3<\/strong>:C\u00e1c doanh nghi\u1ec7p c\u00f3 th\u1ec3 s\u1eed d\u1ee5ng nh\u1eefng th\u1ebb n\u00e0y \u0111\u1ec3 \u0111\u1ea3m b\u1ea3o t\u00ednh x\u00e1c th\u1ef1c c\u1ee7a s\u1ea3n ph\u1ea9m v\u00ec ch\u00fang \u0111\u01b0\u1ee3c thi\u1ebft k\u1ebf \u0111\u1ec3 g\u1eafn ch\u1eb7t v\u00e0 ch\u1ed1ng gi\u1ea3 m\u1ea1o, ng\u0103n ch\u1eb7n h\u00e0nh vi l\u00e0m gi\u1ea3.<\/li>\n<li><strong>Qu\u1ea3n l\u00fd s\u1ef1 ki\u1ec7n<\/strong>: S\u1eed d\u1ee5ng th\u1ebb NFC \u0111\u1ec3 ph\u00e1t h\u00e0nh v\u00e9, cho ph\u00e9p ki\u1ec3m so\u00e1t ra v\u00e0o li\u1ec1n m\u1ea1ch v\u00e0 gi\u1ea3m t\u00ecnh tr\u1ea1ng gian l\u1eadn v\u00e9.<\/li>\n<li><strong>Ti\u1ebfp th\u1ecb th\u00f4ng minh<\/strong>:Nh\u1eefng th\u1ebb n\u00e0y c\u00f3 th\u1ec3 \u0111\u01b0\u1ee3c t\u00edch h\u1ee3p v\u00e0o t\u00e0i li\u1ec7u ti\u1ebfp th\u1ecb, cho ph\u00e9p kh\u00e1ch h\u00e0ng t\u01b0\u01a1ng t\u00e1c tr\u1ef1c ti\u1ebfp v\u1edbi th\u01b0\u01a1ng hi\u1ec7u c\u1ee7a b\u1ea1n b\u1eb1ng c\u00e1ch ch\u1ea1m v\u00e0o \u0111i\u1ec7n tho\u1ea1i \u0111\u1ec3 truy c\u1eadp ch\u01b0\u01a1ng tr\u00ecnh khuy\u1ebfn m\u00e3i, th\u00f4ng tin chi ti\u1ebft v\u1ec1 s\u1ea3n ph\u1ea9m ho\u1eb7c danh thi\u1ebfp k\u1ef9 thu\u1eadt s\u1ed1.<\/li>\n<\/ul>\n<p>B\u1eb1ng c\u00e1ch t\u1eadn d\u1ee5ng s\u1ee9c m\u1ea1nh c\u1ee7a c\u00e1c \u1ee9ng d\u1ee5ng n\u00e0y, doanh nghi\u1ec7p c\u00f3 th\u1ec3 b\u1ea3o v\u1ec7 hi\u1ec7u qu\u1ea3 ho\u1ea1t \u0111\u1ed9ng c\u1ee7a m\u00ecnh v\u00e0 t\u1ed1i \u01b0u h\u00f3a t\u01b0\u01a1ng t\u00e1c v\u1edbi kh\u00e1ch h\u00e0ng.<\/p>\n<p>&nbsp;<\/p>\n<h2>Nh\u1eefng c\u00e2u h\u1ecfi th\u01b0\u1eddng g\u1eb7p (FAQ)<\/h2>\n<h3>1.\u00a0<strong>Th\u1ebb NFC l\u00e0 g\u00ec?<\/strong><\/h3>\n<p>Th\u1ebb NFC (Giao ti\u1ebfp tr\u01b0\u1eddng g\u1ea7n) l\u00e0 m\u1ed9t thi\u1ebft b\u1ecb nh\u1ecf s\u1eed d\u1ee5ng c\u00f4ng ngh\u1ec7 RFID (Nh\u1eadn d\u1ea1ng t\u1ea7n s\u1ed1 v\u00f4 tuy\u1ebfn) \u0111\u1ec3 truy\u1ec1n th\u00f4ng tin kh\u00f4ng d\u00e2y trong kho\u1ea3ng c\u00e1ch ng\u1eafn (th\u01b0\u1eddng trong ph\u1ea1m vi 1-10 cm). Ng\u01b0\u1eddi d\u00f9ng c\u00f3 th\u1ec3 ch\u1ea1m thi\u1ebft b\u1ecb h\u1ed7 tr\u1ee3 NFC c\u1ee7a m\u00ecnh v\u00e0o th\u1ebb \u0111\u1ec3 truy c\u1eadp th\u00f4ng tin \u0111\u00e3 l\u01b0u tr\u1eef ho\u1eb7c th\u1ef1c hi\u1ec7n m\u1ed9t h\u00e0nh \u0111\u1ed9ng.<\/p>\n<h3>2.\u00a0<strong>L\u00e0m th\u1ebf n\u00e0o \u0111\u1ec3 l\u1eadp tr\u00ecnh th\u1ebb NFC?<\/strong><\/h3>\n<p>L\u1eadp tr\u00ecnh th\u1ebb NFC th\u01b0\u1eddng li\u00ean quan \u0111\u1ebfn vi\u1ec7c s\u1eed d\u1ee5ng \u0111i\u1ec7n tho\u1ea1i th\u00f4ng minh h\u1ed7 tr\u1ee3 NFC ho\u1eb7c c\u00e1c thi\u1ebft b\u1ecb t\u01b0\u01a1ng th\u00edch kh\u00e1c c\u00f3 \u1ee9ng d\u1ee5ng NFC. B\u1ea1n c\u00f3 th\u1ec3 ghi d\u1eef li\u1ec7u v\u00e0o th\u1ebb (ch\u1eb3ng h\u1ea1n nh\u01b0 URL ho\u1eb7c th\u00f4ng tin li\u00ean h\u1ec7) b\u1eb1ng c\u00e1c \u1ee9ng d\u1ee5ng n\u00e0y. Ch\u1ec9 c\u1ea7n ch\u1ecdn d\u1eef li\u1ec7u b\u1ea1n mu\u1ed1n ghi, ch\u1ea1m thi\u1ebft b\u1ecb c\u1ee7a b\u1ea1n v\u00e0o th\u1ebb v\u00e0 d\u1eef li\u1ec7u s\u1ebd \u0111\u01b0\u1ee3c l\u01b0u tr\u1eef.<\/p>\n<h3>3.\u00a0<strong>Th\u1ebb NFC c\u00f3 th\u1ec3 l\u01b0u tr\u1eef nh\u1eefng lo\u1ea1i d\u1eef li\u1ec7u n\u00e0o?<\/strong><\/h3>\n<p>Th\u1ebb NFC c\u00f3 th\u1ec3 l\u01b0u tr\u1eef nhi\u1ec1u lo\u1ea1i d\u1eef li\u1ec7u kh\u00e1c nhau, bao g\u1ed3m URL, v\u0103n b\u1ea3n, th\u00f4ng tin li\u00ean h\u1ec7, chi ti\u1ebft s\u1ea3n ph\u1ea9m, l\u1ec7nh cho \u1ee9ng d\u1ee5ng, v.v. L\u01b0\u1ee3ng d\u1eef li\u1ec7u c\u1ee5 th\u1ec3 c\u00f3 th\u1ec3 \u0111\u01b0\u1ee3c l\u01b0u tr\u1eef ph\u1ee5 thu\u1ed9c v\u00e0o dung l\u01b0\u1ee3ng b\u1ed9 nh\u1edb c\u1ee7a th\u1ebb, v\u1edbi th\u1ebb NFC c\u1ee7a ch\u00fang t\u00f4i h\u1ed7 tr\u1ee3\u00a0<strong>416 byte<\/strong>.<\/p>\n<h3>4.\u00a0<strong>Th\u1ebb NFC c\u1ee7a b\u1ea1n c\u00f3 th\u1ec3 ghi l\u1ea1i \u0111\u01b0\u1ee3c kh\u00f4ng?<\/strong><\/h3>\n<p>C\u00f3, th\u1ebb NFC c\u1ee7a ch\u00fang t\u00f4i c\u00f3 th\u1ec3 ghi l\u1ea1i, ngh\u0129a l\u00e0 b\u1ea1n c\u00f3 th\u1ec3 l\u1eadp tr\u00ecnh ch\u00fang v\u1edbi d\u1eef li\u1ec7u kh\u00e1c nhau khi c\u1ea7n. T\u00ednh n\u0103ng n\u00e0y \u0111\u1eb7c bi\u1ec7t h\u1eefu \u00edch cho c\u00e1c doanh nghi\u1ec7p mu\u1ed1n c\u00f3 s\u1ef1 linh ho\u1ea1t trong \u1ee9ng d\u1ee5ng c\u1ee7a h\u1ecd.<\/p>","protected":false},"excerpt":{"rendered":"<p>N\u00e2ng cao t\u00ednh b\u1ea3o m\u1eadt cho th\u01b0\u01a1ng hi\u1ec7u c\u1ee7a b\u1ea1n v\u1edbi nh\u00e3n d\u00e1n RFID NFC ch\u1ed1ng gi\u1ea3 m\u1ea1o c\u00f3 \u0111\u1ed9 b\u1ea3o m\u1eadt cao b\u00e1n bu\u00f4n c\u1ee7a ch\u00fang t\u00f4i. \u0110\u01b0\u1ee3c thi\u1ebft k\u1ebf \u0111\u1ec3 ch\u1ed1ng h\u00e0ng gi\u1ea3, ch\u00fang cung c\u1ea5p c\u00e1c gi\u1ea3i ph\u00e1p t\u00f9y ch\u1ec9nh v\u00e0 truy c\u1eadp d\u1eef li\u1ec7u li\u1ec1n m\u1ea1ch.<\/p>","protected":false},"featured_media":3684,"template":"","meta":[],"product_brand":[],"product_cat":[47],"product_tag":[],"class_list":{"0":"post-3683","1":"product","2":"type-product","3":"status-publish","4":"has-post-thumbnail","6":"product_cat-nfc-tags","8":"first","9":"instock","10":"shipping-taxable","11":"product-type-simple"},"_links":{"self":[{"href":"https:\/\/nfc-readers.com\/vi\/wp-json\/wp\/v2\/product\/3683","targetHints":{"allow":["GET"]}}],"collection":[{"href":"https:\/\/nfc-readers.com\/vi\/wp-json\/wp\/v2\/product"}],"about":[{"href":"https:\/\/nfc-readers.com\/vi\/wp-json\/wp\/v2\/types\/product"}],"wp:featuredmedia":[{"embeddable":true,"href":"https:\/\/nfc-readers.com\/vi\/wp-json\/wp\/v2\/media\/3684"}],"wp:attachment":[{"href":"https:\/\/nfc-readers.com\/vi\/wp-json\/wp\/v2\/media?parent=3683"}],"wp:term":[{"taxonomy":"product_brand","embeddable":true,"href":"https:\/\/nfc-readers.com\/vi\/wp-json\/wp\/v2\/product_brand?post=3683"},{"taxonomy":"product_cat","embeddable":true,"href":"https:\/\/nfc-readers.com\/vi\/wp-json\/wp\/v2\/product_cat?post=3683"},{"taxonomy":"product_tag","embeddable":true,"href":"https:\/\/nfc-readers.com\/vi\/wp-json\/wp\/v2\/product_tag?post=3683"}],"curies":[{"name":"wp","href":"https:\/\/api.w.org\/{rel}","templated":true}]}}