{"id":3691,"date":"2024-11-10T06:28:41","date_gmt":"2024-11-10T06:28:41","guid":{"rendered":"https:\/\/nfc-readers.com\/?post_type=product&#038;p=3691"},"modified":"2024-11-10T06:28:41","modified_gmt":"2024-11-10T06:28:41","slug":"nfc-ntag-424-dna-sticker-anti-metal-tag-anti-fake","status":"publish","type":"product","link":"https:\/\/nfc-readers.com\/vi\/ic-reader\/nfc-ntag-424-dna-sticker-anti-metal-tag-anti-fake\/","title":{"rendered":"Nh\u00e3n d\u00e1n DNA NFC Ntag 424 Th\u1ebb ch\u1ed1ng kim lo\u1ea1i Ch\u1ed1ng gi\u1ea3"},"content":{"rendered":"<h1 style=\"text-align: center;\"><strong>Nh\u00e3n d\u00e1n DNA NFC Ntag 424 Th\u1ebb ch\u1ed1ng kim lo\u1ea1i Ch\u1ed1ng gi\u1ea3<\/strong><\/h1>\n<p>Trong th\u1eddi \u0111\u1ea1i m\u00e0 b\u1ea3o m\u1eadt k\u1ef9 thu\u1eadt s\u1ed1 v\u00e0 t\u00ednh x\u00e1c th\u1ef1c l\u00e0 t\u1ed1i quan tr\u1ecdng, <strong>Th\u1ebb ch\u1ed1ng kim lo\u1ea1i NFC Ntag 424 DNA<\/strong>\u00a0n\u1ed5i b\u1eadt nh\u01b0 m\u1ed9t gi\u1ea3i ph\u00e1p \u0111\u1ed9t ph\u00e1. Cho d\u00f9 b\u1ea1n \u0111ang mu\u1ed1n b\u1ea3o v\u1ec7 th\u01b0\u01a1ng hi\u1ec7u c\u1ee7a m\u00ecnh b\u1eb1ng c\u00f4ng ngh\u1ec7 ch\u1ed1ng h\u00e0ng gi\u1ea3, t\u0103ng c\u01b0\u1eddng t\u01b0\u01a1ng t\u00e1c c\u1ee7a ng\u01b0\u1eddi d\u00f9ng th\u00f4ng qua giao ti\u1ebfp li\u1ec1n m\u1ea1ch hay ch\u1ec9 \u0111\u01a1n gi\u1ea3n l\u00e0 n\u1eafm b\u1eaft c\u00f4ng ngh\u1ec7 NFC m\u1edbi nh\u1ea5t, s\u1ea3n ph\u1ea9m n\u00e0y \u0111\u01b0\u1ee3c ch\u1ebf t\u1ea1o \u0111\u1ec3 \u0111\u00e1p \u1ee9ng nhu c\u1ea7u c\u1ee7a b\u1ea1n. H\u00e3y t\u1ea1m bi\u1ec7t n\u1ed7i lo v\u1ec1 h\u00e0ng gi\u1ea3 v\u00e0 \u0111\u1ea3m b\u1ea3o s\u1ea3n ph\u1ea9m c\u1ee7a b\u1ea1n truy\u1ec1n t\u1ea3i \u0111\u01b0\u1ee3c s\u1ef1 tin c\u1eady.<\/p>\n<p>&nbsp;<\/p>\n<h2>T\u1ed5ng quan v\u00e0 l\u1ee3i \u00edch c\u1ee7a s\u1ea3n ph\u1ea9m<\/h2>\n<p>C\u00e1c\u00a0<strong>Nh\u00e3n d\u00e1n DNA NFC Ntag 424<\/strong>\u00a0cung c\u1ea5p c\u00e1c t\u00ednh n\u0103ng ti\u00ean ti\u1ebfn khi\u1ebfn n\u00f3 tr\u1edf th\u00e0nh thi\u1ebft b\u1ecb b\u1eaft bu\u1ed9c ph\u1ea3i c\u00f3 \u0111\u1ed1i v\u1edbi c\u1ea3 doanh nghi\u1ec7p v\u00e0 ng\u01b0\u1eddi ti\u00eau d\u00f9ng. N\u00f3 gi\u1ea3i quy\u1ebft th\u00e1ch th\u1ee9c trong vi\u1ec7c x\u00e1c th\u1ef1c c\u00e1c m\u1eb7t h\u00e0ng v\u00e0 \u0111\u1ea3m b\u1ea3o giao ti\u1ebfp an to\u00e0n th\u00f4ng qua c\u00f4ng ngh\u1ec7 NFC (Giao ti\u1ebfp tr\u01b0\u1eddng g\u1ea7n). V\u1edbi thi\u1ebft k\u1ebf nh\u1ecf g\u1ecdn v\u00e0 v\u1eadt li\u1ec7u chuy\u00ean d\u1ee5ng, n\u00f3 ho\u00e0n h\u1ea3o cho nhi\u1ec1u \u1ee9ng d\u1ee5ng kh\u00e1c nhau, bao g\u1ed3m d\u00e1n nh\u00e3n s\u1ea3n ph\u1ea9m, ti\u1ebfp th\u1ecb v\u00e0 ki\u1ec3m so\u00e1t truy c\u1eadp.<\/p>\n<p>&nbsp;<\/p>\n<h3>\u01afu \u0111i\u1ec3m khi l\u1ef1a ch\u1ecdn mi\u1ebfng d\u00e1n NFC Ntag 424 DNA<\/h3>\n<ul>\n<li><strong>C\u00f4ng ngh\u1ec7 ch\u1ed1ng h\u00e0ng gi\u1ea3:<\/strong>\u00a0Vi\u1ec7c t\u00edch h\u1ee3p c\u00e1c giao th\u1ee9c ch\u1ed1ng h\u00e0ng gi\u1ea3 ti\u00ean ti\u1ebfn s\u1ebd b\u1ea3o v\u1ec7 th\u01b0\u01a1ng hi\u1ec7u c\u1ee7a b\u1ea1n kh\u1ecfi n\u1ea1n l\u00e0m gi\u1ea3.<\/li>\n<li><strong>Th\u00e2n thi\u1ec7n v\u1edbi ng\u01b0\u1eddi d\u00f9ng:<\/strong>\u00a0D\u1ec5 d\u00e0ng s\u1eed d\u1ee5ng v\u1edbi \u0111i\u1ec7n tho\u1ea1i th\u00f4ng minh, m\u00e1y t\u00ednh b\u1ea3ng v\u00e0 c\u00e1c thi\u1ebft b\u1ecb kh\u00e1c c\u00f3 h\u1ed7 tr\u1ee3 NFC, \u0111\u1ea3m b\u1ea3o truy c\u1eadp t\u1ee9c th\u1eddi v\u00e0o n\u1ed9i dung k\u1ef9 thu\u1eadt s\u1ed1.<\/li>\n<li><strong>B\u1ec1n v\u00e0 ch\u1ed1ng ch\u1ecbu th\u1eddi ti\u1ebft:<\/strong>\u00a0\u0110\u01b0\u1ee3c ch\u1ebf t\u1ea1o b\u1eb1ng v\u1eadt li\u1ec7u ch\u1ed1ng kim lo\u1ea1i, ph\u00f9 h\u1ee3p v\u1edbi nhi\u1ec1u m\u00f4i tr\u01b0\u1eddng kh\u00e1c nhau.<\/li>\n<li><strong>Gi\u1ea3i ph\u00e1p c\u00f3 th\u1ec3 t\u00f9y ch\u1ec9nh:<\/strong>\u00a0C\u00f3 nhi\u1ec1u k\u00edch c\u1ee1 v\u00e0 h\u00ecnh d\u1ea1ng kh\u00e1c nhau, \u0111\u00e1p \u1ee9ng nhu c\u1ea7u kinh doanh c\u1ee5 th\u1ec3.<\/li>\n<\/ul>\n<p>L\u1ef1a ch\u1ecdn\u00a0<strong>Nh\u00e3n d\u00e1n DNA NFC Ntag 424 Th\u1ebb ch\u1ed1ng kim lo\u1ea1i Ch\u1ed1ng gi\u1ea3<\/strong>\u00a0c\u00f3 ngh\u0129a l\u00e0 \u0111\u1ea7u t\u01b0 v\u00e0o ch\u1ea5t l\u01b0\u1ee3ng, an ninh v\u00e0 c\u00f4ng ngh\u1ec7 m\u1edbi nh\u1ea5t, khi\u1ebfn n\u00f3 \u0111\u00e1ng gi\u00e1 t\u1eebng xu.<\/p>\n<p>&nbsp;<\/p>\n<h3>Th\u00f4ng s\u1ed1 k\u1ef9 thu\u1eadt<\/h3>\n<p>C\u00e1c\u00a0<strong>Nh\u00e3n d\u00e1n DNA NFC Ntag 424<\/strong>\u00a0\u0111\u01b0\u1ee3c trang b\u1ecb c\u00e1c th\u00f4ng s\u1ed1 k\u1ef9 thu\u1eadt ti\u00ean ti\u1ebfn \u0111\u01b0\u1ee3c thi\u1ebft k\u1ebf \u0111\u1ec3 c\u00f3 hi\u1ec7u su\u1ea5t v\u01b0\u1ee3t tr\u1ed9i. C\u00e1c t\u00ednh n\u0103ng ch\u00ednh bao g\u1ed3m:<\/p>\n<ul>\n<li><strong>M\u00f4 h\u00ecnh Chip<\/strong>: Ntag 424 DNA<\/li>\n<li><strong>Dung l\u01b0\u1ee3ng b\u1ed9 nh\u1edb<\/strong>: 416 Byte<\/li>\n<li><strong>T\u1ea7n s\u1ed1 ho\u1ea1t \u0111\u1ed9ng<\/strong>: 13,56MHz<\/li>\n<li><strong>S\u1ef1 tu\u00e2n th\u1ee7<\/strong>:Ti\u00eau chu\u1ea9n ISO 14443A, \u0111\u1ea3m b\u1ea3o kh\u1ea3 n\u0103ng t\u01b0\u01a1ng th\u00edch v\u1edbi nhi\u1ec1u thi\u1ebft b\u1ecb NFC.<\/li>\n<\/ul>\n<p>&nbsp;<\/p>\n<h3>C\u00e1c t\u00ednh n\u0103ng \u0111\u1eb7c bi\u1ec7t c\u1ee7a th\u1ebb NFC Ntag 424 DNA<\/h3>\n<p><strong>T\u00ednh ch\u1ea5t ch\u1ed1ng th\u1ea5m n\u01b0\u1edbc\/ch\u1ed1ng ch\u1ecbu th\u1eddi ti\u1ebft<\/strong>: M\u1ed9t trong nh\u1eefng kh\u00eda c\u1ea1nh n\u1ed5i b\u1eadt c\u1ee7a th\u1ebb NFC n\u00e0y l\u00e0 kh\u1ea3 n\u0103ng ch\u1ecbu \u0111\u01b0\u1ee3c nhi\u1ec1u \u0111i\u1ec1u ki\u1ec7n m\u00f4i tr\u01b0\u1eddng kh\u00e1c nhau. Cho d\u00f9 tr\u1eddi m\u01b0a hay ti\u1ebfp x\u00fac v\u1edbi b\u1ee5i, th\u1ebb v\u1eabn duy tr\u00ec ch\u1ee9c n\u0103ng c\u1ee7a n\u00f3 nh\u1edd thi\u1ebft k\u1ebf ch\u1eafc ch\u1eafn.<\/p>\n<p><strong>Thi\u1ebft k\u1ebf MINI TAG<\/strong>: V\u1edbi \u0111\u01b0\u1eddng k\u00ednh ch\u1ec9 30mm, th\u1ebb mini n\u00e0y c\u1ef1c k\u1ef3 linh ho\u1ea1t. K\u00edch th\u01b0\u1edbc nh\u1ecf g\u1ecdn c\u1ee7a n\u00f3 ph\u00f9 h\u1ee3p v\u1edbi nhi\u1ec1u \u1ee9ng d\u1ee5ng kh\u00e1c nhau khi kh\u00f4ng gian b\u1ecb h\u1ea1n ch\u1ebf.<\/p>\n<p>&nbsp;<\/p>\n<h3>C\u00e2u h\u1ecfi th\u01b0\u1eddng g\u1eb7p v\u1ec1 nh\u00e3n d\u00e1n DNA NFC Ntag 424<\/h3>\n<p><strong>H: Nh\u1eefng mi\u1ebfng d\u00e1n n\u00e0y c\u00f3 th\u1ec3 s\u1eed d\u1ee5ng ngo\u00e0i tr\u1eddi \u0111\u01b0\u1ee3c kh\u00f4ng?<\/strong><br \/>\nA: C\u00f3, t\u00ednh n\u0103ng ch\u1ed1ng th\u1ea5m n\u01b0\u1edbc v\u00e0 ch\u1ecbu \u0111\u01b0\u1ee3c th\u1eddi ti\u1ebft cho ph\u00e9p s\u1eed d\u1ee5ng ngo\u00e0i tr\u1eddi, ph\u00f9 h\u1ee3p v\u1edbi nhi\u1ec1u m\u00f4i tr\u01b0\u1eddng kh\u00e1c nhau.<\/p>\n<p><strong>H: T\u00f4i c\u00f3 th\u1ec3 \u0111\u1eb7t h\u00e0ng thi\u1ebft k\u1ebf theo y\u00eau c\u1ea7u nh\u01b0 th\u1ebf n\u00e0o?<\/strong><br \/>\nA: Kh\u00e1ch h\u00e0ng quan t\u00e2m c\u00f3 th\u1ec3 li\u00ean h\u1ec7 v\u1edbi \u0111\u1ed9i ng\u0169 b\u00e1n h\u00e0ng c\u1ee7a ch\u00fang t\u00f4i th\u00f4ng qua bi\u1ec3u m\u1eabu y\u00eau c\u1ea7u c\u00f3 tr\u00ean trang web \u0111\u1ec3 th\u1ea3o lu\u1eadn v\u1ec1 c\u00e1c t\u00f9y ch\u1ecdn t\u00f9y ch\u1ec9nh.<\/p>\n<p><strong>H: C\u00f3 c\u1ea7n \u1ee9ng d\u1ee5ng \u0111\u1eb7c bi\u1ec7t n\u00e0o \u0111\u1ec3 \u0111\u1ecdc nh\u1eefng th\u1ebb n\u00e0y kh\u00f4ng?<\/strong><br \/>\nA: Kh\u00f4ng c\u1ea7n \u1ee9ng d\u1ee5ng \u0111\u1eb7c bi\u1ec7t n\u00e0o ngo\u00e0i vi\u1ec7c ph\u1ea3i c\u00f3 thi\u1ebft b\u1ecb h\u1ed7 tr\u1ee3 NFC ti\u00eau chu\u1ea9n, c\u00f3 th\u1ec3 t\u1ef1 \u0111\u1ed9ng gi\u1ea3i m\u00e3 t\u00edn hi\u1ec7u NFC.<\/p>","protected":false},"excerpt":{"rendered":"<div class=\"message-item-outer relative px-4 mb-2\" data-id=\"54844065-da5f-474c-98ea-c1f5db113a22\">\n<div class=\"content-area pl-[0px]\">\n<div class=\"message-item select-text relative\">\n<div class=\"message-inner relative\">\n<div class=\"py-[2px]\">\n<div class=\"flex flex-col gap-2\">\n<div class=\"answer-markdown-box overflow-x-auto select-text custom-scrollbar\">\n<div class=\"markdown-body\">\n<p>C\u00e1c\u00a0<strong>Th\u1ebb ch\u1ed1ng kim lo\u1ea1i NFC Ntag 424 DNA<\/strong> l\u00e0 gi\u1ea3i ph\u00e1p ti\u00ean ti\u1ebfn \u0111\u01b0\u1ee3c thi\u1ebft k\u1ebf \u0111\u1ec3 ch\u1ed1ng h\u00e0ng gi\u1ea3 v\u1edbi c\u00f4ng ngh\u1ec7 ch\u1ed1ng h\u00e0ng gi\u1ea3 ti\u00ean ti\u1ebfn. Thi\u1ebft k\u1ebf nh\u1ecf g\u1ecdn, b\u1ec1n b\u1ec9 \u0111\u1ea3m b\u1ea3o ho\u1ea1t \u0111\u1ed9ng li\u1ec1n m\u1ea1ch tr\u00ean b\u1ec1 m\u1eb7t kim lo\u1ea1i, l\u00fd t\u01b0\u1edfng \u0111\u1ec3 \u0111\u1ea3m b\u1ea3o t\u00ednh x\u00e1c th\u1ef1c c\u1ee7a s\u1ea3n ph\u1ea9m v\u00e0 t\u0103ng c\u01b0\u1eddng l\u00f2ng tin c\u1ee7a ng\u01b0\u1eddi ti\u00eau d\u00f9ng.<\/p>\n<\/div>\n<\/div>\n<\/div>\n<\/div>\n<\/div>\n<\/div>\n<\/div>\n<\/div>\n<div class=\"message-item-outer relative px-4 mb-2\" data-id=\"46d94813-0d14-49f1-b71b-49c37dfa1a29\">\n<div class=\"content-area pl-[0px]\">\n<div class=\"message-item select-text relative self ms-[22px]\">\n<div class=\"message-inner relative\">\n<div class=\"py-[2px] flex-row-reverse\">\n<div class=\"flex flex-row-reverse\">\n<div class=\"max-w-full\">\n<div class=\"mt-1 border overflow-hidden max-w-[360px] border-solid text-text-primary-4 border-grey-line2-normal rounded-xl mb-2 py-[10px] px-[12px] cursor-pointer hover:border-grey-line2-hover\">\n<div class=\"transition-[max-height] duration-300 ease-in-out\">\n<div class=\"text-xs opacity-100 transition-opacity duration-700 ease-in-out\"><\/div>\n<\/div>\n<\/div>\n<\/div>\n<\/div>\n<\/div>\n<\/div>\n<\/div>\n<\/div>\n<\/div>","protected":false},"featured_media":3693,"template":"","meta":[],"product_brand":[],"product_cat":[48],"product_tag":[],"class_list":{"0":"post-3691","1":"product","2":"type-product","3":"status-publish","4":"has-post-thumbnail","6":"product_cat-nfc-stickers","8":"first","9":"instock","10":"shipping-taxable","11":"product-type-simple"},"_links":{"self":[{"href":"https:\/\/nfc-readers.com\/vi\/wp-json\/wp\/v2\/product\/3691","targetHints":{"allow":["GET"]}}],"collection":[{"href":"https:\/\/nfc-readers.com\/vi\/wp-json\/wp\/v2\/product"}],"about":[{"href":"https:\/\/nfc-readers.com\/vi\/wp-json\/wp\/v2\/types\/product"}],"wp:featuredmedia":[{"embeddable":true,"href":"https:\/\/nfc-readers.com\/vi\/wp-json\/wp\/v2\/media\/3693"}],"wp:attachment":[{"href":"https:\/\/nfc-readers.com\/vi\/wp-json\/wp\/v2\/media?parent=3691"}],"wp:term":[{"taxonomy":"product_brand","embeddable":true,"href":"https:\/\/nfc-readers.com\/vi\/wp-json\/wp\/v2\/product_brand?post=3691"},{"taxonomy":"product_cat","embeddable":true,"href":"https:\/\/nfc-readers.com\/vi\/wp-json\/wp\/v2\/product_cat?post=3691"},{"taxonomy":"product_tag","embeddable":true,"href":"https:\/\/nfc-readers.com\/vi\/wp-json\/wp\/v2\/product_tag?post=3691"}],"curies":[{"name":"wp","href":"https:\/\/api.w.org\/{rel}","templated":true}]}}