{"id":3700,"date":"2024-11-10T06:34:49","date_gmt":"2024-11-10T06:34:49","guid":{"rendered":"https:\/\/nfc-readers.com\/?post_type=product&#038;p=3700"},"modified":"2024-11-10T06:38:34","modified_gmt":"2024-11-10T06:38:34","slug":"custom-nfc-fragile-sticker-for-commodity-label-product-tag","status":"publish","type":"product","link":"https:\/\/nfc-readers.com\/vi\/ic-reader\/custom-nfc-fragile-sticker-for-commodity-label-product-tag\/","title":{"rendered":"Nh\u00e3n d\u00e1n NFC d\u1ec5 v\u1ee1 t\u00f9y ch\u1ec9nh cho nh\u00e3n h\u00e0ng h\u00f3a Th\u1ebb s\u1ea3n ph\u1ea9m"},"content":{"rendered":"<h1 style=\"text-align: center;\"><strong>Nh\u00e3n d\u00e1n NFC d\u1ec5 v\u1ee1 t\u00f9y ch\u1ec9nh cho nh\u00e3n h\u00e0ng h\u00f3a Th\u1ebb s\u1ea3n ph\u1ea9m<\/strong><\/h1>\n<p>&nbsp;<\/p>\n<p>C\u00e1c <strong>Nh\u00e3n d\u00e1n NFC d\u1ec5 v\u1ee1 t\u00f9y ch\u1ec9nh<\/strong>\u00a0\u0111\u1ed1i v\u1edbi nh\u00e3n h\u00e0ng h\u00f3a l\u00e0 m\u1ed9t s\u1ea3n ph\u1ea9m mang t\u00ednh c\u00e1ch m\u1ea1ng t\u00edch h\u1ee3p ti\u00ean ti\u1ebfn\u00a0<strong>NFC (Giao ti\u1ebfp t\u1ea7m g\u1ea7n)<\/strong>\u00a0c\u00f4ng ngh\u1ec7 v\u00e0o c\u00e1c gi\u1ea3i ph\u00e1p d\u00e1n nh\u00e3n h\u00e0ng ng\u00e0y. \u0110\u01b0\u1ee3c ch\u1ebf t\u1ea1o \u0111\u1ec3 \u0111\u1ea3m b\u1ea3o d\u00e1n nh\u00e3n an to\u00e0n v\u00e0 \u0111\u00e1ng tin c\u1eady cho c\u00e1c m\u1eb7t h\u00e0ng d\u1ec5 v\u1ee1, nh\u1eefng nh\u00e3n d\u00e1n n\u00e0y cho ph\u00e9p c\u00e1c doanh nghi\u1ec7p n\u00e2ng cao c\u00e1c giao th\u1ee9c x\u00e1c minh s\u1ea3n ph\u1ea9m v\u00e0 b\u1ea3o m\u1eadt c\u1ee7a h\u1ecd. V\u1edbi s\u1ef1 k\u1ebft h\u1ee3p gi\u1eefa t\u00ednh th\u1ef1c t\u1ebf v\u00e0 hi\u1ec7n \u0111\u1ea1i, vi\u1ec7c \u0111\u1ea7u t\u01b0 v\u00e0o c\u00f4ng ngh\u1ec7 NFC \u0111\u1ec3 d\u00e1n nh\u00e3n ch\u01b0a bao gi\u1edd quan tr\u1ecdng h\u01a1n th\u1ebf. B\u00e0i vi\u1ebft n\u00e0y \u0111i s\u00e2u v\u00e0o c\u00e1c t\u00ednh n\u0103ng, l\u1ee3i \u00edch v\u00e0 ti\u1ec7n \u00edch chung c\u1ee7a Nh\u00e3n d\u00e1n d\u1ec5 v\u1ee1 NFC t\u00f9y ch\u1ec9nh, h\u01b0\u1edbng d\u1eabn b\u1ea1n \u0111\u01b0a ra quy\u1ebft \u0111\u1ecbnh s\u00e1ng su\u1ed1t.<\/p>\n<p>&nbsp;<\/p>\n<h2>T\u1ea1i sao n\u00ean ch\u1ecdn mi\u1ebfng d\u00e1n NFC d\u1ec5 v\u1ee1?<\/h2>\n<p>C\u00e1c\u00a0<strong>Nh\u00e3n d\u00e1n NFC d\u1ec5 v\u1ee1 t\u00f9y ch\u1ec9nh<\/strong>\u00a0\u0111\u01b0\u1ee3c thi\u1ebft k\u1ebf \u0111\u1ec3 \u0111\u00e1p \u1ee9ng nhu c\u1ea7u c\u1ee7a c\u00e1c doanh nghi\u1ec7p c\u1ea7n m\u1ed9t ph\u01b0\u01a1ng ph\u00e1p \u0111\u00e1ng tin c\u1eady \u0111\u1ec3 \u0111\u00e1nh d\u1ea5u v\u00e0 theo d\u00f5i h\u00e0ng h\u00f3a d\u1ec5 v\u1ee1. Sau \u0111\u00e2y l\u00e0 m\u1ed9t s\u1ed1 l\u00fd do thuy\u1ebft ph\u1ee5c t\u1ea1i sao b\u1ea1n n\u00ean c\u00e2n nh\u1eafc n\u00e2ng c\u1ea5p quy tr\u00ecnh d\u00e1n nh\u00e3n c\u1ee7a m\u00ecnh b\u1eb1ng s\u1ea3n ph\u1ea9m s\u00e1ng t\u1ea1o n\u00e0y:<\/p>\n<ol>\n<li><strong>T\u0103ng c\u01b0\u1eddng b\u1ea3o m\u1eadt v\u00e0 x\u00e1c minh<\/strong>: Nh\u1eefng nh\u00e3n d\u00e1n n\u00e0y \u0111\u1ea3m b\u1ea3o r\u1eb1ng c\u00e1c quy tr\u00ecnh x\u00e1c minh v\u1eeba hi\u1ec7u qu\u1ea3 v\u1eeba kh\u00f4ng c\u00f3 l\u1ed7i. V\u1edbi chip NTAG213 \u0111\u01b0\u1ee3c nh\u00fang, m\u1ed7i nh\u00e3n d\u00e1n c\u00f3 th\u1ec3 l\u01b0u tr\u1eef th\u00f4ng tin m\u1ed9t c\u00e1ch an to\u00e0n v\u00e0 x\u00e1c minh t\u00ednh x\u00e1c th\u1ef1c c\u1ee7a g\u00f3i h\u00e0ng ch\u1ec9 b\u1eb1ng m\u1ed9t c\u00fa ch\u1ea1m nh\u1eb9\u00a0<strong>\u0110i\u1ec7n tho\u1ea1i th\u00f4ng minh h\u1ed7 tr\u1ee3 NFC<\/strong>.<\/li>\n<li><strong>\u1ee8ng d\u1ee5ng th\u00e2n thi\u1ec7n v\u1edbi ng\u01b0\u1eddi d\u00f9ng<\/strong>: Qu\u00ean \u0111i c\u00e1c qu\u00e1 tr\u00ecnh thi\u1ebft l\u1eadp ph\u1ee9c t\u1ea1p. \u00c1p d\u1ee5ng\u00a0<strong>Nh\u00e3n d\u00e1n NFC d\u1ec5 v\u1ee1<\/strong>\u00a0c\u1ef1c k\u1ef3 \u0111\u01a1n gi\u1ea3n\u2014ch\u1ec9 c\u1ea7n b\u00f3c v\u00e0 d\u00e1n\u2014gi\u00fap b\u1ea5t k\u1ef3 ng\u01b0\u1eddi d\u00f9ng n\u00e0o trong chu\u1ed7i cung \u1ee9ng c\u1ee7a b\u1ea1n \u0111\u1ec1u c\u00f3 th\u1ec3 s\u1eed d\u1ee5ng.<\/li>\n<li><strong>\u0110\u1ed9 b\u1ec1n v\u00e0 kh\u1ea3 n\u0103ng ch\u1ed1ng ch\u1ecbu th\u1eddi ti\u1ebft<\/strong>: \u0110\u01b0\u1ee3c l\u00e0m t\u1eeb ch\u1ea5t l\u01b0\u1ee3ng cao\u00a0<strong>PET\/PVC\/Gi\u1ea5y<\/strong>\u00a0V\u1eadt li\u1ec7u, nh\u1eefng mi\u1ebfng d\u00e1n n\u00e0y \u0111\u01b0\u1ee3c thi\u1ebft k\u1ebf \u0111\u1ec3 ch\u1ecbu \u0111\u01b0\u1ee3c nhi\u1ec1u \u0111i\u1ec1u ki\u1ec7n m\u00f4i tr\u01b0\u1eddng kh\u00e1c nhau. Cho d\u00f9 ti\u1ebfp x\u00fac v\u1edbi \u0111\u1ed9 \u1ea9m hay nhi\u1ec7t \u0111\u1ed9 thay \u0111\u1ed5i, mi\u1ebfng d\u00e1n NFC d\u1ec5 v\u1ee1 c\u1ee7a ch\u00fang t\u00f4i v\u1eabn duy tr\u00ec hi\u1ec7u su\u1ea5t v\u00e0 \u0111\u1ed9 tin c\u1eady cao.<\/li>\n<li><strong>C\u00f3 th\u1ec3 t\u00f9y ch\u1ec9nh v\u00e0 \u0111a n\u0103ng<\/strong>: C\u1ee7a ch\u00fang t\u00f4i\u00a0<strong>nh\u00e3n d\u00e1n NFC t\u00f9y ch\u1ec9nh<\/strong>\u00a0c\u00f3 th\u1ec3 \u0111\u01b0\u1ee3c \u0111i\u1ec1u ch\u1ec9nh \u0111\u1ec3 \u0111\u00e1p \u1ee9ng nhu c\u1ea7u th\u00f4ng tin v\u00e0 th\u01b0\u01a1ng hi\u1ec7u c\u1ee5 th\u1ec3, cho ph\u00e9p s\u1eed d\u1ee5ng cho c\u1ea3 m\u1ee5c \u0111\u00edch ch\u1ee9c n\u0103ng v\u00e0 qu\u1ea3ng c\u00e1o.<\/li>\n<\/ol>\n<p>&nbsp;<\/p>\n<h2>C\u00e1c t\u00ednh n\u0103ng ch\u00ednh c\u1ee7a nh\u00e3n d\u00e1n d\u1ec5 v\u1ee1 NFC<\/h2>\n<p>S\u1eed d\u1ee5ng\u00a0<strong>NFC (Giao ti\u1ebfp t\u1ea7m g\u1ea7n)<\/strong>\u00a0c\u00f4ng ngh\u1ec7, nh\u00e3n d\u00e1n d\u1ec5 v\u1ee1 t\u00f9y ch\u1ec9nh c\u1ee7a ch\u00fang t\u00f4i \u0111\u01b0\u1ee3c trang b\u1ecb m\u1ed9t lo\u1ea1t c\u00e1c t\u00ednh n\u0103ng \u0111\u1eb7c bi\u1ec7t gi\u00fap ch\u00fang tr\u1edf n\u00ean n\u1ed5i b\u1eadt:<\/p>\n<ul>\n<li><strong>Thi\u1ebft k\u1ebf ch\u1ed1ng n\u01b0\u1edbc\/ch\u1ed1ng ch\u1ecbu th\u1eddi ti\u1ebft<\/strong>:Nh\u1eefng mi\u1ebfng d\u00e1n n\u00e0y c\u00f3 th\u1ec3 ch\u1ecbu \u0111\u01b0\u1ee3c \u0111i\u1ec1u ki\u1ec7n m\u00f4i tr\u01b0\u1eddng kh\u1eafc nghi\u1ec7t, ph\u00f9 h\u1ee3p \u0111\u1ec3 s\u1eed d\u1ee5ng c\u1ea3 trong nh\u00e0 v\u00e0 ngo\u00e0i tr\u1eddi.<\/li>\n<li><strong>Kh\u1ea3 n\u0103ng t\u01b0\u01a1ng th\u00edch<\/strong>: C\u00e1c\u00a0<strong>chip ntag213<\/strong>\u00a0\u0111\u01b0\u1ee3c c\u00f4ng nh\u1eadn v\u00ec kh\u1ea3 n\u0103ng t\u01b0\u01a1ng th\u00edch r\u1ed9ng r\u00e3i v\u1edbi nhi\u1ec1u\u00a0<strong>Thi\u1ebft b\u1ecb NFC<\/strong>, \u0111\u1ea3m b\u1ea3o d\u1ec5 s\u1eed d\u1ee5ng.<\/li>\n<\/ul>\n<h3>N\u00f3 ho\u1ea1t \u0111\u1ed9ng nh\u01b0 th\u1ebf n\u00e0o<\/h3>\n<p>Ch\u1ec9 c\u1ea7n ch\u1ea1m v\u00e0o\u00a0<strong>\u0110i\u1ec7n tho\u1ea1i th\u00f4ng minh h\u1ed7 tr\u1ee3 NFC<\/strong>\u00a0tr\u00ean nh\u00e3n d\u00e1n \u0111\u1ec3 truy c\u1eadp th\u00f4ng tin \u0111\u00e3 l\u01b0u tr\u1eef tr\u01b0\u1edbc ho\u1eb7c x\u00e1c minh th\u00f4ng tin chi ti\u1ebft v\u1ec1 s\u1ea3n ph\u1ea9m, c\u00f3 th\u1ec3 h\u1ee3p l\u00fd h\u00f3a \u0111\u00e1ng k\u1ec3 quy tr\u00ecnh ki\u1ec3m k\u00ea v\u00e0 b\u00e1n h\u00e0ng.<\/p>\n<p>&nbsp;<\/p>\n<h2>Th\u00f4ng s\u1ed1 k\u1ef9 thu\u1eadt<\/h2>\n<table class=\"w-fit !mb-0 !max-w-none\">\n<thead>\n<tr>\n<th><strong>\u0110\u1eb7c \u0111i\u1ec3m k\u1ef9 thu\u1eadt<\/strong><\/th>\n<th><strong>Chi ti\u1ebft<\/strong><\/th>\n<\/tr>\n<\/thead>\n<tbody>\n<tr>\n<td><strong>Chip<\/strong><\/td>\n<td>NTAG213<\/td>\n<\/tr>\n<tr>\n<td><strong>T\u00ednh th\u01b0\u1eddng xuy\u00ean<\/strong><\/td>\n<td>13,56 MHz<\/td>\n<\/tr>\n<tr>\n<td><strong>K\u00edch th\u01b0\u1edbc b\u1ed9 nh\u1edb<\/strong><\/td>\n<td>144 Byte<\/td>\n<\/tr>\n<tr>\n<td><strong>V\u1eadt li\u1ec7u<\/strong><\/td>\n<td>PET\/PVC\/Gi\u1ea5y<\/td>\n<\/tr>\n<tr>\n<td><strong>\u0110\u01b0\u1eddng k\u00ednh<\/strong><\/td>\n<td>30mm<\/td>\n<\/tr>\n<tr>\n<td><strong>In<\/strong><\/td>\n<td>In Offset CMYK<\/td>\n<\/tr>\n<tr>\n<td><strong>Kh\u00f4ng th\u1ea5m n\u01b0\u1edbc<\/strong><\/td>\n<td>\u0110\u00fang<\/td>\n<\/tr>\n<tr>\n<td><strong>K\u00edch th\u01b0\u1edbc g\u00f3i<\/strong><\/td>\n<td>200 chi\u1ebfc\/h\u1ed9p b\u00ean trong; 25 h\u1ed9p\/th\u00f9ng carton<\/td>\n<\/tr>\n<tr>\n<td><strong>K\u00edch th\u01b0\u1edbc th\u00f9ng carton<\/strong><\/td>\n<td>48 x 22,5 x 30cm<\/td>\n<\/tr>\n<tr>\n<td><strong>Kh\u1ea3 n\u0103ng cung c\u1ea5p<\/strong><\/td>\n<td>5.000.000 s\u1ea3n ph\u1ea9m m\u1ed7i th\u00e1ng<\/td>\n<\/tr>\n<tr>\n<td><strong>K\u00edch th\u01b0\u1edbc g\u00f3i \u0111\u01a1n<\/strong><\/td>\n<td>35x1,5x0,02cm<\/td>\n<\/tr>\n<tr>\n<td><strong>T\u1ed5ng tr\u1ecdng l\u01b0\u1ee3ng<\/strong><\/td>\n<td>0,010kg<\/td>\n<\/tr>\n<\/tbody>\n<\/table>\n<p>&nbsp;<\/p>\n<h2>C\u00e2u h\u1ecfi th\u01b0\u1eddng g\u1eb7p<\/h2>\n<h3>H: Mi\u1ebfng d\u00e1n NFC d\u1ec5 v\u1ee1 c\u00f3 t\u01b0\u01a1ng th\u00edch v\u1edbi t\u1ea5t c\u1ea3 \u0111i\u1ec7n tho\u1ea1i th\u00f4ng minh kh\u00f4ng?<\/h3>\n<p><strong>M\u1ed8T<\/strong>: C\u00f3, mi\u1ec5n l\u00e0 \u0111i\u1ec7n tho\u1ea1i th\u00f4ng minh c\u00f3 ch\u1ee9c n\u0103ng NFC.<\/p>\n<h3>H: Nh\u00e3n d\u00e1n c\u00f3 th\u1ec3 s\u1eed d\u1ee5ng trong bao l\u00e2u?<\/h3>\n<p><strong>M\u1ed8T<\/strong>:Nh\u00e3n d\u00e1n c\u1ee7a ch\u00fang t\u00f4i b\u1ec1n v\u00e0 \u0111\u01b0\u1ee3c thi\u1ebft k\u1ebf \u0111\u1ec3 ch\u1ecbu \u0111\u01b0\u1ee3c nhi\u1ec1u \u0111i\u1ec1u ki\u1ec7n kh\u00e1c nhau, \u0111\u1ea3m b\u1ea3o ch\u00fang t\u1ed3n t\u1ea1i trong su\u1ed1t v\u00f2ng \u0111\u1eddi c\u1ee7a s\u1ea3n ph\u1ea9m.<\/p>\n<h3>H: T\u00f4i c\u00f3 th\u1ec3 theo d\u00f5i m\u1ee9c s\u1eed d\u1ee5ng theo th\u1eddi gian th\u1ef1c kh\u00f4ng?<\/h3>\n<p><strong>M\u1ed8T<\/strong>:M\u1eb7c d\u00f9 nh\u1eefng nh\u00e3n d\u00e1n n\u00e0y cung c\u1ea5p kh\u1ea3 n\u0103ng x\u00e1c minh ngay l\u1eadp t\u1ee9c nh\u01b0ng vi\u1ec7c theo d\u00f5i th\u1eddi gian th\u1ef1c c\u00f3 th\u1ec3 y\u00eau c\u1ea7u t\u00edch h\u1ee3p v\u1edbi c\u00e1c h\u1ec7 th\u1ed1ng qu\u1ea3n l\u00fd h\u00e0ng t\u1ed3n kho c\u1ee5 th\u1ec3.<\/p>","protected":false},"excerpt":{"rendered":"<p>Nh\u00e3n d\u00e1n h\u00e0ng d\u1ec5 v\u1ee1 NFC t\u00f9y ch\u1ec9nh \u0111\u1ec3 d\u00e1n nh\u00e3n h\u00e0ng h\u00f3a \u0111\u01b0\u1ee3c thi\u1ebft k\u1ebf \u0111\u1ec3 cung c\u1ea5p kh\u1ea3 n\u0103ng theo d\u00f5i an to\u00e0n v\u00e0 x\u00e1c minh t\u00ednh x\u00e1c th\u1ef1c cho c\u00e1c s\u1ea3n ph\u1ea9m d\u1ec5 v\u1ee1. Thi\u1ebft k\u1ebf th\u00e2n thi\u1ec7n v\u1edbi ng\u01b0\u1eddi d\u00f9ng \u0111\u1ea3m b\u1ea3o d\u1ec5 d\u00e0ng \u00e1p d\u1ee5ng \u0111\u1ed3ng th\u1eddi n\u00e2ng cao kh\u1ea3 n\u0103ng qu\u1ea3n l\u00fd h\u00e0ng t\u1ed3n kho.<\/p>","protected":false},"featured_media":3708,"template":"","meta":[],"product_brand":[],"product_cat":[48],"product_tag":[],"class_list":{"0":"post-3700","1":"product","2":"type-product","3":"status-publish","4":"has-post-thumbnail","6":"product_cat-nfc-stickers","8":"first","9":"instock","10":"shipping-taxable","11":"product-type-simple"},"_links":{"self":[{"href":"https:\/\/nfc-readers.com\/vi\/wp-json\/wp\/v2\/product\/3700","targetHints":{"allow":["GET"]}}],"collection":[{"href":"https:\/\/nfc-readers.com\/vi\/wp-json\/wp\/v2\/product"}],"about":[{"href":"https:\/\/nfc-readers.com\/vi\/wp-json\/wp\/v2\/types\/product"}],"wp:featuredmedia":[{"embeddable":true,"href":"https:\/\/nfc-readers.com\/vi\/wp-json\/wp\/v2\/media\/3708"}],"wp:attachment":[{"href":"https:\/\/nfc-readers.com\/vi\/wp-json\/wp\/v2\/media?parent=3700"}],"wp:term":[{"taxonomy":"product_brand","embeddable":true,"href":"https:\/\/nfc-readers.com\/vi\/wp-json\/wp\/v2\/product_brand?post=3700"},{"taxonomy":"product_cat","embeddable":true,"href":"https:\/\/nfc-readers.com\/vi\/wp-json\/wp\/v2\/product_cat?post=3700"},{"taxonomy":"product_tag","embeddable":true,"href":"https:\/\/nfc-readers.com\/vi\/wp-json\/wp\/v2\/product_tag?post=3700"}],"curies":[{"name":"wp","href":"https:\/\/api.w.org\/{rel}","templated":true}]}}